{"id":125,"date":"2009-09-03T10:28:13","date_gmt":"2009-09-03T08:28:13","guid":{"rendered":"http:\/\/localhost\/index.php\/cimmegkozelithetoseg\/"},"modified":"2026-01-08T15:48:24","modified_gmt":"2026-01-08T14:48:24","slug":"cimmegkozelithetoseg","status":"publish","type":"page","link":"https:\/\/www.szentimrekorhaz.hu\/index.php\/cimmegkozelithetoseg\/","title":{"rendered":"C\u00edm, megk\u00f6zel\u00edthet\u0151s\u00e9g"},"content":{"rendered":"<h3>D\u00e9l-budai Centrumk\u00f3rh\u00e1z Szent Imre Egyetemi OKtat\u00f3k\u00f3rh\u00e1z<\/h3>\n<p>C\u00edm: 1115 Budapest, T\u00e9t\u00e9nyi \u00fat 12-16.<br>\nLevelez\u00e9si c\u00edm: 1502 Budapest, Pf. 4.<br>\nTelefon: 464-8600<br>\nFax: 203-3645<\/p>\n<p><strong>V\u00e9szhelyzeti mobilsz\u00e1mok<\/strong> (vezet\u00e9kes telefon hib\u00e1ja eset\u00e9n):<\/p>\n<p><strong>+36 70\u00a0645 0364<\/strong><\/p>\n<p><strong>+36 70\u00a0400 7782<\/strong><\/p>\n<p>A Belv\u00e1ros fel\u0151l (Bosny\u00e1k t\u00e9r, Ferenciek tere) \u00e9s Kelenf\u00f6ld fel\u0151l is a 7, 107 busszal juthat el hozz\u00e1nk valamint a 114,153,153\/A,154,213 \u00e9s 214-es aut\u00f3busszal . A Szent Imre K\u00f3rh\u00e1z meg\u00e1ll\u00f3n\u00e1l kell lesz\u00e1llni.<\/p>\n<p><iframe style=\"border: 0;\" src=\"https:\/\/www.google.com\/maps\/embed?pb=!1m18!1m12!1m3!1d2697.0927049300008!2d19.032443215904784!3d47.46862287917574!2m3!1f0!2f0!3f0!3m2!1i1024!2i768!4f13.1!3m3!1m2!1s0x4741ddb84051f7b9%3A0xcdbd2b72eb0f852!2sSzent%20Imre%20Egyetemi%20Oktat%C3%B3k%C3%B3rh%C3%A1z!5e0!3m2!1shu!2shu!4v1629118873806!5m2!1shu!2shu\" width=\"600\" height=\"450\" allowfullscreen=\"allowfullscreen\"><\/iframe><\/p>\n\n\n\n\t<div class=\"dkpdf-button-container\" style=\"            text-align:right \">\n\n\t\t<a class=\"dkpdf-button\" href=\"\/index.php\/wp-json\/wp\/v2\/pages\/125?pdf=125\" target=\"_blank\"><span class=\"dkpdf-button-icon\"><i class=\"fa fa-file-pdf-o\"><\/i><\/span> Let\u00f6lt\u00e9s<\/a>\n\n\t<\/div>\n\n\n\n\n\n<!-- PMB print buttons is only displayed on a single post\/page URLs-->","protected":false},"excerpt":{"rendered":"<p>D\u00e9l-budai Centrumk\u00f3rh\u00e1z Szent Imre Egyetemi OKtat\u00f3k\u00f3rh\u00e1z C\u00edm: 1115 Budapest, T\u00e9t\u00e9nyi \u00fat 12-16. Levelez\u00e9si c\u00edm: 1502 Budapest, Pf. 4. Telefon: 464-8600 Fax: 203-3645 V\u00e9szhelyzeti mobilsz\u00e1mok (vezet\u00e9kes&hellip;<\/p>\n","protected":false},"author":3,"featured_media":0,"parent":0,"menu_order":2,"comment_status":"closed","ping_status":"closed","template":"","meta":{"_acf_changed":false,"footnotes":""},"categories":[],"tags":[],"class_list":["post-125","page","type-page","status-publish","hentry"],"acf":[],"post_type":"page","author_name":"backup","_links":{"self":[{"href":"https:\/\/www.szentimrekorhaz.hu\/index.php\/wp-json\/wp\/v2\/pages\/125","targetHints":{"allow":["GET"]}}],"collection":[{"href":"https:\/\/www.szentimrekorhaz.hu\/index.php\/wp-json\/wp\/v2\/pages"}],"about":[{"href":"https:\/\/www.szentimrekorhaz.hu\/index.php\/wp-json\/wp\/v2\/types\/page"}],"author":[{"embeddable":true,"href":"https:\/\/www.szentimrekorhaz.hu\/index.php\/wp-json\/wp\/v2\/users\/3"}],"replies":[{"embeddable":true,"href":"https:\/\/www.szentimrekorhaz.hu\/index.php\/wp-json\/wp\/v2\/comments?post=125"}],"version-history":[{"count":1,"href":"https:\/\/www.szentimrekorhaz.hu\/index.php\/wp-json\/wp\/v2\/pages\/125\/revisions"}],"predecessor-version":[{"id":3502,"href":"https:\/\/www.szentimrekorhaz.hu\/index.php\/wp-json\/wp\/v2\/pages\/125\/revisions\/3502"}],"wp:attachment":[{"href":"https:\/\/www.szentimrekorhaz.hu\/index.php\/wp-json\/wp\/v2\/media?parent=125"}],"wp:term":[{"taxonomy":"category","embeddable":true,"href":"https:\/\/www.szentimrekorhaz.hu\/index.php\/wp-json\/wp\/v2\/categories?post=125"},{"taxonomy":"post_tag","embeddable":true,"href":"https:\/\/www.szentimrekorhaz.hu\/index.php\/wp-json\/wp\/v2\/tags?post=125"}],"curies":[{"name":"wp","href":"https:\/\/api.w.org\/{rel}","templated":true}]}}