{"id":126,"date":"2009-09-03T10:28:38","date_gmt":"2009-09-03T08:28:38","guid":{"rendered":"http:\/\/localhost\/index.php\/telefonkonyv\/"},"modified":"2026-01-08T15:53:50","modified_gmt":"2026-01-08T14:53:50","slug":"telefonkonyv","status":"publish","type":"page","link":"https:\/\/www.szentimrekorhaz.hu\/index.php\/telefonkonyv\/","title":{"rendered":"Telefonk\u00f6nyv"},"content":{"rendered":"<h3>Fontos tudnival\u00f3!<\/h3>\n<p>A 8-assal kezd\u0151d\u0151 4 jegy\u0171 mell\u00e9kek a 464-et el\u00e9j\u00fck t\u00e1rcs\u00e1zva k\u00f6zvetlen\u00fcl is h\u00edvhat\u00f3k.pl: 464-86xx. Azon mell\u00e9kek, melyek nem a 8-as sz\u00e1mjeggyel kezd\u0151dnek, csak a k\u00f6zponton kereszt\u00fcl h\u00edvhat\u00f3ak fel, oly m\u00f3don, hogy a 464-8600-os sz\u00e1mot kell t\u00e1rcs\u00e1zni \u00e9s ott kell k\u00e9rni az adott mell\u00e9ket.(pl.1706). Ilyen esetekben az adott mell\u00e9k k\u00f6zvetlen\u00fcl nem \u00e9rhet\u0151 el, minden esetben a k\u00f6zpontot kell h\u00edvni, hiszen az adott sz\u00e1m k\u00f6zvetlen t\u00e1rcs\u00e1z\u00e1sa a 464-et el\u00e9\u00edrva azt eredm\u00e9nyezheti, hogy egy k\u00f3rh\u00e1zon k\u00edv\u00fcli, teljesen m\u00e1s int\u00e9zm\u00e9nyt, c\u00e9get, mag\u00e1nszem\u00e9lyt h\u00edv fel.<\/p>\n<h3>K\u00f6z\u00e9rdek\u0171 h\u00edv\u00f3sz\u00e1mok:<\/h3>\n<p>Telefonk\u00f6zpont \u2013 (+36-1) 464-8600<\/p>\n<p><em>Vesz\u00e9lyhelyzeti telefonsz\u00e1mok <strong>(kiz\u00e1r\u00f3lag vezet\u00e9kes vonal hib\u00e1ja eset\u00e9n)<\/strong>: +36 70 645 0364,<\/em><\/p>\n<p><em>+36 70\u00a0400 7782<\/em><\/p>\n<p>S\u00fcrg\u0151ss\u00e9gi Betegell\u00e1t\u00f3 Oszt\u00e1ly (+36-1) 464-8600\/1106 mell\u00e9k<\/p>\n<p>Ment\u0151porta ( T\u00e9t\u00e9nyi \u00fat ) \u2013 (+36-1) 464 -8600\/1250 mell\u00e9k<\/p>\n<p>Gazdas\u00e1gi porta ( B\u00e1rtfai u. ) \u2013 (+36-1) 464 -8600\/1316 mell\u00e9k<\/p>\n<p>\u201eK\u201d \u00e9p\u00fclet inform\u00e1ci\u00f3 \u00e9s porta \u2013 (+36-1) 464 -8600\/1253 mell\u00e9k<\/p>\n<p>\u201eA\u201d \u00e9p\u00fclet, T\u00e9t\u00e9nyi \u00fati f\u0151bej\u00e1rat inform\u00e1ci\u00f3 \u00e9s porta \u2013 (+36-1) 464 -8600\/1767 mell\u00e9k<\/p>\n<p>\u201eR\u201d \u00e9p\u00fclet, B\u00e1rtfai utcai bej\u00e1rat inform\u00e1ci\u00f3 \u00e9s porta \u2013 (+36-1) 464 -8600\/2315 vagy 2316 mell\u00e9k<\/p>\n<p>EDDSZ Int\u00e9zm\u00e9nyi SZB eln\u00f6ke \u2013 (+36-1) 464 -8707<\/p>\n<p>K\u00f6zponti Iktat\u00f3 \u00e9s Iratt\u00e1r \u2013 (+36-1) 464 -8748<\/p>\n<p>Eg\u00e9szs\u00e9g\u00fcgyi dokument\u00e1ci\u00f3 kik\u00e9r\u00e9s (+ 36-1) 464-8683<\/p>\n<p>M\u0171helyiroda, hibafelv\u00e9tel \u2013 (+36-1) 464 -8609<\/p>\n<p>M\u0171szaki \u00fcgyelet \u2013 (+36-1) 464 -8601<\/p>\n<p>Bels\u0151 Ell\u00e1t\u00e1si Szolg\u00e1lat \u2013 (+36-1) 464 -8612<\/p>\n<p>Biztons\u00e1gi referens \u2013 (+36-1) 464 -8657<\/p>\n<h3><a href=\"https:\/\/www.szentimrekorhaz.hu\/index.php\/szervezetiegysegekelerhetosegei-2\/\">Szervezeti egys\u00e9gek el\u00e9rhet\u0151s\u00e9gei<\/a><\/h3>\n\n\n<p><\/p>\n\n\n\n\t<div class=\"dkpdf-button-container\" style=\"            text-align:right \">\n\n\t\t<a class=\"dkpdf-button\" href=\"\/index.php\/wp-json\/wp\/v2\/pages\/126?pdf=126\" target=\"_blank\"><span class=\"dkpdf-button-icon\"><i class=\"fa fa-file-pdf-o\"><\/i><\/span> Let\u00f6lt\u00e9s<\/a>\n\n\t<\/div>\n\n\n\n\n\n<!-- PMB print buttons is only displayed on a single post\/page URLs-->","protected":false},"excerpt":{"rendered":"<p>Fontos tudnival\u00f3! A 8-assal kezd\u0151d\u0151 4 jegy\u0171 mell\u00e9kek a 464-et el\u00e9j\u00fck t\u00e1rcs\u00e1zva k\u00f6zvetlen\u00fcl is h\u00edvhat\u00f3k.pl: 464-86xx. Azon mell\u00e9kek, melyek nem a 8-as sz\u00e1mjeggyel kezd\u0151dnek, csak&hellip;<\/p>\n","protected":false},"author":3,"featured_media":0,"parent":0,"menu_order":5,"comment_status":"closed","ping_status":"closed","template":"","meta":{"_acf_changed":false,"footnotes":""},"categories":[],"tags":[],"class_list":["post-126","page","type-page","status-publish","hentry"],"acf":[],"post_type":"page","author_name":"backup","_links":{"self":[{"href":"https:\/\/www.szentimrekorhaz.hu\/index.php\/wp-json\/wp\/v2\/pages\/126","targetHints":{"allow":["GET"]}}],"collection":[{"href":"https:\/\/www.szentimrekorhaz.hu\/index.php\/wp-json\/wp\/v2\/pages"}],"about":[{"href":"https:\/\/www.szentimrekorhaz.hu\/index.php\/wp-json\/wp\/v2\/types\/page"}],"author":[{"embeddable":true,"href":"https:\/\/www.szentimrekorhaz.hu\/index.php\/wp-json\/wp\/v2\/users\/3"}],"replies":[{"embeddable":true,"href":"https:\/\/www.szentimrekorhaz.hu\/index.php\/wp-json\/wp\/v2\/comments?post=126"}],"version-history":[{"count":2,"href":"https:\/\/www.szentimrekorhaz.hu\/index.php\/wp-json\/wp\/v2\/pages\/126\/revisions"}],"predecessor-version":[{"id":3505,"href":"https:\/\/www.szentimrekorhaz.hu\/index.php\/wp-json\/wp\/v2\/pages\/126\/revisions\/3505"}],"wp:attachment":[{"href":"https:\/\/www.szentimrekorhaz.hu\/index.php\/wp-json\/wp\/v2\/media?parent=126"}],"wp:term":[{"taxonomy":"category","embeddable":true,"href":"https:\/\/www.szentimrekorhaz.hu\/index.php\/wp-json\/wp\/v2\/categories?post=126"},{"taxonomy":"post_tag","embeddable":true,"href":"https:\/\/www.szentimrekorhaz.hu\/index.php\/wp-json\/wp\/v2\/tags?post=126"}],"curies":[{"name":"wp","href":"https:\/\/api.w.org\/{rel}","templated":true}]}}