{"id":168,"date":"2009-09-03T10:36:52","date_gmt":"2009-09-03T08:36:52","guid":{"rendered":"http:\/\/localhost\/index.php\/teritesidijszabalyzata\/"},"modified":"2025-08-15T10:20:06","modified_gmt":"2025-08-15T08:20:06","slug":"teritesidijszabalyzata","status":"publish","type":"page","link":"https:\/\/www.szentimrekorhaz.hu\/index.php\/teritesidijszabalyzata\/","title":{"rendered":"T\u00e9r\u00edt\u00e9si d\u00edj szab\u00e1lyzata"},"content":{"rendered":"<p><a href=\"https:\/\/www.szentimrekorhaz.hu\/wp-content\/uploads\/2025\/07\/DBC-SZIOK_Teritesi_Dij_Szabalyzata_2025_06_10-1.pdf\" target=\"_blank\" rel=\"noopener\">T\u00e9r\u00edt\u00e9si d\u00edj szab\u00e1lyzata (eredeti)<\/a><\/p>\n<p><a href=\"https:\/\/www.szentimrekorhaz.hu\/wp-content\/uploads\/2025\/08\/Teritesi_dij_szabalyzat_2025.pdf\">T\u00e9r\u00edt\u00e9si d\u00edj szab\u00e1lyzata (tartalmilag egyez\u0151, akad\u00e1lymentes v\u00e1ltozat)<\/a><\/p>\n<p><a href=\"https:\/\/www.szentimrekorhaz.hu\/wp-content\/uploads\/2025\/06\/FNY010-Tajekoztato-az-ellatasi-koltsegekrol-1.pdf\">T\u00e1j\u00e9koztat\u00f3 az ell\u00e1t\u00e1si k\u00f6lts\u00e9gekr\u0151l<\/a><\/p>\n<p><a href=\"https:\/\/www.szentimrekorhaz.hu\/wp-content\/uploads\/2025\/06\/FNY022-1-Nyilatkozat-TAJ-kartya-utolagos-bemutasarol-1.pdf\">Nyilatkozat TAJ k\u00e1rtya ut\u00f3lagos bemutat\u00e1s\u00e1r\u00f3l<\/a><\/p>\n<p><a href=\"\/wp-content\/uploads\/2009\/09\/felvilagositas-magyar-nyelvu.pdf\">Felvil\u00e1gos\u00edt\u00e1s<\/a><\/p>\n<p><a href=\"\/wp-content\/uploads\/2009\/09\/felvilagositas-angol-nyelvu.pdf\">Information<\/a><\/p>\n<p><a href=\"\/wp-content\/uploads\/2009\/09\/FNY049_nemet_nyelvu.pdf\" target=\"_blank\" rel=\"noopener\">Auskunft<\/a><\/p>\n<p><a href=\"\/wp-content\/uploads\/2009\/09\/FNY049_francia_nyelvu.pdf\" target=\"_blank\" rel=\"noopener\">Renseignements<\/a><\/p>\n<p><a href=\"\/wp-content\/uploads\/2009\/09\/FNY049_orosz_nyelvu.pdf\" target=\"_blank\" rel=\"noopener\">\u0438\u043d\u0444\u043e\u0440\u043c\u0430\u0446\u0438\u044f<\/a><\/p>\n<p><a href=\"https:\/\/www.szentimrekorhaz.hu\/wp-content\/uploads\/2025\/06\/FNY171_2-Szolgaltatasi-szerzodes.pdf\">Szolg\u00e1ltat\u00e1si szerz\u0151d\u00e9s (akt\u00edv egys\u00e9gen magasabb komfortfokozat\u00fa k\u00f3rtermi ell\u00e1t\u00e1s ig\u00e9nybe v\u00e9tel\u00e9re)<\/a><\/p>\n<p><a href=\"https:\/\/www.szentimrekorhaz.hu\/wp-content\/uploads\/2025\/06\/FNY260-2-magyar-Adatlap-jarobetegekellatasarol-szamlakesziteshez.pdf\">Adatlap \u2013 j\u00e1r\u00f3betegek ell\u00e1t\u00e1s\u00e1r\u00f3l sz\u00e1mla k\u00e9sz\u00edt\u00e9s\u00e9hez<\/a><\/p>\n<p><a href=\"https:\/\/www.szentimrekorhaz.hu\/wp-content\/uploads\/2025\/06\/FNY260-3-Adatlap-fekvobetegek-ellatasarol-szamlakesziteshez.pdf\">Adatlap \u2013 fekv\u0151beteg ell\u00e1t\u00e1sr\u00f3l sz\u00e1mlak\u00e9sz\u00edt\u00e9shez<\/a><\/p>\n<p><a href=\"https:\/\/www.szentimrekorhaz.hu\/wp-content\/uploads\/2025\/06\/FNY555-Penztari-ertesito-halotthutesi-es-halottkezelesi-dij-koltsegeinek-befizetesehez.pdf\">P\u00e9nzt\u00e1ri \u00e9rtes\u00edt\u0151 halotth\u0171t\u00e9si \u00e1tal\u00e1ny \u2013 d\u00edj befizet\u00e9s\u00e9hez<\/a><\/p>\n<p><a href=\"https:\/\/www.szentimrekorhaz.hu\/wp-content\/uploads\/2025\/06\/FNY556-Nyilatkozat-EU-allampolg.-teritesmnetes-ellatasra-jog.hoz_.pdf\">Nyilatkozat EU \u00e1llampolg\u00e1r t\u00e9r\u00edt\u00e9smentes ell\u00e1t\u00e1sra jogosults\u00e1g\u00e1r\u00f3l<\/a><\/p>\n<p><a href=\"\/wp-content\/uploads\/2009\/09\/FNY587_Befizetett_szolg_dij_visszater.pdf\" target=\"_blank\" rel=\"noopener\">Befizetett szolg\u00e1ltat\u00e1si d\u00edj visszat\u00e9r\u00edt\u00e9se<\/a><\/p>\n<p><a href=\"https:\/\/www.szentimrekorhaz.hu\/wp-content\/uploads\/2025\/06\/FNY655-1-Megallapodas-tobbletszolgaltatas-teritesi-dijarol.pdf\">Meg\u00e1llapod\u00e1s t\u00f6bbletszolg\u00e1ltat\u00e1s t\u00e9r\u00edt\u00e9si d\u00edj\u00e1r\u00f3l<\/a><\/p>\n<p><a href=\"\/wp-content\/uploads\/2009\/09\/FNY656_Szerzodes_a_nem_orvos_-indikacio_alapjan_vegzett_szolg_igenybevetelere.pdf\" target=\"_blank\" rel=\"noopener\">Szolg\u00e1ltat\u00e1si szerz\u0151d\u00e9s (nem orvosi indik\u00e1ci\u00f3 alapj\u00e1n eg\u00e9szs\u00e9g\u00fcgyi szolg\u00e1ltat\u00e1s ig\u00e9nybe v\u00e9tel\u00e9re)<\/a><\/p>\n\n\n<p><a href=\"https:\/\/www.szentimrekorhaz.hu\/wp-content\/uploads\/2025\/06\/FNY260-1-angol-Adatlap-fizeto-fekvobetegek-ellatasarol-szamlakesziteshez.pdf\">Data Sheet for explanation of payment fort inpatiens<\/a> <\/p>\n\n\n\n<p><a href=\"https:\/\/www.szentimrekorhaz.hu\/wp-content\/uploads\/2025\/06\/FNY260-2-angol-Adatlap-jarobetegekellatasarol-szamlakesziteshez-angol.pdf\">Data Sheet for explanation of payment for outpatients<\/a><\/p>\n\n\n\n<p><\/p>\n\n\n\n<p><\/p>\n\n\n\n\t<div class=\"dkpdf-button-container\" style=\"            text-align:right \">\n\n\t\t<a class=\"dkpdf-button\" href=\"\/index.php\/wp-json\/wp\/v2\/pages\/168?pdf=168\" target=\"_blank\"><span class=\"dkpdf-button-icon\"><i class=\"fa fa-file-pdf-o\"><\/i><\/span> Let\u00f6lt\u00e9s<\/a>\n\n\t<\/div>\n\n\n\n\n\n<!-- PMB print buttons is only displayed on a single post\/page URLs-->","protected":false},"excerpt":{"rendered":"<p>\n\t&nbsp;<\/p>\n","protected":false},"author":3,"featured_media":0,"parent":0,"menu_order":2,"comment_status":"closed","ping_status":"closed","template":"","meta":{"_acf_changed":false,"footnotes":""},"categories":[],"tags":[],"class_list":["post-168","page","type-page","status-publish","hentry"],"acf":[],"post_type":"page","author_name":"backup","_links":{"self":[{"href":"https:\/\/www.szentimrekorhaz.hu\/index.php\/wp-json\/wp\/v2\/pages\/168","targetHints":{"allow":["GET"]}}],"collection":[{"href":"https:\/\/www.szentimrekorhaz.hu\/index.php\/wp-json\/wp\/v2\/pages"}],"about":[{"href":"https:\/\/www.szentimrekorhaz.hu\/index.php\/wp-json\/wp\/v2\/types\/page"}],"author":[{"embeddable":true,"href":"https:\/\/www.szentimrekorhaz.hu\/index.php\/wp-json\/wp\/v2\/users\/3"}],"replies":[{"embeddable":true,"href":"https:\/\/www.szentimrekorhaz.hu\/index.php\/wp-json\/wp\/v2\/comments?post=168"}],"version-history":[{"count":9,"href":"https:\/\/www.szentimrekorhaz.hu\/index.php\/wp-json\/wp\/v2\/pages\/168\/revisions"}],"predecessor-version":[{"id":2341,"href":"https:\/\/www.szentimrekorhaz.hu\/index.php\/wp-json\/wp\/v2\/pages\/168\/revisions\/2341"}],"wp:attachment":[{"href":"https:\/\/www.szentimrekorhaz.hu\/index.php\/wp-json\/wp\/v2\/media?parent=168"}],"wp:term":[{"taxonomy":"category","embeddable":true,"href":"https:\/\/www.szentimrekorhaz.hu\/index.php\/wp-json\/wp\/v2\/categories?post=168"},{"taxonomy":"post_tag","embeddable":true,"href":"https:\/\/www.szentimrekorhaz.hu\/index.php\/wp-json\/wp\/v2\/tags?post=168"}],"curies":[{"name":"wp","href":"https:\/\/api.w.org\/{rel}","templated":true}]}}