{"id":170,"date":"2009-09-03T10:37:17","date_gmt":"2009-09-03T08:37:17","guid":{"rendered":"http:\/\/localhost\/index.php\/adatkezelesiszabalyzat\/"},"modified":"2025-08-14T13:34:20","modified_gmt":"2025-08-14T11:34:20","slug":"adatkezelesiszabalyzat-2","status":"publish","type":"page","link":"https:\/\/www.szentimrekorhaz.hu\/index.php\/adatkezelesiszabalyzat-2\/","title":{"rendered":"Adatv\u00e9delmi \u00e9s adatbiztons\u00e1gi szab\u00e1lyzat"},"content":{"rendered":"\n<div data-wp-interactive=\"core\/file\" class=\"wp-block-file\"><object data-wp-bind--hidden=\"!state.hasPdfPreview\" hidden class=\"wp-block-file__embed\" data=\"https:\/\/www.szentimrekorhaz.hu\/wp-content\/uploads\/2025\/08\/Adatvedelmi-es-adatbiztonsagi-szabalyzat-2025-1.pdf\" type=\"application\/pdf\" style=\"width:100%;height:600px\" aria-label=\"Akad\u00e1lymentes\u00edtett  - Adatv\u00e9delmi \u00e9s adatbiztons\u00e1gi szab\u00e1lyzat 2025 be\u00e1gyaz\u00e1sa\"><\/object><a id=\"wp-block-file--media-74742250-5165-4557-83d3-5029124b271d\" href=\"https:\/\/www.szentimrekorhaz.hu\/wp-content\/uploads\/2025\/08\/Adatvedelmi-es-adatbiztonsagi-szabalyzat-2025-1.pdf\">Akad\u00e1lymentes\u00edtett  \u2013 Adatv\u00e9delmi \u00e9s adatbiztons\u00e1gi szab\u00e1lyzat 2025<\/a><a href=\"https:\/\/www.szentimrekorhaz.hu\/wp-content\/uploads\/2025\/08\/Adatvedelmi-es-adatbiztonsagi-szabalyzat-2025-1.pdf\" class=\"wp-block-file__button wp-element-button\" download aria-describedby=\"wp-block-file--media-74742250-5165-4557-83d3-5029124b271d\">Let\u00f6lt\u00e9s<\/a><\/div>\n\n\n<p><a href=\"https:\/\/www.szentimrekorhaz.hu\/wp-content\/uploads\/2025\/06\/Adatvedelmi-es-adatbiztonsagi-szabalyzat.pdf\">Adatv\u00e9delmi \u00e9s adatbiztons\u00e1gi szab\u00e1lyzat<\/a><\/p>\n<div>\u00a0<\/div>\n<div>Adatv\u00e9delmi tisztvisel\u0151: Dr. Tim\u00e1r Bal\u00e1zs<\/div>\n<div>el\u00e9rhet\u0151s\u00e9g: adatvedelem@szentimrekorhaz.hu<\/div>\n<div>+361\/464-8600<\/div>\n<div>a k\u00f3rh\u00e1zban el\u00e9rhet\u0151: H\u00e9tf\u0151 \u00e9s Szerda<\/div>\n\n\n<p><\/p>\n\n\n\n\t<div class=\"dkpdf-button-container\" style=\"            text-align:right \">\n\n\t\t<a class=\"dkpdf-button\" href=\"\/index.php\/wp-json\/wp\/v2\/pages\/170?pdf=170\" target=\"_blank\"><span class=\"dkpdf-button-icon\"><i class=\"fa fa-file-pdf-o\"><\/i><\/span> Let\u00f6lt\u00e9s<\/a>\n\n\t<\/div>\n\n\n\n\n\n<!-- PMB print buttons is only displayed on a single post\/page URLs-->","protected":false},"excerpt":{"rendered":"<p>Adatv\u00e9delmi \u00e9s adatbiztons\u00e1gi szab\u00e1lyzat \u00a0 Adatv\u00e9delmi tisztvisel\u0151: Dr. Tim\u00e1r Bal\u00e1zs el\u00e9rhet\u0151s\u00e9g: adatvedelem@szentimrekorhaz.hu +361\/464-8600 a k\u00f3rh\u00e1zban el\u00e9rhet\u0151: H\u00e9tf\u0151 \u00e9s Szerda Let\u00f6lt\u00e9s<\/p>\n","protected":false},"author":3,"featured_media":0,"parent":0,"menu_order":3,"comment_status":"closed","ping_status":"closed","template":"","meta":{"_acf_changed":false,"footnotes":""},"categories":[],"tags":[],"class_list":["post-170","page","type-page","status-publish","hentry"],"acf":[],"post_type":"page","author_name":"backup","_links":{"self":[{"href":"https:\/\/www.szentimrekorhaz.hu\/index.php\/wp-json\/wp\/v2\/pages\/170","targetHints":{"allow":["GET"]}}],"collection":[{"href":"https:\/\/www.szentimrekorhaz.hu\/index.php\/wp-json\/wp\/v2\/pages"}],"about":[{"href":"https:\/\/www.szentimrekorhaz.hu\/index.php\/wp-json\/wp\/v2\/types\/page"}],"author":[{"embeddable":true,"href":"https:\/\/www.szentimrekorhaz.hu\/index.php\/wp-json\/wp\/v2\/users\/3"}],"replies":[{"embeddable":true,"href":"https:\/\/www.szentimrekorhaz.hu\/index.php\/wp-json\/wp\/v2\/comments?post=170"}],"version-history":[{"count":3,"href":"https:\/\/www.szentimrekorhaz.hu\/index.php\/wp-json\/wp\/v2\/pages\/170\/revisions"}],"predecessor-version":[{"id":2278,"href":"https:\/\/www.szentimrekorhaz.hu\/index.php\/wp-json\/wp\/v2\/pages\/170\/revisions\/2278"}],"wp:attachment":[{"href":"https:\/\/www.szentimrekorhaz.hu\/index.php\/wp-json\/wp\/v2\/media?parent=170"}],"wp:term":[{"taxonomy":"category","embeddable":true,"href":"https:\/\/www.szentimrekorhaz.hu\/index.php\/wp-json\/wp\/v2\/categories?post=170"},{"taxonomy":"post_tag","embeddable":true,"href":"https:\/\/www.szentimrekorhaz.hu\/index.php\/wp-json\/wp\/v2\/tags?post=170"}],"curies":[{"name":"wp","href":"https:\/\/api.w.org\/{rel}","templated":true}]}}