{"id":172,"date":"2009-09-03T10:37:36","date_gmt":"2009-09-03T08:37:36","guid":{"rendered":"http:\/\/localhost\/index.php\/panaszkezelesiszabalyzat\/"},"modified":"2025-08-14T15:09:35","modified_gmt":"2025-08-14T13:09:35","slug":"panaszkezelesiszabalyzat","status":"publish","type":"page","link":"https:\/\/www.szentimrekorhaz.hu\/index.php\/panaszkezelesiszabalyzat\/","title":{"rendered":"Panaszkezel\u00e9si szab\u00e1lyzat"},"content":{"rendered":"\n<div data-wp-interactive=\"core\/file\" class=\"wp-block-file\"><object data-wp-bind--hidden=\"!state.hasPdfPreview\" hidden class=\"wp-block-file__embed\" data=\"https:\/\/www.szentimrekorhaz.hu\/wp-content\/uploads\/2025\/06\/Panaszkezelesi-szabalyzat.pdf\" type=\"application\/pdf\" style=\"width:100%;height:600px\" aria-label=\"Panaszkezel\u00e9si szab\u00e1lyzat be\u00e1gyaz\u00e1sa\"><\/object><a id=\"wp-block-file--media-993ba8dc-0989-4cfe-871f-a6feb3b39495\" href=\"https:\/\/www.szentimrekorhaz.hu\/wp-content\/uploads\/2025\/06\/Panaszkezelesi-szabalyzat.pdf\">Panaszkezel\u00e9si szab\u00e1lyzat<\/a><a href=\"https:\/\/www.szentimrekorhaz.hu\/wp-content\/uploads\/2025\/06\/Panaszkezelesi-szabalyzat.pdf\" class=\"wp-block-file__button wp-element-button\" download aria-describedby=\"wp-block-file--media-993ba8dc-0989-4cfe-871f-a6feb3b39495\">Let\u00f6lt\u00e9s<\/a><\/div>\n\n\n\n<div data-wp-interactive=\"core\/file\" class=\"wp-block-file\"><object data-wp-bind--hidden=\"!state.hasPdfPreview\" hidden class=\"wp-block-file__embed\" data=\"https:\/\/www.szentimrekorhaz.hu\/wp-content\/uploads\/2025\/08\/Akadalymentesitett-Panaszkezelesi-Szabalyzat.pdf\" type=\"application\/pdf\" style=\"width:100%;height:600px\" aria-label=\"Akad\u00e1lymentes\u00edtett - Panaszkezel\u00e9si Szab\u00e1lyzat be\u00e1gyaz\u00e1sa\"><\/object><a id=\"wp-block-file--media-978ed904-378a-46aa-848f-e8917a236474\" href=\"https:\/\/www.szentimrekorhaz.hu\/wp-content\/uploads\/2025\/08\/Akadalymentesitett-Panaszkezelesi-Szabalyzat.pdf\">Akad\u00e1lymentes\u00edtett \u2013 Panaszkezel\u00e9si Szab\u00e1lyzat<\/a><a href=\"https:\/\/www.szentimrekorhaz.hu\/wp-content\/uploads\/2025\/08\/Akadalymentesitett-Panaszkezelesi-Szabalyzat.pdf\" class=\"wp-block-file__button wp-element-button\" download aria-describedby=\"wp-block-file--media-978ed904-378a-46aa-848f-e8917a236474\">Let\u00f6lt\u00e9s<\/a><\/div>\n\n\n\n<p><\/p>\n\n\n\n\t<div class=\"dkpdf-button-container\" style=\"            text-align:right \">\n\n\t\t<a class=\"dkpdf-button\" href=\"\/index.php\/wp-json\/wp\/v2\/pages\/172?pdf=172\" target=\"_blank\"><span class=\"dkpdf-button-icon\"><i class=\"fa fa-file-pdf-o\"><\/i><\/span> Let\u00f6lt\u00e9s<\/a>\n\n\t<\/div>\n\n\n\n\n\n<!-- PMB print buttons is only displayed on a single post\/page URLs-->","protected":false},"excerpt":{"rendered":"<p>\n\t&nbsp;<\/p>\n","protected":false},"author":3,"featured_media":0,"parent":0,"menu_order":4,"comment_status":"closed","ping_status":"closed","template":"","meta":{"_acf_changed":false,"footnotes":""},"categories":[],"tags":[],"class_list":["post-172","page","type-page","status-publish","hentry"],"acf":[],"post_type":"page","author_name":"backup","_links":{"self":[{"href":"https:\/\/www.szentimrekorhaz.hu\/index.php\/wp-json\/wp\/v2\/pages\/172","targetHints":{"allow":["GET"]}}],"collection":[{"href":"https:\/\/www.szentimrekorhaz.hu\/index.php\/wp-json\/wp\/v2\/pages"}],"about":[{"href":"https:\/\/www.szentimrekorhaz.hu\/index.php\/wp-json\/wp\/v2\/types\/page"}],"author":[{"embeddable":true,"href":"https:\/\/www.szentimrekorhaz.hu\/index.php\/wp-json\/wp\/v2\/users\/3"}],"replies":[{"embeddable":true,"href":"https:\/\/www.szentimrekorhaz.hu\/index.php\/wp-json\/wp\/v2\/comments?post=172"}],"version-history":[{"count":3,"href":"https:\/\/www.szentimrekorhaz.hu\/index.php\/wp-json\/wp\/v2\/pages\/172\/revisions"}],"predecessor-version":[{"id":2305,"href":"https:\/\/www.szentimrekorhaz.hu\/index.php\/wp-json\/wp\/v2\/pages\/172\/revisions\/2305"}],"wp:attachment":[{"href":"https:\/\/www.szentimrekorhaz.hu\/index.php\/wp-json\/wp\/v2\/media?parent=172"}],"wp:term":[{"taxonomy":"category","embeddable":true,"href":"https:\/\/www.szentimrekorhaz.hu\/index.php\/wp-json\/wp\/v2\/categories?post=172"},{"taxonomy":"post_tag","embeddable":true,"href":"https:\/\/www.szentimrekorhaz.hu\/index.php\/wp-json\/wp\/v2\/tags?post=172"}],"curies":[{"name":"wp","href":"https:\/\/api.w.org\/{rel}","templated":true}]}}