{"id":176,"date":"2009-09-03T10:38:45","date_gmt":"2009-09-03T08:38:45","guid":{"rendered":"http:\/\/localhost\/index.php\/szerzodesek\/"},"modified":"2009-09-03T10:38:45","modified_gmt":"2009-09-03T08:38:45","slug":"szerzodesek","status":"publish","type":"page","link":"https:\/\/www.szentimrekorhaz.hu\/index.php\/szerzodesek\/","title":{"rendered":"Szerz\u0151d\u00e9sek"},"content":{"rendered":"<p>\n\t<a href=\"\/wp-content\/uploads\/2009\/09\/fny171-2_szolgaltatasi_szerzodes_magasabb_komfortfokozatu_kortermi_ellatas_ignybevetelere.pdf\" target=\"_blank\">Szolg\u00e1ltat\u00e1si szerz\u0151d\u00e9s magasabb konfortfokozat\u00fa k\u00f3rtermi ell\u00e1t\u00e1s ig\u00e9nybe v\u00e9tel\u00e9re<\/a><\/p>\n<p>\n\t\u00a0<\/p>\n\n\n\n\t<div class=\"dkpdf-button-container\" style=\"            text-align:right \">\n\n\t\t<a class=\"dkpdf-button\" href=\"\/index.php\/wp-json\/wp\/v2\/pages\/176?pdf=176\" target=\"_blank\"><span class=\"dkpdf-button-icon\"><i class=\"fa fa-file-pdf-o\"><\/i><\/span> Let\u00f6lt\u00e9s<\/a>\n\n\t<\/div>\n\n\n\n\n\n<!-- PMB print buttons is only displayed on a single post\/page URLs-->","protected":false},"excerpt":{"rendered":"<p>Szolg\u00e1ltat\u00e1si szerz\u0151d\u00e9s magasabb konfortfokozat\u00fa k\u00f3rtermi ell\u00e1t\u00e1s ig\u00e9nybe v\u00e9tel\u00e9re \u00a0 Let\u00f6lt\u00e9s<\/p>\n","protected":false},"author":3,"featured_media":0,"parent":0,"menu_order":7,"comment_status":"closed","ping_status":"closed","template":"","meta":{"_acf_changed":false,"footnotes":""},"categories":[],"tags":[],"class_list":["post-176","page","type-page","status-publish","hentry"],"acf":[],"post_type":"page","author_name":"backup","_links":{"self":[{"href":"https:\/\/www.szentimrekorhaz.hu\/index.php\/wp-json\/wp\/v2\/pages\/176","targetHints":{"allow":["GET"]}}],"collection":[{"href":"https:\/\/www.szentimrekorhaz.hu\/index.php\/wp-json\/wp\/v2\/pages"}],"about":[{"href":"https:\/\/www.szentimrekorhaz.hu\/index.php\/wp-json\/wp\/v2\/types\/page"}],"author":[{"embeddable":true,"href":"https:\/\/www.szentimrekorhaz.hu\/index.php\/wp-json\/wp\/v2\/users\/3"}],"replies":[{"embeddable":true,"href":"https:\/\/www.szentimrekorhaz.hu\/index.php\/wp-json\/wp\/v2\/comments?post=176"}],"version-history":[{"count":0,"href":"https:\/\/www.szentimrekorhaz.hu\/index.php\/wp-json\/wp\/v2\/pages\/176\/revisions"}],"wp:attachment":[{"href":"https:\/\/www.szentimrekorhaz.hu\/index.php\/wp-json\/wp\/v2\/media?parent=176"}],"wp:term":[{"taxonomy":"category","embeddable":true,"href":"https:\/\/www.szentimrekorhaz.hu\/index.php\/wp-json\/wp\/v2\/categories?post=176"},{"taxonomy":"post_tag","embeddable":true,"href":"https:\/\/www.szentimrekorhaz.hu\/index.php\/wp-json\/wp\/v2\/tags?post=176"}],"curies":[{"name":"wp","href":"https:\/\/api.w.org\/{rel}","templated":true}]}}