{"id":1786,"date":"2025-06-23T16:03:37","date_gmt":"2025-06-23T14:03:37","guid":{"rendered":"https:\/\/www.szentimrekorhaz.hu\/?page_id=1786"},"modified":"2025-10-28T15:40:16","modified_gmt":"2025-10-28T14:40:16","slug":"szervezeti-es-mukodesi-szabalyzat-2","status":"publish","type":"page","link":"https:\/\/www.szentimrekorhaz.hu\/index.php\/szervezeti-es-mukodesi-szabalyzat-2\/","title":{"rendered":"Szervezeti \u00e9s M\u0171k\u00f6d\u00e9si Szab\u00e1lyzat:"},"content":{"rendered":"\n<p>Mell\u00e9kletek:<\/p>\n\n\n\n<div data-wp-interactive=\"core\/file\" class=\"wp-block-file\"><object data-wp-bind--hidden=\"!state.hasPdfPreview\" hidden class=\"wp-block-file__embed\" data=\"https:\/\/www.szentimrekorhaz.hu\/wp-content\/uploads\/2025\/10\/Szervezeti-es-Mukodesi-Szabalyzat-SZMSZ.pdf\" type=\"application\/pdf\" style=\"width:100%;height:600px\" aria-label=\"Szervezeti \u00e9s M\u0171k\u00f6d\u00e9si Szab\u00e1lyzat (SZMSZ) be\u00e1gyaz\u00e1sa\"><\/object><a id=\"wp-block-file--media-675bd823-a8b8-4f9c-9806-c3667255f9ea\" href=\"https:\/\/www.szentimrekorhaz.hu\/wp-content\/uploads\/2025\/10\/Szervezeti-es-Mukodesi-Szabalyzat-SZMSZ.pdf\">Szervezeti \u00e9s M\u0171k\u00f6d\u00e9si Szab\u00e1lyzat (SZMSZ)<\/a><a href=\"https:\/\/www.szentimrekorhaz.hu\/wp-content\/uploads\/2025\/10\/Szervezeti-es-Mukodesi-Szabalyzat-SZMSZ.pdf\" class=\"wp-block-file__button wp-element-button\" download aria-describedby=\"wp-block-file--media-675bd823-a8b8-4f9c-9806-c3667255f9ea\">Let\u00f6lt\u00e9s<\/a><\/div>\n\n\n\n<div data-wp-interactive=\"core\/file\" class=\"wp-block-file\"><object data-wp-bind--hidden=\"!state.hasPdfPreview\" hidden class=\"wp-block-file__embed\" data=\"https:\/\/www.szentimrekorhaz.hu\/wp-content\/uploads\/2025\/10\/Szervezeti-es-Mukodesi-Szabalyzat-SZMSZ.pdf\" type=\"application\/pdf\" style=\"width:100%;height:600px\" aria-label=\"Szervezeti \u00e9s M\u0171k\u00f6d\u00e9si Szab\u00e1lyzat (SZMSZ) - akad\u00e1lymentes v\u00e1ltozat be\u00e1gyaz\u00e1sa\"><\/object><a id=\"wp-block-file--media-f83aab99-4441-46de-9529-07577266b9b7\" href=\"https:\/\/www.szentimrekorhaz.hu\/wp-content\/uploads\/2025\/10\/Szervezeti-es-Mukodesi-Szabalyzat-SZMSZ.pdf\">Szervezeti \u00e9s M\u0171k\u00f6d\u00e9si Szab\u00e1lyzat (SZMSZ) \u2013 akad\u00e1lymentes v\u00e1ltozat<\/a><a href=\"https:\/\/www.szentimrekorhaz.hu\/wp-content\/uploads\/2025\/10\/Szervezeti-es-Mukodesi-Szabalyzat-SZMSZ.pdf\" class=\"wp-block-file__button wp-element-button\" download aria-describedby=\"wp-block-file--media-f83aab99-4441-46de-9529-07577266b9b7\">Let\u00f6lt\u00e9s<\/a><\/div>\n\n\n\n<div data-wp-interactive=\"core\/file\" class=\"wp-block-file\"><object data-wp-bind--hidden=\"!state.hasPdfPreview\" hidden class=\"wp-block-file__embed\" data=\"https:\/\/www.szentimrekorhaz.hu\/wp-content\/uploads\/2025\/06\/Szervezeti-es-Mukodesi-Szabalyzat-1.-szamu-melleklet.pdf\" type=\"application\/pdf\" style=\"width:100%;height:600px\" aria-label=\"Szervezeti \u00e9s M\u0171k\u00f6d\u00e9si Szab\u00e1lyzat 1. sz\u00e1m\u00fa mell\u00e9klet be\u00e1gyaz\u00e1sa\"><\/object><a id=\"wp-block-file--media-89cf669c-0f16-4068-b070-07d421668279\" href=\"https:\/\/www.szentimrekorhaz.hu\/wp-content\/uploads\/2025\/06\/Szervezeti-es-Mukodesi-Szabalyzat-1.-szamu-melleklet.pdf\">Szervezeti \u00e9s M\u0171k\u00f6d\u00e9si Szab\u00e1lyzat 1. sz\u00e1m\u00fa mell\u00e9klet<\/a><a href=\"https:\/\/www.szentimrekorhaz.hu\/wp-content\/uploads\/2025\/06\/Szervezeti-es-Mukodesi-Szabalyzat-1.-szamu-melleklet.pdf\" class=\"wp-block-file__button wp-element-button\" download aria-describedby=\"wp-block-file--media-89cf669c-0f16-4068-b070-07d421668279\">Let\u00f6lt\u00e9s<\/a><\/div>\n\n\n\n<div data-wp-interactive=\"core\/file\" class=\"wp-block-file\"><object data-wp-bind--hidden=\"!state.hasPdfPreview\" hidden class=\"wp-block-file__embed\" data=\"https:\/\/www.szentimrekorhaz.hu\/wp-content\/uploads\/2025\/08\/SZMSZ-1.sz_.-melleklet-2025.06.02.pdf\" type=\"application\/pdf\" style=\"width:100%;height:600px\" aria-label=\"Akad\u00e1lymentes\u00edtett - SZMSZ 1.sz. mell\u00e9klet 2025 be\u00e1gyaz\u00e1sa\"><\/object><a id=\"wp-block-file--media-4f6d9ec6-8d1d-4cc7-8cca-6c60c798bc2b\" href=\"https:\/\/www.szentimrekorhaz.hu\/wp-content\/uploads\/2025\/08\/SZMSZ-1.sz_.-melleklet-2025.06.02.pdf\">Akad\u00e1lymentes\u00edtett \u2013 SZMSZ 1.sz. mell\u00e9klet 2025<\/a><a href=\"https:\/\/www.szentimrekorhaz.hu\/wp-content\/uploads\/2025\/08\/SZMSZ-1.sz_.-melleklet-2025.06.02.pdf\" class=\"wp-block-file__button wp-element-button\" download aria-describedby=\"wp-block-file--media-4f6d9ec6-8d1d-4cc7-8cca-6c60c798bc2b\">Let\u00f6lt\u00e9s<\/a><\/div>\n\n\n\n<div data-wp-interactive=\"core\/file\" class=\"wp-block-file\"><object data-wp-bind--hidden=\"!state.hasPdfPreview\" hidden class=\"wp-block-file__embed\" data=\"https:\/\/www.szentimrekorhaz.hu\/wp-content\/uploads\/2025\/06\/Szervezeti-es-Mukodesi-Szabalyzat-2.-szamu-melleklet.pdf\" type=\"application\/pdf\" style=\"width:100%;height:600px\" aria-label=\"Szervezeti \u00e9s M\u0171k\u00f6d\u00e9si Szab\u00e1lyzat 2. sz\u00e1m\u00fa mell\u00e9klet be\u00e1gyaz\u00e1sa\"><\/object><a id=\"wp-block-file--media-72bc7671-09dd-4da6-8abe-60be56feeb01\" href=\"https:\/\/www.szentimrekorhaz.hu\/wp-content\/uploads\/2025\/06\/Szervezeti-es-Mukodesi-Szabalyzat-2.-szamu-melleklet.pdf\">Szervezeti \u00e9s M\u0171k\u00f6d\u00e9si Szab\u00e1lyzat 2. sz\u00e1m\u00fa mell\u00e9klet<\/a><a href=\"https:\/\/www.szentimrekorhaz.hu\/wp-content\/uploads\/2025\/06\/Szervezeti-es-Mukodesi-Szabalyzat-2.-szamu-melleklet.pdf\" class=\"wp-block-file__button wp-element-button\" download aria-describedby=\"wp-block-file--media-72bc7671-09dd-4da6-8abe-60be56feeb01\">Let\u00f6lt\u00e9s<\/a><\/div>\n\n\n\n<div data-wp-interactive=\"core\/file\" class=\"wp-block-file\"><object data-wp-bind--hidden=\"!state.hasPdfPreview\" hidden class=\"wp-block-file__embed\" data=\"https:\/\/www.szentimrekorhaz.hu\/wp-content\/uploads\/2025\/08\/SZMSZ-2.sz_.-melleklet-2025.06.02.pdf\" type=\"application\/pdf\" style=\"width:100%;height:600px\" aria-label=\"Akad\u00e1lymentes\u00edtett - SZMSZ 2.sz. mell\u00e9klet 2025. be\u00e1gyaz\u00e1sa\"><\/object><a id=\"wp-block-file--media-87b51f87-e762-4b01-8c40-b4eaaf6ed25d\" href=\"https:\/\/www.szentimrekorhaz.hu\/wp-content\/uploads\/2025\/08\/SZMSZ-2.sz_.-melleklet-2025.06.02.pdf\">Akad\u00e1lymentes\u00edtett \u2013 SZMSZ 2.sz. mell\u00e9klet 2025.<\/a><a href=\"https:\/\/www.szentimrekorhaz.hu\/wp-content\/uploads\/2025\/08\/SZMSZ-2.sz_.-melleklet-2025.06.02.pdf\" class=\"wp-block-file__button wp-element-button\" download aria-describedby=\"wp-block-file--media-87b51f87-e762-4b01-8c40-b4eaaf6ed25d\">Let\u00f6lt\u00e9s<\/a><\/div>\n\n\n\n<div data-wp-interactive=\"core\/file\" class=\"wp-block-file\"><object data-wp-bind--hidden=\"!state.hasPdfPreview\" hidden class=\"wp-block-file__embed\" data=\"https:\/\/www.szentimrekorhaz.hu\/wp-content\/uploads\/2025\/06\/Szervezeti-es-Mukodesi-Szabalyzat-3.-szamu-melleklet.pdf\" type=\"application\/pdf\" style=\"width:100%;height:600px\" aria-label=\"Szervezeti \u00e9s M\u0171k\u00f6d\u00e9si Szab\u00e1lyzat 3. sz\u00e1m\u00fa mell\u00e9klet be\u00e1gyaz\u00e1sa\"><\/object><a id=\"wp-block-file--media-0f3cdfb1-f88d-43bf-962c-8b9e901c17fd\" href=\"https:\/\/www.szentimrekorhaz.hu\/wp-content\/uploads\/2025\/06\/Szervezeti-es-Mukodesi-Szabalyzat-3.-szamu-melleklet.pdf\">Szervezeti \u00e9s M\u0171k\u00f6d\u00e9si Szab\u00e1lyzat 3. sz\u00e1m\u00fa mell\u00e9klet<\/a><a href=\"https:\/\/www.szentimrekorhaz.hu\/wp-content\/uploads\/2025\/06\/Szervezeti-es-Mukodesi-Szabalyzat-3.-szamu-melleklet.pdf\" class=\"wp-block-file__button wp-element-button\" download aria-describedby=\"wp-block-file--media-0f3cdfb1-f88d-43bf-962c-8b9e901c17fd\">Let\u00f6lt\u00e9s<\/a><\/div>\n\n\n\n<div data-wp-interactive=\"core\/file\" class=\"wp-block-file\"><object data-wp-bind--hidden=\"!state.hasPdfPreview\" hidden class=\"wp-block-file__embed\" data=\"https:\/\/www.szentimrekorhaz.hu\/wp-content\/uploads\/2025\/08\/SZMSZ-3.sz_.-melleklet-2025.06.02.pdf\" type=\"application\/pdf\" style=\"width:100%;height:600px\" aria-label=\"Akad\u00e1lymentes\u00edtett - SZMSZ 3.sz. mell\u00e9klet 2025. be\u00e1gyaz\u00e1sa\"><\/object><a id=\"wp-block-file--media-29239139-0933-47f1-b00d-d7be3d16785d\" href=\"https:\/\/www.szentimrekorhaz.hu\/wp-content\/uploads\/2025\/08\/SZMSZ-3.sz_.-melleklet-2025.06.02.pdf\">Akad\u00e1lymentes\u00edtett \u2013 SZMSZ 3.sz. mell\u00e9klet 2025.<\/a><a href=\"https:\/\/www.szentimrekorhaz.hu\/wp-content\/uploads\/2025\/08\/SZMSZ-3.sz_.-melleklet-2025.06.02.pdf\" class=\"wp-block-file__button wp-element-button\" download aria-describedby=\"wp-block-file--media-29239139-0933-47f1-b00d-d7be3d16785d\">Let\u00f6lt\u00e9s<\/a><\/div>\n\n\n\n<div data-wp-interactive=\"core\/file\" class=\"wp-block-file\"><object data-wp-bind--hidden=\"!state.hasPdfPreview\" hidden class=\"wp-block-file__embed\" data=\"https:\/\/www.szentimrekorhaz.hu\/wp-content\/uploads\/2025\/06\/Szervezeti-es-Mukodesi-Szabalyzat-4.-szamu-melleklet.pdf\" type=\"application\/pdf\" style=\"width:100%;height:600px\" aria-label=\"Szervezeti \u00e9s M\u0171k\u00f6d\u00e9si Szab\u00e1lyzat 4. sz\u00e1m\u00fa mell\u00e9klet be\u00e1gyaz\u00e1sa\"><\/object><a id=\"wp-block-file--media-c7d4e5a5-ad61-4df1-9a84-a0f6f9c7eaab\" href=\"https:\/\/www.szentimrekorhaz.hu\/wp-content\/uploads\/2025\/06\/Szervezeti-es-Mukodesi-Szabalyzat-4.-szamu-melleklet.pdf\">Szervezeti \u00e9s M\u0171k\u00f6d\u00e9si Szab\u00e1lyzat 4. sz\u00e1m\u00fa mell\u00e9klet<\/a><a href=\"https:\/\/www.szentimrekorhaz.hu\/wp-content\/uploads\/2025\/06\/Szervezeti-es-Mukodesi-Szabalyzat-4.-szamu-melleklet.pdf\" class=\"wp-block-file__button wp-element-button\" download aria-describedby=\"wp-block-file--media-c7d4e5a5-ad61-4df1-9a84-a0f6f9c7eaab\">Let\u00f6lt\u00e9s<\/a><\/div>\n\n\n\n<div data-wp-interactive=\"core\/file\" class=\"wp-block-file\"><object data-wp-bind--hidden=\"!state.hasPdfPreview\" hidden class=\"wp-block-file__embed\" data=\"https:\/\/www.szentimrekorhaz.hu\/wp-content\/uploads\/2025\/08\/SZMSZ-4.sz_.-melleklet-2025.06.02.pdf\" type=\"application\/pdf\" style=\"width:100%;height:600px\" aria-label=\"Akad\u00e1lymentes\u00edtett - SZMSZ 4.sz. mell\u00e9klet 2025. be\u00e1gyaz\u00e1sa\"><\/object><a id=\"wp-block-file--media-9baf6110-80be-423c-bc8e-b4a0bdb79148\" href=\"https:\/\/www.szentimrekorhaz.hu\/wp-content\/uploads\/2025\/08\/SZMSZ-4.sz_.-melleklet-2025.06.02.pdf\">Akad\u00e1lymentes\u00edtett \u2013 SZMSZ 4.sz. mell\u00e9klet 2025.<\/a><a href=\"https:\/\/www.szentimrekorhaz.hu\/wp-content\/uploads\/2025\/08\/SZMSZ-4.sz_.-melleklet-2025.06.02.pdf\" class=\"wp-block-file__button wp-element-button\" download aria-describedby=\"wp-block-file--media-9baf6110-80be-423c-bc8e-b4a0bdb79148\">Let\u00f6lt\u00e9s<\/a><\/div>\n\n\n\n<div data-wp-interactive=\"core\/file\" class=\"wp-block-file\"><object data-wp-bind--hidden=\"!state.hasPdfPreview\" hidden class=\"wp-block-file__embed\" data=\"https:\/\/www.szentimrekorhaz.hu\/wp-content\/uploads\/2025\/06\/Szervezeti-es-Mukodesi-Szabalyzat-5.-szamu-melleklet.pdf\" type=\"application\/pdf\" style=\"width:100%;height:600px\" aria-label=\"Szervezeti \u00e9s M\u0171k\u00f6d\u00e9si Szab\u00e1lyzat 5. sz\u00e1m\u00fa mell\u00e9klet be\u00e1gyaz\u00e1sa\"><\/object><a id=\"wp-block-file--media-06a9a818-c081-414b-924e-da922e24e77d\" href=\"https:\/\/www.szentimrekorhaz.hu\/wp-content\/uploads\/2025\/06\/Szervezeti-es-Mukodesi-Szabalyzat-5.-szamu-melleklet.pdf\">Szervezeti \u00e9s M\u0171k\u00f6d\u00e9si Szab\u00e1lyzat 5. sz\u00e1m\u00fa mell\u00e9klet<\/a><a href=\"https:\/\/www.szentimrekorhaz.hu\/wp-content\/uploads\/2025\/06\/Szervezeti-es-Mukodesi-Szabalyzat-5.-szamu-melleklet.pdf\" class=\"wp-block-file__button wp-element-button\" download aria-describedby=\"wp-block-file--media-06a9a818-c081-414b-924e-da922e24e77d\">Let\u00f6lt\u00e9s<\/a><\/div>\n\n\n\n<div data-wp-interactive=\"core\/file\" class=\"wp-block-file\"><object data-wp-bind--hidden=\"!state.hasPdfPreview\" hidden class=\"wp-block-file__embed\" data=\"https:\/\/www.szentimrekorhaz.hu\/wp-content\/uploads\/2025\/08\/SZMSZ-5.sz_.-melleklet-2025.06.02.pdf\" type=\"application\/pdf\" style=\"width:100%;height:600px\" aria-label=\"Akad\u00e1lymentes\u00edtett - SZMSZ 5.sz. mell\u00e9klet 2025. be\u00e1gyaz\u00e1sa\"><\/object><a id=\"wp-block-file--media-070b13ab-d884-44aa-8900-a2ffd78be60e\" href=\"https:\/\/www.szentimrekorhaz.hu\/wp-content\/uploads\/2025\/08\/SZMSZ-5.sz_.-melleklet-2025.06.02.pdf\">Akad\u00e1lymentes\u00edtett \u2013 SZMSZ 5.sz. mell\u00e9klet 2025.<\/a><a href=\"https:\/\/www.szentimrekorhaz.hu\/wp-content\/uploads\/2025\/08\/SZMSZ-5.sz_.-melleklet-2025.06.02.pdf\" class=\"wp-block-file__button wp-element-button\" download aria-describedby=\"wp-block-file--media-070b13ab-d884-44aa-8900-a2ffd78be60e\">Let\u00f6lt\u00e9s<\/a><\/div>\n\n\n\n<div data-wp-interactive=\"core\/file\" class=\"wp-block-file\"><object data-wp-bind--hidden=\"!state.hasPdfPreview\" hidden class=\"wp-block-file__embed\" data=\"https:\/\/www.szentimrekorhaz.hu\/wp-content\/uploads\/2025\/06\/Szervezeti-es-Mukodesi-Szabalyzat-6.-szamu-melleklet.pdf\" type=\"application\/pdf\" style=\"width:100%;height:600px\" aria-label=\"Szervezeti \u00e9s M\u0171k\u00f6d\u00e9si Szab\u00e1lyzat 6. sz\u00e1m\u00fa mell\u00e9klet be\u00e1gyaz\u00e1sa\"><\/object><a id=\"wp-block-file--media-4eeacd80-e325-4387-bc4b-3f08f12a76da\" href=\"https:\/\/www.szentimrekorhaz.hu\/wp-content\/uploads\/2025\/06\/Szervezeti-es-Mukodesi-Szabalyzat-6.-szamu-melleklet.pdf\">Szervezeti \u00e9s M\u0171k\u00f6d\u00e9si Szab\u00e1lyzat 6. sz\u00e1m\u00fa mell\u00e9klet<\/a><a href=\"https:\/\/www.szentimrekorhaz.hu\/wp-content\/uploads\/2025\/06\/Szervezeti-es-Mukodesi-Szabalyzat-6.-szamu-melleklet.pdf\" class=\"wp-block-file__button wp-element-button\" download aria-describedby=\"wp-block-file--media-4eeacd80-e325-4387-bc4b-3f08f12a76da\">Let\u00f6lt\u00e9s<\/a><\/div>\n\n\n\n<div data-wp-interactive=\"core\/file\" class=\"wp-block-file\"><object data-wp-bind--hidden=\"!state.hasPdfPreview\" hidden class=\"wp-block-file__embed\" data=\"https:\/\/www.szentimrekorhaz.hu\/wp-content\/uploads\/2025\/08\/SZMSZ-6.sz_.-melleklet-2025.06.02.pdf\" type=\"application\/pdf\" style=\"width:100%;height:600px\" aria-label=\"Akad\u00e1lymentes\u00edtett - SZMSZ 6.sz. mell\u00e9klet 2025. be\u00e1gyaz\u00e1sa\"><\/object><a id=\"wp-block-file--media-863b9bef-0b12-468b-a909-e893869c97ea\" href=\"https:\/\/www.szentimrekorhaz.hu\/wp-content\/uploads\/2025\/08\/SZMSZ-6.sz_.-melleklet-2025.06.02.pdf\">Akad\u00e1lymentes\u00edtett \u2013 SZMSZ 6.sz. mell\u00e9klet 2025.<\/a><a href=\"https:\/\/www.szentimrekorhaz.hu\/wp-content\/uploads\/2025\/08\/SZMSZ-6.sz_.-melleklet-2025.06.02.pdf\" class=\"wp-block-file__button wp-element-button\" download aria-describedby=\"wp-block-file--media-863b9bef-0b12-468b-a909-e893869c97ea\">Let\u00f6lt\u00e9s<\/a><\/div>\n\n\n\n<div data-wp-interactive=\"core\/file\" class=\"wp-block-file\"><object data-wp-bind--hidden=\"!state.hasPdfPreview\" hidden class=\"wp-block-file__embed\" data=\"https:\/\/www.szentimrekorhaz.hu\/wp-content\/uploads\/2025\/06\/Szervezeti-es-Mukodesi-Szabalyzat-7.-szamu-melleklet.pdf\" type=\"application\/pdf\" style=\"width:100%;height:600px\" aria-label=\"Szervezeti \u00e9s M\u0171k\u00f6d\u00e9si Szab\u00e1lyzat 7. sz\u00e1m\u00fa mell\u00e9klet be\u00e1gyaz\u00e1sa\"><\/object><a id=\"wp-block-file--media-67f55573-7d26-433c-8044-ec09aed22a43\" href=\"https:\/\/www.szentimrekorhaz.hu\/wp-content\/uploads\/2025\/06\/Szervezeti-es-Mukodesi-Szabalyzat-7.-szamu-melleklet.pdf\">Szervezeti \u00e9s M\u0171k\u00f6d\u00e9si Szab\u00e1lyzat 7. sz\u00e1m\u00fa mell\u00e9klet<\/a><a href=\"https:\/\/www.szentimrekorhaz.hu\/wp-content\/uploads\/2025\/06\/Szervezeti-es-Mukodesi-Szabalyzat-7.-szamu-melleklet.pdf\" class=\"wp-block-file__button wp-element-button\" download aria-describedby=\"wp-block-file--media-67f55573-7d26-433c-8044-ec09aed22a43\">Let\u00f6lt\u00e9s<\/a><\/div>\n\n\n\n<div data-wp-interactive=\"core\/file\" class=\"wp-block-file\"><object data-wp-bind--hidden=\"!state.hasPdfPreview\" hidden class=\"wp-block-file__embed\" data=\"https:\/\/www.szentimrekorhaz.hu\/wp-content\/uploads\/2025\/08\/SZMSZ-7.sz_.-melleklet-2025.06.02.pdf\" type=\"application\/pdf\" style=\"width:100%;height:600px\" aria-label=\"Akad\u00e1lymentes\u00edtett - SZMSZ 7.sz. mell\u00e9klet 2025. be\u00e1gyaz\u00e1sa\"><\/object><a id=\"wp-block-file--media-27b5e7e2-95d3-4ceb-b9d5-af56ac43d132\" href=\"https:\/\/www.szentimrekorhaz.hu\/wp-content\/uploads\/2025\/08\/SZMSZ-7.sz_.-melleklet-2025.06.02.pdf\">Akad\u00e1lymentes\u00edtett \u2013 SZMSZ 7.sz. mell\u00e9klet 2025.<\/a><a href=\"https:\/\/www.szentimrekorhaz.hu\/wp-content\/uploads\/2025\/08\/SZMSZ-7.sz_.-melleklet-2025.06.02.pdf\" class=\"wp-block-file__button wp-element-button\" download aria-describedby=\"wp-block-file--media-27b5e7e2-95d3-4ceb-b9d5-af56ac43d132\">Let\u00f6lt\u00e9s<\/a><\/div>\n\n\n\n<div data-wp-interactive=\"core\/file\" class=\"wp-block-file\"><object data-wp-bind--hidden=\"!state.hasPdfPreview\" hidden class=\"wp-block-file__embed\" data=\"https:\/\/www.szentimrekorhaz.hu\/wp-content\/uploads\/2025\/06\/Szervezeti-es-Mukodesi-Szabalyzat-8.-szamu-melleklet.pdf\" type=\"application\/pdf\" style=\"width:100%;height:600px\" aria-label=\"Szervezeti \u00e9s M\u0171k\u00f6d\u00e9si Szab\u00e1lyzat 8. sz\u00e1m\u00fa mell\u00e9klet be\u00e1gyaz\u00e1sa\"><\/object><a id=\"wp-block-file--media-7ad0f292-984f-46ad-9a5a-dea5e7ab2549\" href=\"https:\/\/www.szentimrekorhaz.hu\/wp-content\/uploads\/2025\/06\/Szervezeti-es-Mukodesi-Szabalyzat-8.-szamu-melleklet.pdf\">Szervezeti \u00e9s M\u0171k\u00f6d\u00e9si Szab\u00e1lyzat 8. sz\u00e1m\u00fa mell\u00e9klet<\/a><a href=\"https:\/\/www.szentimrekorhaz.hu\/wp-content\/uploads\/2025\/06\/Szervezeti-es-Mukodesi-Szabalyzat-8.-szamu-melleklet.pdf\" class=\"wp-block-file__button wp-element-button\" download aria-describedby=\"wp-block-file--media-7ad0f292-984f-46ad-9a5a-dea5e7ab2549\">Let\u00f6lt\u00e9s<\/a><\/div>\n\n\n\n<div data-wp-interactive=\"core\/file\" class=\"wp-block-file\"><object data-wp-bind--hidden=\"!state.hasPdfPreview\" hidden class=\"wp-block-file__embed\" data=\"https:\/\/www.szentimrekorhaz.hu\/wp-content\/uploads\/2025\/08\/SZMSZ-8.sz_.-melleklet-2025.06.02.pdf\" type=\"application\/pdf\" style=\"width:100%;height:600px\" aria-label=\"Akad\u00e1lymentes\u00edtett - SZMSZ 8.sz. mell\u00e9klet 2025. be\u00e1gyaz\u00e1sa\"><\/object><a id=\"wp-block-file--media-919ce279-25ec-4a7d-abb3-7ac15582cbb7\" href=\"https:\/\/www.szentimrekorhaz.hu\/wp-content\/uploads\/2025\/08\/SZMSZ-8.sz_.-melleklet-2025.06.02.pdf\">Akad\u00e1lymentes\u00edtett \u2013 SZMSZ 8.sz. mell\u00e9klet 2025.<\/a><a href=\"https:\/\/www.szentimrekorhaz.hu\/wp-content\/uploads\/2025\/08\/SZMSZ-8.sz_.-melleklet-2025.06.02.pdf\" class=\"wp-block-file__button wp-element-button\" download aria-describedby=\"wp-block-file--media-919ce279-25ec-4a7d-abb3-7ac15582cbb7\">Let\u00f6lt\u00e9s<\/a><\/div>\n\n\n\n<div data-wp-interactive=\"core\/file\" class=\"wp-block-file\"><object data-wp-bind--hidden=\"!state.hasPdfPreview\" hidden class=\"wp-block-file__embed\" data=\"https:\/\/www.szentimrekorhaz.hu\/wp-content\/uploads\/2025\/06\/Szervezeti-es-Mukodesi-Szabalyzat-9.-szamu-melleklet.pdf\" type=\"application\/pdf\" style=\"width:100%;height:600px\" aria-label=\"Szervezeti \u00e9s M\u0171k\u00f6d\u00e9si Szab\u00e1lyzat 9. sz\u00e1m\u00fa mell\u00e9klet be\u00e1gyaz\u00e1sa\"><\/object><a id=\"wp-block-file--media-5de607fd-9554-4aa0-a415-1e10eef97e60\" href=\"https:\/\/www.szentimrekorhaz.hu\/wp-content\/uploads\/2025\/06\/Szervezeti-es-Mukodesi-Szabalyzat-9.-szamu-melleklet.pdf\">Szervezeti \u00e9s M\u0171k\u00f6d\u00e9si Szab\u00e1lyzat 9. sz\u00e1m\u00fa mell\u00e9klet<\/a><a href=\"https:\/\/www.szentimrekorhaz.hu\/wp-content\/uploads\/2025\/06\/Szervezeti-es-Mukodesi-Szabalyzat-9.-szamu-melleklet.pdf\" class=\"wp-block-file__button wp-element-button\" download aria-describedby=\"wp-block-file--media-5de607fd-9554-4aa0-a415-1e10eef97e60\">Let\u00f6lt\u00e9s<\/a><\/div>\n\n\n\n<div data-wp-interactive=\"core\/file\" class=\"wp-block-file\"><object data-wp-bind--hidden=\"!state.hasPdfPreview\" hidden class=\"wp-block-file__embed\" data=\"https:\/\/www.szentimrekorhaz.hu\/wp-content\/uploads\/2025\/08\/SZMSZ-9.sz_.-melleklet-2025.06.02.pdf\" type=\"application\/pdf\" style=\"width:100%;height:600px\" aria-label=\"Akad\u00e1lymentes\u00edtett - SZMSZ 9.sz. mell\u00e9klet 2025. be\u00e1gyaz\u00e1sa\"><\/object><a id=\"wp-block-file--media-9aa098a7-95dd-4273-9b9e-782a55ee243d\" href=\"https:\/\/www.szentimrekorhaz.hu\/wp-content\/uploads\/2025\/08\/SZMSZ-9.sz_.-melleklet-2025.06.02.pdf\">Akad\u00e1lymentes\u00edtett \u2013 SZMSZ 9.sz. mell\u00e9klet 2025.<\/a><a href=\"https:\/\/www.szentimrekorhaz.hu\/wp-content\/uploads\/2025\/08\/SZMSZ-9.sz_.-melleklet-2025.06.02.pdf\" class=\"wp-block-file__button wp-element-button\" download aria-describedby=\"wp-block-file--media-9aa098a7-95dd-4273-9b9e-782a55ee243d\">Let\u00f6lt\u00e9s<\/a><\/div>\n\n\n\n<div data-wp-interactive=\"core\/file\" class=\"wp-block-file\"><object data-wp-bind--hidden=\"!state.hasPdfPreview\" hidden class=\"wp-block-file__embed\" data=\"https:\/\/www.szentimrekorhaz.hu\/wp-content\/uploads\/2025\/06\/Szervezeti-es-Mukodesi-Szabalyzat-10.-szamu-melleklet.pdf\" type=\"application\/pdf\" style=\"width:100%;height:600px\" aria-label=\"Szervezeti \u00e9s M\u0171k\u00f6d\u00e9si Szab\u00e1lyzat 10. sz\u00e1m\u00fa mell\u00e9klet be\u00e1gyaz\u00e1sa\"><\/object><a id=\"wp-block-file--media-5948855a-4a36-4b20-a701-764070563044\" href=\"https:\/\/www.szentimrekorhaz.hu\/wp-content\/uploads\/2025\/06\/Szervezeti-es-Mukodesi-Szabalyzat-10.-szamu-melleklet.pdf\">Szervezeti \u00e9s M\u0171k\u00f6d\u00e9si Szab\u00e1lyzat 10. sz\u00e1m\u00fa mell\u00e9klet<\/a><a href=\"https:\/\/www.szentimrekorhaz.hu\/wp-content\/uploads\/2025\/06\/Szervezeti-es-Mukodesi-Szabalyzat-10.-szamu-melleklet.pdf\" class=\"wp-block-file__button wp-element-button\" download aria-describedby=\"wp-block-file--media-5948855a-4a36-4b20-a701-764070563044\">Let\u00f6lt\u00e9s<\/a><\/div>\n\n\n\n<div data-wp-interactive=\"core\/file\" class=\"wp-block-file\"><object data-wp-bind--hidden=\"!state.hasPdfPreview\" hidden class=\"wp-block-file__embed\" data=\"https:\/\/www.szentimrekorhaz.hu\/wp-content\/uploads\/2025\/08\/SZMSZ-10.sz_.-melleklet-2025.06.02.pdf\" type=\"application\/pdf\" style=\"width:100%;height:600px\" aria-label=\"Akad\u00e1lymentes\u00edtett - SZMSZ 10.sz. mell\u00e9klet 2025. be\u00e1gyaz\u00e1sa\"><\/object><a id=\"wp-block-file--media-6943f8e7-ca08-48a5-99a8-4d84d48ec666\" href=\"https:\/\/www.szentimrekorhaz.hu\/wp-content\/uploads\/2025\/08\/SZMSZ-10.sz_.-melleklet-2025.06.02.pdf\">Akad\u00e1lymentes\u00edtett \u2013 SZMSZ 10.sz. mell\u00e9klet 2025.<\/a><a href=\"https:\/\/www.szentimrekorhaz.hu\/wp-content\/uploads\/2025\/08\/SZMSZ-10.sz_.-melleklet-2025.06.02.pdf\" class=\"wp-block-file__button wp-element-button\" download aria-describedby=\"wp-block-file--media-6943f8e7-ca08-48a5-99a8-4d84d48ec666\">Let\u00f6lt\u00e9s<\/a><\/div>\n\n\n\n<p><\/p>\n\n\n\n\t<div class=\"dkpdf-button-container\" style=\"            text-align:right \">\n\n\t\t<a class=\"dkpdf-button\" href=\"\/index.php\/wp-json\/wp\/v2\/pages\/1786?pdf=1786\" target=\"_blank\"><span class=\"dkpdf-button-icon\"><i class=\"fa fa-file-pdf-o\"><\/i><\/span> Let\u00f6lt\u00e9s<\/a>\n\n\t<\/div>\n\n\n\n\n\n<!-- PMB print buttons is only displayed on a single post\/page URLs-->","protected":false},"excerpt":{"rendered":"<p>Mell\u00e9kletek: Let\u00f6lt\u00e9s<\/p>\n","protected":false},"author":26,"featured_media":0,"parent":0,"menu_order":0,"comment_status":"closed","ping_status":"closed","template":"","meta":{"_acf_changed":false,"footnotes":""},"categories":[],"tags":[],"class_list":["post-1786","page","type-page","status-publish","hentry"],"acf":[],"post_type":"page","author_name":"Dar\u00e1zs \u00c1gnes","_links":{"self":[{"href":"https:\/\/www.szentimrekorhaz.hu\/index.php\/wp-json\/wp\/v2\/pages\/1786","targetHints":{"allow":["GET"]}}],"collection":[{"href":"https:\/\/www.szentimrekorhaz.hu\/index.php\/wp-json\/wp\/v2\/pages"}],"about":[{"href":"https:\/\/www.szentimrekorhaz.hu\/index.php\/wp-json\/wp\/v2\/types\/page"}],"author":[{"embeddable":true,"href":"https:\/\/www.szentimrekorhaz.hu\/index.php\/wp-json\/wp\/v2\/users\/26"}],"replies":[{"embeddable":true,"href":"https:\/\/www.szentimrekorhaz.hu\/index.php\/wp-json\/wp\/v2\/comments?post=1786"}],"version-history":[{"count":6,"href":"https:\/\/www.szentimrekorhaz.hu\/index.php\/wp-json\/wp\/v2\/pages\/1786\/revisions"}],"predecessor-version":[{"id":3123,"href":"https:\/\/www.szentimrekorhaz.hu\/index.php\/wp-json\/wp\/v2\/pages\/1786\/revisions\/3123"}],"wp:attachment":[{"href":"https:\/\/www.szentimrekorhaz.hu\/index.php\/wp-json\/wp\/v2\/media?parent=1786"}],"wp:term":[{"taxonomy":"category","embeddable":true,"href":"https:\/\/www.szentimrekorhaz.hu\/index.php\/wp-json\/wp\/v2\/categories?post=1786"},{"taxonomy":"post_tag","embeddable":true,"href":"https:\/\/www.szentimrekorhaz.hu\/index.php\/wp-json\/wp\/v2\/tags?post=1786"}],"curies":[{"name":"wp","href":"https:\/\/api.w.org\/{rel}","templated":true}]}}