{"id":181,"date":"2009-09-03T10:43:16","date_gmt":"2009-09-03T08:43:16","guid":{"rendered":"http:\/\/localhost\/index.php\/foglalkozasegeszsegugyiszolgalat\/"},"modified":"2009-09-03T10:43:16","modified_gmt":"2009-09-03T08:43:16","slug":"foglalkozasegeszsegugyiszolgalat","status":"publish","type":"page","link":"https:\/\/www.szentimrekorhaz.hu\/index.php\/foglalkozasegeszsegugyiszolgalat\/","title":{"rendered":"Foglalkoz\u00e1s eg\u00e9szs\u00e9g\u00fcgyi szolg\u00e1lat"},"content":{"rendered":"<p>\n\t<span style=\"font-size: 11px\"><strong>Vezet\u0151 f\u0151orvos: Dr J\u00e1mbor Zolt\u00e1n <\/strong><\/span><\/p>\n<p class=\"style7\">\n\t<span style=\"font-size: 11px\">\"K\" \u00e9p\u00fclet Szakambulancia f\u00f6ldszint 018. szoba<\/span><br>\n\tTel.: (+36-1) 464-8772<\/p>\n<p class=\"style7\">\n\t\u00a0<\/p>\n<p>\n\t<span style=\"font-size: 11px\"><span class=\"style9\">Munkak\u00f6ri alkalmass\u00e1gi vizsg\u00e1latokat v\u00e9gez, kezdem\u00e9nyezi az ehhez sz\u00fcks\u00e9ges szakorvosi vizsg\u00e1latokat. <\/span><\/span><\/p>\n<p class=\"style9\">\n\t<span style=\"font-size: 11px\">Foglalkoz\u00e1si megbeteged\u00e9sek \u00e9s a dolgoz\u00f3ra n\u00e9zve tart\u00f3san eg\u00e9szs\u00e9gk\u00e1ros\u00edt\u00f3 (pl. biol\u00f3giai kock\u00e1zatot, vegyi \u00e1rtalmat jelent\u0151) hat\u00e1sok kivizsg\u00e1l\u00e1s\u00e1t v\u00e9gzi. A munkav\u00e9gz\u00e9s eg\u00e9szs\u00e9gk\u00e1ros\u00edt\u00f3 hat\u00e1s\u00e1t vizsg\u00e1lja.<\/span><\/p>\n<p class=\"style9\">\n\t<span style=\"font-size: 11px\">Az egy\u00e9ni v\u00e9d\u0151eszk\u00f6z\u00f6kkel kapcsolatos tan\u00e1csokkal, \u00e9s a munkav\u00e1llal\u00f3k munkak\u00f6r\u00fclm\u00e9nyeir\u0151l eg\u00e9szs\u00e9g\u00fcgyi felvil\u00e1gos\u00edt\u00e1ssal szolg\u00e1l.<\/span><\/p>\n<p class=\"style7\">\n\t\u00a0<\/p>\n\n\n\n\t<div class=\"dkpdf-button-container\" style=\"            text-align:right \">\n\n\t\t<a class=\"dkpdf-button\" href=\"\/index.php\/wp-json\/wp\/v2\/pages\/181?pdf=181\" target=\"_blank\"><span class=\"dkpdf-button-icon\"><i class=\"fa fa-file-pdf-o\"><\/i><\/span> Let\u00f6lt\u00e9s<\/a>\n\n\t<\/div>\n\n\n\n\n\n<!-- PMB print buttons is only displayed on a single post\/page URLs-->","protected":false},"excerpt":{"rendered":"<p>Vezet\u0151 f\u0151orvos: Dr J\u00e1mbor Zolt\u00e1n &#8222;K&#8221; \u00e9p\u00fclet Szakambulancia f\u00f6ldszint 018. szoba Tel.: (+36-1) 464-8772 \u00a0 Munkak\u00f6ri alkalmass\u00e1gi vizsg\u00e1latokat v\u00e9gez, kezdem\u00e9nyezi az ehhez sz\u00fcks\u00e9ges szakorvosi vizsg\u00e1latokat.&hellip;<\/p>\n","protected":false},"author":3,"featured_media":0,"parent":0,"menu_order":3,"comment_status":"closed","ping_status":"closed","template":"","meta":{"_acf_changed":false,"footnotes":""},"categories":[],"tags":[],"class_list":["post-181","page","type-page","status-publish","hentry"],"acf":[],"post_type":"page","author_name":"backup","_links":{"self":[{"href":"https:\/\/www.szentimrekorhaz.hu\/index.php\/wp-json\/wp\/v2\/pages\/181","targetHints":{"allow":["GET"]}}],"collection":[{"href":"https:\/\/www.szentimrekorhaz.hu\/index.php\/wp-json\/wp\/v2\/pages"}],"about":[{"href":"https:\/\/www.szentimrekorhaz.hu\/index.php\/wp-json\/wp\/v2\/types\/page"}],"author":[{"embeddable":true,"href":"https:\/\/www.szentimrekorhaz.hu\/index.php\/wp-json\/wp\/v2\/users\/3"}],"replies":[{"embeddable":true,"href":"https:\/\/www.szentimrekorhaz.hu\/index.php\/wp-json\/wp\/v2\/comments?post=181"}],"version-history":[{"count":0,"href":"https:\/\/www.szentimrekorhaz.hu\/index.php\/wp-json\/wp\/v2\/pages\/181\/revisions"}],"wp:attachment":[{"href":"https:\/\/www.szentimrekorhaz.hu\/index.php\/wp-json\/wp\/v2\/media?parent=181"}],"wp:term":[{"taxonomy":"category","embeddable":true,"href":"https:\/\/www.szentimrekorhaz.hu\/index.php\/wp-json\/wp\/v2\/categories?post=181"},{"taxonomy":"post_tag","embeddable":true,"href":"https:\/\/www.szentimrekorhaz.hu\/index.php\/wp-json\/wp\/v2\/tags?post=181"}],"curies":[{"name":"wp","href":"https:\/\/api.w.org\/{rel}","templated":true}]}}