{"id":182,"date":"2009-09-03T10:43:50","date_gmt":"2009-09-03T08:43:50","guid":{"rendered":"http:\/\/localhost\/index.php\/forraspatika\/"},"modified":"2025-06-16T13:43:11","modified_gmt":"2025-06-16T11:43:11","slug":"forraspatika","status":"publish","type":"page","link":"https:\/\/www.szentimrekorhaz.hu\/index.php\/forraspatika\/","title":{"rendered":"Forr\u00e1s Patika"},"content":{"rendered":"<p>A betegeket k\u00f6zvetlen\u00fcl kiszolg\u00e1l\u00f3 z\u00e1rt forgalm\u00fa gy\u00f3gyszert\u00e1r, m\u0171k\u00f6d\u00e9si ideje alkalmazkodik a szakambulanci\u00e1k rendel\u00e9si idej\u00e9hez.<\/p>\n<p><strong>Nyitva tart\u00e1s:<\/strong><\/p>\n<p><strong>H\u00e9tf\u0151-cs\u00fct\u00f6rt\u00f6k: 8:00 \u2013 16:00<br>\nP\u00e9ntek: 8:00-14:00<\/strong><\/p>\n<p><strong>Szombaton \u00e9s pihen\u0151napon z\u00e1rva.<\/strong><\/p>\n<p><strong>\u00dcgyelet nincs.<\/strong><\/p>\n<p>A Forr\u00e1s Patik\u00e1ban bankk\u00e1rty\u00e1val ill.. MKB, Patika,OTP, Tempo \u00e9s \u00daj Pill\u00e9r Eg\u00e9szs\u00e9gbiztos\u00edt\u00f3 k\u00e1rty\u00e1val is lehet fizetni.<\/p>\n\n\n\n\t<div class=\"dkpdf-button-container\" style=\"            text-align:right \">\n\n\t\t<a class=\"dkpdf-button\" href=\"\/index.php\/wp-json\/wp\/v2\/pages\/182?pdf=182\" target=\"_blank\"><span class=\"dkpdf-button-icon\"><i class=\"fa fa-file-pdf-o\"><\/i><\/span> Let\u00f6lt\u00e9s<\/a>\n\n\t<\/div>\n\n\n\n\n\n<!-- PMB print buttons is only displayed on a single post\/page URLs-->","protected":false},"excerpt":{"rendered":"<p>A betegeket k\u00f6zvetlen\u00fcl kiszolg\u00e1l\u00f3 z\u00e1rt forgalm\u00fa gy\u00f3gyszert\u00e1r, m\u0171k\u00f6d\u00e9si ideje alkalmazkodik a szakambulanci\u00e1k rendel\u00e9si idej\u00e9hez. Nyitva tart\u00e1s: H\u00e9tf\u0151-cs\u00fct\u00f6rt\u00f6k: 8:00 \u2013 16:00 P\u00e9ntek: 8:00-14:00 Szombaton \u00e9s pihen\u0151napon&hellip;<\/p>\n","protected":false},"author":3,"featured_media":0,"parent":0,"menu_order":6,"comment_status":"closed","ping_status":"closed","template":"","meta":{"_acf_changed":false,"footnotes":""},"categories":[],"tags":[],"class_list":["post-182","page","type-page","status-publish","hentry"],"acf":[],"post_type":"page","author_name":"backup","_links":{"self":[{"href":"https:\/\/www.szentimrekorhaz.hu\/index.php\/wp-json\/wp\/v2\/pages\/182","targetHints":{"allow":["GET"]}}],"collection":[{"href":"https:\/\/www.szentimrekorhaz.hu\/index.php\/wp-json\/wp\/v2\/pages"}],"about":[{"href":"https:\/\/www.szentimrekorhaz.hu\/index.php\/wp-json\/wp\/v2\/types\/page"}],"author":[{"embeddable":true,"href":"https:\/\/www.szentimrekorhaz.hu\/index.php\/wp-json\/wp\/v2\/users\/3"}],"replies":[{"embeddable":true,"href":"https:\/\/www.szentimrekorhaz.hu\/index.php\/wp-json\/wp\/v2\/comments?post=182"}],"version-history":[{"count":4,"href":"https:\/\/www.szentimrekorhaz.hu\/index.php\/wp-json\/wp\/v2\/pages\/182\/revisions"}],"predecessor-version":[{"id":1468,"href":"https:\/\/www.szentimrekorhaz.hu\/index.php\/wp-json\/wp\/v2\/pages\/182\/revisions\/1468"}],"wp:attachment":[{"href":"https:\/\/www.szentimrekorhaz.hu\/index.php\/wp-json\/wp\/v2\/media?parent=182"}],"wp:term":[{"taxonomy":"category","embeddable":true,"href":"https:\/\/www.szentimrekorhaz.hu\/index.php\/wp-json\/wp\/v2\/categories?post=182"},{"taxonomy":"post_tag","embeddable":true,"href":"https:\/\/www.szentimrekorhaz.hu\/index.php\/wp-json\/wp\/v2\/tags?post=182"}],"curies":[{"name":"wp","href":"https:\/\/api.w.org\/{rel}","templated":true}]}}