{"id":190,"date":"2009-09-17T15:56:21","date_gmt":"2009-09-17T13:56:21","guid":{"rendered":"http:\/\/localhost\/index.php\/surgossegi-betegellatasi-egyseg\/"},"modified":"2026-02-09T12:08:04","modified_gmt":"2026-02-09T11:08:04","slug":"surgossegi-betegellatasi-egyseg","status":"publish","type":"page","link":"https:\/\/www.szentimrekorhaz.hu\/index.php\/surgossegi-betegellatasi-egyseg\/","title":{"rendered":"S\u00fcrg\u0151ss\u00e9gi Betegell\u00e1t\u00f3 Oszt\u00e1ly"},"content":{"rendered":"<p><strong>A S\u00fcrg\u0151ss\u00e9gi Betegell\u00e1t\u00f3 Oszt\u00e1ly \u201eA\u201d \u00e9p\u00fclet f\u00f6ldszintj\u00e9n tal\u00e1lhat\u00f3.\u00a0<\/strong><\/p>\n<p><strong>Oszt\u00e1lyvezet\u0151 f\u0151orvos: Dr. Xantus G\u00e1bor Zolt\u00e1n<\/strong><\/p>\n<p><strong>Tel.: (+36-1) 464-8600\/1106 mell\u00e9k<\/strong><\/p>\n<p><strong>Tel.: (+36-1) 464-8666<\/strong><\/p>\n<p><strong>Vezet\u0151\u00e1pol\u00f3: Fajth-Ny\u00e9ki Judit\u00a0<\/strong><\/p>\n<div><strong>C\u00edm: 1115 Budapest, T\u00e9t\u00e9nyi \u00fat 12-16.\u00a0<\/strong><\/div>\n<div><strong>E-mail: <a href=\"mailto:sbo@szentimrekorhaz.hu\">sbo@szentimrekorhaz.hu<\/a><\/strong><\/div>\n<div>\u00a0<\/div>\n<div><strong>FELADATA:\u00a0<\/strong><\/div>\n<div><span style=\"font-size: 20px;\"><strong><span style=\"color: #ff0000;\">A s\u00fcrg\u0151ss\u00e9gi ell\u00e1t\u00e1s nem gyorsas\u00e1gi ell\u00e1t\u00e1s jelent!\u00a0<\/span><\/strong><\/span><\/div>\n<div><strong>A S\u00fcrg\u0151ss\u00e9gi Betegell\u00e1t\u00f3 Oszt\u00e1ly legf\u0151bb feladata a s\u00falyos, \u00e9letet vesz\u00e9lyeztet\u0151 vagy maradand\u00f3 k\u00e1rosod\u00e1st okoz\u00f3, hirtelen jelentkez\u0151 betegs\u00e9gek, <\/strong><strong>\u00e1llapotok elh\u00e1r\u00edt\u00e1sa \u00e9s ell\u00e1t\u00e1sa, az \u00c9LETMENT\u00c9S.\u00a0<\/strong><\/div>\n<div>\u00a0<\/div>\n<div>A S\u00fcrg\u0151ss\u00e9gi Betegell\u00e1t\u00f3 Oszt\u00e1ly a nap 24 \u00f3r\u00e1j\u00e1ban fogadja a s\u00falyos \u00e9letvesz\u00e9lyes, akut f\u00e1jdalommal k\u00fcszk\u00f6d\u0151, s\u00fcrg\u0151s ell\u00e1t\u00e1st ig\u00e9nyl\u0151 betegeket, beutal\u00f3 n\u00e9lk\u00fcl is ig\u00e9nybe vehet\u0151. A betegek az Orsz\u00e1gos Ment\u0151szolg\u00e1lat \u00e1ltal besz\u00e1ll\u00edtva, h\u00e1ziorvos \u00e1ltal beutalva vagy beutal\u00f3 n\u00e9lk\u00fcl saj\u00e1t l\u00e1bukon \u00e9rkezhetnek.<\/div>\n<div>\u00a0<\/div>\n<div><strong>BETEGFELV\u00c9TEL:<\/strong><\/div>\n<div>\u00a0<\/div>\n<div>A S\u00fcrg\u0151ss\u00e9gi Oszt\u00e1ly\u00e1ra \u00e9rkez\u0151 betegek felv\u00e9tele a betegfelv\u00e9teli pultn\u00e1l t\u00f6rt\u00e9nik \u2013 amennyiben erre van id\u0151 -, amelyhez sz\u00fcks\u00e9g van a szem\u00e9lyazonoss\u00e1got igazol\u00f3 okm\u00e1nyok el\u0151k\u00e9sz\u00edt\u00e9s\u00e9re az adatok egyeztet\u00e9s\u00e9hez \u2013 szem\u00e9lyi igazolv\u00e1ny, lakc\u00edmk\u00e1rtya \u00e9s TAJ-k\u00e1rtya. A betegfelv\u00e9telt k\u00f6vet\u0151en a beteg gyors \u00e1llapotfelm\u00e9r\u00e9se k\u00f6vetkezik, s\u00falyoss\u00e1g szerinti rangsorol\u00e1sa t\u00f6rt\u00e9nik.<\/div>\n<div>\u00a0<\/div>\n<div>Jelenlegi t\u00f6rv\u00e9nyi szab\u00e1lyoz\u00e1s szerint amennyiben nem rendelkezik \u00e9rv\u00e9nyes t\u00e1rsadalombiztos\u00edt\u00e1si jogviszonnyal, a s\u00fcrg\u0151ss\u00e9gi ell\u00e1t\u00e1s is fizet\u0151k\u00f6teles. Err\u0151l m\u00e1r a felv\u00e9telkor t\u00e1j\u00e9koztatj\u00e1k a koll\u00e9g\u00e1k. Term\u00e9szetesen, a s\u00falyos \u00e1llapot\u00fa vagy kritikus betegek ell\u00e1t\u00e1sa minden k\u00f6r\u00fclm\u00e9ny k\u00f6z\u00f6tt megt\u00f6rt\u00e9nik, az ell\u00e1t\u00e1s anyagi vonzat\u00e1t azonban ut\u00f3lag ebben az esetben is rendezni kell.<\/div>\n<div>\u00a0<\/div>\n<div><strong>KIVIZSG\u00c1L\u00c1S:<\/strong><\/div>\n<div>\u00a0<\/div>\n<div><strong>Az ell\u00e1t\u00e1s sorrendj\u00e9t \u00e9s a v\u00e1rakoz\u00e1s idej\u00e9t nem az \u00e9rkez\u00e9si sorrend, \u00e9s az \u00e9rkez\u00e9s m\u00f3dja, hanem a beteg \u00e1llapota \u2013 vagyis az ell\u00e1t\u00e1s s\u00fcrg\u0151ss\u00e9ge \u2013 hat\u00e1rozza meg. A s\u00fcrg\u0151ss\u00e9gi betegell\u00e1t\u00e1s csak \u00e9letvesz\u00e9lyes esetben jelent azonnali ell\u00e1t\u00e1st. A nem s\u00fcrg\u0151s esetek kivizsg\u00e1l\u00e1sa ak\u00e1r t\u00f6bb \u00f3r\u00e1t, esetenk\u00e9nt f\u00e9l napot is ig\u00e9nybe vehet. K\u00e9rj\u00fck, hogy vegy\u00e9k ig\u00e9nybe a rendelkez\u00e9sre \u00e1ll\u00f3 h\u00e1rom v\u00e1r\u00f3termet!<\/strong><\/div>\n<div>A s\u00falyos esetek els\u0151bbs\u00e9get \u00e9lveznek, az \u00e9letment\u00e9s ak\u00e1r perceken is m\u00falhat, ez\u00e9rt az el\u0151vizsg\u00e1l\u00f3 szakemberek feladata a s\u00falyoss\u00e1gi sorrend fel\u00e1ll\u00edt\u00e1sa, ezt a folyamatot tri\u00e1zsnak h\u00edvjuk.<\/div>\n<div>\u00a0<\/div>\n<div>A tri\u00e1zs-szint hat\u00e1rozza meg, hogy a beteget mennyi id\u0151n bel\u00fcl kell az orvosnak megvizsg\u00e1lnia, ez\u00e9rt az oszt\u00e1lyon megjelen\u0151 betegeket 5 kateg\u00f3ri\u00e1ba soroljuk \u00e1llapotuk s\u00falyoss\u00e1ga szerint.<\/div>\n<div><strong>1. <\/strong>A legs\u00falyosabb, \u00fajra\u00e9leszt\u00e9st ig\u00e9nyl\u0151 betegek \u2013 az ell\u00e1t\u00e1s azonnal megkezd\u0151dik.<\/div>\n<div><strong>2. <\/strong>Kritikus \u00e1llapot\u00fa betegek \u2013 az ell\u00e1t\u00e1s megkezd\u00e9se v\u00e1rhat\u00f3an r\u00f6videbb id\u0151n bel\u00fcl.<\/div>\n<div><strong>3. <\/strong>S\u00fcrg\u0151s \u00e1llapot\u00fa betegek \u2013 az ell\u00e1t\u00e1s megkezd\u00e9se folyamatos sorrendben.<\/div>\n<div><strong>4. <\/strong>Kev\u00e9sb\u00e9 s\u00fcrg\u0151s \u00e1llapot\u00fa betegek \u2013 az ell\u00e1t\u00e1s megkezd\u00e9se folyamatos sorrendben.<\/div>\n<div><strong>5. <\/strong>Halaszthat\u00f3 \u00e1llapot\u00fa betegek \u2013 az ell\u00e1t\u00e1s megkezd\u00e9se v\u00e1rhat\u00f3an nagyobb v\u00e1rakoz\u00e1st k\u00f6vet\u0151en.<\/div>\n<div>\u00a0<\/div>\n<div>A panaszok felm\u00e9r\u00e9s\u00e9t k\u00f6vet\u0151en ker\u00fcl sor az orvosi vizsg\u00e1latokra. A vizsg\u00e1latok t\u00f6bb esetben egym\u00e1sra \u00e9p\u00fclnek, ez\u00e9rt a teljes kivizsg\u00e1l\u00e1s t\u00f6bb \u00f3r\u00e1ba is telhet.<\/div>\n<div>A sz\u00fcks\u00e9ges vizsg\u00e1latok elv\u00e9gz\u00e9se ut\u00e1n az \u00e9letvesz\u00e9ly \u00e1llapot kiz\u00e1r\u00e1s\u00e1t k\u00f6vet\u0151en \u2013 amennyiben nincs sz\u00fcks\u00e9g tov\u00e1bbi vizsg\u00e1latokra \u2013 az orvos az al\u00e1bbiak szerint d\u00f6nthet:<\/div>\n<div>\u2022A beteg tov\u00e1bbi megfigyel\u00e9s miatt az oszt\u00e1lyon marad, amelynek id\u0151tartama a 24 \u00f3r\u00e1t nem haladhatja meg.<\/div>\n<div>\u2022A beteget a k\u00f3rh\u00e1z valamely oszt\u00e1ly\u00e1ra k\u00fcldi felv\u00e9telre.<\/div>\n<div>\u2022M\u00e1s eg\u00e9szs\u00e9g\u00fcgyi int\u00e9zm\u00e9nybe tov\u00e1bb ir\u00e1ny\u00edtja a beteget, amennyiben olyan speci\u00e1lis ell\u00e1t\u00e1st ig\u00e9nyel, ami az int\u00e9zm\u00e9nyben nem teljes\u00edthet\u0151.<\/div>\n<div>\u2022A beteget hazabocs\u00e1tja otthon\u00e1ba.<\/div>\n<div>\u00a0<\/div>\n<div><em>A betegek sz\u00e1ll\u00edt\u00e1s\u00e1t az Orsz\u00e1gos Ment\u0151szolg\u00e1lat munkat\u00e1rsai v\u00e9gzik. Eg\u00e9szs\u00e9g\u00fcgyi \u00e1llapott\u00f3l f\u00fcgg\u0151en el\u0151fordul, hogy a sz\u00e1ll\u00edt\u00e1s t\u00f6bb \u00f3r\u00e1s v\u00e1rakoz\u00e1si id\u0151t ig\u00e9nyelhet. Amennyiben a beteg hazasz\u00e1ll\u00edt\u00e1s\u00e1ra van sz\u00fcks\u00e9g, ezt betegsz\u00e1ll\u00edt\u00f3 szolg\u00e1lat v\u00e9gzi, melynek kapacit\u00e1sa rendk\u00edv\u00fcl sz\u0171k\u00f6s. Ilyenkor el\u0151fordulhat ak\u00e1r f\u00e9l egy napos v\u00e1rakoz\u00e1si id\u0151.<\/em><\/div>\n<div>\u00a0<\/div>\n<div><strong>A t\u00f6bb napja vagy hete fenn\u00e1ll\u00f3 enyhe panaszokkal a h\u00e1ziorvos\u00e1hoz vagy a j\u00e1r\u00f3beteg szakrendel\u0151h\u00f6z kell fordulni. Amennyiben ilyen jelleg\u0171 panaszokkal \u00e9rkezik az oszt\u00e1lyra, el\u0151fordulhat, hogy a tri\u00e1zs vizsg\u00e1lat ut\u00e1n visszair\u00e1ny\u00edtjuk az alap\u00fcgyeletre.\u00a0<\/strong><\/div>\n<div>\u00a0<\/div>\n<div>Az oszt\u00e1ly orvosai:<\/div>\n\n\n<figure class=\"wp-block-table\"><table class=\"has-fixed-layout\"><tbody><tr><td><strong>Oszt\u00e1lyvezet\u0151 f\u0151orvos:<\/strong><\/td><td><strong>Dr. Xantus G\u00e1bor Zolt\u00e1n<\/strong><\/td><\/tr><tr><td><\/td><td><\/td><\/tr><tr><td>Dr. Ali Aida<\/td><td>\u00e1ltal\u00e1nos orvos<\/td><\/tr><tr><td>Dr. Andr\u00e1ssy Katinka<\/td><td>\u00e1ltal\u00e1nos orvos<\/td><\/tr><tr><td>Dr. Balog \u00c1gota<\/td><td>szakorvos<\/td><\/tr><tr><td>Dr. B\u00e1nhegyi Gy\u00f6ngyv\u00e9r<\/td><td>szakorvos<\/td><\/tr><tr><td>Dr. Breuer Tam\u00e1s P\u00e1l<\/td><td>\u00e1ltal\u00e1nos orvos<\/td><\/tr><tr><td>Dr. Bartl Judit<\/td><td>reizidens<\/td><\/tr><tr><td>Dr. Both Levente<\/td><td>\u00e1ltal\u00e1nos orvos<\/td><\/tr><tr><td>Dr. Boncz\u00e1s Regina<\/td><td>\u00e1ltal\u00e1nos orvos<\/td><\/tr><tr><td>Dr. Czibere Gr\u00e9ta<\/td><td>\u00e1ltal\u00e1nos orvos<\/td><\/tr><tr><td>Dr. Do Kiem D\u00e1niel<\/td><td>rezidens<\/td><\/tr><tr><td>Dr. Donka Veronika<\/td><td>\u00e1ltal\u00e1nos orvos<\/td><\/tr><tr><td>Dr. Draskovics Mariann \u00c9va<\/td><td>\u00e1ltal\u00e1nos orvos<\/td><\/tr><tr><td>Dr. Gunzin\u00e1m Zsanett<\/td><td>\u00e1ltal\u00e1nos orvos<\/td><\/tr><tr><td>Dr. H\u0151s Anett<\/td><td>rezidens<\/td><\/tr><tr><td>Dr. Kelemen Anna<\/td><td>szakorvos<\/td><\/tr><tr><td>Dr. Lendvai Fl\u00f3ra<\/td><td>\u00e1ltal\u00e1nos orvos<\/td><\/tr><tr><td>Dr. Matulay Gerda<\/td><td>\u00e1ltal\u00e1nos orvos<\/td><\/tr><tr><td>Dr. Le Vivien Phuongtrinh<\/td><td>\u00e1ltal\u00e1nos orvos<\/td><\/tr><tr><td>Dr. Mremi Dorisz<\/td><td>\u00e1ltal\u00e1nos orvos<\/td><\/tr><tr><td>Dr. Nagy Fruzsina<\/td><td>\u00e1ltal\u00e1nos orovs<\/td><\/tr><tr><td>Dr. Nagy T\u00fcnde Szilvia<\/td><td>szakorvos<\/td><\/tr><tr><td>Dr. Prokaj Kiara Felicia<\/td><td>\u00e1ltal\u00e1nos orvos<\/td><\/tr><tr><td>Dr. R\u00f3zsa Fi\u00f3na Petra<\/td><td>rezidens<\/td><\/tr><tr><td>Dr. Szab\u00f3 Bogl\u00e1rka<\/td><td>\u00e1ltal\u00e1nos orvos<\/td><\/tr><tr><td>Dr. Szab\u00f3-Mad\u00e1csi Edv\u00e1rd<\/td><td>\u00e1ltal\u00e1nos orvos<\/td><\/tr><tr><td>Dr. Szentannai Blanka<\/td><td>rezidens<\/td><\/tr><tr><td>Dr. Szikszai Katalin<\/td><td>szakorvos<\/td><\/tr><tr><td>Dr. Vajda Gabriella<\/td><td>\u00e1ltal\u00e1nos orvos<\/td><\/tr><tr><td>Dr. Zarka J\u00falia Eszter<\/td><td>\u00e1ltal\u00e1nos orvos<\/td><\/tr><tr><td>Dr. Tordasn\u00e9 dr. Guly\u00e1s Zs\u00f3fia<\/td><td>\u00e1ltal\u00e1nos orvos<\/td><\/tr><\/tbody><\/table><\/figure>\n\n\n\n<figure class=\"wp-block-image size-large\"><img decoding=\"async\" width=\"724\" height=\"1024\" src=\"https:\/\/www.szentimrekorhaz.hu\/wp-content\/uploads\/2025\/06\/tajekoztato-724x1024.jpg\" alt=\"\" class=\"wp-image-1278\" srcset=\"https:\/\/www.szentimrekorhaz.hu\/wp-content\/uploads\/2025\/06\/tajekoztato-724x1024.jpg 724w, https:\/\/www.szentimrekorhaz.hu\/wp-content\/uploads\/2025\/06\/tajekoztato-212x300.jpg 212w, https:\/\/www.szentimrekorhaz.hu\/wp-content\/uploads\/2025\/06\/tajekoztato-768x1086.jpg 768w, https:\/\/www.szentimrekorhaz.hu\/wp-content\/uploads\/2025\/06\/tajekoztato-1086x1536.jpg 1086w, https:\/\/www.szentimrekorhaz.hu\/wp-content\/uploads\/2025\/06\/tajekoztato.jpg 1448w\" sizes=\"(max-width: 724px) 100vw, 724px\" \/><\/figure>\n\n\n\n\t<div class=\"dkpdf-button-container\" style=\"            text-align:right \">\n\n\t\t<a class=\"dkpdf-button\" href=\"\/index.php\/wp-json\/wp\/v2\/pages\/190?pdf=190\" target=\"_blank\"><span class=\"dkpdf-button-icon\"><i class=\"fa fa-file-pdf-o\"><\/i><\/span> Let\u00f6lt\u00e9s<\/a>\n\n\t<\/div>\n\n\n\n\n\n<!-- PMB print buttons is only displayed on a single post\/page URLs-->","protected":false},"excerpt":{"rendered":"<p>A S\u00fcrg\u0151ss\u00e9gi Betegell\u00e1t\u00f3 Oszt\u00e1ly \u201eA\u201d \u00e9p\u00fclet f\u00f6ldszintj\u00e9n tal\u00e1lhat\u00f3.\u00a0 Oszt\u00e1lyvezet\u0151 f\u0151orvos: Dr. Xantus G\u00e1bor Zolt\u00e1n Tel.: (+36-1) 464-8600\/1106 mell\u00e9k Tel.: (+36-1) 464-8666 Vezet\u0151\u00e1pol\u00f3: Fajth-Ny\u00e9ki Judit\u00a0 C\u00edm:&hellip;<\/p>\n","protected":false},"author":3,"featured_media":0,"parent":0,"menu_order":1,"comment_status":"closed","ping_status":"closed","template":"","meta":{"_acf_changed":false,"footnotes":""},"categories":[68],"tags":[],"class_list":["post-190","page","type-page","status-publish","hentry","category-osztaly"],"acf":[],"post_type":"page","author_name":"backup","_links":{"self":[{"href":"https:\/\/www.szentimrekorhaz.hu\/index.php\/wp-json\/wp\/v2\/pages\/190","targetHints":{"allow":["GET"]}}],"collection":[{"href":"https:\/\/www.szentimrekorhaz.hu\/index.php\/wp-json\/wp\/v2\/pages"}],"about":[{"href":"https:\/\/www.szentimrekorhaz.hu\/index.php\/wp-json\/wp\/v2\/types\/page"}],"author":[{"embeddable":true,"href":"https:\/\/www.szentimrekorhaz.hu\/index.php\/wp-json\/wp\/v2\/users\/3"}],"replies":[{"embeddable":true,"href":"https:\/\/www.szentimrekorhaz.hu\/index.php\/wp-json\/wp\/v2\/comments?post=190"}],"version-history":[{"count":19,"href":"https:\/\/www.szentimrekorhaz.hu\/index.php\/wp-json\/wp\/v2\/pages\/190\/revisions"}],"predecessor-version":[{"id":3756,"href":"https:\/\/www.szentimrekorhaz.hu\/index.php\/wp-json\/wp\/v2\/pages\/190\/revisions\/3756"}],"wp:attachment":[{"href":"https:\/\/www.szentimrekorhaz.hu\/index.php\/wp-json\/wp\/v2\/media?parent=190"}],"wp:term":[{"taxonomy":"category","embeddable":true,"href":"https:\/\/www.szentimrekorhaz.hu\/index.php\/wp-json\/wp\/v2\/categories?post=190"},{"taxonomy":"post_tag","embeddable":true,"href":"https:\/\/www.szentimrekorhaz.hu\/index.php\/wp-json\/wp\/v2\/tags?post=190"}],"curies":[{"name":"wp","href":"https:\/\/api.w.org\/{rel}","templated":true}]}}