{"id":216,"date":"2009-10-02T13:24:31","date_gmt":"2009-10-02T11:24:31","guid":{"rendered":"http:\/\/localhost\/index.php\/szervezeti-felepites\/"},"modified":"2025-08-14T14:10:34","modified_gmt":"2025-08-14T12:10:34","slug":"szervezeti-felepites","status":"publish","type":"page","link":"https:\/\/www.szentimrekorhaz.hu\/index.php\/szervezeti-felepites\/","title":{"rendered":"Szervezeti fel\u00e9p\u00edt\u00e9s"},"content":{"rendered":"<h3>A Szent Imre Egyetemi Oktat\u00f3k\u00f3rh\u00e1z szervezeti fel\u00e9p\u00edt\u00e9se<\/h3>\n<div>\n<p><a href=\"https:\/\/www.szentimrekorhaz.hu\/wp-content\/uploads\/2025\/06\/Szervezeti-es-Mukodesi-Szabalyzat-1.-szamu-melleklet-1.pdf\" data-type=\"link\" data-id=\"https:\/\/www.szentimrekorhaz.hu\/wp-content\/uploads\/2025\/06\/Szervezeti-es-Mukodesi-Szabalyzat-1.-szamu-melleklet-1.pdf\">Az int\u00e9zm\u00e9ny \u00f6sszes\u00edtett szervezeti fel\u00e9p\u00edt\u00e9se (eredeti)<\/a><\/p>\n \n<p>\u00a0<\/p>\n<\/div>\n<div><a title=\"\" href=\"https:\/\/www.szentimrekorhaz.hu\/wp-content\/uploads\/2025\/08\/SZMSZ-1.sz_.-melleklet-2025.06.02.pdf\"><span style=\"line-height: 1.5;\">Az int\u00e9zm\u00e9ny \u00f6sszes\u00edtett szervezeti fel\u00e9p\u00edt\u00e9se (tartalmilag egyez\u0151, akad\u00e1lymentes v\u00e1ltozat)<\/span><\/a><\/div>\n\n\n<p><\/p>\n\n\n\n\t<div class=\"dkpdf-button-container\" style=\"            text-align:right \">\n\n\t\t<a class=\"dkpdf-button\" href=\"\/index.php\/wp-json\/wp\/v2\/pages\/216?pdf=216\" target=\"_blank\"><span class=\"dkpdf-button-icon\"><i class=\"fa fa-file-pdf-o\"><\/i><\/span> Let\u00f6lt\u00e9s<\/a>\n\n\t<\/div>\n\n\n\n\n\n<!-- PMB print buttons is only displayed on a single post\/page URLs-->","protected":false},"excerpt":{"rendered":"<p>A Szent Imre Egyetemi Oktat\u00f3k\u00f3rh\u00e1z szervezeti fel\u00e9p\u00edt\u00e9se Az int\u00e9zm\u00e9ny \u00f6sszes\u00edtett szervezeti fel\u00e9p\u00edt\u00e9se (eredeti) \u00a0 Az int\u00e9zm\u00e9ny \u00f6sszes\u00edtett szervezeti fel\u00e9p\u00edt\u00e9se (tartalmilag egyez\u0151, akad\u00e1lymentes v\u00e1ltozat) Let\u00f6lt\u00e9s<\/p>\n","protected":false},"author":3,"featured_media":0,"parent":0,"menu_order":31,"comment_status":"closed","ping_status":"closed","template":"","meta":{"_acf_changed":false,"footnotes":""},"categories":[],"tags":[],"class_list":["post-216","page","type-page","status-publish","hentry"],"acf":[],"post_type":"page","author_name":"backup","_links":{"self":[{"href":"https:\/\/www.szentimrekorhaz.hu\/index.php\/wp-json\/wp\/v2\/pages\/216","targetHints":{"allow":["GET"]}}],"collection":[{"href":"https:\/\/www.szentimrekorhaz.hu\/index.php\/wp-json\/wp\/v2\/pages"}],"about":[{"href":"https:\/\/www.szentimrekorhaz.hu\/index.php\/wp-json\/wp\/v2\/types\/page"}],"author":[{"embeddable":true,"href":"https:\/\/www.szentimrekorhaz.hu\/index.php\/wp-json\/wp\/v2\/users\/3"}],"replies":[{"embeddable":true,"href":"https:\/\/www.szentimrekorhaz.hu\/index.php\/wp-json\/wp\/v2\/comments?post=216"}],"version-history":[{"count":5,"href":"https:\/\/www.szentimrekorhaz.hu\/index.php\/wp-json\/wp\/v2\/pages\/216\/revisions"}],"predecessor-version":[{"id":2298,"href":"https:\/\/www.szentimrekorhaz.hu\/index.php\/wp-json\/wp\/v2\/pages\/216\/revisions\/2298"}],"wp:attachment":[{"href":"https:\/\/www.szentimrekorhaz.hu\/index.php\/wp-json\/wp\/v2\/media?parent=216"}],"wp:term":[{"taxonomy":"category","embeddable":true,"href":"https:\/\/www.szentimrekorhaz.hu\/index.php\/wp-json\/wp\/v2\/categories?post=216"},{"taxonomy":"post_tag","embeddable":true,"href":"https:\/\/www.szentimrekorhaz.hu\/index.php\/wp-json\/wp\/v2\/tags?post=216"}],"curies":[{"name":"wp","href":"https:\/\/api.w.org\/{rel}","templated":true}]}}