{"id":223,"date":"2009-10-07T15:34:21","date_gmt":"2009-10-07T13:34:21","guid":{"rendered":"http:\/\/localhost\/index.php\/ersebeszeti-profil\/"},"modified":"2025-11-20T11:58:11","modified_gmt":"2025-11-20T10:58:11","slug":"ersebeszeti-profil","status":"publish","type":"page","link":"https:\/\/www.szentimrekorhaz.hu\/index.php\/ersebeszeti-profil\/","title":{"rendered":"\u00c9rseb\u00e9szeti Profil"},"content":{"rendered":"<p><strong>\u201eA\u201d<\/strong>\u00a0<strong>\u00e9p\u00fclet<\/strong>\u00a0<strong>I.<\/strong>\u00a0<strong>emelet<\/strong><\/p>\n<p><strong>Profilvezet\u0151<\/strong>\u00a0<strong>f\u0151orvos:<\/strong>\u00a0<strong>Dr.<\/strong>\u00a0<b>M\u00e1t\u00e9 Mikl\u00f3s<\/b><\/p>\n<p><strong>Telefon:<\/strong>\u00a0<strong>+36-1-464-8600\/1731<\/strong>\u00a0<strong>mell\u00e9k<\/strong>\u00a0<strong>vagy<\/strong>\u00a0<strong>+36-1-464-8610<\/strong><\/p>\n<p><strong>Vezet\u0151 \u00c1pol\u00f3:<\/strong>\u00a0<strong>Szab\u00f3<\/strong>\u00a0<strong>G\u00e1born\u00e9<\/strong><\/p>\n<p><strong>B\u00e1zis<\/strong>\u00a0<strong>\u00e1pol\u00e1si<\/strong>\u00a0<strong>egys\u00e9g:<\/strong>\u00a0<strong>5.<\/strong>\u00a0<strong>sz\u00e1m\u00fa<\/strong>\u00a0<strong>\u00c1pol\u00e1si<\/strong>\u00a0<strong>Egys\u00e9g<\/strong><\/p>\n<p><strong><u>Az\u00a0\u00c9rseb\u00e9szeti\u00a0Profil\u00a0feladata:<\/u><\/strong><\/p>\n<p>Az\u00a0\u00e9rseb\u00e9szet\u00a0\u2013\u00a0mint\u00a0\u00f6n\u00e1ll\u00f3\u00a0diszciplina\u00a0a\u00a0seb\u00e9szeten\u00a0bel\u00fcl\u00a0\u2013\u00a0feladata\u00a0az\u00a0\u00e9rsz\u0171k\u00fclet\u00a0k\u00f6vetkezt\u00e9ben\u00a0a szervezet\u00a0k\u00fcl\u00f6nb\u00f6z\u0151\u00a0szerveiben,\u00a0r\u00e9gi\u00f3iban\u00a0a\u00a0v\u00e9rhi\u00e1nyos\u00a0\u00e1llapot\u00a0sor\u00e1n\u00a0kialakult,\u00a0\u00e1ltal\u00e1ban\u00a0s\u00falyos, sok\u00a0esetben\u00a0v\u00e9gtagot\u00a0vagy\u00a0\u00e9letet\u00a0vesz\u00e9lyeztet\u0151\u00a0t\u00fcnetek\u00a0megel\u0151z\u00e9se,\u00a0kezel\u00e9se.\u00a0Az\u00a0\u00e9rsz\u0171k\u00fclet (arteriosclerosis)\u00a0korunk\u00a0n\u00e9pbetegs\u00e9ge,\u00a0a\u00a0megbeteged\u00e9si\u00a0\u00e9s\u00a0hal\u00e1loz\u00e1si\u00a0statisztik\u00e1k\u00a0vezet\u0151\u00a0k\u00f3rok.<\/p>\n<p><strong><u>A\u00a0leggyakoribb\u00a0\u00e9rseb\u00e9szeti\u00a0beavatkoz\u00e1st\u00a0ig\u00e9nyl\u0151\u00a0k\u00f3rk\u00e9pek\u00a0a\u00a0k\u00f6vetkez\u0151k:<\/u><\/strong><\/p>\n<p>A\u00a0nyaki\u00a0ver\u0151\u00e9r\u00a0sz\u0171k\u00fclet\u00a0k\u00f6vetkezt\u00e9ben\u00a0kialakul\u00f3\u00a0agyi\u00a0kering\u00e9szavar\u00a0(\u00e1tmeneti\u00a0vagy\u00a0v\u00e9gleges) s\u00falyos\u00a0f\u00e9loldali\u00a0b\u00e9nul\u00e1shoz,\u00a0besz\u00e9dk\u00e9ptelens\u00e9ghez,\u00a0hal\u00e1lhoz\u00a0(stroke)\u00a0vezethet.\u00a0Profilunkon\u00a0mind\u00a0a t\u00fcnetmentes,\u00a0mind\u00a0az\u00a0\u00e1tmeneti\u00a0vagy\u00a0enyhe\u00a0stroke\u00a0-on\u00a0\u00e1tesett\u00a0betegek\u00a0nyaki\u00a0ver\u0151\u00e9r\u00a0sz\u0171k\u00fcleteit oper\u00e1ljuk.\u00a0A\u00a0m\u0171t\u00e9tet\u00a0k\u00f6vet\u0151\u00a0id\u0151szakban\u00a0fell\u00e9p\u0151\u00a0stroke\u00a0r\u00e1ta\u00a0orsz\u00e1gos\u00a0\u00e1tlag\u00a0alatti.\u00a0a\u00a0k\u00f3rh\u00e1zban m\u0171k\u00f6d\u0151\u00a0stroke\u00a0centrumnak\u00a0k\u00f6sz\u00f6nhet\u0151en\u00a0sikeres\u00a0v\u00e9rr\u00f6g\u00a0old\u00e1s\u00a0ut\u00e1n\u00a0is\u00a0lehets\u00e9ges\u00a0a\u00a0m\u0171t\u00e9t\u00a0elv\u00e9gz\u00e9se nyaki\u00a0ver\u0151\u00e9r\u00a0sz\u0171k\u00fclet\u00a0eset\u00e9n.<\/p>\n<p><img decoding=\"async\" class=\" alignleft size-full wp-image-219\" style=\"width: 328px; height: 231px; float: left; margin-left: 15px; margin-right: 15px;\" src=\"\/wp-content\/uploads\/2009\/10\/erseb-kep1.jpg\" alt=\"alt\" width=\"328\" height=\"231\" srcset=\"https:\/\/www.szentimrekorhaz.hu\/wp-content\/uploads\/2009\/10\/erseb-kep1.jpg 328w, https:\/\/www.szentimrekorhaz.hu\/wp-content\/uploads\/2009\/10\/erseb-kep1-300x211.jpg 300w\" sizes=\"(max-width: 328px) 100vw, 328px\" \/>Az\u00a0als\u00f3v\u00e9gtagi\u00a0ver\u0151\u00e9rbetegs\u00e9g\u00a0k\u00f6vetkezt\u00e9ben kialakult\u00a0\u00a0panaszok\u00a0\u00a0az\u00a0\u00a0el\u0151rehaladotts\u00e1g alapj\u00e1n\u00a0st\u00e1diumokba\u00a0sorolhat\u00f3.\u00a0K\u00f6zismert\u00a0a \u201ekirakatn\u00e9z\u0151\u00a0\u00a0betegs\u00e9g\u201d,\u00a0\u00a0amely\u00a0\u00a0korai st\u00e1diumban\u00a0jelentkezik.\u00a0Mind\u00a0ebben,mind\u00a0a v\u00e9gtagot\u00a0k\u00f6zvetlen\u00fcl\u00a0vesz\u00e9lyeztet\u0151,nyugalmi f\u00e1jdalommal\u00a0vagy\u00a0kezd\u0151d\u0151\u00a0elhal\u00e1ssal\u00a0j\u00e1r\u00f3 esetekben Profilunkon a korszer\u0171 diagnosztika\u00a0\u00e9s\u00a0az\u00a0\u00e9rseb\u00e9szeti\u00a0beavatkoz\u00e1sok teljes\u00a0t\u00e1rh\u00e1z\u00e1nak\u00a0felhaszn\u00e1l\u00e1s\u00e1val\u00a0v\u00e9gezz\u00fck\u00a0a m\u0171t\u00e9teket.\u00a0A\u00a0m\u0171t\u0151ben\u00a0\u00e9rfest\u00e9sre\u00a0alkalmas r\u00f6ntgen\u00a0k\u00e9per\u0151s\u00edt\u0151\u00a0seg\u00edti\u00a0munk\u00e1nkat.\u00a0Ez\u00a0\u00e1ltal lehet\u0151s\u00e9g\u00fck\u00a0ny\u00edlik\u00a0arra,\u00a0hogy\u00a0az\u00a0\u00e9rseb\u00e9szeti m\u00f3dszereket\u00a0interventios\u00a0radiol\u00f3giai\u00a0elj\u00e1r\u00e1sokkal\u00a0kombin\u00e1ljuk,\u00a0cs\u00f6kkentve\u00a0a\u00a0m\u0171t\u00e9ti\u00a0megterhel\u00e9st, kihaszn\u00e1lva\u00a0az\u00a0\u00e9ren\u00a0bel\u00fcli\u00a0(endovascularis)\u00a0\u00e9s\u00a0a\u00a0hagyom\u00e1nyos\u00a0m\u0171t\u00e9ti\u00a0technika\u00a0el\u0151nyeit.<\/p>\n<p>A\u00a0k\u00fcl\u00f6nb\u00f6z\u0151\u00a0\u00e9rszakaszokon\u00a0kialakul\u00f3\u00a0\u00e9rt\u00e1gulat\u00a0(aneurysma)\u00a0a\u00a0megreped\u00e9s\u00a0vagy\u00a0elz\u00e1r\u00f3d\u00e1s\u00a0vesz\u00e9lye miatt\u00a0sok\u00a0esetben\u00a0\u00e9letvesz\u00e9lyes\u00a0\u00e1llapot.\u00a0Hat\u00e9kony\u00a0kezel\u00e9si\u00a0m\u00f3d\u00a0az\u00a0id\u0151ben\u00a0felismert\u00a0t\u00e1gulat\u00a0m\u00e9g\u00a0az el\u0151bbiek\u00a0bek\u00f6vetkez\u00e9se\u00a0el\u0151tt\u00a0t\u00f6rt\u00e9n\u0151\u00a0m\u0171t\u00e9ti\u00a0megold\u00e1sa\u00a0.\u00a0Profilunkon\u00a0leggyakrabban\u00a0t\u00e9rdhajlati, ver\u0151\u00e9r\u00a0t\u00e1gulat,\u00a0illetve\u00a0hasi\u00a0ver\u0151\u00e9r\u00a0t\u00e1gulat\u00a0(aneurysma)\u00a0m\u0171t\u00e9teit\u00a0v\u00e9gezz\u00fck.<\/p>\n<p>Az\u00a0\u00e9rsz\u0171k\u00fclet\u00a0mellett\u00a0hasonl\u00f3an\u00a0nagy\u00a0sz\u00e1m\u00fa\u00a0n\u00e9pess\u00e9gcsoportot\u00a0\u00e9rint\u0151\u00a0megbeteged\u00e9s\u00a0az\u00a0als\u00f3 v\u00e9gtagok\u00a0visszeres\u00a0elv\u00e1ltoz\u00e1sa,\u00a0amely\u00a0hossz\u00fa\u00a0t\u00e1von\u00a0sz\u00e1mos\u00a0panasszal,\u00a0sok\u00a0esetben\u00a0k\u00fcl\u00f6nb\u00f6z\u0151 sz\u00f6v\u0151dm\u00e9nyek\u00a0fell\u00e9p\u00e9s\u00e9vel\u00a0j\u00e1r.\u00a0A\u00a0hagyom\u00e1nyos\u00a0vissz\u00e9rm\u0171t\u00e9teket\u00a01\u00a0napos\u00a0k\u00f3rh\u00e1zi\u00a0tart\u00f3zkod\u00e1ssal,<u> <\/u>kis\u00a0m\u0171t\u00e9ti\u00a0megterhel\u00e9ssel\u00a0v\u00e9gezz\u00fck.\u00a0A\u00a0beavatkoz\u00e1sok\u00a0kis\u00a0metsz\u00e9sekkel,\u00a0kedvez\u0151\u00a0kozmetikai eredm\u00e9nyekkel\u00a0j\u00e1rnak,\u00a0ki\u00fajul\u00e1si\u00a0ar\u00e1nyok\u00a0a\u00a0modern\u00a0(l\u00e9zeres,\u00a0r\u00e1di\u00f3frekvenci\u00e1s)\u00a0beavatkoz\u00e1sokkal azonosak.\u00a0A\u00a0betegek\u00a0elhelyez\u00e9se\u00a0komfortos,\u00a0d\u00f6nt\u0151en\u00a02-4\u00a0\u00e1gyas\u00a0szob\u00e1kban\u00a0t\u00f6rt\u00e9nik.<\/p>\n<p><u>A\u00a0profil\u00a0\u00e1ltal\u00a0m\u0171k\u00f6dtetett\u00a0szakambulancia:<\/u><\/p>\n<p><strong>A profil \u00e1ltal m\u0171k\u00f6dtetett szakambulancia rendel\u00e9si idej\u00e9t \u00e9s a tudnival\u00f3kat az al\u00e1bbi linkre kattintva tekintheti meg.<\/strong><\/p>\n<p><a href=\"https:\/\/www.szentimrekorhaz.hu\/index.php\/ersebeszet\/\"><u>\u00c9rseb\u00e9szeti Ambulancia rendel\u00e9si ideje<\/u><\/a><\/p>\n<p>K\u00e9rj\u00fck,\u00a0hogy\u00a0az\u00a0ambulanci\u00e1ra\u00a0kapott\u00a0beutal\u00f3t,\u00a0a\u00a0kor\u00e1bban\u00a0kapott\u00a0ambul\u00e1ns\u00a0lapot\u00a0\u00e9s\/vagy z\u00e1r\u00f3jelent\u00e9st,\u00a0friss\u00a0k\u00e9palkot\u00f3\u00a0vizsg\u00e1latot\u00a0\u00e9s\u00a0egy\u00a0szakorvosi\u00a0leleteket\u00a0hozza\u00a0mag\u00e1val!\u00a0S\u00fcrg\u0151s\u00a0eseben k\u00f3rh\u00e1zunk\u00a0S\u00fcrg\u0151ss\u00e9gi\u00a0Betegell\u00e1t\u00f3\u00a0Oszt\u00e1ly\u00e1n\u00a0lehet\u00a0jelentkezni.<\/p>\n<p><strong>Kedves<\/strong>\u00a0<strong>Betegeink!<\/strong>\u00a0<strong>Kedves<\/strong>\u00a0<strong>Hozz\u00e1tartoz\u00f3k!<\/strong><\/p>\n<p><strong><img decoding=\"async\" class=\" alignleft size-full wp-image-220\" style=\"width: 347px; height: 260px; float: left; margin-left: 15px; margin-right: 15px;\" src=\"\/wp-content\/uploads\/2009\/10\/erseb-kep2.jpg\" alt=\"alt\" width=\"347\" height=\"260\" srcset=\"https:\/\/www.szentimrekorhaz.hu\/wp-content\/uploads\/2009\/10\/erseb-kep2.jpg 347w, https:\/\/www.szentimrekorhaz.hu\/wp-content\/uploads\/2009\/10\/erseb-kep2-300x225.jpg 300w\" sizes=\"(max-width: 347px) 100vw, 347px\" \/> <\/strong>Az\u00a0al\u00e1bbi\u00a0t\u00e1j\u00e9koztat\u00f3\u00a0fontos\u00a0tudnival\u00f3kat tartalmaz\u00a0a\u00a0k\u00f3rh\u00e1zi\u00a0tart\u00f3zkod\u00e1s\u00a0alatt t\u00f6rt\u00e9n\u0151\u00a0vizsg\u00e1latokkal\u00a0\u00e9s\u00a0kezel\u00e9sekkel kapcsolatban.<\/p>\n<div>\n<p style=\"margin-left: 292.6pt;\">\u2022Ha\u00a0m\u0171t\u00e9ti\u00a0el\u0151vizsg\u00e1latra,\u00a0altat\u00f3orvosi vizsg\u00e1latra,\u00a0\u00a0CT\u00a0-vizsg\u00e1latra\u00a0\u00a0j\u00f6n,\u00a0\u00a0az minimum\u00a0egy-k\u00e9t\u00a0\u00f3r\u00e1t,\u00a0de\u00a0ak\u00e1r\u00a0f\u00e9l\u00a0napos k\u00f3rh\u00e1zi\u00a0tart\u00f3zkod\u00e1st\u00a0is\u00a0jelenthet.<\/p>\n<\/div>\n<div>\n<p style=\"margin-left: 292.6pt;\">\u2022\u00a0Ha\u00a0\u00e9rfest\u00e9sre\u00a0\u00e9rkezik,\u00a0az\u00a0egy\u00a0napos (reggelt\u0151l\u00a0-k\u00e9s\u0151\u00a0\u00a0\u00a0\u00a0d\u00e9lut\u00e1nig,\u00a0\u00a0\u00a0\u00a0estig), esetenk\u00e9nt\u00a0ak\u00e1r\u00a0m\u00e1snap\u00a0reggelig\u00a0tart\u00f3 k\u00f3rh\u00e1zban\u00a0tart\u00f3zkod\u00e1st\u00a0jelenthet.<\/p>\n<\/div>\n<p style=\"margin-left: 23.75pt;\"><strong><u>K\u00e9rj\u00fck,\u00a0hogy\u00a0mindenk\u00e9pp\u00a0hozza\u00a0mag\u00e1val:<\/u><\/strong><\/p>\n<ul>\n<li>A\u00a0szedett\u00a0gy\u00f3gyszereinek\u00a0list\u00e1j\u00e1t,\u00a0amelyen\u00a0szerepel\u00a0a\u00a0gy\u00f3gyszerek\u00a0neve,\u00a0adagol\u00e1sa\u00a0(h\u00e1ny milligramm)\u00a0\u00e9s\u00a0az\u00a0adagol\u00e1s\u00a0gyakoris\u00e1ga.<\/li>\n<li>Fontos,\u00a0hogy\u00a0tudja\u00a0\u2013\u00a0vagy\u00a0legyen\u00a0fel\u00edrva\u00a0\u2013\u00a0a\u00a0saj\u00e1t\u00a0\u00e9s\u00a0a\u00a0hozz\u00e1tartoz\u00f3ja\u00a0telefonsz\u00e1ma.<\/li>\n<li>Kor\u00e1bbi\u00a0dokumentumait,\u00a0z\u00e1r\u00f3jelent\u00e9seit,\u00a0CT,\u00a0MR\u00a0\u00e9s\u00a0egy\u00e9b\u00a0vizsg\u00e1latainak\u00a0eredm\u00e9nyeit\u00a0\u2013 amelyek\u00a0nem\u00a0k\u00f3rh\u00e1zunkban\u00a0k\u00e9sz\u00fcltek\u00a0\u2013\u00a0k\u00e9rj\u00fck,\u00a0hogy\u00a0mindenk\u00e9pp\u00a0hozza\u00a0mag\u00e1val.<\/li>\n<li>TAJ-k\u00e1rtya\u00a0\u00e9s\u00a0szem\u00e9lyi\u00a0igazolv\u00e1ny.<\/li>\n<\/ul>\n<p><strong>K\u00e9rj\u00fck, hogy a m\u0171t\u00e9t reggel\u00e9n ne vegyen be semmilyen gy\u00f3gyszert az orvossal t\u00f6rt\u00e9n\u0151 konzult\u00e1ci\u00f3 n\u00e9lk\u00fcl.<\/strong> (Csak azt a gy\u00f3gyszert kapja meg, amelyet a kezel\u0151orvosa el\u0151\u00edrt a n\u0151v\u00e9rnek!)<\/p>\n<p><strong>\u00a0\u00a0 Az al\u00e1bbi gy\u00f3gyszereket minden esetben hozza mag\u00e1val:<\/strong><\/p>\n<p>\u2022 l\u00e9gz\u0151szervi betegs\u00e9g (asztma, COPD) \u2013 inhal\u00e1ci\u00f3s k\u00e9sz\u00fcl\u00e9k<\/p>\n<p>\u2022 glauk\u00f3ma (z\u00f6ld h\u00e1lyog), egy\u00e9b szembetegs\u00e9g \u2013 szemcsepp<\/p>\n<p>\u2022 cukorbetegs\u00e9g \u2013 inzulin (fontos, hogy tudja a sz\u00fcks\u00e9ges adagokat)<\/p>\n<p>\u2022 pszichi\u00e1triai betegs\u00e9g \u2013 emiatt szedett gy\u00f3gyszerei<\/p>\n<p><strong>\u00a0\u00a0\u00a0 \u00c9rfest\u00e9s eset\u00e9n k\u00e9rj\u00fck, hogy: <\/strong><\/p>\n<p>\u2022 Az \u00e9rfest\u00e9s napj\u00e1n ne adja be mag\u00e1nak az inzulint.<\/p>\n<p>\u2022 Sok folyad\u00e9kot igyon eg\u00e9sz nap.<\/p>\n<p>\u2022 Ha cukorbetegs\u00e9g miatt metformin t\u00edpus\u00fa antidiabetikumot szed, akkor azt a vizsg\u00e1latot megel\u0151z\u0151 2 napon, valamint a vizsg\u00e1lat napj\u00e1n \u00e9s az azt k\u00f6vet\u0151 2 napon hagyja ki. (Adimet, Eucreas, Janumet, Jentadueto, Komboglyze, Meforal, Mercformin, Metfogamma, Metformin, Mylmet, Synajardy, Velmetia, Vipdomet, Xigduo).<\/p>\n<p><strong>Amennyiben \u00d6n 1 napos beavatkoz\u00e1sra \u00e9rkezik, mint pl.: \u00e9rt\u00e1g\u00edt\u00e1s vagy vissz\u00e9rm\u0171t\u00e9t, k\u00e9rj\u00fck, hogy az al\u00e1bb felsoroltakat hozza mag\u00e1val:<\/strong><\/p>\n<p>\u2022 h\u00e1l\u00f3ing\/pizsama<br>\u2022 k\u00f6nt\u00f6s<br>\u2022 papucs<br>\u2022 als\u00f3nem\u0171k, zokni (lehet\u0151leg ne szoros)<br>\u2022 t\u00f6r\u00f6lk\u00f6z\u0151\/k<br>\u2022 tiszt\u00e1lkod\u00e1si szerek (fogkefe, fogkr\u00e9m, szappan, tusf\u00fcrd\u0151)<br>\u2022 b\u00f6gre, ev\u0151eszk\u00f6z (kan\u00e1l, k\u00e9s, villa)<\/p>\n<p><strong>\u00a0 \u00a0\u00a0\u00a0\u00a0 K\u00f3rh\u00e1zunkban tart\u00f3zkod\u00e1sa alatt j\u00f3, ha \u00d6nn\u00e9l van:<\/strong><\/p>\n<p>\u2022 h\u00e1l\u00f3ing\/pizsama<br>\u2022 k\u00f6nt\u00f6s<br>\u2022 papucs<br>\u2022 als\u00f3nem\u0171k, zokni (lehet\u0151leg ne szoros)<br>\u2022 t\u00f6r\u00f6lk\u00f6z\u0151\/k<br>\u2022 tiszt\u00e1lkod\u00e1si szerek (fogkefe, fogkr\u00e9m, szappan, tusf\u00fcrd\u0151)<br>\u2022 b\u00f6gre, ev\u0151eszk\u00f6z (kan\u00e1l, k\u00e9s, villa)<br>\u2022 mosdat\u00f3 keszty\u0171 \u00e9s\/vagy mosdat\u00f3 szivacs<br>\u2022 f\u00e9rfiak: borotva, borotvahab\/zsel\u00e9<br>\u2022 fogprot\u00e9zist visel\u0151 betegekre vonatkozik: olyan poh\u00e1r\/tart\u00f3, amelynek fedele van \u00e9s bele tudja tenni a prot\u00e9zist<br>\u2022 \u00e9kszereit lehet\u0151leg ne hozza mag\u00e1val<\/p>\n<p>Az orvosi vizit h\u00e9tk\u00f6znap minden reggel 8:00 \u00f3rakor, h\u00e9tv\u00e9g\u00e9n \u00e9s munkasz\u00fcneti napokon 9:00 \u00f3rakor kezd\u0151dik. K\u00e9rj\u00fck \u00d6n\u00f6ket, hogy ekkor legyenek sz\u00edvesek az \u00e1gyukn\u00e1l tart\u00f3zkodni, hogy a vizit alkalm\u00e1val eltudj\u00e1k mondani esetleges panaszaikat\/f\u00e1jdalmaikat. K\u00e9rj\u00fck, hogy ilyenkor ne besz\u00e9lgessenek telefonon, a k\u00e9sz\u00fcl\u00e9k legyen lehalk\u00edtva.<\/p>\n<p><strong>JAVASOLT L\u00c1TOGAT\u00c1SI REND H\u00c9TK\u00d6ZNAP 16:00 \u00c9S 18:00 K\u00d6Z\u00d6TT; H\u00c9TV\u00c9G\u00c9N 15:00 \u00c9S 17:00 K\u00d6Z\u00d6TT.<\/strong><\/p>\n<p>K\u00f6sz\u00f6nj\u00fck a sz\u00edves egy\u00fcttm\u0171k\u00f6d\u00e9s\u00fcket!<\/p>\n<p><strong>A Profil orvosai:<\/strong><\/p>\n\n\n<figure class=\"wp-block-table\"><table class=\"has-fixed-layout\"><tbody><tr><td>Dr. M\u00e1t\u00e9 Mikl\u00f3s Ph.D<\/td><td>orvosigazgat\u00f3-helyettes, profilvezet\u0151 f\u0151orvos<\/td><\/tr><tr><td>Dr. Dorogi Bence Ph.D<\/td><td>profilvezet\u0151 helyettes f\u0151orvos<\/td><\/tr><tr><td>Dr. F\u00e1bry Gy\u00f6rgy<\/td><td>szakorvos<\/td><\/tr><tr><td>Dr. Nagyszegi D\u00f3ra<\/td><td>szakorvos<\/td><\/tr><tr><td>Dr. Szatai Lilla <\/td><td>szakorvos<\/td><\/tr><tr><td>Dr. Kondor P\u00e9ter <\/td><td>rezidens<\/td><\/tr><tr><td>Dr. Kukucska D\u00e1niel Samu<\/td><td>szakorvosjel\u00f6lt<\/td><\/tr><tr><td>Dr. Farkas M\u00e1t\u00e9<\/td><td>szakorvos<\/td><\/tr><\/tbody><\/table><\/figure>\n\n\n\n\t<div class=\"dkpdf-button-container\" style=\"            text-align:right \">\n\n\t\t<a class=\"dkpdf-button\" href=\"\/index.php\/wp-json\/wp\/v2\/pages\/223?pdf=223\" target=\"_blank\"><span class=\"dkpdf-button-icon\"><i class=\"fa fa-file-pdf-o\"><\/i><\/span> Let\u00f6lt\u00e9s<\/a>\n\n\t<\/div>\n\n\n\n\n\n<!-- PMB print buttons is only displayed on a single post\/page URLs-->","protected":false},"excerpt":{"rendered":"<p>\u201eA\u201d\u00a0\u00e9p\u00fclet\u00a0I.\u00a0emelet Profilvezet\u0151\u00a0f\u0151orvos:\u00a0Dr.\u00a0M\u00e1t\u00e9 Mikl\u00f3s Telefon:\u00a0+36-1-464-8600\/1731\u00a0mell\u00e9k\u00a0vagy\u00a0+36-1-464-8610 Vezet\u0151 \u00c1pol\u00f3:\u00a0Szab\u00f3\u00a0G\u00e1born\u00e9 B\u00e1zis\u00a0\u00e1pol\u00e1si\u00a0egys\u00e9g:\u00a05.\u00a0sz\u00e1m\u00fa\u00a0\u00c1pol\u00e1si\u00a0Egys\u00e9g Az\u00a0\u00c9rseb\u00e9szeti\u00a0Profil\u00a0feladata: Az\u00a0\u00e9rseb\u00e9szet\u00a0\u2013\u00a0mint\u00a0\u00f6n\u00e1ll\u00f3\u00a0diszciplina\u00a0a\u00a0seb\u00e9szeten\u00a0bel\u00fcl\u00a0\u2013\u00a0feladata\u00a0az\u00a0\u00e9rsz\u0171k\u00fclet\u00a0k\u00f6vetkezt\u00e9ben\u00a0a szervezet\u00a0k\u00fcl\u00f6nb\u00f6z\u0151\u00a0szerveiben,\u00a0r\u00e9gi\u00f3iban\u00a0a\u00a0v\u00e9rhi\u00e1nyos\u00a0\u00e1llapot\u00a0sor\u00e1n\u00a0kialakult,\u00a0\u00e1ltal\u00e1ban\u00a0s\u00falyos, sok\u00a0esetben\u00a0v\u00e9gtagot\u00a0vagy\u00a0\u00e9letet\u00a0vesz\u00e9lyeztet\u0151\u00a0t\u00fcnetek\u00a0megel\u0151z\u00e9se,\u00a0kezel\u00e9se.\u00a0Az\u00a0\u00e9rsz\u0171k\u00fclet (arteriosclerosis)\u00a0korunk\u00a0n\u00e9pbetegs\u00e9ge,\u00a0a\u00a0megbeteged\u00e9si\u00a0\u00e9s\u00a0hal\u00e1loz\u00e1si\u00a0statisztik\u00e1k\u00a0vezet\u0151\u00a0k\u00f3rok. A\u00a0leggyakoribb\u00a0\u00e9rseb\u00e9szeti\u00a0beavatkoz\u00e1st\u00a0ig\u00e9nyl\u0151\u00a0k\u00f3rk\u00e9pek\u00a0a\u00a0k\u00f6vetkez\u0151k: A\u00a0nyaki\u00a0ver\u0151\u00e9r\u00a0sz\u0171k\u00fclet\u00a0k\u00f6vetkezt\u00e9ben\u00a0kialakul\u00f3\u00a0agyi\u00a0kering\u00e9szavar\u00a0(\u00e1tmeneti\u00a0vagy\u00a0v\u00e9gleges) s\u00falyos\u00a0f\u00e9loldali\u00a0b\u00e9nul\u00e1shoz,\u00a0besz\u00e9dk\u00e9ptelens\u00e9ghez,\u00a0hal\u00e1lhoz\u00a0(stroke)\u00a0vezethet.\u00a0Profilunkon\u00a0mind\u00a0a t\u00fcnetmentes,\u00a0mind\u00a0az\u00a0\u00e1tmeneti\u00a0vagy\u00a0enyhe\u00a0stroke\u00a0-on\u00a0\u00e1tesett\u00a0betegek\u00a0nyaki\u00a0ver\u0151\u00e9r\u00a0sz\u0171k\u00fcleteit oper\u00e1ljuk.\u00a0A\u00a0m\u0171t\u00e9tet\u00a0k\u00f6vet\u0151\u00a0id\u0151szakban\u00a0fell\u00e9p\u0151\u00a0stroke\u00a0r\u00e1ta\u00a0orsz\u00e1gos\u00a0\u00e1tlag\u00a0alatti.\u00a0a\u00a0k\u00f3rh\u00e1zban m\u0171k\u00f6d\u0151\u00a0stroke\u00a0centrumnak\u00a0k\u00f6sz\u00f6nhet\u0151en\u00a0sikeres\u00a0v\u00e9rr\u00f6g\u00a0old\u00e1s\u00a0ut\u00e1n\u00a0is\u00a0lehets\u00e9ges\u00a0a\u00a0m\u0171t\u00e9t\u00a0elv\u00e9gz\u00e9se nyaki\u00a0ver\u0151\u00e9r\u00a0sz\u0171k\u00fclet\u00a0eset\u00e9n. Az\u00a0als\u00f3v\u00e9gtagi\u00a0ver\u0151\u00e9rbetegs\u00e9g\u00a0k\u00f6vetkezt\u00e9ben kialakult\u00a0\u00a0panaszok\u00a0\u00a0az\u00a0\u00a0el\u0151rehaladotts\u00e1g alapj\u00e1n\u00a0st\u00e1diumokba\u00a0sorolhat\u00f3.\u00a0K\u00f6zismert\u00a0a \u201ekirakatn\u00e9z\u0151\u00a0\u00a0betegs\u00e9g\u201d,\u00a0\u00a0amely\u00a0\u00a0korai st\u00e1diumban\u00a0jelentkezik.\u00a0Mind\u00a0ebben,mind\u00a0a v\u00e9gtagot\u00a0k\u00f6zvetlen\u00fcl\u00a0vesz\u00e9lyeztet\u0151,nyugalmi&hellip;<\/p>\n","protected":false},"author":3,"featured_media":219,"parent":0,"menu_order":2,"comment_status":"closed","ping_status":"closed","template":"","meta":{"_acf_changed":false,"footnotes":""},"categories":[],"tags":[],"class_list":["post-223","page","type-page","status-publish","has-post-thumbnail","hentry"],"acf":[],"post_type":"page","author_name":"backup","_links":{"self":[{"href":"https:\/\/www.szentimrekorhaz.hu\/index.php\/wp-json\/wp\/v2\/pages\/223","targetHints":{"allow":["GET"]}}],"collection":[{"href":"https:\/\/www.szentimrekorhaz.hu\/index.php\/wp-json\/wp\/v2\/pages"}],"about":[{"href":"https:\/\/www.szentimrekorhaz.hu\/index.php\/wp-json\/wp\/v2\/types\/page"}],"author":[{"embeddable":true,"href":"https:\/\/www.szentimrekorhaz.hu\/index.php\/wp-json\/wp\/v2\/users\/3"}],"replies":[{"embeddable":true,"href":"https:\/\/www.szentimrekorhaz.hu\/index.php\/wp-json\/wp\/v2\/comments?post=223"}],"version-history":[{"count":6,"href":"https:\/\/www.szentimrekorhaz.hu\/index.php\/wp-json\/wp\/v2\/pages\/223\/revisions"}],"predecessor-version":[{"id":3294,"href":"https:\/\/www.szentimrekorhaz.hu\/index.php\/wp-json\/wp\/v2\/pages\/223\/revisions\/3294"}],"wp:featuredmedia":[{"embeddable":true,"href":"https:\/\/www.szentimrekorhaz.hu\/index.php\/wp-json\/wp\/v2\/media\/219"}],"wp:attachment":[{"href":"https:\/\/www.szentimrekorhaz.hu\/index.php\/wp-json\/wp\/v2\/media?parent=223"}],"wp:term":[{"taxonomy":"category","embeddable":true,"href":"https:\/\/www.szentimrekorhaz.hu\/index.php\/wp-json\/wp\/v2\/categories?post=223"},{"taxonomy":"post_tag","embeddable":true,"href":"https:\/\/www.szentimrekorhaz.hu\/index.php\/wp-json\/wp\/v2\/tags?post=223"}],"curies":[{"name":"wp","href":"https:\/\/api.w.org\/{rel}","templated":true}]}}