{"id":226,"date":"2009-10-07T15:50:33","date_gmt":"2009-10-07T13:50:33","guid":{"rendered":"http:\/\/localhost\/index.php\/fuel-orr-gegeszeti-profil\/"},"modified":"2025-11-20T11:48:47","modified_gmt":"2025-11-20T10:48:47","slug":"fuel-orr-gegeszeti-profil","status":"publish","type":"page","link":"https:\/\/www.szentimrekorhaz.hu\/index.php\/fuel-orr-gegeszeti-profil\/","title":{"rendered":"F\u00fcl &#8211; Orr &#8211; G\u00e9g\u00e9szeti Profil"},"content":{"rendered":"<p><strong>\u201eA\u201d \u00e9p\u00fclet III. emelet<\/strong><\/p>\n<p><strong>Profilvezet\u0151 f\u0151orvos: Dr. Horv\u00e1th Zsuzsanna <\/strong><\/p>\n<p><strong>Telefon: (+36-1) 464-8663<\/strong><\/p>\n<p><strong>B\u00e1zis \u00e1pol\u00e1si egys\u00e9g: 1. sz\u00e1m\u00fa \u00c1pol\u00e1si Egys\u00e9g<\/strong><\/p>\n<p><strong>Tel: (+36-1) 464-8667<\/strong><\/p>\n<p><strong>Vezet\u0151 \u00e1pol\u00f3: Szekeresn\u00e9 Skribek Gabriella<\/strong><\/p>\n<p>Feladata:<\/p>\n<ul>\n<li>a f\u00fcl-orr-g\u00e9g\u00e9szeti ell\u00e1t\u00e1st ig\u00e9nyl\u0151 betegek fel, illetve \u00e1tv\u00e9tele a S\u00fcrg\u0151ss\u00e9gi Betegell\u00e1t\u00f3 Oszt\u00e1lyt\u00f3l vagy a k\u00f3rh\u00e1z m\u00e1s profiljait\u00f3l (oszt\u00e1lyait\u00f3l), illetve az \u00e1ltala m\u0171k\u00f6dtetett ambulanci\u00e1kr\u00f3l;<\/li>\n<li>a f\u0151v\u00e1rosi \u00fcgyeleti rendszerb\u0151l r\u00e1h\u00e1rul\u00f3 feladatok teljes\u00edt\u00e9se; azonban itt vas\u00e1rnap nincs \u00fcgyelet, ezen a napon a J\u00e1nos K\u00f3rh\u00e1z a felv\u00e9teles \u00fcgyeletes k\u00f3rh\u00e1z;<\/li>\n<li>sz\u00fcks\u00e9g eset\u00e9n e betegek m\u0171t\u00e9ti \u00e9s m\u0171t\u00e9ti ut\u00f3kezel\u00e9s\u00e9nek elv\u00e9gz\u00e9se;<\/li>\n<li>a f\u00fcl-orr-g\u00e9g\u00e9szeti rosszindulat\u00fa daganatok kemoter\u00e1pi\u00e1ja;<\/li>\n<li>a betegek hazabocs\u00e1t\u00e1sa, vagy<\/li>\n<li>sz\u00fcks\u00e9g eset\u00e9n m\u00e1s k\u00f3rh\u00e1zi profilra (oszt\u00e1lyra) \u00e1thelyez\u00e9se;<\/li>\n<li>f\u00fcl-orr-g\u00e9g\u00e9szeti konz\u00edlium ad\u00e1sa a k\u00f3rh\u00e1zi t\u00e1rsprofiloknak (oszt\u00e1lyoknak);<\/li>\n<li>az orvosk\u00e9pz\u00e9sben, orvostov\u00e1bbk\u00e9pz\u00e9sben, szakdolgoz\u00f3i k\u00e9pz\u00e9sben akkredit\u00e1ci\u00f3j\u00e1nak megfelel\u0151 feladatok ell\u00e1t\u00e1sa.<\/li>\n<\/ul>\n<p>Orvosi g\u00e1rd\u00e1nk a f\u00fcl- orr- g\u00e9gegy\u00f3gy\u00e1szatban el\u0151fordul\u00f3 betegs\u00e9gek teljes k\u00f6r\u0171 szakszer\u0171 ell\u00e1t\u00e1s\u00e1t biztos\u00edtani tudja. A g\u00e9g\u00e9szeti profil m\u0171t\u00e9ti palett\u00e1j\u00e1n szerepl\u0151 f\u0151bb m\u0171t\u00e9ti t\u00edpusok:<\/p>\n<ul>\n<li>orr \u00e9s garatmandula m\u0171t\u00e9tek,<\/li>\n<li>orrpolipozit\u00e1s, kr\u00f3nikus mell\u00e9k\u00fcreg-folyamatok endoszk\u00f3pos, l\u00e9zeres seb\u00e9szete,<\/li>\n<li>hall\u00e1sjav\u00edt\u00f3 f\u00fclm\u0171t\u00e9tek,<\/li>\n<li>horkol\u00e1s-ellenes m\u0171t\u00e9tek,<\/li>\n<li>a teljes f\u00fcl-orr-g\u00e9g\u00e9szeti r\u00e9gi\u00f3ban jelentkez\u0151 daganatok seb\u00e9szete.<\/li>\n<\/ul>\n<p>A z\u00f6kken\u0151mentes betegell\u00e1t\u00e1s \u00e9rdek\u00e9ben j\u00f3l szervezett, megb\u00edzhat\u00f3 el\u0151jegyz\u00e9si rendszert alkalmazunk<\/p>\n<p><strong>Extra szolg\u00e1ltat\u00e1saink<\/strong><\/p>\n<ul>\n<li>Az \u00fajonnan meg\u00e9p\u00fclt k\u00f3rh\u00e1zi m\u0171t\u0151blokkunk lehet\u0151v\u00e9 teszi, hogy a teljes k\u00f6r\u0171 f\u00fcl-orr-g\u00e9g\u00e9szeti beavatkoz\u00e1sokat imm\u00e1ron EU sz\u00ednvonalnak megfelel\u0151en altat\u00e1sban v\u00e9gezhess\u00fck.<\/li>\n<li>Lehet\u0151s\u00e9g\u00fcnk van a gyermeket \u00e9s az \u00e9desanyj\u00e1t k\u00fcl\u00f6n szob\u00e1ban elsz\u00e1ll\u00e1solni<\/li>\n<li>K\u00fcl\u00f6n k\u00e9r\u00e9sre, t\u00e9r\u00edt\u00e9s ellen\u00e9ben kiemelt hotelszolg\u00e1ltat\u00e1st is tudunk biztos\u00edtani.<\/li>\n<\/ul>\n<p><strong>A profil \u00e1ltal m\u0171k\u00f6dtetett szakambulanci\u00e1k (B\u00e1rtfai utcai rendel\u0151 III. emelet):<\/strong><\/p>\n<p><strong>\u00c1ltal\u00e1nos F\u00fcl- Orr- G\u00e9g\u00e9szeti Szakambulancia<\/strong>. Beutal\u00f3 sz\u00fcks\u00e9ges<br>Tel: +361 464 8784 \/8793<br>Rendel\u00e9si id\u0151: H-P 09:00-12:00<\/p>\n<p><strong>Audiol\u00f3gia:<\/strong> Beutal\u00f3 sz\u00fcks\u00e9ges. A gyors \u00e9s korszer\u0171 hall\u00e1sm\u00e9r\u00e9st audiol\u00f3giai asszisztensek v\u00e9gzik. T\u00f6bb mint 10 f\u00e9le gy\u00e1rt\u00f3 300 f\u00e9le hall\u00f3k\u00e9sz\u00fcl\u00e9ket forgalmazunk TB t\u00e1mogat\u00e1ssal. Az \u00faj hall\u00f3k\u00e9sz\u00fcl\u00e9keket \u00d6n 2 h\u00e9tig minden k\u00f6lts\u00e9g n\u00e9lk\u00fcl pr\u00f3b\u00e1lhatja ki.<\/p>\n<p>Rendel\u00e9si id\u0151: H \u2013 P: 08:00 \u2013 11:00. Tel: +361\/464 8786<\/p>\n<p><strong>Foni\u00e1tria \u2013 Logop\u00e9dia:<\/strong> Beutal\u00f3 sz\u00fcks\u00e9ges. El\u0151jegyz\u00e9s gyerekeknek sz\u00fcks\u00e9ges, mely k\u00e9rhet\u0151 a (+36-1) 464-8786-os telefonon.<br>Rendel\u00e9si id\u0151: Sze: 13:00 \u2013 15:00.<\/p>\n<p><strong>Allergol\u00f3gia:<\/strong> \u2013 Lehet\u0151s\u00e9g\u00fcnk van t\u00f6bb mint 30 k\u00fcl\u00f6nb\u00f6z\u0151 f\u00e9le allergi\u00e1t kiv\u00e1lt\u00f3 \u00e1gens kimutat\u00e1s\u00e1ra \u00e9s szakszer\u0171 kezel\u00e9s\u00e9re. El\u0151jegyz\u00e9s megbesz\u00e9l\u00e9s alapj\u00e1n Tel: +361\/464\/8784<br>Rendel\u00e9si id\u0151: H,Sze, P\u00e9: 08:00 \u2013 12:00<\/p>\n<p><strong>Otoneurol\u00f3gia:<\/strong> Sz\u00e9d\u00fcl\u00e9ses panaszok eset\u00e9n forduljon otoneurol\u00f3giai szakambulanci\u00e1nkhoz. El\u0151jegyz\u00e9s nincs, beutal\u00f3 sz\u00fcks\u00e9ges. Tel: +361 464 8784 \/8793; +361\/464-8700\/2331 m.<\/p>\n<p>Rendel\u00e9si id\u0151: H, K, P: 09:00 \u2013 13:00<\/p>\n<p><a href=\"https:\/\/www.szentimrekorhaz.hu\/index.php\/fuel-orr-gegeszet\/\">Kattints ide az oszt\u00e1ly j\u00e1r\u00f3beteg ell\u00e1t\u00e1s\u00e1ra.<\/a><\/p>\n<p>Az oszt\u00e1ly orvosai:\u00a0<\/p>\n\n\n<figure class=\"wp-block-table\"><table class=\"has-fixed-layout\"><tbody><tr><td>Dr. Horv\u00e1th Zsuzsanna<\/td><td>orvosigazgat\u00f3-helyettes, profilvezet\u0151 f\u0151orvos<\/td><\/tr><tr><td>Dr. Bark\u00f3czi Be\u00e1ta<\/td><td>adjunktus szakorvos<\/td><\/tr><tr><td>Dr. Szakolczay-Vr\u00e1bel G\u00e1bor<\/td><td>adjunktus szakorvos<\/td><\/tr><tr><td>Dr. Fazekas Eszter <\/td><td>szakorvos<\/td><\/tr><tr><td>Dr. Finszter Tam\u00e1s<\/td><td>f\u0151orvos, szakorvos<\/td><\/tr><tr><td>Dr. Horv\u00e1th Hel\u00e9na<\/td><td>szakorvos<\/td><\/tr><tr><td>Dr. Kara Mikl\u00f3s P\u00e9ter<\/td><td>szakorvos<\/td><\/tr><tr><td>Dr. Kiss Laura Anna<\/td><td>szakorvos<\/td><\/tr><tr><td>Dr. Lakatos Lili<\/td><td>szakorvos<\/td><\/tr><tr><td>Dr. Mak\u00f3 \u00c1d\u00e1m Ph.D.<\/td><td>szakorvos<\/td><\/tr><tr><td>Dr. N\u00e9meth Enik\u0151 <\/td><td>szakorvos<\/td><\/tr><tr><td>Dr. R\u00e9v\u00e9sz G\u00e1bor<\/td><td>szakorvos<\/td><\/tr><tr><td>Dr. Velich Attila <\/td><td>f\u0151orvos, szakorvos<\/td><\/tr><tr><td>Dr. V\u00e1rdi Katalin Borb\u00e1la<\/td><td>szakorvos<\/td><\/tr><tr><td>Dr. Katona D\u00f3ra <\/td><td>rezidens<\/td><\/tr><tr><td>Dr. Czunyi Edina<\/td><td>rezidens<\/td><\/tr><tr><td>Dr. Doviscs\u00e1k Anett<\/td><td>rezidens<\/td><\/tr><tr><td>Dr. B\u00e1csi M\u00e1rton<\/td><td>rezidens <\/td><\/tr><\/tbody><\/table><\/figure>\n\n\n\n\t<div class=\"dkpdf-button-container\" style=\"            text-align:right \">\n\n\t\t<a class=\"dkpdf-button\" href=\"\/index.php\/wp-json\/wp\/v2\/pages\/226?pdf=226\" target=\"_blank\"><span class=\"dkpdf-button-icon\"><i class=\"fa fa-file-pdf-o\"><\/i><\/span> Let\u00f6lt\u00e9s<\/a>\n\n\t<\/div>\n\n\n\n\n\n<!-- PMB print buttons is only displayed on a single post\/page URLs-->","protected":false},"excerpt":{"rendered":"<p>\n\t\u00a0<\/p>\n","protected":false},"author":3,"featured_media":0,"parent":0,"menu_order":5,"comment_status":"closed","ping_status":"closed","template":"","meta":{"_acf_changed":false,"footnotes":""},"categories":[],"tags":[],"class_list":["post-226","page","type-page","status-publish","hentry"],"acf":[],"post_type":"page","author_name":"backup","_links":{"self":[{"href":"https:\/\/www.szentimrekorhaz.hu\/index.php\/wp-json\/wp\/v2\/pages\/226","targetHints":{"allow":["GET"]}}],"collection":[{"href":"https:\/\/www.szentimrekorhaz.hu\/index.php\/wp-json\/wp\/v2\/pages"}],"about":[{"href":"https:\/\/www.szentimrekorhaz.hu\/index.php\/wp-json\/wp\/v2\/types\/page"}],"author":[{"embeddable":true,"href":"https:\/\/www.szentimrekorhaz.hu\/index.php\/wp-json\/wp\/v2\/users\/3"}],"replies":[{"embeddable":true,"href":"https:\/\/www.szentimrekorhaz.hu\/index.php\/wp-json\/wp\/v2\/comments?post=226"}],"version-history":[{"count":14,"href":"https:\/\/www.szentimrekorhaz.hu\/index.php\/wp-json\/wp\/v2\/pages\/226\/revisions"}],"predecessor-version":[{"id":3285,"href":"https:\/\/www.szentimrekorhaz.hu\/index.php\/wp-json\/wp\/v2\/pages\/226\/revisions\/3285"}],"wp:attachment":[{"href":"https:\/\/www.szentimrekorhaz.hu\/index.php\/wp-json\/wp\/v2\/media?parent=226"}],"wp:term":[{"taxonomy":"category","embeddable":true,"href":"https:\/\/www.szentimrekorhaz.hu\/index.php\/wp-json\/wp\/v2\/categories?post=226"},{"taxonomy":"post_tag","embeddable":true,"href":"https:\/\/www.szentimrekorhaz.hu\/index.php\/wp-json\/wp\/v2\/tags?post=226"}],"curies":[{"name":"wp","href":"https:\/\/api.w.org\/{rel}","templated":true}]}}