{"id":227,"date":"2009-10-07T15:54:57","date_gmt":"2009-10-07T13:54:57","guid":{"rendered":"http:\/\/localhost\/index.php\/szemeszeti-profil\/"},"modified":"2026-02-09T12:10:35","modified_gmt":"2026-02-09T11:10:35","slug":"szemeszeti-profil","status":"publish","type":"page","link":"https:\/\/www.szentimrekorhaz.hu\/index.php\/szemeszeti-profil\/","title":{"rendered":"Szem\u00e9szeti Profil"},"content":{"rendered":"<p><strong>\u201eA\u201d \u00e9p\u00fclet II. emelet<\/strong><\/p>\n<p style=\"font-family: Arial, Verdana, sans-serif;\"><strong>Profilvezet\u0151 f\u0151orvos: Dr. Ferencz M\u00e1ria \u00c9va Ph.D.<\/strong><\/p>\n<p><strong>Telefon: fekv\u0151beteg r\u00e9szleg: 464-8600\/1249 mell\u00e9k, <\/strong><\/p>\n<p><strong>ambulancia: 464-8600\/8681mell\u00e9k<\/strong><\/p>\n<p><strong>Vezet\u0151 \u00c1pol\u00f3:\u00a0Kissn\u00e9 Kacs\u00f3 Ir\u00e9n<\/strong><\/p>\n<p>K\u00f3rh\u00e1zunk Szem\u00e9szete a legmagasabb, 3-as szint\u0171 besorol\u00e1s\u00fa, melyet az orsz\u00e1gban a szem\u00e9szeti klinik\u00e1kon k\u00edv\u00fcl 5 szem\u00e9szeti oszt\u00e1ly kapott meg. Ennek megfelel\u0151en avizsg\u00e1latokhoz a nemzetk\u00f6zi k\u00f6vetelm\u00e9nyeknek megfelel\u0151 diagnosztikus eszk\u00f6z\u00f6k \u00e1llnak rendelkez\u00e9s\u00fcnkre. Tov\u00e1bb\u00e1 Szem\u00e9szeti m\u0171t\u0151nkben a legkorszer\u0171bb eszk\u00f6z\u00f6kkel v\u00e9gezz\u00fck a szem\u00e9szet sz\u00e1mos ter\u00fclet\u00e9re kiterjed\u0151 oper\u00e1ci\u00f3inkat.<\/p>\n<p><strong>A profil feladata:<\/strong><\/p>\n<ul>\n<li>a szem\u00e9szeti profilba tartoz\u00f3 k\u00f3rk\u00e9pek diagnosztik\u00e1ja, ter\u00e1pi\u00e1ja \u00e9s gondoz\u00e1sa<\/li>\n<li>a szem\u00e9szeti kezel\u00e9st, illetve m\u0171t\u00e9tet ig\u00e9nyl\u0151 betegek felv\u00e9tele<\/li>\n<li>a f\u0151v\u00e1rosi \u00fcgyeleti rendszerb\u0151l r\u00e1h\u00e1rul\u00f3 feladatok teljes\u00edt\u00e9se<\/li>\n<li>a betegek szem\u00e9szeti vagy m\u0171t\u00e9ti kezel\u00e9s\u00e9nek elv\u00e9gz\u00e9se<\/li>\n<li>a betegek hazabocs\u00e1t\u00e1sa, vagy<\/li>\n<li>sz\u00fcks\u00e9g eset\u00e9n m\u00e1s k\u00f3rh\u00e1zi profilra (oszt\u00e1lyra) \u00e1thelyez\u00e9se<\/li>\n<li>szem\u00e9szeti konz\u00edlium ad\u00e1sa m\u00e1s k\u00f3rh\u00e1zi profiloknak (oszt\u00e1lyoknak)<\/li>\n<\/ul>\n<p><strong>Ter\u00fcleti ell\u00e1t\u00e1si k\u00f6telezetts\u00e9g<\/strong><\/p>\n<p>A szem\u00e9szeti profilon munkanapokon az XI. \u00e9s XXII. ker\u00fcleti betegeket kezelj\u00fck.<\/p>\n<p>A szem\u00e9szeti profil kiemelt, 3-as szint\u0171 besorol\u00e1sa lehet\u0151v\u00e9 teszi, hogy meghat\u00e1rozott felt\u00e9telek mellett az eg\u00e9sz orsz\u00e1g ter\u00fclet\u00e9r\u0151l fogadjunk m\u0171t\u00e9tes betegeket.<\/p>\n<p><strong>\u00dcgyeleti ell\u00e1t\u00e1si rend<\/strong><\/p>\n<p>Munkanapokon az \u00fcgyelet 16 \u00f3r\u00e1t\u00f3l m\u00e1snap reggel 8 \u00f3r\u00e1ig, munkasz\u00fcneti napokon 8 \u00f3r\u00e1t\u00f3l m\u00e1snap reggel 8 \u00f3r\u00e1ig tart. Nincs mindennap minden k\u00f3rh\u00e1zban szem\u00e9szeti \u00fcgyelet, \u00edgy az \u00c1NTSZ \u00e1ltal ki\u00edrt \u00fcgyeleti ell\u00e1t\u00e1si rendnek megfelel\u0151en v\u00e9gezz\u00fck a h\u00f3nap r\u00e1nk es\u0151 napjain. Err\u0151l a K\u00f6zponti \u00c1gynyilv\u00e1ntart\u00f3n\u00e1l lehet t\u00e1j\u00e9koz\u00f3dni. Telefonsz\u00e1m: +36-1-311-6000 \u00e9s +36-1-311-6600<\/p>\n<p><strong>Az profilon v\u00e9gzett beavatkoz\u00e1sok<\/strong><\/p>\n<p>Sz\u00fcrkeh\u00e1lyog-elleni m\u0171t\u00e9t m\u0171lencse-be\u00fcltet\u00e9ssel<br>M\u00e1sodlagos m\u0171lencse-be\u00fcltet\u00e9s<br>Idegh\u00e1rtya-betegs\u00e9gek seb\u00e9szi kezel\u00e9se<\/p>\n<p>Z\u00f6ldh\u00e1lyog-elleni seb\u00e9szet (\u00e1thatol\u00f3 \u00e9s nem \u00e1thatol\u00f3 m\u0171t\u00e9tek)<br>Szaruh\u00e1rtya seb\u00e9szet<\/p>\n<p>Szemh\u00e9jseb\u00e9szet<br>Macula degener\u00e1ci\u00f3 kezel\u00e9se intravitre\u00e1lis (szemgoly\u00f3ba adott) injekci\u00f3val<\/p>\n<p><strong>A sz\u00fcrkeh\u00e1lyog-elleni m\u0171t\u00e9t<\/strong><\/p>\n<p>A sz\u00fcrkeh\u00e1lyog a szemlencse elsz\u00fcrk\u00fcl\u00e9s\u00e9t jelenti. A m\u0171t\u00e9tet k\u00f3rh\u00e1zunkban nagy sz\u00e1mban, a legmodernebb kombin\u00e1lt phaco-vitrectomi\u00e1s k\u00e9sz\u00fcl\u00e9kkel v\u00e9gezz\u00fck, varrat n\u00e9lk\u00fcli 2,2-2,75 millim\u00e9teres seben kereszt\u00fcl, mely gyors a gy\u00f3gyul\u00e1s tesz lehet\u0151v\u00e9. A m\u0171t\u00e9thez nincs sz\u00fcks\u00e9g sem injekci\u00f3ra sem altat\u00e1sra, ez\u00e9rt a betegek, ha szeretn\u00e9nek, m\u0171t\u00e9t ut\u00e1n k\u00eds\u00e9r\u0151vel hazamehetnek. Az elsz\u00fcrk\u00fclt szemlencse hely\u00e9re mindenkinek ig\u00e9nye szerint, egy\u00e9nileg megtervezett dioptri\u00e1j\u00fa \u00e9s t\u00edpus\u00fa m\u0171lencs\u00e9t \u00fcltet\u00fcnk be.<\/p>\n<p><strong>A retina \u00e9s az \u00fcvegtest m\u0171t\u00e9tei<\/strong><\/p>\n<p>A szemgoly\u00f3 h\u00e1ts\u00f3 r\u00e9sz\u00e9t, a szemlencse m\u00f6g\u00f6tt tal\u00e1lhat\u00f3 ter\u00fcletet \u00e9rint\u0151 sz\u00e1mos kor\u00e1bban gy\u00f3gy\u00edthatatlan betegs\u00e9gre az \u00fan. vitreoretinalis seb\u00e9szet ad jelenleg megold\u00e1st. Ilyenek p\u00e9ld\u00e1ul az retina leg\u00e9rt\u00e9kesebb r\u00e9sz\u00e9t, az \u00e9lesl\u00e1t\u00e1st \u00e9rint\u0151 betegs\u00e9gek (pl.: maculalyuk, k\u00fcl\u00f6nb\u00f6z\u0151 eredet\u0171 maculaoedem\u00e1k, epiretinalis membr\u00e1n, vitreomacularis trakci\u00f3). Ma az idegh\u00e1rtya-lev\u00e1l\u00e1s orvosl\u00e1sa is ezen a modern elj\u00e1r\u00e1son alapszik. A cukorbeteg retinaelv\u00e1ltoz\u00e1sait is kedvez\u0151bb ir\u00e1nyba lehet ford\u00edtani vitrectomi\u00e1val. Oszt\u00e1lyunkon t\u00f6bb mint 500 ilyen m\u0171t\u00e9t t\u00f6rt\u00e9nik \u00e9vente a legmodernebb varratn\u00e9lk\u00fcli technik\u00e1val, 23 \u00e9s 25 G-s sebm\u00e9rettel, \u00e9s a vil\u00e1gviszonylatban is \u00e9len j\u00e1r\u00f3 kombin\u00e1lt phaco-vitrectomi\u00e1s k\u00e9sz\u00fcl\u00e9kkel.<\/p>\n<p><strong>A z\u00f6ldh\u00e1lyog-elleni seb\u00e9szet<\/strong><\/p>\n<p>Szem\u00e9szeti profilunkon mind a z\u00f6ldh\u00e1lyogos roham, mind a simplex glaucom\u00e1s esetek m\u0171t\u00e9ti kezel\u00e9s\u00e9re sz\u00e1mos beavatkoz\u00e1st v\u00e9gz\u00fcnk. A szakrendel\u0151k \u00e1ltal k\u00fcld\u00f6tt betegek k\u00f3rh\u00e1zunk Glaucoma Szakambulanci\u00e1j\u00e1n t\u00f6rt\u00e9nt kivizsg\u00e1l\u00e1s ut\u00e1n ker\u00fclnek m\u0171t\u00e9tre.<\/p>\n<p><u>Laseres beavatkoz\u00e1sok:<\/u><\/p>\n<p>Nd-YAG laser iridotomia, argon laser trabeculoplastica, cyclophotocoagulatio<\/p>\n<p><u>Szemnyom\u00e1scs\u00f6kkent\u0151 hagyom\u00e1nyos \u00e9s modern seb\u00e9szeti elj\u00e1r\u00e1sok:<\/u><\/p>\n<p>trabeculectomia, iridectomia basalis, deep sclerectomia, canaloplastica<\/p>\n<p><strong>A szaruh\u00e1rtya seb\u00e9szete<\/strong><\/p>\n<p>A szem el\u00fcls\u0151 r\u00e9sz\u00e9re \u00f3ra\u00fcvegszer\u0171en illeszked\u0151, \u00e1tl\u00e1tsz\u00f3 szaruh\u00e1rty\u00e1t \u00e9rint\u0151 sz\u00e1mos megbeteged\u00e9s gy\u00f3gy\u00edt\u00e1s\u00e1ra k\u00edn\u00e1l lehet\u0151s\u00e9get az \u00fan. szaruh\u00e1rtya-\u00e1t\u00fcltet\u00e9s, vagy m\u00e1s n\u00e9ven cornea transzplant\u00e1ci\u00f3. 2012 \u00f3ta int\u00e9zm\u00e9ny\u00fcnkben is el\u00e9rhet\u0151 e szemseb\u00e9szeti elj\u00e1r\u00e1s, melyet a magas sz\u00ednvonal\u00fa aneszteziol\u00f3giai h\u00e1tt\u00e9r tesz lehet\u0151v\u00e9.<\/p>\n<p><strong>A szem\u00e9szeti plasztikai m\u0171t\u00e9tek<\/strong><\/p>\n<p>A profilon nagy sz\u00e1mban v\u00e9gezz\u00fck azokat a k\u00f6t\u0151h\u00e1rtya- \u00e9s szemh\u00e9jm\u0171t\u00e9teket, melyeket a l\u00e1t\u00e1st befoly\u00e1sol\u00f3, azt vesz\u00e9lyeztet\u0151 k\u00f3r\u00f3s betegs\u00e9gek okoznak. (Pl. j\u00f3 \u00e9s rosszindulat\u00fa daganatok, szemh\u00e9jak hib\u00e1s \u00e1ll\u00e1sa, k\u00fasz\u00f3h\u00e1rtya) A beavatkoz\u00e1sok \u00e1ltal\u00e1ban ambul\u00e1nsan, az \u00e9rintett ter\u00fclet plasztikai rekonstrukci\u00f3j\u00e1val egy\u00fctt t\u00f6rt\u00e9nnek.<\/p>\n<p><strong>Id\u0151pontk\u00e9r\u00e9s h\u00e9tf\u0151t\u0151l p\u00e9ntekig 10 \u00e9s 13 \u00f3ra k\u00f6z\u00f6tt.<\/strong><\/p>\n<p><strong>A profilon dolgoz\u00f3 orvosok rendel\u00e9si ideje<\/strong><\/p>\n\n\n<table id=\"tablepress-22\" class=\"tablepress tablepress-id-22\">\n<thead>\n<tr class=\"row-1\">\n\t<th class=\"column-1\">Orvos<\/th><th class=\"column-2\">Rendel\u00e9si id\u0151<\/th><th class=\"column-3\">El\u0151jegyz\u00e9s<\/th>\n<\/tr>\n<\/thead>\n<tbody class=\"row-striping row-hover\">\n<tr class=\"row-2\">\n\t<td class=\"column-1\">Dr. Dolhay Eszter<\/td><td class=\"column-2\">H\u00e9tf\u0151 9-14h<\/td><td class=\"column-3\">06-1\/4648681; 06-1-464-8783; 06-1-464-8600\/2311<\/td>\n<\/tr>\n<tr class=\"row-3\">\n\t<td class=\"column-1\">Dr. Szab\u00f3 Orsolya<\/td><td class=\"column-2\">H\u00e9tf\u0151 9-14h<\/td><td class=\"column-3\">06-1\/4648681; 06-1-464-8783; 06-1-464-8600\/2311<\/td>\n<\/tr>\n<tr class=\"row-4\">\n\t<td class=\"column-1\">Dr. Ferencz M\u00e1ria<\/td><td class=\"column-2\">Kedd \u00e9s Cs\u00fct\u00f6rt\u00f6k: 9-14h<\/td><td class=\"column-3\">06-30\/9843975 ; 06-1-464-8783; 06-1-464-8600\/2311<\/td>\n<\/tr>\n<tr class=\"row-5\">\n\t<td class=\"column-1\">Dr. Magyar Sarolta<\/td><td class=\"column-2\">Kedd 9-14h<\/td><td class=\"column-3\">06-1\/4648681; 06-1-464-8783; 06-1-464-8600\/2311<\/td>\n<\/tr>\n<tr class=\"row-6\">\n\t<td class=\"column-1\">Dr. Klapka Alma<\/td><td class=\"column-2\">Szerda 9-14h<\/td><td class=\"column-3\">06-1\/4648681; 06-1-464-8783; 06-1-464-8600\/2311<\/td>\n<\/tr>\n<tr class=\"row-7\">\n\t<td class=\"column-1\">Dr. Papper Sachetti Andrea<\/td><td class=\"column-2\">Szerda 9-14h<\/td><td class=\"column-3\">06-1\/4648681; 06-1-464-8783; 06-1-464-8600\/2311<\/td>\n<\/tr>\n<tr class=\"row-8\">\n\t<td class=\"column-1\">Dr. Ga\u00e1l Zsuzsanna<\/td><td class=\"column-2\">Szerda 9-14h<\/td><td class=\"column-3\">06-1\/4648681; 06-1-464-8783; 06-1-464-8600\/2311<\/td>\n<\/tr>\n<tr class=\"row-9\">\n\t<td class=\"column-1\">Dr. Aranyoss Katalin<\/td><td class=\"column-2\">Cs\u00fct\u00f6rt\u00f6k 9-14h<\/td><td class=\"column-3\">06-1\/4648681; 06-1-464-8783; 06-1-464-8600\/2311<\/td>\n<\/tr>\n<tr class=\"row-10\">\n\t<td class=\"column-1\">Dr. G\u00e1sp\u00e1r \u00c1kos<\/td><td class=\"column-2\">P\u00e9ntek 9-14h<\/td><td class=\"column-3\">06-1\/4648681; 06-1-464-8783; 06-1-464-8600\/2311<\/td>\n<\/tr>\n<\/tbody>\n<\/table>\n<!-- #tablepress-22 from cache -->\n\n\n<p><a href=\"https:\/\/www.szentimrekorhaz.hu\/szolgaltatasaink\/jarobetegszakellatas\/109-szemeszet.html\">Kattints ide az oszt\u00e1ly j\u00e1r\u00f3beteg ell\u00e1t\u00e1s\u00e1ra.<\/a><\/p>\n\n\n\n<figure class=\"wp-block-table\"><table class=\"has-fixed-layout\"><tbody><tr><td><strong>Az oszt\u00e1ly orvosai:<\/strong><\/td><td>\u00a0<\/td><\/tr><tr><td>Dr. Ferencz M\u00e1ria \u00c9va Ph.D.<\/td><td>profilvezet\u0151 f\u0151orvos<\/td><\/tr><tr><td>Dr. Aranyoss Katalin<\/td><td>szakorvos<\/td><\/tr><tr><td>Dr. Czig\u00e1ny Tam\u00e1s<\/td><td>szakorvos<\/td><\/tr><tr><td>Dr. Dolhay Eszter<\/td><td>szakorvos<\/td><\/tr><tr><td>Dr. Farkas Judit<\/td><td>szakorvos<\/td><\/tr><tr><td>Dr. Ga\u00e1l Zsuzsanna<\/td><td>szakorvos<\/td><\/tr><tr><td>Dr. G\u00e1sp\u00e1r \u00c1kos<\/td><td>szakorvos<\/td><\/tr><tr><td>Dr. Klapka Alma<\/td><td>szakorvos<\/td><\/tr><tr><td>Dr. P\u00e1lya Fanni<\/td><td>szakorvos<\/td><\/tr><tr><td>Dr. Magyar Sarolta Julia<\/td><td>szakorvos<\/td><\/tr><tr><td>Dr. Popper-Sachetti Andrea<\/td><td>szakorvos<\/td><\/tr><tr><td>Dr. Szab\u00f3 Orsolya Zsuzsanna<\/td><td>szakorvos<\/td><\/tr><tr><td>Dr. Ferencz Melitta Csenge<\/td><td>\u00e1ltal\u00e1nos orvos<\/td><\/tr><tr><td>Dr. Sz\u0151cs Tam\u00e1s<\/td><td>rezidens<\/td><\/tr><tr><td>Dr. Kov\u00e1cs Katinka<\/td><td>rezidens<\/td><\/tr><tr><td>Dr. L\u00e1z\u00e1r Bence<\/td><td>rezidens<\/td><\/tr><\/tbody><\/table><\/figure>\n\n\n\n\t<div class=\"dkpdf-button-container\" style=\"            text-align:right \">\n\n\t\t<a class=\"dkpdf-button\" href=\"\/index.php\/wp-json\/wp\/v2\/pages\/227?pdf=227\" target=\"_blank\"><span class=\"dkpdf-button-icon\"><i class=\"fa fa-file-pdf-o\"><\/i><\/span> Let\u00f6lt\u00e9s<\/a>\n\n\t<\/div>\n\n\n\n\n\n<!-- PMB print buttons is only displayed on a single post\/page URLs-->","protected":false},"excerpt":{"rendered":"<p>\u201eA\u201d \u00e9p\u00fclet II. emelet Profilvezet\u0151 f\u0151orvos: Dr. Ferencz M\u00e1ria \u00c9va Ph.D. Telefon: fekv\u0151beteg r\u00e9szleg: 464-8600\/1249 mell\u00e9k, ambulancia: 464-8600\/8681mell\u00e9k Vezet\u0151 \u00c1pol\u00f3:\u00a0Kissn\u00e9 Kacs\u00f3 Ir\u00e9n K\u00f3rh\u00e1zunk Szem\u00e9szete a&hellip;<\/p>\n","protected":false},"author":3,"featured_media":0,"parent":0,"menu_order":6,"comment_status":"closed","ping_status":"closed","template":"","meta":{"_acf_changed":false,"footnotes":""},"categories":[],"tags":[],"class_list":["post-227","page","type-page","status-publish","hentry"],"acf":[],"post_type":"page","author_name":"backup","_links":{"self":[{"href":"https:\/\/www.szentimrekorhaz.hu\/index.php\/wp-json\/wp\/v2\/pages\/227","targetHints":{"allow":["GET"]}}],"collection":[{"href":"https:\/\/www.szentimrekorhaz.hu\/index.php\/wp-json\/wp\/v2\/pages"}],"about":[{"href":"https:\/\/www.szentimrekorhaz.hu\/index.php\/wp-json\/wp\/v2\/types\/page"}],"author":[{"embeddable":true,"href":"https:\/\/www.szentimrekorhaz.hu\/index.php\/wp-json\/wp\/v2\/users\/3"}],"replies":[{"embeddable":true,"href":"https:\/\/www.szentimrekorhaz.hu\/index.php\/wp-json\/wp\/v2\/comments?post=227"}],"version-history":[{"count":3,"href":"https:\/\/www.szentimrekorhaz.hu\/index.php\/wp-json\/wp\/v2\/pages\/227\/revisions"}],"predecessor-version":[{"id":3758,"href":"https:\/\/www.szentimrekorhaz.hu\/index.php\/wp-json\/wp\/v2\/pages\/227\/revisions\/3758"}],"wp:attachment":[{"href":"https:\/\/www.szentimrekorhaz.hu\/index.php\/wp-json\/wp\/v2\/media?parent=227"}],"wp:term":[{"taxonomy":"category","embeddable":true,"href":"https:\/\/www.szentimrekorhaz.hu\/index.php\/wp-json\/wp\/v2\/categories?post=227"},{"taxonomy":"post_tag","embeddable":true,"href":"https:\/\/www.szentimrekorhaz.hu\/index.php\/wp-json\/wp\/v2\/tags?post=227"}],"curies":[{"name":"wp","href":"https:\/\/api.w.org\/{rel}","templated":true}]}}