{"id":228,"date":"2009-10-07T15:58:13","date_gmt":"2009-10-07T13:58:13","guid":{"rendered":"http:\/\/localhost\/index.php\/nefrologiai-profil\/"},"modified":"2026-02-09T12:13:30","modified_gmt":"2026-02-09T11:13:30","slug":"nefrologiai-profil","status":"publish","type":"page","link":"https:\/\/www.szentimrekorhaz.hu\/index.php\/nefrologiai-profil\/","title":{"rendered":"Nefrol\u00f3giai Profil"},"content":{"rendered":"<p style=\"margin: 0cm 0cm 17.0pt 0cm;\"><strong><span style=\"color: #686868;\">\u201eK\u201d \u00e9p\u00fclet I. emelet<\/span><\/strong><\/p>\n<p style=\"box-sizing: inherit; font-variant-ligatures: normal; font-variant-caps: normal; orphans: 2; text-align: start; widows: 2; -webkit-text-stroke-width: 0px; background-color: rgba(30, 115, 190, 0.09); text-decoration-thickness: initial; text-decoration-style: initial; text-decoration-color: initial; word-spacing: 0px; margin: 0cm 0cm 17.0pt 0cm;\"><span style=\"box-sizing: inherit;\"><strong style=\"box-sizing: inherit;\"><span style=\"color: #686868;\">Vezet\u0151 f\u0151orvos: Dr. Kerkovits L\u00f3r\u00e1nt P\u00e9ter<\/span><\/strong><\/span><\/p>\n<p style=\"box-sizing: inherit; font-variant-ligatures: normal; font-variant-caps: normal; orphans: 2; text-align: start; widows: 2; -webkit-text-stroke-width: 0px; background-color: rgba(30, 115, 190, 0.09); text-decoration-thickness: initial; text-decoration-style: initial; text-decoration-color: initial; word-spacing: 0px; margin: 0cm 0cm 17.0pt 0cm;\"><span style=\"box-sizing: inherit;\"><strong style=\"box-sizing: inherit;\"><span style=\"color: #686868;\">Tel.: (+36-1) 464-8713<\/span><\/strong><\/span><\/p>\n<p style=\"box-sizing: inherit; font-variant-ligatures: normal; font-variant-caps: normal; orphans: 2; text-align: start; widows: 2; -webkit-text-stroke-width: 0px; background-color: rgba(30, 115, 190, 0.09); text-decoration-thickness: initial; text-decoration-style: initial; text-decoration-color: initial; word-spacing: 0px; margin: 0cm 0cm 17.0pt 0cm;\"><span style=\"box-sizing: inherit;\"><strong style=\"box-sizing: inherit;\"><span style=\"color: #686868;\">Tel: (+36-1) 464-8600\/1712 mell\u00e9k vagy a 1196-os mell\u00e9k<\/span><\/strong><\/span><\/p>\n<p style=\"box-sizing: inherit; font-variant-ligatures: normal; font-variant-caps: normal; orphans: 2; text-align: start; widows: 2; -webkit-text-stroke-width: 0px; background-color: rgba(30, 115, 190, 0.09); text-decoration-thickness: initial; text-decoration-style: initial; text-decoration-color: initial; word-spacing: 0px; margin: 0cm 0cm 17.0pt 0cm;\"><span style=\"box-sizing: inherit;\"><strong style=\"box-sizing: inherit;\"><span style=\"color: #686868;\">B\u00e1zis \u00e1pol\u00e1si egys\u00e9g: B1.\u00a0<\/span><\/strong><\/span><\/p>\n<p style=\"box-sizing: inherit; font-variant-ligatures: normal; font-variant-caps: normal; orphans: 2; text-align: start; widows: 2; -webkit-text-stroke-width: 0px; background-color: rgba(30, 115, 190, 0.09); text-decoration-thickness: initial; text-decoration-style: initial; text-decoration-color: initial; word-spacing: 0px; margin: 0cm 0cm 17.0pt 0cm;\"><span style=\"box-sizing: inherit;\"><strong style=\"box-sizing: inherit;\"><span style=\"color: #686868;\">Vezet\u0151 \u00e1pol\u00f3: Nagy Barbara<\/span><\/strong><\/span><\/p>\n<p>Feladata:<\/p>\n<ul>\n<li>a belgy\u00f3gy\u00e1szati vesebetegs\u00e9gben, illetve hipert\u00f3ni\u00e1ban szenved\u0151 betegek fel illetve \u00e1tv\u00e9tele, kivizsg\u00e1l\u00e1sa;<\/li>\n<li>a megfelel\u0151 kezel\u00e9s be\u00e1ll\u00edt\u00e1sa az oszt\u00e1lyon, vagy sz\u00fcks\u00e9g eset\u00e9n a B.Braun Avitum Dial\u00edzis k\u00f6zponttal egy\u00fcttm\u0171k\u00f6dve;<\/li>\n<li>a betegek hazabocs\u00e1t\u00e1sa, vagy<\/li>\n<li>sz\u00fcks\u00e9g eset\u00e9n m\u00e1s k\u00f3rh\u00e1zi profilra (oszt\u00e1lyra) \u00e1thelyez\u00e9se;<\/li>\n<li>nefrol\u00f3giai szakmai konz\u00edlium ad\u00e1sa a t\u00e1rsprofiloknak (oszt\u00e1lyoknak);<\/li>\n<li>a Nefrologiai Region\u00e1lis K\u00f6zpont \u00e9s az Orsz\u00e1gos Hypertonia Koordin\u00e1l\u00f3 K\u00f6zpont m\u0171k\u00f6dtet\u00e9se<\/li>\n<li>az orvosk\u00e9pz\u00e9sben, orvos \u2013 tov\u00e1bbk\u00e9pz\u00e9sben, szakdolgoz\u00f3i k\u00e9pz\u00e9sben akkredit\u00e1ci\u00f3j\u00e1nak megfelel\u0151 feladatok ell\u00e1t\u00e1sa.<\/li>\n<\/ul>\n<p><strong>A profil \u00e1ltal m\u0171k\u00f6dtetett szakambulanci\u00e1k: <\/strong><\/p>\n<p><strong>Nefrol\u00f3giai szakambulancia<\/strong> \u2013 Rendel\u00e9s helye: B-Braun Avitum H. Rt., Halmi u. 22. El\u0151jegyz\u00e9s \u00e9s beutal\u00f3 sz\u00fcks\u00e9ges. Telefonsz\u00e1m: 464-8600\/8696<\/p>\n<p><a href=\"https:\/\/www.szentimrekorhaz.hu\/index.php\/nefrologia-ambulancia\/\">Kattints ide az oszt\u00e1ly j\u00e1r\u00f3beteg ell\u00e1t\u00e1s\u00e1ra.<\/a><\/p>\n<p><strong>A profil orvosai:<\/strong><\/p>\n\n\n<figure class=\"wp-block-table\"><table class=\"has-fixed-layout\"><tbody><tr><td><strong>Dr. Kerkovits L\u00f3r\u00e1nt<\/strong><\/td><td>oszt\u00e1lyvezet\u0151 f\u0151orvos, belgy\u00f3gy\u00e1sz, nefrol\u00f3gus, klinikai farmakol\u00f3gus szakorvos, hipertonol\u00f3gus, lipidol\u00f3gus<\/td><\/tr><tr><td><strong>Dr. Ambrus Csaba K\u00e1lm\u00e1n Ph.D.<\/strong><\/td><td>oszt\u00e1lyvezet\u0151-helyettes f\u0151orvos, belgy\u00f3gy\u00e1sz, nefrol\u00f3gus, geri\u00e1ter szakorvos, hipertonol\u00f3gus<\/td><\/tr><tr><td><strong>Dr. Remport \u00c1d\u00e1m Ph.D.<\/strong><\/td><td>f\u0151orvos, belgy\u00f3gy\u00e1sz, nefrol\u00f3gus, transzplantol\u00f3giai szakorvos<\/td><\/tr><tr><td><strong>Dr. Bark\u00f3 Zsuzsanna<\/strong><\/td><td>adjunktus, belgy\u00f3gy\u00e1sz, nefrol\u00f3gus, immunol\u00f3giai szakorvos<\/td><\/tr><tr><td><strong>Dr. Barab\u00e1s No\u00e9mi<\/strong><\/td><td>adjunktus, belgy\u00f3gy\u00e1sz, nefrol\u00f3gus szakorvos<\/td><\/tr><tr><td><strong>Dr. Wittmann Zs\u00f3fia<\/strong><\/td><td>adjunktus, belgy\u00f3gy\u00e1sz, nefrol\u00f3gus szakorvos<\/td><\/tr><tr><td><strong>Dr. K\u00e1lm\u00e1n \u00c9va<\/strong><\/td><td>adjunktus, belgy\u00f3gy\u00e1sz, nefrol\u00f3gus szakorvos<\/td><\/tr><tr><td><strong>Dr. Szigeti Zsuzsanna<\/strong><\/td><td>szakorvos<\/td><\/tr><tr><td><strong>Dr. Szak\u00e1cs Pa\u00e1l T\u00edmea<\/strong><\/td><td>nefrol\u00f3gus szakorvos<\/td><\/tr><tr><td><strong>Dr. Matolcsi Andrea<\/strong><\/td><td>belgy\u00f3gy\u00e1sz szakorvos<\/td><\/tr><tr><td><strong>Dr. Magi Erzs\u00e9bet<\/strong><\/td><td>rezidens, \u00e1ltal\u00e1nos orvos<\/td><\/tr><tr><td><strong>Dr. Patthy \u00c1goston J\u00f3zsef Ph.D.<\/strong><\/td><td>rezidens, \u00e1ltal\u00e1nos orvos<\/td><\/tr><tr><td><strong>Dr. P\u00e1l Orsolya<\/strong><\/td><td>rezidens, \u00e1ltal\u00e1nos orvos<\/td><\/tr><tr><td><strong>Dr. Cseh Zsuzsanna M\u00e1ria<\/strong><\/td><td>rezidens, \u00e1ltal\u00e1nos orvos<\/td><\/tr><tr><td><strong>Dr. Perpok Fl\u00f3ra Franciska<\/strong><\/td><td>rezidens, \u00e1ltal\u00e1nos orvos<\/td><\/tr><tr><td><strong>Dr. Reisz \u00c1gota Anna<\/strong><\/td><td>rezidens, \u00e1ltal\u00e1nos orvos<\/td><\/tr><tr><td><strong>Dr. Hill Dorottya<\/strong><\/td><td>rezidens, \u00e1ltal\u00e1nos orvos<\/td><\/tr><\/tbody><\/table><\/figure>\n\n\n\n\t<div class=\"dkpdf-button-container\" style=\"            text-align:right \">\n\n\t\t<a class=\"dkpdf-button\" href=\"\/index.php\/wp-json\/wp\/v2\/pages\/228?pdf=228\" target=\"_blank\"><span class=\"dkpdf-button-icon\"><i class=\"fa fa-file-pdf-o\"><\/i><\/span> Let\u00f6lt\u00e9s<\/a>\n\n\t<\/div>\n\n\n\n\n\n<!-- PMB print buttons is only displayed on a single post\/page URLs-->","protected":false},"excerpt":{"rendered":"<p>\u201eK\u201d \u00e9p\u00fclet I. emelet Vezet\u0151 f\u0151orvos: Dr. Kerkovits L\u00f3r\u00e1nt P\u00e9ter Tel.: (+36-1) 464-8713 Tel: (+36-1) 464-8600\/1712 mell\u00e9k vagy a 1196-os mell\u00e9k B\u00e1zis \u00e1pol\u00e1si egys\u00e9g: B1.\u00a0&hellip;<\/p>\n","protected":false},"author":3,"featured_media":0,"parent":0,"menu_order":3,"comment_status":"closed","ping_status":"closed","template":"","meta":{"_acf_changed":false,"footnotes":""},"categories":[],"tags":[],"class_list":["post-228","page","type-page","status-publish","hentry"],"acf":[],"post_type":"page","author_name":"backup","_links":{"self":[{"href":"https:\/\/www.szentimrekorhaz.hu\/index.php\/wp-json\/wp\/v2\/pages\/228","targetHints":{"allow":["GET"]}}],"collection":[{"href":"https:\/\/www.szentimrekorhaz.hu\/index.php\/wp-json\/wp\/v2\/pages"}],"about":[{"href":"https:\/\/www.szentimrekorhaz.hu\/index.php\/wp-json\/wp\/v2\/types\/page"}],"author":[{"embeddable":true,"href":"https:\/\/www.szentimrekorhaz.hu\/index.php\/wp-json\/wp\/v2\/users\/3"}],"replies":[{"embeddable":true,"href":"https:\/\/www.szentimrekorhaz.hu\/index.php\/wp-json\/wp\/v2\/comments?post=228"}],"version-history":[{"count":6,"href":"https:\/\/www.szentimrekorhaz.hu\/index.php\/wp-json\/wp\/v2\/pages\/228\/revisions"}],"predecessor-version":[{"id":3761,"href":"https:\/\/www.szentimrekorhaz.hu\/index.php\/wp-json\/wp\/v2\/pages\/228\/revisions\/3761"}],"wp:attachment":[{"href":"https:\/\/www.szentimrekorhaz.hu\/index.php\/wp-json\/wp\/v2\/media?parent=228"}],"wp:term":[{"taxonomy":"category","embeddable":true,"href":"https:\/\/www.szentimrekorhaz.hu\/index.php\/wp-json\/wp\/v2\/categories?post=228"},{"taxonomy":"post_tag","embeddable":true,"href":"https:\/\/www.szentimrekorhaz.hu\/index.php\/wp-json\/wp\/v2\/tags?post=228"}],"curies":[{"name":"wp","href":"https:\/\/api.w.org\/{rel}","templated":true}]}}