{"id":230,"date":"2009-10-07T16:01:30","date_gmt":"2009-10-07T14:01:30","guid":{"rendered":"http:\/\/localhost\/index.php\/gastroenterologiai-profil\/"},"modified":"2026-01-22T12:06:33","modified_gmt":"2026-01-22T11:06:33","slug":"gastroenterologiai-profil","status":"publish","type":"page","link":"https:\/\/www.szentimrekorhaz.hu\/index.php\/gastroenterologiai-profil\/","title":{"rendered":"Gasztroenterol\u00f3giai Profil"},"content":{"rendered":"<p><strong>\u201eK\u201d \u00e9p\u00fclet III. emelet<\/strong><\/p>\n<p><strong>Profilvezet\u0151 f\u0151orvos: Dr. T\u00f3th Levente<\/strong><\/p>\n<p><strong>Tel.: 061-464-8717<\/strong><\/p>\n<p><strong>Vezet\u0151 \u00c1pol\u00f3: N\u00e1n\u00e1si Ildik\u00f3\u00a0<\/strong><\/p>\n<p>K\u00fcl\u00f6n k\u00e9r\u00e9sre, t\u00e9r\u00edt\u00e9s ellen\u00e9ben kiemelt hotelszolg\u00e1ltat\u00e1s is biztos\u00edthat\u00f3.<\/p>\n<p>Feladata:<\/p>\n<ul>\n<li>a gyomor-b\u00e9l, valamint a m\u00e1jbetegek fel, illetve \u00e1tv\u00e9tele, kivizsg\u00e1l\u00e1sa;<\/li>\n<li>a megfelel\u0151 belgy\u00f3gy\u00e1szati vagy operat\u00edv endoszk\u00f3pos kezel\u00e9s be\u00e1ll\u00edt\u00e1sa,<\/li>\n<li>a nyel\u0151cs\u0151 sz\u0171k\u00fcletek \u00e9s elz\u00e1r\u00f3d\u00e1sok, valamint az epe \u00e9s hasny\u00e1lmirigy vezet\u00e9k sz\u0171k\u00fcletek \u00e9s elz\u00e1r\u00f3d\u00e1sok endoszk\u00f3pos ell\u00e1t\u00e1sa<\/li>\n<li>a betegek hazabocs\u00e1t\u00e1sa, vagy m\u00e1s k\u00f3rh\u00e1zi profilra (oszt\u00e1lyra), vagy sz\u00fcks\u00e9g eset\u00e9n m\u00e1s k\u00f3rh\u00e1zba (int\u00e9zetbe) t\u00f6rt\u00e9n\u0151 \u00e1thelyez\u00e9se;<\/li>\n<li>gasztroenterol\u00f3giai szakmai konz\u00edlium ad\u00e1sa a t\u00e1rsprofiloknak (oszt\u00e1lyoknak);<\/li>\n<li>az orvosk\u00e9pz\u00e9sben, orvos-tov\u00e1bbk\u00e9pz\u00e9sben, szakdolgoz\u00f3i k\u00e9pz\u00e9sben akkredit\u00e1ci\u00f3j\u00e1nak megfelel\u0151 feladatok ell\u00e1t\u00e1sa.<\/li>\n<\/ul>\n<p>A profil \u00e1ltal m\u0171k\u00f6dtetett szakambulanci\u00e1k:<\/p>\n<p>Gastroenterol\u00f3giai Szakambulancia \u2013 Rendel\u00e9s helye: \u201eK\u201d \u00e9p\u00fclet fsz. 13. Rendel\u00e9s ideje: H: 10.00-t\u00f3l 12.00-ig \u00e9s 13.00-t\u00f3l 15.00-ig, K: 10.00-12.00 \u00e9s 13.00-15.00, Sze: 10.00-12.00-ig\u00a0 \u00e9s minden p\u00e1ratlan h\u00e9ten 14.00-16.00-ig, Cs: 10.00-12.00 \u00e9s 13.00-15.00, P: 10.00-12.00-ig. El\u0151jegyz\u00e9s \u00e9s beutal\u00f3 sz\u00fcks\u00e9ges. Az el\u0151jegyz\u00e9s a 464-8754-es telefonsz\u00e1mon k\u00e9rhet\u0151, kiz\u00e1r\u00f3lag 8 \u2013 10 \u00f3ra k\u00f6z\u00f6tt!<\/p>\n<p>Endoszk\u00f3pos Labor Szakambulancia \u2013 Rendel\u00e9s helye: A \u00e9p\u00fclet I.em. Telefonsz\u00e1m: 1238 Rendel\u00e9s ideje: Minden nap 10-12 \u00f3r\u00e1ig \u00e9s 13-15 \u00f3r\u00e1ig. El\u0151-jegyz\u00e9s \u00e9s beutal\u00f3 sz\u00fcks\u00e9ges.<\/p>\n<p>Gastro \u2013 Ultrahang Szakambulancia \u2013 Rendel\u00e9s helye: \u201eK\u201d \u00e9p\u00fclet fsz. 14. El\u0151jegyz\u00e9s \u00e9s beutal\u00f3 sz\u00fcks\u00e9ges. Telefonsz\u00e1m: 464-8754 Vizsg\u00e1latok ideje: miden nap 10-12 \u00f3r\u00e1ig.<\/p>\n<p><a href=\"https:\/\/www.szentimrekorhaz.hu\/index.php\/gastroenterologia\/\"><strong>Kattints ide az oszt\u00e1ly j\u00e1r\u00f3beteg ell\u00e1t\u00e1s\u00e1ra.<\/strong><\/a><\/p>\n<p class=\"contentheading\">\u00a0<\/p>\n\n\n<figure class=\"wp-block-table\"><table class=\"has-fixed-layout\"><tbody><tr><td><strong>Az oszt\u00e1ly orvosai:<\/strong><\/td><td><\/td><\/tr><tr><td>Dr. T\u00f3th Levente<\/td><td>profilvezet\u0151 f\u0151orvos<\/td><\/tr><tr><td>Dr. Hadi B\u00e9la<\/td><td>szakorvos<\/td><\/tr><tr><td>Dr. J\u00f3zsa P\u00e9ter L\u00e1szl\u00f3<\/td><td>szakorvos<\/td><\/tr><tr><td>Dr. K\u00e1fony Bianka<\/td><td>szakorvos<\/td><\/tr><tr><td>Dr. Kiss Eszter<\/td><td>szakorvos<\/td><\/tr><tr><td>Dr. Kocsis Dorottya<\/td><td>szakorvos<\/td><\/tr><tr><td>Dr. P\u00e1rtos Gergely<\/td><td>szakorvos<\/td><\/tr><tr><td>Dr. Theisz J\u00e1nos<\/td><td>szakorvos<\/td><\/tr><tr><td>Dr. Topa Lajos Imre<\/td><td>szakorvos<\/td><\/tr><tr><td>Dr. Udvarhelyi G\u00e1bor<\/td><td>szakorvos<\/td><\/tr><tr><td>Dr. V\u00e1li L\u00e1szl\u00f3 Ph.D<\/td><td>szakorvos<\/td><\/tr><tr><td>Dr. Varga Lili Beatrix<\/td><td>szakorvos<\/td><\/tr><tr><td>Dr. Varga Patr\u00edcia<\/td><td>szakorvos<\/td><\/tr><tr><td>Dr. Hor\u00e1k Emma R\u00f3za<\/td><td>\u00e1ltal\u00e1nos orvos<\/td><\/tr><tr><td>Dr. V\u00e9n Eszter Vikt\u00f3ria<\/td><td>rezidens<\/td><\/tr><tr><td>Dr. Zwickl Ad\u00e9l J\u00falia<\/td><td>rezidens<\/td><\/tr><tr><td>Dr. Tak\u00e1cs Kata<\/td><td>rezidens<\/td><\/tr><tr><td>Dr. T\u00f3th \u00c1d\u00e1m P\u00e9ter<\/td><td>rezidens<\/td><\/tr><tr><td>Dr. Koll\u00e1nyi Gergely<\/td><td>rezidens<\/td><\/tr><tr><td>Dr. K\u0151r\u00f6si Attila<\/td><td>rezidens<\/td><\/tr><tr><td>Dr. Nagy Anita<\/td><td>rezidens<\/td><\/tr><\/tbody><\/table><\/figure>\n\n\n\n<p><\/p>\n\n\n\n\t<div class=\"dkpdf-button-container\" style=\"            text-align:right \">\n\n\t\t<a class=\"dkpdf-button\" href=\"\/index.php\/wp-json\/wp\/v2\/pages\/230?pdf=230\" target=\"_blank\"><span class=\"dkpdf-button-icon\"><i class=\"fa fa-file-pdf-o\"><\/i><\/span> Let\u00f6lt\u00e9s<\/a>\n\n\t<\/div>\n\n\n\n\n\n<!-- PMB print buttons is only displayed on a single post\/page URLs-->","protected":false},"excerpt":{"rendered":"<p>\u201eK\u201d \u00e9p\u00fclet III. emelet Profilvezet\u0151 f\u0151orvos: Dr. T\u00f3th Levente Tel.: 061-464-8717 Vezet\u0151 \u00c1pol\u00f3: N\u00e1n\u00e1si Ildik\u00f3\u00a0 K\u00fcl\u00f6n k\u00e9r\u00e9sre, t\u00e9r\u00edt\u00e9s ellen\u00e9ben kiemelt hotelszolg\u00e1ltat\u00e1s is biztos\u00edthat\u00f3. Feladata: a&hellip;<\/p>\n","protected":false},"author":3,"featured_media":0,"parent":0,"menu_order":5,"comment_status":"closed","ping_status":"closed","template":"","meta":{"_acf_changed":false,"footnotes":""},"categories":[],"tags":[],"class_list":["post-230","page","type-page","status-publish","hentry"],"acf":[],"post_type":"page","author_name":"backup","_links":{"self":[{"href":"https:\/\/www.szentimrekorhaz.hu\/index.php\/wp-json\/wp\/v2\/pages\/230","targetHints":{"allow":["GET"]}}],"collection":[{"href":"https:\/\/www.szentimrekorhaz.hu\/index.php\/wp-json\/wp\/v2\/pages"}],"about":[{"href":"https:\/\/www.szentimrekorhaz.hu\/index.php\/wp-json\/wp\/v2\/types\/page"}],"author":[{"embeddable":true,"href":"https:\/\/www.szentimrekorhaz.hu\/index.php\/wp-json\/wp\/v2\/users\/3"}],"replies":[{"embeddable":true,"href":"https:\/\/www.szentimrekorhaz.hu\/index.php\/wp-json\/wp\/v2\/comments?post=230"}],"version-history":[{"count":5,"href":"https:\/\/www.szentimrekorhaz.hu\/index.php\/wp-json\/wp\/v2\/pages\/230\/revisions"}],"predecessor-version":[{"id":3598,"href":"https:\/\/www.szentimrekorhaz.hu\/index.php\/wp-json\/wp\/v2\/pages\/230\/revisions\/3598"}],"wp:attachment":[{"href":"https:\/\/www.szentimrekorhaz.hu\/index.php\/wp-json\/wp\/v2\/media?parent=230"}],"wp:term":[{"taxonomy":"category","embeddable":true,"href":"https:\/\/www.szentimrekorhaz.hu\/index.php\/wp-json\/wp\/v2\/categories?post=230"},{"taxonomy":"post_tag","embeddable":true,"href":"https:\/\/www.szentimrekorhaz.hu\/index.php\/wp-json\/wp\/v2\/tags?post=230"}],"curies":[{"name":"wp","href":"https:\/\/api.w.org\/{rel}","templated":true}]}}