{"id":231,"date":"2009-10-07T16:04:08","date_gmt":"2009-10-07T14:04:08","guid":{"rendered":"http:\/\/localhost\/index.php\/kardiometabolikus-centrum\/"},"modified":"2025-11-24T10:35:35","modified_gmt":"2025-11-24T09:35:35","slug":"kardiometabolikus-centrum","status":"publish","type":"page","link":"https:\/\/www.szentimrekorhaz.hu\/index.php\/kardiometabolikus-centrum\/","title":{"rendered":"Anyagcsere K\u00f6zpont"},"content":{"rendered":"<h2>\u201eK\u201d \u00e9p\u00fclet II. em.<\/h2>\n<h3><span style=\"font-size: 12px; font-weight: normal;\"><span id=\"cke_bm_172E\" style=\"display: none;\">\u00a0<\/span><\/span><span style=\"display: none;\">\u00a0<\/span><\/h3>\n<h3><strong>Vezet\u0151 f\u0151orvos: Prof. Dr. Simonyi G\u00e1bor<\/strong><br><strong>Tel.: (+36-1) 464-8600\/2326\u00a0<\/strong><\/h3>\n<h2>Endokrinol\u00f3gia, Anyagcsere K\u00f6zpont<\/h2>\n<p><strong>B\u00e1zis \u00e1pol\u00e1si egys\u00e9g: B. 5.<\/strong><\/p>\n<p><strong>Megb\u00edzott Vezet\u0151 \u00c1pol\u00f3: Kor\u00f3zs D\u00e1niel<\/strong><\/p>\n<hr>\n<p>El\u00e9rhet\u0151s\u00e9gek:<br>N\u0151v\u00e9rek: (+36-1) 464-8600\/1152<br>Orvosi szoba: (+36-1) 464-8600\/2506<br>Adminisztr\u00e1torok: (+36-1) 464-8600\/8725<\/p>\n<p>Feladata:<\/p>\n<ul>\n<li>A hormon\u00e1lis betegs\u00e9gben szenved\u0151 betegek fel, illetve \u00e1tv\u00e9tele, kivizsg\u00e1l\u00e1sa;<\/li>\n<li>a megfelel\u0151 kezel\u00e9s be\u00e1ll\u00edt\u00e1sa,<\/li>\n<li>a betegek hazabocs\u00e1t\u00e1sa, vagy<\/li>\n<li>sz\u00fcks\u00e9g eset\u00e9n m\u00e1s k\u00f3rh\u00e1zi profilra (oszt\u00e1lyra) \u00e1thelyez\u00e9se, vagy<\/li>\n<li>sz\u00fcks\u00e9g eset\u00e9n m\u00e1s k\u00f3rh\u00e1zba (int\u00e9zetbe) t\u00f6rt\u00e9n\u0151 \u00e1thelyez\u00e9se;<\/li>\n<li>a Nemzeti Diabetes K\u00f6zpont Szent Imre K\u00f3rh\u00e1zban lev\u0151 r\u00e9sz\u00e9nek m\u0171k\u00f6dtet\u00e9se<\/li>\n<li>endokrin szakmai konz\u00edlium ad\u00e1sa a t\u00e1rsprofiloknak (oszt\u00e1lyoknak);<\/li>\n<li>az orvosk\u00e9pz\u00e9sben, orvos tov\u00e1bbk\u00e9pz\u00e9sben, szakdolgoz\u00f3i k\u00e9pz\u00e9sben akkredit\u00e1ci\u00f3j\u00e1nak megfelel\u0151 feladatok ell\u00e1t\u00e1sa.<\/li>\n<\/ul>\n<p><strong>A profil \u00e1ltal m\u0171k\u00f6dtetett tov\u00e1bbi szakambulanci\u00e1k: <\/strong><\/p>\n<p><strong>Hypertonia \u00e9s kardiometabolikus szakambulancia<\/strong> \u2013 Rendel\u00e9s helye: \u201eK\u201d \u00e9p. fsz. 24.<\/p>\n<p>Rendel\u00e9si id\u0151: Keddt\u0151l-cs\u00fct\u00f6rt\u00f6kig 08.00-11.00 \u00f3r\u00e1ig. Telefon-sz\u00e1m: 464-8600\/1789. Beutal\u00f3 \u00e9s el\u0151jegyz\u00e9s sz\u00fcks\u00e9ges. El\u0151jegyz\u00e9s munkanap-okon 08.00 \u2013 11.00-ig a (+36-1) 464 8668 telefonsz\u00e1mon.<\/p>\n<p><em>Az Anyagcsere K\u00f6zpont h\u00e1rom f\u0151 ter\u00fclettel foglalkozik:\u00a0<\/em><\/p>\n<ul>\n<li><a href=\"#endokrinologia\">Endokrinol\u00f3gia<\/a><\/li>\n<li><a href=\"#diabetologia\">Diabetol\u00f3gia<\/a><\/li>\n<li><a href=\"#lipidologia\">Obezitol\u00f3gia \u2013 Lipidol\u00f3gia<\/a><\/li>\n<\/ul>\n<hr>\n<h2>Endokrinol\u00f3gia \u201eK\u201d \u00e9p\u00fclet II. emelet<\/h2>\n<p>Telefonsz\u00e1m: (+36-1) 464-8725<\/p>\n<p>N\u0151v\u00e9rpult: (+36-1) 464-1152<\/p>\n<p>Feladata:<\/p>\n<ul>\n<li>a hormon\u00e1lis betegs\u00e9gben szenved\u0151 betegek fel, illetve \u00e1tv\u00e9tele, kivizsg\u00e1l\u00e1sa;<\/li>\n<li>a megfelel\u0151 kezel\u00e9s be\u00e1ll\u00edt\u00e1sa,<\/li>\n<li>a betegek hazabocs\u00e1t\u00e1sa, vagy<\/li>\n<li>sz\u00fcks\u00e9g eset\u00e9n m\u00e1s k\u00f3rh\u00e1zi profilra (oszt\u00e1lyra) \u00e1thelyez\u00e9se, illetve<\/li>\n<li>sz\u00fcks\u00e9g eset\u00e9n m\u00e1s k\u00f3rh\u00e1zba (int\u00e9zetbe) t\u00f6rt\u00e9n\u0151 \u00e1thelyez\u00e9se;<\/li>\n<li>endokrin szakmai konz\u00edlium ad\u00e1sa a t\u00e1rsprofiloknak (oszt\u00e1lyoknak);<\/li>\n<li>az orvosk\u00e9pz\u00e9sben, orvos tov\u00e1bbk\u00e9pz\u00e9sben, szakdolgoz\u00f3i k\u00e9pz\u00e9sben akkredit\u00e1ci\u00f3j\u00e1nak megfelel\u0151 feladatok ell\u00e1t\u00e1sa.<\/li>\n<li>belgy\u00f3gy\u00e1szati kivizsg\u00e1l\u00e1s<\/li>\n<\/ul>\n<p><strong>A r\u00e9szleg \u00e1ltal m\u0171k\u00f6dtetett szakambulancia: <\/strong><\/p>\n<p><strong>Pajzsmirigy Ambulancia <\/strong>\u2013 Rendel\u00e9si hely : \u201eK\u201d \u00e9p\u00fclet fsz. 24-25.<\/p>\n<p>Telefonsz\u00e1m: (+36-1) 464-8756<\/p>\n<p>Beutal\u00f3 \u00e9s el\u0151jegyz\u00e9s sz\u00fcks\u00e9ges, ezen fel\u00fcl k\u00e9rj\u00fck a beteg adatait: n\u00e9v; sz\u00fclet\u00e9si id\u0151, hely; TAJ sz\u00e1m; anyja neve-; lakc\u00edm; el\u00e9rhet\u0151s\u00e9gi telefonsz\u00e1m; vizsg\u00e1latk\u00e9r\u00e9s indoka., labor.)<\/p>\n<p>El\u0151jegyz\u00e9s:<\/p>\n<p>H\u00e9tf\u0151t\u0151l-Cs\u00fct\u00f6rt\u00f6kig 8-10-\u00f3r\u00e1ig a (+36-1) 464-8756 telefonsz\u00e1mon<\/p>\n<p><strong>Endokrinol\u00f3giai Ambulancia <\/strong>\u00a0\u2013 Rendel\u00e9si hely : \u201eK\u201d \u00e9p\u00fclet fsz. 28-29.<\/p>\n<p>Telefonsz\u00e1m: (+36-1) 464-8668<\/p>\n<p>Beutal\u00f3 \u00e9s el\u0151jegyz\u00e9s sz\u00fcks\u00e9ges, ezen fel\u00fcl k\u00e9rj\u00fck a beteg adatait: n\u00e9v; sz\u00fclet\u00e9si id\u0151, hely; TAJ sz\u00e1m; anyja neve-; lakc\u00edm; el\u00e9rhet\u0151s\u00e9gi telefonsz\u00e1m; vizsg\u00e1latk\u00e9r\u00e9s indoka., labor.)<\/p>\n<p>El\u0151jegyz\u00e9s:<\/p>\n<p>H\u00e9tf\u0151t\u0151l-Cs\u00fct\u00f6rt\u00f6kig 8-11-\u00f3r\u00e1ig a (+36-1) 464-8668 telefonsz\u00e1mon<\/p>\n<hr>\n<p><strong>Diabetol\u00f3gia \u201eK\u201d \u00e9p\u00fclet II. emelet<\/strong><\/p>\n<p>Tel.:(+36-1) 464-8725<\/p>\n<p>Feladata:<\/p>\n<ul>\n<li>a diab\u00e9teszben szenved\u0151 illetve diab\u00e9tesz gyan\u00fas betegek fel-, illetve \u00e1tv\u00e9tele, kivizsg\u00e1l\u00e1sa;<\/li>\n<li>a megfelel\u0151 kezel\u00e9s be\u00e1ll\u00edt\u00e1sa,<\/li>\n<li>a betegek hazabocs\u00e1t\u00e1sa, vagy sz\u00fcks\u00e9g eset\u00e9n m\u00e1s k\u00f3rh\u00e1zi profilra (oszt\u00e1lyra) \u00e1thelyez\u00e9se, vagy sz\u00fcks\u00e9g eset\u00e9n m\u00e1s k\u00f3rh\u00e1zba (int\u00e9zetbe) t\u00f6rt\u00e9n\u0151 \u00e1thelyez\u00e9se;<\/li>\n<li>a Nemzeti Diabetes K\u00f6zpont Szent Imre K\u00f3rh\u00e1zban lev\u0151 r\u00e9sz\u00e9nek m\u0171k\u00f6dtet\u00e9se<\/li>\n<li>az orvosk\u00e9pz\u00e9sben, orvos tov\u00e1bbk\u00e9pz\u00e9sben, szakdolgoz\u00f3i k\u00e9pz\u00e9sben akkredit\u00e1ci\u00f3j\u00e1nak megfelel\u0151 feladatok ell\u00e1t\u00e1sa.<\/li>\n<\/ul>\n<p>A r\u00e9szleg \u00e1ltal m\u0171k\u00f6dtetett szakambulanci\u00e1k:<\/p>\n<p><strong>Diab\u00e9tesz szakambulancia \u2013 Rendel\u00e9si hely:<\/strong> \u201eK\u201d \u00e9p\u00fclet fsz. 31. Telefonsz\u00e1m: (+36-1) 464-8759\u00a0 Rendel\u00e9si id\u0151: minden nap 11.00-13.00 k\u00f6z\u00f6tt. El\u0151jegyz\u00e9s \u00e9s beutal\u00f3 sz\u00fcks\u00e9ges. El\u0151jegyz\u00e9s munkanapokon naponta 08.00 \u00e9s 10.00 k\u00f6z\u00f6tt a 464 8758 telefonon<\/p>\n<p><strong>Dietetika<\/strong> \u2013 Telefonsz\u00e1m:\u00a0(+36-1) 464-8600\/1132; 2402; 2404; 2408-as mell\u00e9kek<\/p>\n<p><strong>Terhes diabetol\u00f3giai szakambulancia<\/strong> \u2013 Rendel\u00e9si hely : \u201eK\u201d \u00e9p\u00fclet fsz. 30. Rendel\u00e9si id\u0151: minden kedden 08.00-09.00 k\u00f6z\u00f6tt. Beutal\u00f3 sz\u00fcks\u00e9ges. A betegek fogad\u00e1sa \u00e9rkez\u00e9si sorrendben t\u00f6rt\u00e9nik, el\u0151jegyz\u00e9s nem sz\u00fcks\u00e9ges.<\/p>\n<hr>\n<p><strong style=\"font-size: 18px;\">Obezitol\u00f3gia \u2013 Lipidol\u00f3gia \u2013 <strong>\u201eB\u201d \u00e9p\u00fclet f\u00f6ldszint<br>Dietetikus: N\u00e9meth-T\u00f3th Fruzsina<br><\/strong><\/strong><\/p>\n<p>El\u00e9rhet\u0151s\u00e9gek:<br>Tel: (+36-1) 464-8615<\/p>\n<p>Tel.: (+36-1) 464 \u2013 8721<\/p>\n<p>Tel: (+36-1) 464-8600\/1330 mell\u00e9k<\/p>\n<p>Kezel\u0151: (+36-1) 464-8600\/8725 mell\u00e9k<\/p>\n<p>N\u0151v\u00e9rszoba tel: (+36-1) 464-8615<br>Szakambulancia (rendel\u00e9si id\u0151ben) tel: (+36-1) 464-8600\/2326<\/p>\n<p>A Lipidol\u00f3giai Profil 20+8 \u00e1gyon foglalkozik elh\u00edzott, egy\u00e9b rizik\u00f3faktorokkal is terhelt egy\u00e9nek kivizsg\u00e1l\u00e1s\u00e1val \u00e9s kezel\u00e9s\u00e9vel, a B \u00e9p\u00fclet f\u00f6ldszintj\u00e9n, komfortos, f\u00fcrd\u0151szob\u00e1s, telev\u00edzi\u00f3s 2-4 \u00e1gyas szob\u00e1kban. A t\u00fals\u00falyos-elh\u00edzott egy\u00e9neket a h\u00e1ziorvos utalja be a Lipidol\u00f3giai Profil Lipid Ambulanci\u00e1j\u00e1ra, ahol orvosok, dietetikusok l\u00e1tj\u00e1k el \u0151ket ill. sz\u00fcks\u00e9g eset\u00e9n el\u0151jegyzik a Lipidol\u00f3giai Profil egyhetes turnusokban szervezett tests\u00falycs\u00f6kkent\u0151 programjaira. Ez h\u00e1rom r\u00e9szb\u0151l \u00e1ll:<\/p>\n<ul>\n<li>600-800 kal\u00f3ri\u00e1s di\u00e9ta<\/li>\n<li>belgy\u00f3gy\u00e1szati, sz.e. hormon\u00e1lis, ill. kardiol\u00f3giai kivizsg\u00e1l\u00e1s<\/li>\n<li>az elh\u00edzottak hossz\u00fa t\u00e1v\u00fa, otthoni 1200-1500 kal\u00f3ri\u00e1s di\u00e9t\u00e1j\u00e1ra val\u00f3 kik\u00e9pz\u00e9se (csoportfoglalkoz\u00e1sok, dietetikusi k\u00e9pz\u00e9s, videofilmek, tornaprogram).<\/li>\n<\/ul>\n<p>A tests\u00faly-cs\u00f6kkent\u00e9s eredm\u00e9nyess\u00e9g\u00e9t a Lipid Ambulanci\u00e1n ellen\u0151rizz\u00fck. Az elh\u00edz\u00e1shoz leggyakrabban csatlakoz\u00f3 k\u00eds\u00e9r\u0151 betegs\u00e9gek, a magas v\u00e9rnyom\u00e1s, a magas v\u00e9rzs\u00edr-szint, cukorbetegs\u00e9g \u00e9s a n\u00e9gyes fogat \u00e1ltal alkotott metabolikus szindr\u00f3ma felm\u00e9r\u00e9se \u00e9s sz\u00fcks\u00e9g szerinti kivizsg\u00e1l\u00e1sa, ell\u00e1t\u00e1sa is a Lipidol\u00f3giai Profil tev\u00e9kenys\u00e9gi k\u00f6r\u00e9be tartozik.<br>Az egyheti \u00e1tlagos fogy\u00e1s 4 kg k\u00f6r\u00fcl van, mely az otthoni di\u00e9ta mellett heti 0,5 kg-al folytathat\u00f3, f\u00e9l \u00e9v alatt 12 kg-ot el\u00e9rhet. A Lipidol\u00f3giai Profil r\u00e9szben \u00faj di\u00e9t\u00e1kat is kidolgozott, mint a nemcsak kal\u00f3riaszeg\u00e9ny, zs\u00edrszeg\u00e9ny, hanem a gyorsan felsz\u00edv\u00f3d\u00f3 sz\u00e9nhidr\u00e1tok korl\u00e1toz\u00e1s\u00e1val j\u00e1r\u00f3 hossz\u00fa t\u00e1v\u00fa di\u00e9ta. A Lipidol\u00f3giai Profil a zs\u00edranyagcsere betegs\u00e9geket ell\u00e1t\u00f3 egyik orsz\u00e1gos k\u00f6zpont a SOTE III. \u00e9s a debreceni I. belklinik\u00e1k mellett, \u00edgy az orsz\u00e1g eg\u00e9sz ter\u00fclet\u00e9r\u0151l fogad \u2013 a h\u00e1ziorvosok k\u00f6zvet\u00edt\u00e9s\u00e9vel \u2013 betegeket. 1983 \u00f3ta mintegy 18 000 elh\u00edzott vett r\u00e9szt a IV.Bel-gy\u00f3gy\u00e1szati oszt\u00e1ly keret\u00e9n bel\u00fcl indult k\u00f3rh\u00e1zi kezel\u00e9sben.<\/p>\n<p><strong>A profil \u00e1ltal m\u0171k\u00f6dtetett szakambulanci\u00e1k: <\/strong><strong>Obezitol\u00f3gia, lipidol\u00f3gia szakambulancia<\/strong>\u2013 Rendel\u00e9si hely : \u201eK\u201d \u00e9p\u00fclet fsz. 27. Rendel\u00e9si id\u0151: H: 09.00-14.00 K: 08.00-14.00 Sze: 09.00-14.00\u00a0 Cs\u00fc: 09:00-11:00 H\u00e1ziorvosi beutal\u00f3 \u00e9s labor lelet sz\u00fcks\u00e9ges. El\u0151jegyz\u00e9s cs\u00fct\u00f6rt\u00f6k\u00f6n 11.00 \u2013 14:00, p\u00e9nteken 08.00-14.00 a (+36-1) 464-8600\/2326 telefonsz\u00e1mon.<\/p>\n\n\n<p><\/p>\n\n\n\n\t<div class=\"dkpdf-button-container\" style=\"            text-align:right \">\n\n\t\t<a class=\"dkpdf-button\" href=\"\/index.php\/wp-json\/wp\/v2\/pages\/231?pdf=231\" target=\"_blank\"><span class=\"dkpdf-button-icon\"><i class=\"fa fa-file-pdf-o\"><\/i><\/span> Let\u00f6lt\u00e9s<\/a>\n\n\t<\/div>\n\n\n\n\n\n<!-- PMB print buttons is only displayed on a single post\/page URLs-->","protected":false},"excerpt":{"rendered":"<p>\n\t\u00a0<\/p>\n","protected":false},"author":3,"featured_media":0,"parent":0,"menu_order":8,"comment_status":"closed","ping_status":"closed","template":"","meta":{"_acf_changed":false,"footnotes":""},"categories":[],"tags":[],"class_list":["post-231","page","type-page","status-publish","hentry"],"acf":[],"post_type":"page","author_name":"backup","_links":{"self":[{"href":"https:\/\/www.szentimrekorhaz.hu\/index.php\/wp-json\/wp\/v2\/pages\/231","targetHints":{"allow":["GET"]}}],"collection":[{"href":"https:\/\/www.szentimrekorhaz.hu\/index.php\/wp-json\/wp\/v2\/pages"}],"about":[{"href":"https:\/\/www.szentimrekorhaz.hu\/index.php\/wp-json\/wp\/v2\/types\/page"}],"author":[{"embeddable":true,"href":"https:\/\/www.szentimrekorhaz.hu\/index.php\/wp-json\/wp\/v2\/users\/3"}],"replies":[{"embeddable":true,"href":"https:\/\/www.szentimrekorhaz.hu\/index.php\/wp-json\/wp\/v2\/comments?post=231"}],"version-history":[{"count":23,"href":"https:\/\/www.szentimrekorhaz.hu\/index.php\/wp-json\/wp\/v2\/pages\/231\/revisions"}],"predecessor-version":[{"id":3317,"href":"https:\/\/www.szentimrekorhaz.hu\/index.php\/wp-json\/wp\/v2\/pages\/231\/revisions\/3317"}],"wp:attachment":[{"href":"https:\/\/www.szentimrekorhaz.hu\/index.php\/wp-json\/wp\/v2\/media?parent=231"}],"wp:term":[{"taxonomy":"category","embeddable":true,"href":"https:\/\/www.szentimrekorhaz.hu\/index.php\/wp-json\/wp\/v2\/categories?post=231"},{"taxonomy":"post_tag","embeddable":true,"href":"https:\/\/www.szentimrekorhaz.hu\/index.php\/wp-json\/wp\/v2\/tags?post=231"}],"curies":[{"name":"wp","href":"https:\/\/api.w.org\/{rel}","templated":true}]}}