{"id":232,"date":"2009-10-07T16:12:57","date_gmt":"2009-10-07T14:12:57","guid":{"rendered":"http:\/\/localhost\/index.php\/altalanos-kardiologiai-profil-koronaria-rz\/"},"modified":"2009-10-07T16:12:57","modified_gmt":"2009-10-07T14:12:57","slug":"altalanos-kardiologiai-profil-koronaria-rz","status":"publish","type":"page","link":"https:\/\/www.szentimrekorhaz.hu\/index.php\/altalanos-kardiologiai-profil-koronaria-rz\/","title":{"rendered":"\u00c1ltal\u00e1nos Kardiol\u00f3giai Profil, Koron\u00e1ria \u0150rz\u0151"},"content":{"rendered":"<p>\n\t<strong>\u00a0\u00c1ltal\u00e1nos Kardiol\u00f3giai Profil<\/strong><\/p>\n<p>\n\t<strong><u>\u201eC\u201d \u00e9p\u00fclet III.- IV. emelet:<\/u>\u00a0B4 b\u00e1zis \u00e1pol\u00e1si egys\u00e9g<\/strong><\/p>\n<p>\n\t<strong>Profilvezet\u0151 f\u0151orvos: Dr. J\u00e1rai Zolt\u00e1n, c. egyetemi tan\u00e1r<\/strong><\/p>\n<p>\n\t<strong>\u00c1pol\u00e1si egys\u00e9gvezet\u0151 f\u0151n\u0151v\u00e9r: Cs\u00e1k Annam\u00e1ria<\/strong><\/p>\n<p>\n\t<strong>Tel.:(+36-1)-464-8723; 464-8724<\/strong><\/p>\n<p>\n\t<strong>Fax.: (+36-1)-464-8723<\/strong><\/p>\n<p>\n\te-mail: <a href=\"mailto:kardiologia@szentimrekorhaz.hu\">kardiologia@szentimrekorhaz.hu<\/a><\/p>\n<p>\n\t\u00a0<\/p>\n<p>\n\t<u>\u00a0\u201eA\u201d \u00e9p\u00fclet IV. emelet:<\/u> Kardiol\u00f3giai \u0150rz\u0151<\/p>\n<p>\n\tR\u00e9szlegvezet\u0151: dr. \u00c1cs Tam\u00e1s f\u0151orvos<\/p>\n<p>\n\t\u00c1pol\u00e1si r\u00e9szlegvezet\u0151 f\u0151n\u0151v\u00e9r: Gyurcs\u00f3 Marianna<\/p>\n<p>\n\t\u00a0<\/p>\n<p>\n\t<strong>Az \u00c1ltal\u00e1nos Kardiol\u00f3giai Profil feladata: <\/strong><\/p>\n<p>\n\tA sz\u00edv- \u00e9s \u00e9rrendszeri betegs\u00e9gekben szenved\u0151 betegek ambul\u00e1ns, illetve k\u00f3rh\u00e1zi ell\u00e1t\u00e1sa, kivizsg\u00e1l\u00e1sa, gy\u00f3gykezel\u00e9se \u00e9s gondoz\u00e1sa. A betegs\u00e9gek felismer\u00e9s\u00e9hez a k\u00f6vetkez\u0151 m\u0171szeres vizsg\u00e1latok \u00e1llnak rendelkez\u00e9sre: EKG, Holter EKG, terhel\u00e9ses EKG, sz\u00edvultrahang (echocardiogaphia), valamint el\u00e9rhet\u0151 t\u00e1rsoszt\u00e1lyok k\u00f6zrem\u0171k\u00f6d\u00e9s\u00e9vel a sz\u00edvizot\u00f3p, illetve CT vizsg\u00e1lat. A diagnosztikus ill. ter\u00e1pi\u00e1s sz\u00edvkat\u00e9teres beavatkoz\u00e1sokat, valamint a sz\u00fcks\u00e9ges sz\u00edvm\u0171t\u00e9teket d\u00f6nt\u0151en a Semmelweis Egyetem V\u00e1rosmajori Sz\u00edv- \u00e9s \u00c9rgy\u00f3gy\u00e1szati Klinika v\u00e9gzi. K\u00fcl\u00f6n k\u00e9r\u00e9sre, t\u00e9r\u00edt\u00e9s ellen\u00e9ben kiemelt hotelszolg\u00e1ltat\u00e1s biztos\u00edthat\u00f3.<\/p>\n<p>\n\t\u00a0<\/p>\n<p>\n\t<strong>Az \u00c1ltal\u00e1nos Kardiol\u00f3giai Profil \u00e1ltal m\u0171k\u00f6dtetett szakambulanci\u00e1k, rendel\u00e9si id\u0151k, a rendel\u00e9st v\u00e9gz\u0151 orvosok:\u00a0 <\/strong><\/p>\n<p>\n\t\u00a0<\/p>\n<p>\n\t<strong><em><u>1. Kardiol\u00f3giai szakambulancia I + belgy\u00f3gy\u00e1szati oszt\u00e1lyos ambulancia<\/u><\/em><\/strong><\/p>\n<p>\n\t<strong>Rendel\u00e9si hely: \u201eR\u201d \u00e9p. II. emelet 207 szoba<\/strong><\/p>\n<p>\n\t<strong>Beutal\u00f3 \u00e9s el\u0151jegyz\u00e9s sz\u00fcks\u00e9ges<\/strong> (tel.: 464-8773, el\u0151jegyz\u00e9s minden nap 08:00-09:30 k\u00f6z\u00f6tt).<\/p>\n<p>\n\t<strong><em>Rendel\u00e9si id\u0151: <\/em><\/strong><\/p>\n<table border=\"0\" cellpadding=\"0\" cellspacing=\"0\">\n<tbody>\n<tr>\n<td style=\"width:104px;height:34px;\">\n<p>\n\t\t\t\t\tH\u00e9tf\u0151:<\/p>\n<\/td>\n<td style=\"width:123px;height:34px;\">\n<p>\n\t\t\t\t\td\u00e9lel\u0151tt:<\/p>\n<\/td>\n<td style=\"width:378px;height:34px;\">\n<p>\n\t\t\t\t\tDr. D\u00e9r Katalin szakorvos<br>\n\t\t\t\t\tDr. Tenczer J\u00f3zsef f\u0151orvos, egyetemi tan\u00e1r<\/p>\n<\/td>\n<\/tr>\n<tr>\n<td style=\"width:104px;height:34px;\">\n<p>\n\t\t\t\t\t\u00a0<\/p>\n<\/td>\n<td style=\"width:123px;height:34px;\">\n<p>\n\t\t\t\t\td\u00e9lut\u00e1n:<\/p>\n<\/td>\n<td style=\"width:378px;height:34px;\">\n<p>\n\t\t\t\t\tDr. Patthy \u00c1d\u00e1m adjunktus<\/p>\n<\/td>\n<\/tr>\n<tr>\n<td style=\"width:104px;height:34px;\">\n<p>\n\t\t\t\t\tKedd:<\/p>\n<\/td>\n<td style=\"width:123px;height:34px;\">\n<p>\n\t\t\t\t\td\u00e9lel\u0151tt:<\/p>\n<\/td>\n<td style=\"width:378px;height:34px;\">\n<p>\n\t\t\t\t\tDr. Losonczi Gy\u00f6rgy f\u0151orvos<\/p>\n<\/td>\n<\/tr>\n<tr>\n<td style=\"width:104px;height:34px;\">\n<p>\n\t\t\t\t\t\u00a0<\/p>\n<\/td>\n<td style=\"width:123px;height:34px;\">\n<p>\n\t\t\t\t\td\u00e9lut\u00e1n:<\/p>\n<\/td>\n<td style=\"width:378px;height:34px;\">\n<p>\n\t\t\t\t\tDr. \u00c1cs Tam\u00e1s profilvezet\u0151-helyettes f\u0151orvos<\/p>\n<\/td>\n<\/tr>\n<tr>\n<td style=\"width:104px;height:34px;\">\n<p>\n\t\t\t\t\tSzerda:<\/p>\n<\/td>\n<td style=\"width:123px;height:34px;\">\n<p>\n\t\t\t\t\td\u00e9lel\u0151tt:<\/p>\n<\/td>\n<td style=\"width:378px;height:34px;\">\n<p>\n\t\t\t\t\tDr. L\u00e1szl\u00f3 \u00c1gnes adjunktus<br>\n\t\t\t\t\tDr. Tenczer J\u00f3zsef f\u0151orvos, egyetemi tan\u00e1r<\/p>\n<\/td>\n<\/tr>\n<tr>\n<td style=\"width:104px;height:34px;\">\n<p>\n\t\t\t\t\t\u00a0<\/p>\n<\/td>\n<td style=\"width:123px;height:34px;\">\n<p>\n\t\t\t\t\td\u00e9lut\u00e1n:<\/p>\n<\/td>\n<td style=\"width:378px;height:34px;\">\n<p>\n\t\t\t\t\tDr. Kerkovits Andr\u00e1s profilvezet\u0151 f\u0151orvos<\/p>\n<\/td>\n<\/tr>\n<tr>\n<td style=\"width:104px;height:34px;\">\n<p>\n\t\t\t\t\tCs\u00fct\u00f6rt\u00f6k:<\/p>\n<\/td>\n<td style=\"width:123px;height:34px;\">\n<p>\n\t\t\t\t\td\u00e9lel\u0151tt:<\/p>\n<\/td>\n<td style=\"width:378px;height:34px;\">\n<p>\n\t\t\t\t\tDr. Herendi Ildik\u00f3 f\u0151orvos<\/p>\n<\/td>\n<\/tr>\n<tr>\n<td style=\"width:104px;height:34px;\">\n<p>\n\t\t\t\t\t\u00a0<\/p>\n<\/td>\n<td style=\"width:123px;height:34px;\">\n<p>\n\t\t\t\t\td\u00e9lut\u00e1n:<\/p>\n<\/td>\n<td style=\"width:378px;height:34px;\">\n<p>\n\t\t\t\t\tDr. Sallai L\u00e1szl\u00f3 Ph.D., f\u0151orvos<\/p>\n<\/td>\n<\/tr>\n<tr>\n<td style=\"width:104px;height:34px;\">\n<p>\n\t\t\t\t\tP\u00e9ntek:<\/p>\n<\/td>\n<td style=\"width:123px;height:34px;\">\n<p>\n\t\t\t\t\td\u00e9lel\u0151tt:<\/p>\n<\/td>\n<td style=\"width:378px;height:34px;\">\n<p>\n\t\t\t\t\tDr. Eperjessy Katalin adjunktus<\/p>\n<p>\n\t\t\t\t\tDr. Tenczer J\u00f3zsef f\u0151orvos, egyetemi tan\u00e1r<\/p>\n<\/td>\n<\/tr>\n<\/tbody>\n<\/table>\n<p>\n\t\u00a0<\/p>\n<p>\n\t<strong><em><u>2. Kardiol\u00f3giai szakambulancia II + Echocardiographia Szakambulancia j\u00e1r\u00f3betegek r\u00e9sz\u00e9re<\/u><\/em><\/strong><\/p>\n<p>\n\t<strong>Rendel\u00e9si hely: \u201eR\u201d \u00e9p. II. emelet 211 szoba <\/strong><\/p>\n<p>\n\t<strong>Beutal\u00f3 \u00e9s el\u0151jegyz\u00e9s sz\u00fcks\u00e9ges<\/strong> (tel.: 464-8773, el\u0151jegyz\u00e9s minden nap 08:00-10:00 k\u00f6z\u00f6tt).<\/p>\n<p>\n\t<strong><em>Rendel\u00e9si id\u0151: <\/em><\/strong><\/p>\n<table border=\"0\" cellpadding=\"0\" cellspacing=\"0\">\n<tbody>\n<tr>\n<td style=\"width:104px;height:34px;\">\n<p>\n\t\t\t\t\tH\u00e9tf\u0151:<\/p>\n<\/td>\n<td style=\"width: 94px; height: 34px;\">\n<p>\n\t\t\t\t\td\u00e9lel\u0151tt:<\/p>\n<\/td>\n<td style=\"width: 407px; height: 34px;\">\n<p>\n\t\t\t\t\techocardiographia ambul\u00e1ns betegeknek<\/p>\n<\/td>\n<\/tr>\n<tr>\n<td style=\"width:104px;height:34px;\">\n<p>\n\t\t\t\t\t\u00a0<\/p>\n<\/td>\n<td style=\"width: 94px; height: 34px;\">\n<p>\n\t\t\t\t\td\u00e9lut\u00e1n:<\/p>\n<\/td>\n<td style=\"width: 407px; height: 34px;\">\n<p>\n\t\t\t\t\tDr. K\u00e1ntor Ferenc adjunktus<\/p>\n<\/td>\n<\/tr>\n<tr>\n<td style=\"width:104px;height:34px;\">\n<p>\n\t\t\t\t\tKedd:<\/p>\n<\/td>\n<td style=\"width: 94px; height: 34px;\">\n<p>\n\t\t\t\t\td\u00e9lel\u0151tt:<\/p>\n<\/td>\n<td style=\"width: 407px; height: 34px;\">\n<p>\n\t\t\t\t\techocardiographia ambul\u00e1ns betegeknek<\/p>\n<\/td>\n<\/tr>\n<tr>\n<td style=\"width:104px;height:34px;\">\n<p>\n\t\t\t\t\t\u00a0<\/p>\n<\/td>\n<td style=\"width: 94px; height: 34px;\">\n<p>\n\t\t\t\t\td\u00e9lut\u00e1n:<\/p>\n<\/td>\n<td style=\"width: 407px; height: 34px;\">\n<p>\n\t\t\t\t\tDr. Simon Andr\u00e1s adjunktus<\/p>\n<\/td>\n<\/tr>\n<tr>\n<td style=\"width:104px;height:34px;\">\n<p>\n\t\t\t\t\tSzerda:<\/p>\n<\/td>\n<td style=\"width: 94px; height: 34px;\">\n<p>\n\t\t\t\t\td\u00e9lel\u0151tt:<\/p>\n<\/td>\n<td style=\"width: 407px; height: 34px;\">\n<p>\n\t\t\t\t\techocardiographia ambul\u00e1ns betegeknek<\/p>\n<\/td>\n<\/tr>\n<tr>\n<td style=\"width:104px;height:34px;\">\n<p>\n\t\t\t\t\t\u00a0<\/p>\n<\/td>\n<td style=\"width: 94px; height: 34px;\">\n<p>\n\t\t\t\t\td\u00e9lut\u00e1n:<\/p>\n<\/td>\n<td style=\"width: 407px; height: 34px;\">\n<p>\n\t\t\t\t\tDr. J\u00e1rai Zolt\u00e1n profilvezet\u0151 f\u0151orvos, c. egyetemi tan\u00e1r<\/p>\n<\/td>\n<\/tr>\n<tr>\n<td style=\"width:104px;height:34px;\">\n<p>\n\t\t\t\t\tCs\u00fct\u00f6rt\u00f6k:<\/p>\n<\/td>\n<td style=\"width: 94px; height: 34px;\">\n<p>\n\t\t\t\t\td\u00e9lel\u0151tt:<\/p>\n<\/td>\n<td style=\"width: 407px; height: 34px;\">\n<p>\n\t\t\t\t\techocardiographia ambul\u00e1ns betegeknek<\/p>\n<\/td>\n<\/tr>\n<tr>\n<td style=\"width:104px;height:34px;\">\n<p>\n\t\t\t\t\t\u00a0<\/p>\n<\/td>\n<td style=\"width: 94px; height: 34px;\">\n<p>\n\t\t\t\t\td\u00e9lut\u00e1n:<\/p>\n<\/td>\n<td style=\"width: 407px; height: 34px;\">\n<p>\n\t\t\t\t\tDr. Sz\u00e9l K\u00e1lm\u00e1n f\u0151orvos<\/p>\n<\/td>\n<\/tr>\n<tr>\n<td style=\"width:104px;height:34px;\">\n<p>\n\t\t\t\t\tP\u00e9ntek:<\/p>\n<\/td>\n<td style=\"width: 94px; height: 34px;\">\n<p>\n\t\t\t\t\td\u00e9lel\u0151tt:<\/p>\n<\/td>\n<td style=\"width: 407px; height: 34px;\">\n<p>\n\t\t\t\t\techocardiographia ambul\u00e1ns betegeknek<\/p>\n<\/td>\n<\/tr>\n<\/tbody>\n<\/table>\n<p>\n\t\u00a0<\/p>\n<p>\n\t<strong><em><u>3. EKG Szakambulancia<\/u><\/em><\/strong><\/p>\n<p>\n\t<strong>Rendel\u00e9si hely: \u201eC\u201d \u00e9p\u00fclet IV. emelet 437 szoba<\/strong><\/p>\n<p>\n\t<strong>El\u0151jegyz\u00e9s nem sz\u00fcks\u00e9ges.<\/strong><\/p>\n<p>\n\tJ\u00e1r\u00f3betegek r\u00e9sz\u00e9re: naponta 08:00-09:00 k\u00f6z\u00f6tt \u00e9s 10:00-11:00 k\u00f6z\u00f6tt<\/p>\n<p>\n\tFekv\u0151betegek r\u00e9sz\u00e9re (helysz\u00edni): naponta 09:00-10:00 k\u00f6z\u00f6tt \u00e9s 11:00 ut\u00e1n.<\/p>\n<p>\n\t\u00a0<\/p>\n<p>\n\t<strong><em><u>4. Terhel\u00e9ses EKG<\/u><\/em><\/strong><\/p>\n<p>\n\t<strong>Rendel\u00e9si hely: \u201eR\u201d \u00e9p. II. emelet 208 szoba<\/strong><\/p>\n<p>\n\t<strong>Szakorvosi javaslat alapj\u00e1n vehet\u0151k ig\u00e9nybe.<\/strong><\/p>\n<p>\n\t<strong>Beutal\u00f3 \u00e9s el\u0151jegyz\u00e9s sz\u00fcks\u00e9ges<\/strong> (tel.: 464-8600\/1153, vagy 1506; el\u0151jegyz\u00e9s 08:00-15:00 k\u00f6z\u00f6tt).<\/p>\n<p>\n\tNaponta 10:00-15:00 k\u00f6z\u00f6tt folyamatosan orvosi fel\u00fcgyelettel<\/p>\n<p>\n\t\u00a0<\/p>\n<p>\n\t<strong><em><u>5. 24 \u00f3r\u00e1s Holter EKG Szakambulancia<\/u><\/em><\/strong><\/p>\n<p>\n\t<strong>Rendel\u00e9si hely: \u201eR\u201d \u00e9p. II. emelet 206 szoba<\/strong><\/p>\n<p>\n\t<strong>Szakorvosi javaslat alapj\u00e1n vehet\u0151k ig\u00e9nybe.<\/strong><\/p>\n<p>\n\t<strong>Beutal\u00f3 \u00e9s el\u0151jegyz\u00e9s sz\u00fcks\u00e9ges<\/strong> (tel.: 464-8600\/1506, el\u0151jegyz\u00e9s 08:00-09:00 k\u00f6z\u00f6tt).<\/p>\n<p>\n\tK\u00e9sz\u00fcl\u00e9kek felrak\u00e1sa\/lev\u00e9tele j\u00e1r\u00f3betegek r\u00e9sz\u00e9re: naponta 09:00-10:00 k\u00f6z\u00f6tt, 10:00 ut\u00e1n helysz\u00edni.<\/p>\n<p>\n\t\u00a0<\/p>\n<p>\n\t<strong><em><u>6. Echocardiographia Szakambulancia<\/u><\/em><\/strong><\/p>\n<p>\n\t<strong>Rendel\u00e9si hely: \u201eC\u201d \u00e9p\u00fclet IV. emelet, 467 szoba \u00e9s \u201eR\u201d \u00e9p\u00fclet II. emelet, 211 szoba<\/strong><\/p>\n<p>\n\t<strong>Szakorvosi javaslat alapj\u00e1n vehet\u0151k ig\u00e9nybe.<\/strong><\/p>\n<p>\n\t<strong>Beutal\u00f3 \u00e9s el\u0151jegyz\u00e9s sz\u00fcks\u00e9ges<\/strong> (tel.: 464-8600\/2400, el\u0151jegyz\u00e9s 08:00-15:00 k\u00f6z\u00f6tt).<\/p>\n<p>\n\tNaponta 08:00-15:00 k\u00f6z\u00f6tt folyamatosan.<\/p>\n<p>\n\tSzakrendel\u00e9st v\u00e9gz\u0151 szakorvosok: Dr. D\u00e9r Katalin, Dr. Eperjessy Katalin, Dr. Godina Gabriella, Dr. Herendi Ildik\u00f3, dr. J\u00e1rai Zolt\u00e1n, dr. Nemes Bal\u00e1zs, dr. Patthy \u00c1d\u00e1m, dr. Sallai L\u00e1szl\u00f3, dr. Sz\u00e9l K\u00e1lm\u00e1n, dr. Simon Andr\u00e1s.<\/p>\n<p>\n\t\u00a0<\/p>\n<p>\n\t<a href=\"https:\/\/www.szentimrekorhaz.hu\/szolgaltatasaink\/jarobetegszakellatas\/116-kardiologia.html\">Kattints ide az oszt\u00e1ly j\u00e1r\u00f3beteg ell\u00e1t\u00e1s\u00e1ra.<\/a><\/p>\n<p>\n\t\u00a0<\/p>\n<table border=\"0\" cellpadding=\"0\" cellspacing=\"0\" style=\"width:640px;\" width=\"640\">\n<colgroup>\n<col span=\"2\">\n\t<\/colgroup>\n<tbody>\n<tr height=\"30\">\n<td height=\"30\" style=\"height:30px;width:320px;\">\n\t\t\t\t<span style=\"font-family:arial,helvetica,sans-serif;\"><span style=\"font-size:12px;\"><strong>Az oszt\u00e1ly orvosai:<\/strong><\/span><\/span><\/td>\n<td style=\"width:320px;\">\n\t\t\t\t\u00a0<\/td>\n<\/tr>\n<tr height=\"23\">\n<td height=\"23\" style=\"height:23px;width:320px;\">\n\t\t\t\t<span style=\"font-family:arial,helvetica,sans-serif;\"><span style=\"font-size:12px;\">Dr. Prof. J\u00e1rai Zolt\u00e1n Mikl\u00f3s Ph.D<\/span><\/span><\/td>\n<td style=\"width:320px;\">\n\t\t\t\t<span style=\"font-family:arial,helvetica,sans-serif;\"><span style=\"font-size:12px;\">profilvezet\u0151 f\u0151orvos<\/span><\/span><\/td>\n<\/tr>\n<tr height=\"30\">\n<td height=\"30\" style=\"height:30px;width:320px;\">\n\t\t\t\t<span style=\"font-family:arial,helvetica,sans-serif;\"><span style=\"font-size:12px;\">Dr. \u00c1cs Mih\u00e1ly Tam\u00e1s<\/span><\/span><\/td>\n<td style=\"width:320px;\">\n\t\t\t\t<span style=\"font-family:arial,helvetica,sans-serif;\"><span style=\"font-size:12px;\">szakorvos<\/span><\/span><\/td>\n<\/tr>\n<tr height=\"30\">\n<td height=\"30\" style=\"height:30px;width:320px;\">\n\t\t\t\t<span style=\"font-family:arial,helvetica,sans-serif;\"><span style=\"font-size:12px;\">Dr. Baracsi-Botos Vikt\u00f3ria<\/span><\/span><\/td>\n<td style=\"width:320px;\">\n\t\t\t\t<span style=\"font-family:arial,helvetica,sans-serif;\"><span style=\"font-size:12px;\">szakorvos<\/span><\/span><\/td>\n<\/tr>\n<tr height=\"30\">\n<td height=\"30\" style=\"height:30px;width:320px;\">\n\t\t\t\t<span style=\"font-family:arial,helvetica,sans-serif;\"><span style=\"font-size:12px;\">Dr. Bodn\u00e1r Andr\u00e1sn\u00e9 Dr. Herendi Ildik\u00f3<\/span><\/span><\/td>\n<td style=\"width:320px;\">\n\t\t\t\t<span style=\"font-family:arial,helvetica,sans-serif;\"><span style=\"font-size:12px;\">szakorvos<\/span><\/span><\/td>\n<\/tr>\n<tr height=\"30\">\n<td height=\"30\" style=\"height:30px;width:320px;\">\n\t\t\t\t<span style=\"font-family:arial,helvetica,sans-serif;\"><span style=\"font-size:12px;\">Dr. Bukosza \u00c9va N\u00f3ra Ph.D<\/span><\/span><\/td>\n<td style=\"width:320px;\">\n\t\t\t\t<span style=\"font-family:arial,helvetica,sans-serif;\"><span style=\"font-size:12px;\">szakorvos<\/span><\/span><\/td>\n<\/tr>\n<tr height=\"30\">\n<td height=\"30\" style=\"height:30px;width:320px;\">\n\t\t\t\t<span style=\"font-family:arial,helvetica,sans-serif;\"><span style=\"font-size:12px;\">Dr. Csapl\u00e1ros D\u00f3ra<\/span><\/span><\/td>\n<td style=\"width:320px;\">\n\t\t\t\t<span style=\"font-family:arial,helvetica,sans-serif;\"><span style=\"font-size:12px;\">szakorvos<\/span><\/span><\/td>\n<\/tr>\n<tr height=\"30\">\n<td height=\"30\" style=\"height:30px;width:320px;\">\n\t\t\t\t<span style=\"font-family:arial,helvetica,sans-serif;\"><span style=\"font-size:12px;\">Dr. K\u00e1ntor Ferenc<\/span><\/span><\/td>\n<td style=\"width:320px;\">\n\t\t\t\t<span style=\"font-family:arial,helvetica,sans-serif;\"><span style=\"font-size:12px;\">szakorvos<\/span><\/span><\/td>\n<\/tr>\n<tr height=\"30\">\n<td height=\"30\" style=\"height:30px;width:320px;\">\n\t\t\t\t<span style=\"font-family:arial,helvetica,sans-serif;\"><span style=\"font-size:12px;\">Dr. Kov\u00e1cs Emese Gy\u00f6ngyv\u00e9r Ph.D<\/span><\/span><\/td>\n<td style=\"width:320px;\">\n\t\t\t\t<span style=\"font-family:arial,helvetica,sans-serif;\"><span style=\"font-size:12px;\">szakorvos<\/span><\/span><\/td>\n<\/tr>\n<tr height=\"30\">\n<td height=\"30\" style=\"height:30px;width:320px;\">\n\t\t\t\t<span style=\"font-family:arial,helvetica,sans-serif;\"><span style=\"font-size:12px;\">Dr. L\u00e1szl\u00f3 \u00c1gnes<\/span><\/span><\/td>\n<td style=\"width:320px;\">\n\t\t\t\t<span style=\"font-family:arial,helvetica,sans-serif;\"><span style=\"font-size:12px;\">szakorvos<\/span><\/span><\/td>\n<\/tr>\n<tr height=\"30\">\n<td height=\"30\" style=\"height:30px;width:320px;\">\n\t\t\t\t<span style=\"font-family:arial,helvetica,sans-serif;\"><span style=\"font-size:12px;\">Dr. Nagy Andr\u00e1s Ph.D<\/span><\/span><\/td>\n<td style=\"width:320px;\">\n\t\t\t\t<span style=\"font-family:arial,helvetica,sans-serif;\"><span style=\"font-size:12px;\">szakorvos<\/span><\/span><\/td>\n<\/tr>\n<tr height=\"30\">\n<td height=\"30\" style=\"height:30px;width:320px;\">\n\t\t\t\t<span style=\"font-family:arial,helvetica,sans-serif;\"><span style=\"font-size:12px;\">Dr. Patthy \u00c1d\u00e1m Endre<\/span><\/span><\/td>\n<td style=\"width:320px;\">\n\t\t\t\t<span style=\"font-family:arial,helvetica,sans-serif;\"><span style=\"font-size:12px;\">szakorvos<\/span><\/span><\/td>\n<\/tr>\n<tr height=\"30\">\n<td height=\"30\" style=\"height:30px;width:320px;\">\n\t\t\t\t<span style=\"font-family:arial,helvetica,sans-serif;\"><span style=\"font-size:12px;\">Dr. Simon Andr\u00e1s<\/span><\/span><\/td>\n<td style=\"width:320px;\">\n\t\t\t\t<span style=\"font-family:arial,helvetica,sans-serif;\"><span style=\"font-size:12px;\">szakorvos<\/span><\/span><\/td>\n<\/tr>\n<tr height=\"30\">\n<td height=\"30\" style=\"height:30px;width:320px;\">\n\t\t\t\t<span style=\"font-family:arial,helvetica,sans-serif;\"><span style=\"font-size:12px;\">Dr. Sz\u00e9l K\u00e1lm\u00e1n<\/span><\/span><\/td>\n<td style=\"width:320px;\">\n\t\t\t\t<span style=\"font-family:arial,helvetica,sans-serif;\"><span style=\"font-size:12px;\">szakorvos<\/span><\/span><\/td>\n<\/tr>\n<tr height=\"30\">\n<td height=\"30\" style=\"height:30px;width:320px;\">\n\t\t\t\t<span style=\"font-family:arial,helvetica,sans-serif;\"><span style=\"font-size:12px;\">Dr. Szir\u00e1ki M\u00e1rton<\/span><\/span><\/td>\n<td style=\"width:320px;\">\n\t\t\t\t<span style=\"font-family:arial,helvetica,sans-serif;\"><span style=\"font-size:12px;\">szakorvos<\/span><\/span><\/td>\n<\/tr>\n<tr height=\"30\">\n<td height=\"30\" style=\"height:30px;width:320px;\">\n\t\t\t\t<span style=\"font-family:arial,helvetica,sans-serif;\"><span style=\"font-size:12px;\">Dr. Sz\u0151ke Vince<\/span><\/span><\/td>\n<td style=\"width:320px;\">\n\t\t\t\t<span style=\"font-family:arial,helvetica,sans-serif;\"><span style=\"font-size:12px;\">szakorvos<\/span><\/span><\/td>\n<\/tr>\n<tr height=\"30\">\n<td height=\"30\" style=\"height:30px;width:320px;\">\n\t\t\t\t<span style=\"font-family:arial,helvetica,sans-serif;\"><span style=\"font-size:12px;\">Dr. \u00c1mon Tam\u00e1s<\/span><\/span><\/td>\n<td style=\"width:320px;\">\n\t\t\t\t<span style=\"font-family:arial,helvetica,sans-serif;\"><span style=\"font-size:12px;\">rezidens<\/span><\/span><\/td>\n<\/tr>\n<tr height=\"30\">\n<td height=\"30\" style=\"height:30px;width:320px;\">\n\t\t\t\t<span style=\"font-family:arial,helvetica,sans-serif;\"><span style=\"font-size:12px;\">Dr. L\u0151rincz Erik<\/span><\/span><\/td>\n<td style=\"width:320px;\">\n\t\t\t\t<span style=\"font-family:arial,helvetica,sans-serif;\"><span style=\"font-size:12px;\">rezidens<\/span><\/span><\/td>\n<\/tr>\n<tr height=\"30\">\n<td height=\"30\" style=\"height:30px;width:320px;\">\n\t\t\t\t<span style=\"font-family:arial,helvetica,sans-serif;\"><span style=\"font-size:12px;\">Dr. Nagy Zs\u00f3fia<\/span><\/span><\/td>\n<td style=\"width:320px;\">\n\t\t\t\t<span style=\"font-family:arial,helvetica,sans-serif;\"><span style=\"font-size:12px;\">rezidens<\/span><\/span><\/td>\n<\/tr>\n<\/tbody>\n<\/table>\n<p>\n\t\u00a0<\/p>\n\n\n\n\t<div class=\"dkpdf-button-container\" style=\"            text-align:right \">\n\n\t\t<a class=\"dkpdf-button\" href=\"\/index.php\/wp-json\/wp\/v2\/pages\/232?pdf=232\" target=\"_blank\"><span class=\"dkpdf-button-icon\"><i class=\"fa fa-file-pdf-o\"><\/i><\/span> Let\u00f6lt\u00e9s<\/a>\n\n\t<\/div>\n\n\n\n\n\n<!-- PMB print buttons is only displayed on a single post\/page URLs-->","protected":false},"excerpt":{"rendered":"<p>\u00a0\u00c1ltal\u00e1nos Kardiol\u00f3giai Profil \u201eC\u201d \u00e9p\u00fclet III.- IV. emelet:\u00a0B4 b\u00e1zis \u00e1pol\u00e1si egys\u00e9g Profilvezet\u0151 f\u0151orvos: Dr. J\u00e1rai Zolt\u00e1n, c. egyetemi tan\u00e1r \u00c1pol\u00e1si egys\u00e9gvezet\u0151 f\u0151n\u0151v\u00e9r: Cs\u00e1k Annam\u00e1ria Tel.:(+36-1)-464-8723;&hellip;<\/p>\n","protected":false},"author":3,"featured_media":0,"parent":0,"menu_order":6,"comment_status":"closed","ping_status":"closed","template":"","meta":{"_acf_changed":false,"footnotes":""},"categories":[],"tags":[],"class_list":["post-232","page","type-page","status-publish","hentry"],"acf":[],"post_type":"page","author_name":"backup","_links":{"self":[{"href":"https:\/\/www.szentimrekorhaz.hu\/index.php\/wp-json\/wp\/v2\/pages\/232","targetHints":{"allow":["GET"]}}],"collection":[{"href":"https:\/\/www.szentimrekorhaz.hu\/index.php\/wp-json\/wp\/v2\/pages"}],"about":[{"href":"https:\/\/www.szentimrekorhaz.hu\/index.php\/wp-json\/wp\/v2\/types\/page"}],"author":[{"embeddable":true,"href":"https:\/\/www.szentimrekorhaz.hu\/index.php\/wp-json\/wp\/v2\/users\/3"}],"replies":[{"embeddable":true,"href":"https:\/\/www.szentimrekorhaz.hu\/index.php\/wp-json\/wp\/v2\/comments?post=232"}],"version-history":[{"count":0,"href":"https:\/\/www.szentimrekorhaz.hu\/index.php\/wp-json\/wp\/v2\/pages\/232\/revisions"}],"wp:attachment":[{"href":"https:\/\/www.szentimrekorhaz.hu\/index.php\/wp-json\/wp\/v2\/media?parent=232"}],"wp:term":[{"taxonomy":"category","embeddable":true,"href":"https:\/\/www.szentimrekorhaz.hu\/index.php\/wp-json\/wp\/v2\/categories?post=232"},{"taxonomy":"post_tag","embeddable":true,"href":"https:\/\/www.szentimrekorhaz.hu\/index.php\/wp-json\/wp\/v2\/tags?post=232"}],"curies":[{"name":"wp","href":"https:\/\/api.w.org\/{rel}","templated":true}]}}