{"id":235,"date":"2009-10-07T16:20:08","date_gmt":"2009-10-07T14:20:08","guid":{"rendered":"http:\/\/localhost\/index.php\/neurologiai-osztaly-qbq-epuelet-i-emelet-es-iii-emelet-stroke-reszleg\/"},"modified":"2025-07-30T10:22:15","modified_gmt":"2025-07-30T08:22:15","slug":"neurologiai-osztaly-qbq-epuelet-i-emelet-es-iii-emelet-stroke-reszleg","status":"publish","type":"page","link":"https:\/\/www.szentimrekorhaz.hu\/index.php\/neurologiai-osztaly-qbq-epuelet-i-emelet-es-iii-emelet-stroke-reszleg\/","title":{"rendered":"Neurol\u00f3giai Oszt\u00e1ly \u00e9s Stroke  &#8222;C&#8221; \u00e9p\u00fclet, II. emelet"},"content":{"rendered":"<p><strong>Fekv\u0151beteg r\u00e9szleg:\u201eC\u201d \u00e9p\u00fclet, II. emelet \u00e9s \u201eK\u201d \u00e9p\u00fclet II. emelet. J\u00e1r\u00f3beteg r\u00e9szleg (szakambulanci\u00e1k):<\/strong><\/p>\n<p><strong>\u201eK\u201d \u00e9p\u00fclet, f\u00f6ldszint 32-33. sz\u00e1m\u00fa rendel\u0151k. EEG diagnosztika: \u201eK\u201d \u00e9p\u00fclet, f\u00f6ldszint 34-35. sz\u00e1m\u00fa rendel\u0151k.<\/strong><\/p>\n<p><strong><em>Oszt\u00e1lyvezet\u0151 f\u0151orvos:\u00a0<\/em>Dr. Szupera Zolt\u00e1n<\/strong><\/p>\n<p><strong>Tel.:(+36-1)-464-8600 \/ 2334-es mell\u00e9k<\/strong><\/p>\n<p><strong>Vezet\u0151 \u00c1pol\u00f3:\u00a0Szab\u00f3 \u00c9va<\/strong><\/p>\n<p><strong><em>Fekv\u0151beteg ter\u00fcleti ell\u00e1t\u00e1s:<\/em><\/strong><\/p>\n<p>Budapest XI. \u00e9s XXII. ker\u00fcletek, \u00c9rd, Etyek, Gy\u00far\u00f3, M\u00e1ny, Martonv\u00e1s\u00e1r, Tordas. Stroke thrombolysis eset\u00e9n, a fentieken t\u00fal \u00c9rdi j\u00e1r\u00e1s, Biatorb\u00e1gy, Buda\u00f6rs, Herceghalom, Fej\u00e9r megy\u00e9b\u0151l Adony, Baracska, Beloiannisz, Besny\u0151, Ercsi, Iv\u00e1ncs, Kulcs, R\u00e1ckereszt\u00far.<\/p>\n<p><strong><em>Az oszt\u00e1ly feledatai:<\/em><\/strong><\/p>\n<p>A ter\u00fclet\u00e9hez tartoz\u00f3 betegek II. progresszivit\u00e1si szint\u0171 ell\u00e1t\u00e1sa. A f\u0151 profilok a k\u00f6vetkez\u0151k: epilepszia, fejf\u00e1j\u00e1s, Parkinson k\u00f3r, sclerosis multiplex, stroke. Az oszt\u00e1ly Stroke Centrum, a sziszt\u00e9m\u00e1s thrombol\u00edzis kezel\u00e9sek a Neurointenz\u00edv r\u00e9szlegen t\u00f6rt\u00e9nnek. A posztakut rehabilit\u00e1ci\u00f3ra a k\u00f3rh\u00e1z Stroke Rehabilit\u00e1ci\u00f3s Oszt\u00e1ly\u00e1n van lehet\u0151s\u00e9g.<\/p>\n<p><strong><em>Hotelszolg\u00e1lat:<\/em><\/strong><\/p>\n<p>Az oszt\u00e1ly 42 \u00e1ggyal rendelkezik. A k\u00f3rtermek egy-, kett\u0151-, \u00e9s n\u00e9gy\u00e1gyasok. Minden k\u00f3rteremhez \u00f6n\u00e1ll\u00f3 mosd\u00f3helyis\u00e9g tartozik. Az oszt\u00e1ly ter\u00fclet\u00e9n t\u00e1rsalg\u00f3 helyis\u00e9g is tal\u00e1lhat\u00f3.<\/p>\n<p><strong><em>Betegfogad\u00e1s:\u00a0<\/em><\/strong><\/p>\n<p>S\u00fcrg\u0151ss\u00e9gi felv\u00e9tel a k\u00f3rh\u00e1z SBO r\u00e9szleg\u00e9r\u0151l. J\u00e1r\u00f3betegek fogad\u00e1sa el\u0151jegyz\u00e9s alapj\u00e1n. Szakambulanci\u00e1k, rendel\u00e9si id\u0151: h\u00e9tf\u0151 \u2013 p\u00e9ntek: 8.00 \u2013 14.00. \u00f3ra. El\u0151jegyz\u00e9s: (+36 1) 464 8778.<\/p>\n<p>EEG Szakambulancia, rendel\u00e9si id\u0151: h\u00e9tf\u0151 \u2013 p\u00e9ntek: 8.00 \u2013 14.00. \u00f3ra. El\u0151jegyz\u00e9s: (+36 1) 464 8792.<\/p>\n<p><strong><em>Az oszt\u00e1ly orvosai:\u00a0<\/em><\/strong><\/p>\n<p>Az oszt\u00e1lyon tizenh\u00e1rom f\u0151\u00e1ll\u00e1s\u00fa, orvos dolgozik. A neurol\u00f3giai szakvizsg\u00e1n t\u00fal, az al\u00e1bbi szakk\u00e9pes\u00edt\u00e9sekkel, \u00e9s j\u00e1rtass\u00e1ggal rendelkeznek az oszt\u00e1ly orvosai: neurofiziol\u00f3giai szakk\u00e9pes\u00edt\u00e9s (dr. Szupera Zolt\u00e1n), epilepszia specialista orvos (dr. Szupera Zolt\u00e1n), , neurosonol\u00f3giai k\u00e9pes\u00edt\u00e9s (dr. Hermann Zsuzsa).<\/p>\n<p><em><strong>Oktat\u00e1s:\u00a0<\/strong><\/em><\/p>\n<p>Az oszt\u00e1lyon t\u00f6bbszint\u0171 oktat\u00f3i tev\u00e9kenys\u00e9g t\u00f6rt\u00e9nik. A gradu\u00e1lis k\u00e9pz\u00e9s keret\u00e9ben a Semmelweis Egyetem V. \u00e9ves orvostanhallgat\u00f3inak a neurol\u00f3giai gyakorlati oktat\u00e1sa. Emellett a szigorl\u00f3 orvosok n\u00e9gy hetes gyakorlatai, minden egyetemr\u0151l. A postgradu\u00e1lis k\u00e9pz\u00e9s keret\u00e9ben a rezidens, \u00e9s szakorvos jel\u00f6ltek oktat\u00e1sa.<\/p>\n<p><strong><em>T\u00e1rsas\u00e1gi tags\u00e1gok, \u00e9s egy\u00e9b tev\u00e9kenys\u00e9g:\u00a0<\/em><\/strong><\/p>\n<p>Az orvosok rendszeresen r\u00e9sztvesznek a tov\u00e1bbk\u00e9pz\u00e9seken. Az oszt\u00e1ly vezet\u0151je, \u00e9s t\u00f6bb munkat\u00e1rsa el\u0151ad\u00e1sokat tartanak kongresszusokon, \u00e9s tanfolyamokon. Szakmai t\u00e1rsas\u00e1gokban bet\u00f6lt\u00f6tt vezet\u0151s\u00e9gi tags\u00e1gok a k\u00f6vetkez\u0151k. Dr. Szupera Zolt\u00e1n: Magyar Epilepszia Liga (titk\u00e1r).<\/p>\n<p><a href=\"https:\/\/www.szentimrekorhaz.hu\/index.php\/neurologia\/\">Kattints ide a Neurol\u00f3gia oszt\u00e1ly j\u00e1r\u00f3beteg ell\u00e1t\u00e1s\u00e1ra.<\/a><\/p>\n<p><strong>Az oszt\u00e1ly orvosai:\u00a0<\/strong><\/p>\n<p><em><strong>Dr. Szupera Zolt\u00e1n<\/strong> <\/em>\u2013 oszt\u00e1lyvezet\u0151 f\u0151orvos<\/p>\n<p><em><strong>Dr.Prof. Czirj\u00e1k S\u00e1ndor<\/strong><\/em> \u2013 konzulens<\/p>\n<p><em><strong>Dr. Hermann Zsuzsa<\/strong><\/em> \u2013 szakorvos<\/p>\n<p><em><strong>Dr. Kiss Zolt\u00e1n Ph.D<\/strong><\/em> \u2013 szakorvos<\/p>\n<p><em><strong>Dr. Kov\u00e1cs Kusza Katalin<\/strong><\/em> \u2013 szakorvos<\/p>\n<p><em><strong>Dr. Magyari-Zuberecz Kamilla Edina<\/strong><\/em> \u2013 szakorvos<\/p>\n<p><em><strong>Dr. Pord\u00e1ny-Bagoly Edit<\/strong><\/em> \u2013 szakorvos<\/p>\n<p><em><strong>Dr. Szegleti G\u00e1bor<\/strong><\/em> \u2013 szakorvos<\/p>\n<p><em><strong>Dr. Varga Vince<\/strong><\/em> \u2013 szakorvos<\/p>\n<p><em><strong>Dr. Dani D\u00f3ra<\/strong><\/em> \u2013 rezidens<\/p>\n<p><em><strong>Dr. Jassoy Benj\u00e1min Don\u00e1t<\/strong><\/em> \u2013 rezidens<\/p>\n<p><em><strong>Dr. Rad\u00f3 Krisztina<\/strong><\/em> \u2013 rezidens<\/p>\n<p><em><strong>Dr. Koszta Alexandra<\/strong><\/em> \u2013 rezidens<\/p>\n<p><em><strong>Dr. Dajnics Brigitta<\/strong><\/em> \u2013 rezidens<\/p>\n<p><em><strong>Dr. F\u00fcl\u00f6p Bence<\/strong><\/em> \u2013 rezidens<\/p>\n\n\n\n\t<div class=\"dkpdf-button-container\" style=\"            text-align:right \">\n\n\t\t<a class=\"dkpdf-button\" href=\"\/index.php\/wp-json\/wp\/v2\/pages\/235?pdf=235\" target=\"_blank\"><span class=\"dkpdf-button-icon\"><i class=\"fa fa-file-pdf-o\"><\/i><\/span> Let\u00f6lt\u00e9s<\/a>\n\n\t<\/div>\n\n\n\n\n\n<!-- PMB print buttons is only displayed on a single post\/page URLs-->","protected":false},"excerpt":{"rendered":"<p>Fekv\u0151beteg r\u00e9szleg:\u201eC\u201d \u00e9p\u00fclet, II. emelet \u00e9s \u201eK\u201d \u00e9p\u00fclet II. emelet. J\u00e1r\u00f3beteg r\u00e9szleg (szakambulanci\u00e1k): \u201eK\u201d \u00e9p\u00fclet, f\u00f6ldszint 32-33. sz\u00e1m\u00fa rendel\u0151k. EEG diagnosztika: \u201eK\u201d \u00e9p\u00fclet, f\u00f6ldszint 34-35.&hellip;<\/p>\n","protected":false},"author":3,"featured_media":0,"parent":0,"menu_order":2,"comment_status":"closed","ping_status":"closed","template":"","meta":{"_acf_changed":false,"footnotes":""},"categories":[],"tags":[],"class_list":["post-235","page","type-page","status-publish","hentry"],"acf":[],"post_type":"page","author_name":"backup","_links":{"self":[{"href":"https:\/\/www.szentimrekorhaz.hu\/index.php\/wp-json\/wp\/v2\/pages\/235","targetHints":{"allow":["GET"]}}],"collection":[{"href":"https:\/\/www.szentimrekorhaz.hu\/index.php\/wp-json\/wp\/v2\/pages"}],"about":[{"href":"https:\/\/www.szentimrekorhaz.hu\/index.php\/wp-json\/wp\/v2\/types\/page"}],"author":[{"embeddable":true,"href":"https:\/\/www.szentimrekorhaz.hu\/index.php\/wp-json\/wp\/v2\/users\/3"}],"replies":[{"embeddable":true,"href":"https:\/\/www.szentimrekorhaz.hu\/index.php\/wp-json\/wp\/v2\/comments?post=235"}],"version-history":[{"count":4,"href":"https:\/\/www.szentimrekorhaz.hu\/index.php\/wp-json\/wp\/v2\/pages\/235\/revisions"}],"predecessor-version":[{"id":2137,"href":"https:\/\/www.szentimrekorhaz.hu\/index.php\/wp-json\/wp\/v2\/pages\/235\/revisions\/2137"}],"wp:attachment":[{"href":"https:\/\/www.szentimrekorhaz.hu\/index.php\/wp-json\/wp\/v2\/media?parent=235"}],"wp:term":[{"taxonomy":"category","embeddable":true,"href":"https:\/\/www.szentimrekorhaz.hu\/index.php\/wp-json\/wp\/v2\/categories?post=235"},{"taxonomy":"post_tag","embeddable":true,"href":"https:\/\/www.szentimrekorhaz.hu\/index.php\/wp-json\/wp\/v2\/tags?post=235"}],"curies":[{"name":"wp","href":"https:\/\/api.w.org\/{rel}","templated":true}]}}