{"id":237,"date":"2009-10-07T16:22:43","date_gmt":"2009-10-07T14:22:43","guid":{"rendered":"http:\/\/localhost\/index.php\/pszichiatriai-osztaly-qbq-epuelet-ii-emelet\/"},"modified":"2025-11-20T10:31:21","modified_gmt":"2025-11-20T09:31:21","slug":"pszichiatriai-osztaly-qbq-epuelet-ii-emelet","status":"publish","type":"page","link":"https:\/\/www.szentimrekorhaz.hu\/index.php\/pszichiatriai-osztaly-qbq-epuelet-ii-emelet\/","title":{"rendered":"Pszichi\u00e1triai Oszt\u00e1ly &#8222;B&#8221;  \u00e9p\u00fclet II. emelet, Pszichi\u00e1triai-Gerontopszichi\u00e1triai Rehabilit\u00e1ci\u00f3s Oszt\u00e1ly- &#8222;B&#8221; \u00e9p\u00fclet, f\u00f6ldszint"},"content":{"rendered":"<h2>\u201eB\u201d \u00e9p\u00fclet f\u00f6ldszint<\/h2>\n<h4>Oszt\u00e1lyvezet\u0151 : Dr. Vonyik Gabriella adjunktus<\/h4>\n<p>Tel.: (+36-1) 464-8641, (+36-1) 464-8733<\/p>\n<h3>Vezet\u0151 \u00e1pol\u00f3:\u00a0Gyimesi Magdolna<\/h3>\n<h4>Pszichi\u00e1triai-Gerontopszichi\u00e1triai Rehabilit\u00e1ci\u00f3s Oszt\u00e1ly<\/h4>\n<p>Tel: (+36-1) 464-8600\/2111 mell\u00e9k<\/p>\n<h3>Vezet\u0151 \u00e1pol\u00f3: Gyimesi Magdolna<\/h3>\n<p><span style=\"font-family: arial, helvetica, sans-serif;\">Feladatunk:<\/span><\/p>\n<p>Az oszt\u00e1lyok a XI. ker\u00fclet, a XXII. ker\u00fclet, \u00e9s \u00c9rd lakosainak teljes k\u00f6r\u0171 pszichi\u00e1triai ell\u00e1t\u00e1s\u00e1t v\u00e9gzi, bele\u00e9rtve az akut \u00e9s kr\u00f3nikus pszich\u00f3zisok, depresszi\u00f3k, suicid tent\u00e1menek ut\u00e1ni \u00e1llapotok, alkoholos del\u00edrium, drogdependencia talaj\u00e1n kialakult megvon\u00e1si t\u00fcnetegy\u00fcttes ut\u00e1ni \u00e1llapotok, az organikus gerontopszichi\u00e1triai pszichoszindr\u00f3m\u00e1k stb. kezel\u00e9s\u00e9t.<\/p>\n<p>A Pszichi\u00e1triai oszt\u00e1ly a h\u00e9t minden napj\u00e1n, 24 \u00f3r\u00e1ban \u00e1lland\u00f3 felv\u00e9teles. Nappal az oszt\u00e1ly aznapi felv\u00e9teles orvosa, \u00fcgyeleti id\u0151ben az \u00fcgyeletes orvos fogadja az \u00e9rkez\u0151 betegeket, \u00e9s d\u00f6nt a felv\u00e9tel sz\u00fcks\u00e9gess\u00e9g\u00e9r\u0151l, illetve az \u00e1llapotnak megfelel\u0151en elhelyezi a beteget a megfelel\u0151 r\u00e9szlegen. A felv\u00e9tel\u00fcket \u00f6nk\u00e9nt k\u00e9r\u0151 betegek b\u00e1rmikor k\u00e9rhetik elbocs\u00e1t\u00e1sukat. A s\u00fcrg\u0151ss\u00e9ggel, vesz\u00e9lyeztet\u0151 \u00e1llapotban besz\u00e1ll\u00edtott betegeket a b\u00edr\u00f3s\u00e1g 72 \u00f3r\u00e1n bel\u00fcl fel\u00fclvizsg\u00e1lja, \u00e9s indokolt esetben elrendeli k\u00f6telez\u0151 gy\u00f3gykezel\u00e9s\u00fcket. A helysz\u00ednre kisz\u00e1ll\u00f3 b\u00edr\u00f3s\u00e1got igazs\u00e1g\u00fcgyi elmeorvos szak\u00e9rt\u0151 t\u00e1mogatja, a beteg \u00e9rdekk\u00e9pviselet\u00e9t betegjogi k\u00e9pvisel\u0151 v\u00e9gzi.<\/p>\n<p>Az oszt\u00e1lyos gy\u00f3gykezel\u00e9s r\u00e9szben \u00e9s els\u0151dlegesen biol\u00f3giai (gy\u00f3gyszeres) kezel\u00e9sb\u0151l \u00e1ll, mely sz\u00fcks\u00e9ges m\u00e9rt\u00e9kben kieg\u00e9sz\u00fcl egy\u00e9ni, illetve csoportos pszichoter\u00e1pi\u00e1s kezel\u00e9ssel, \u00e9s gy\u00f3gy\u00edt\u00f3 c\u00e9l\u00fa betegfoglalkoztat\u00e1ssal pszichol\u00f3gus k\u00f6zrem\u0171k\u00f6d\u00e9s\u00e9vel.<\/p>\n<p>A betegek szoci\u00e1lis probl\u00e9m\u00e1it (lak\u00e1s\u00fcgy, ideiglenes sz\u00e1ll\u00e1s, seg\u00e9lyek, elveszett iratok, gondnokol\u00e1s, v\u00e9gleges elhelyez\u00e9s stb.) diplom\u00e1s szoci\u00e1lis szervez\u0151 seg\u00edts\u00e9g\u00e9vel igyeksz\u00fcnk megoldani.<\/p>\n<p>A Pszichi\u00e1triai oszt\u00e1ly berendez\u00e9se \u00e9s m\u0171k\u00f6d\u00e9se olyan, mint b\u00e1rmely m\u00e1s k\u00f3rh\u00e1zi oszt\u00e1ly\u00e9. Oszt\u00e1lyunk ny\u00edlt r\u00e9szleg\u00e9n a folyos\u00f3n kultur\u00e1lt t\u00e1rsalg\u00f3\u00e9tkez\u0151, a foglalkoztat\u00f3ban TV, r\u00e1di\u00f3magn\u00f3 \u00e1ll a betegek rendelkez\u00e9s\u00e9re, akik a k\u00f3rh\u00e1z ter\u00fclet\u00e9n, szabadon k\u00f6zlekedhetnek \u00e9s l\u00e1togathatj\u00e1k az \u00fajs\u00e1gos standokat \u00e9s az udvart.<\/p>\n<p><strong>Az oszt\u00e1ly \u00e1ltal m\u0171k\u00f6dtetett szakambulanci\u00e1k:<\/strong><\/p>\n<p><strong>Oszt\u00e1lyos Ambulancia<\/strong> \u2013 itt t\u00f6rt\u00e9nik az \u00faj betegek jelentkez\u00e9se, a kivizsg\u00e1l\u00e1s elind\u00edt\u00e1sa, a visszarendelt betegek kontroll vizsg\u00e1lata, stb. Szakorvosi beutal\u00f3 sz\u00fcks\u00e9ges<\/p>\n<p><strong>Klinikai szakpszichol\u00f3giai Szakambulancia<\/strong> \u2013 az oszt\u00e1lyon kezelt betegek vizsg\u00e1lata, kezel\u00e9se \u00e9rdek\u00e9ben el\u0151jegyz\u00e9s szerint m\u0171k\u00f6dik<\/p>\n<p>06.00-t\u00f3l 12.00 -ig tart a rendel\u00e9s j\u00e1r\u00f3 betegek sz\u00e1m\u00e1ra. Els\u0151 bejelentkez\u00e9s \u00e9s id\u0151pontk\u00e9r\u00e9s 8.00 \u2013 12.00 \u00f3r\u00e1ig\u00a0 telefonon a (+36-1) 464-8600\/1378 mell\u00e9ken vagy a (+36-1) 464-8643 telefonsz\u00e1mon.<\/p>\n<p><strong>Az oszt\u00e1ly munkakapcsolatot tart fenn:<\/strong><\/p>\n<ul>\n<li>XI. ker\u00fcleti Pszichi\u00e1triai Gondoz\u00f3 \u2013 Bp. XI.ker., Szent Krist\u00f3f Szakrendel\u0151ben a 1115 Bp.T\u00e9t\u00e9nyi \u00fat 18. Tel: 061-209-1339<\/li>\n<li>XXII.ker\u00fcleti Pszichiatriai Gondoz\u00f3 Bp. XXII. ker. Tolcsvay u. 6\/c.<\/li>\n<li>Addiktol\u00f3giai szakrendel\u00e9s a XI. Feh\u00e9rv\u00e1ri \u00fati Rendel\u0151int\u00e9zetben.A XXII. Ker\u00fcletben a f\u00fcgg\u0151s\u00e9gi \u00e9s szem\u00e9lyis\u00e9gzavaros esetek ell\u00e1t\u00e1s\u00e1ra specializ\u00e1l\u00f3dott int\u00e9zm\u00e9ny a THALASSA-h\u00e1z (XXII.ker. J\u00f3kai u. 23-27. Tel: (+36-1)226-8433. Betegek jelentkez\u00e9s\u00e9t keddi napokon d\u00e9lel\u0151tt v\u00e1rj\u00e1k els\u0151 vizsg\u00e1latra, amikor d\u00f6ntenek kezel\u00e9sbe v\u00e9tel\u00e9r\u0151l, annak oszt\u00e1lyos, vagy ambul\u00e1ns form\u00e1j\u00e1r\u00f3l.<\/li>\n<\/ul>\n<p><a href=\"https:\/\/www.szentimrekorhaz.hu\/index.php\/pszichiatria\/\">Kattints ide az oszt\u00e1ly j\u00e1r\u00f3beteg ell\u00e1t\u00e1s\u00e1ra.<\/a><\/p>\n<table style=\"width: 360pt;\" border=\"0\" width=\"480\" cellspacing=\"0\" cellpadding=\"0\">\n<colgroup>\n<col style=\"width: 180pt;\" span=\"2\" width=\"240\"> <\/colgroup>\n<tbody>\n<tr style=\"height: 15.6pt;\">\n<td class=\"xl66\" style=\"height: 15.6pt; width: 180pt;\" width=\"240\" height=\"21\"><span style=\"font-size: 12px;\"><strong>Az oszt\u00e1ly orvosai:<\/strong><\/span><\/td>\n<td class=\"xl65\" style=\"width: 180pt;\" width=\"240\"><\/td>\n<\/tr>\n<tr style=\"height: 15.6pt;\">\n<td class=\"xl67\" style=\"height: 15.6pt; width: 180pt;\" width=\"240\" height=\"21\">Farag\u00f3n\u00e9 Dr. Vonyik Gabriella<\/td>\n<td class=\"xl67\" style=\"width: 180pt;\" width=\"240\">oszt\u00e1lyvezet\u0151 f\u0151orvos<\/td>\n<\/tr>\n<tr style=\"height: 15.6pt;\">\n<td class=\"xl67\" style=\"height: 15.6pt; width: 180pt;\" width=\"240\" height=\"21\">Dr. Frey \u00c9va Ildik\u00f3<\/td>\n<td class=\"xl67\" style=\"width: 180pt;\" width=\"240\">oszt\u00e1lyvezet\u0151-helyettes, adjunktus, pszichi\u00e1ter \u00e9s geri\u00e1ter szakorvos<\/td>\n<\/tr>\n<tr style=\"height: 15.6pt;\">\n<td class=\"xl67\" style=\"height: 15.6pt; width: 180pt;\" width=\"240\" height=\"21\"><\/td>\n<td class=\"xl67\" style=\"width: 180pt;\" width=\"240\"><\/td>\n<\/tr>\n<tr style=\"height: 15.6pt;\">\n<td class=\"xl67\" style=\"height: 15.6pt; width: 180pt;\" width=\"240\" height=\"21\">Dr. Madar\u00e1sz \u00c9va<\/td>\n<td class=\"xl67\" style=\"width: 180pt;\" width=\"240\">pszichi\u00e1ter, igazs\u00e1g\u00fcgyi pszichi\u00e1ter<\/td>\n<\/tr>\n<tr style=\"height: 15.6pt;\">\n<td class=\"xl67\" style=\"height: 15.6pt; width: 180pt;\" width=\"240\" height=\"21\">Dr. Moln\u00e1r Anna<\/td>\n<td class=\"xl67\" style=\"width: 180pt;\" width=\"240\">f\u0151orvos, pszichi\u00e1tria, neurol\u00f3gia szakorvosa, igazs\u00e1g\u00fcgyi pszichi\u00e1ter<\/td>\n<\/tr>\n<tr style=\"height: 15.6pt;\">\n<td class=\"xl67\" style=\"height: 15.6pt; width: 180pt;\" width=\"240\" height=\"21\">Dr. Nadubinszky G\u00e1bor<\/td>\n<td class=\"xl67\" style=\"width: 180pt;\" width=\"240\">pszichi\u00e1ter szakorvos<\/td>\n<\/tr>\n<tr style=\"height: 15.6pt;\">\n<td class=\"xl67\" style=\"height: 15.6pt; width: 180pt;\" width=\"240\" height=\"21\">Dr. Nagy M\u00e1ria<\/td>\n<td class=\"xl67\" style=\"width: 180pt;\" width=\"240\">pszichi\u00e1tria \u00e9s pszichi\u00e1triai rehabilit\u00e1ci\u00f3 szakorvosa<\/td>\n<\/tr>\n<tr style=\"height: 15.6pt;\">\n<td class=\"xl67\" style=\"height: 15.6pt; width: 180pt;\" width=\"240\" height=\"21\">Dr. Papp \u00c9va<\/td>\n<td class=\"xl67\" style=\"width: 180pt;\" width=\"240\">adjunktus, pszichi\u00e1ter szakorvos<\/td>\n<\/tr>\n<tr style=\"height: 15.6pt;\">\n<td class=\"xl67\" style=\"height: 15.6pt; width: 180pt;\" width=\"240\" height=\"21\">Dr. Szab\u00f3 Andr\u00e1s<\/td>\n<td class=\"xl67\" style=\"width: 180pt;\" width=\"240\">pszichi\u00e1ter szakorvos<\/td>\n<\/tr>\n<tr style=\"height: 15.6pt;\">\n<td class=\"xl67\" style=\"height: 15.6pt; width: 180pt;\" width=\"240\" height=\"21\">Dr. Udvarhelyi P\u00e1l Antal<\/td>\n<td class=\"xl67\" style=\"width: 180pt;\" width=\"240\">f\u0151orvos, pszichi\u00e1tria, neurol\u00f3gia, addiktol\u00f3gia, pszichoter\u00e1pia \u00e9s pszichi\u00e1triai rehabilit\u00e1ci\u00f3 szakorvosa<\/td>\n<\/tr>\n<tr style=\"height: 15.6pt;\">\n<td class=\"xl67\" style=\"height: 15.6pt; width: 180pt;\" width=\"240\" height=\"21\">Dr. N\u00e9meth L\u00edvia<\/td>\n<td class=\"xl67\" style=\"width: 180pt;\" width=\"240\">szakorvos jel\u00f6lt<\/td>\n<\/tr>\n<tr style=\"height: 15.6pt;\">\n<td class=\"xl67\" style=\"height: 15.6pt; width: 180pt;\" width=\"240\" height=\"21\">Dr. Gy\u00e1rf\u00e1s Dezs\u0151 Krist\u00f3f<\/td>\n<td class=\"xl67\" style=\"width: 180pt;\" width=\"240\">szakorvos jel\u00f6lt<\/td>\n<\/tr>\n<tr style=\"height: 15.6pt;\">\n<td class=\"xl67\" style=\"height: 15.6pt; width: 180pt;\" width=\"240\" height=\"21\">Dr. Mel\u00e1th Ferenc Szil\u00e1rd<\/td>\n<td class=\"xl67\" style=\"width: 180pt;\" width=\"240\">pszichi\u00e1ter szakorvos<\/td>\n<\/tr>\n<tr style=\"height: 15.6pt;\">\n<td class=\"xl67\" style=\"height: 15.6pt; width: 180pt;\" width=\"240\" height=\"21\">Dr. Pongr\u00e1cz M\u00e1t\u00e9<\/td>\n<td class=\"xl67\" style=\"width: 180pt;\" width=\"240\">szakorvos jel\u00f6lt<\/td>\n<\/tr>\n<tr style=\"height: 15.6pt;\">\n<td class=\"xl67\" style=\"height: 15.6pt; width: 180pt;\" width=\"240\" height=\"21\">Dr. T\u00f3th Zsombor<\/td>\n<td class=\"xl67\" style=\"width: 180pt;\" width=\"240\">szakorvos jel\u00f6lt<\/td>\n<\/tr>\n<\/tbody>\n<\/table>\n\n\n\n\t<div class=\"dkpdf-button-container\" style=\"            text-align:right \">\n\n\t\t<a class=\"dkpdf-button\" href=\"\/index.php\/wp-json\/wp\/v2\/pages\/237?pdf=237\" target=\"_blank\"><span class=\"dkpdf-button-icon\"><i class=\"fa fa-file-pdf-o\"><\/i><\/span> Let\u00f6lt\u00e9s<\/a>\n\n\t<\/div>\n\n\n\n\n\n<!-- PMB print buttons is only displayed on a single post\/page URLs-->","protected":false},"excerpt":{"rendered":"<p>\n\t\u00a0<\/p>\n","protected":false},"author":3,"featured_media":0,"parent":0,"menu_order":4,"comment_status":"closed","ping_status":"closed","template":"","meta":{"_acf_changed":false,"footnotes":""},"categories":[],"tags":[],"class_list":["post-237","page","type-page","status-publish","hentry"],"acf":[],"post_type":"page","author_name":"backup","_links":{"self":[{"href":"https:\/\/www.szentimrekorhaz.hu\/index.php\/wp-json\/wp\/v2\/pages\/237","targetHints":{"allow":["GET"]}}],"collection":[{"href":"https:\/\/www.szentimrekorhaz.hu\/index.php\/wp-json\/wp\/v2\/pages"}],"about":[{"href":"https:\/\/www.szentimrekorhaz.hu\/index.php\/wp-json\/wp\/v2\/types\/page"}],"author":[{"embeddable":true,"href":"https:\/\/www.szentimrekorhaz.hu\/index.php\/wp-json\/wp\/v2\/users\/3"}],"replies":[{"embeddable":true,"href":"https:\/\/www.szentimrekorhaz.hu\/index.php\/wp-json\/wp\/v2\/comments?post=237"}],"version-history":[{"count":5,"href":"https:\/\/www.szentimrekorhaz.hu\/index.php\/wp-json\/wp\/v2\/pages\/237\/revisions"}],"predecessor-version":[{"id":3251,"href":"https:\/\/www.szentimrekorhaz.hu\/index.php\/wp-json\/wp\/v2\/pages\/237\/revisions\/3251"}],"wp:attachment":[{"href":"https:\/\/www.szentimrekorhaz.hu\/index.php\/wp-json\/wp\/v2\/media?parent=237"}],"wp:term":[{"taxonomy":"category","embeddable":true,"href":"https:\/\/www.szentimrekorhaz.hu\/index.php\/wp-json\/wp\/v2\/categories?post=237"},{"taxonomy":"post_tag","embeddable":true,"href":"https:\/\/www.szentimrekorhaz.hu\/index.php\/wp-json\/wp\/v2\/tags?post=237"}],"curies":[{"name":"wp","href":"https:\/\/api.w.org\/{rel}","templated":true}]}}