{"id":238,"date":"2009-10-07T16:25:55","date_gmt":"2009-10-07T14:25:55","guid":{"rendered":"http:\/\/localhost\/index.php\/kronikus-osztaly-qbq-epuelet-iii-es-iv-emelet\/"},"modified":"2026-02-12T14:52:05","modified_gmt":"2026-02-12T13:52:05","slug":"kronikus-osztaly-qbq-epuelet-iii-es-iv-emelet","status":"publish","type":"page","link":"https:\/\/www.szentimrekorhaz.hu\/index.php\/kronikus-osztaly-qbq-epuelet-iii-es-iv-emelet\/","title":{"rendered":"Kr\u00f3nikus Oszt\u00e1ly"},"content":{"rendered":"<h2><strong>\u201eB\u201d \u00e9p. III. \u00e9s IV. emelet<\/strong><\/h2>\n<h4>Oszt\u00e1lyvezet\u0151 f\u0151orvos: Dr. Csik\u00f3s Gabriella<\/h4>\n<h4>Tel: (+36-1) 464-8719,\u00a0\u00a0(+36-1) 464-8720<\/h4>\n<h4>Vezet\u0151 \u00e1pol\u00f3:\u00a0 K\u00f6vesi Erika<\/h4>\n<p>Feladata:<\/p>\n<p>A d\u00e9l-budai region\u00e1lis k\u00f6zpontk\u00e9nt \u00fczemel\u0151 Szent Imre Egyetemi Oktat\u00f3k\u00f3rh\u00e1zban m\u0171k\u00f6d\u0151 oszt\u00e1ly munk\u00e1j\u00e1t a kr\u00f3nikus fekv\u0151beteg-szakell\u00e1t\u00e1s hat\u00e1rozza meg: itt t\u00f6rt\u00e9nik a belgy\u00f3gy\u00e1szati jelleg\u0171 kr\u00f3nikus betegek akt\u00edv kezel\u00e9s\u00fck ut\u00e1ni l\u00e1badoz\u00e1sa, gy\u00f3gytorn\u00e1ztat\u00e1suknak folytat\u00e1sa, \u00e9s a tov\u00e1bbi hazamenetel\u00fckh\u00f6z, elhelyez\u00e9s\u00fckh\u00f6z sz\u00fcks\u00e9ges feladatok v\u00e9gleges\u00edt\u00e9se.\u00a0<\/p>\n<p><strong>\u00c1ltal\u00e1nos Belgy\u00f3gy\u00e1szati Szakambulancia III.<\/strong> \u2013 az oszt\u00e1lyr\u00f3l hazabocs\u00e1tott betegek ut\u00f3k\u00f6vet\u00e9se, kontrollja \u00e9rdek\u00e9ben el\u0151jegyz\u00e9s alapj\u00e1n m\u0171k\u00f6dik.<\/p>\n<p><strong>Az oszt\u00e1ly orvosai:<\/strong><\/p>\n\n\n<figure class=\"wp-block-table\"><table class=\"has-fixed-layout\"><tbody><tr><td>Dr. Csik\u00f3s Gabriella<\/td><td>oszt\u00e1lyvezet\u0151 f\u0151orvos, szakorvos<\/td><\/tr><tr><td>Dr. K\u00f3rodi T\u00fcnde<\/td><td>szakorvos<\/td><\/tr><\/tbody><\/table><\/figure>\n\n\n\n<p>Az oszt\u00e1lyon nincsen lehet\u0151s\u00e9g t\u00e9r\u00edt\u00e9ses szoba ig\u00e9nybev\u00e9tel\u00e9re. <\/p>\n\n\n\n\t<div class=\"dkpdf-button-container\" style=\"            text-align:right \">\n\n\t\t<a class=\"dkpdf-button\" href=\"\/index.php\/wp-json\/wp\/v2\/pages\/238?pdf=238\" target=\"_blank\"><span class=\"dkpdf-button-icon\"><i class=\"fa fa-file-pdf-o\"><\/i><\/span> Let\u00f6lt\u00e9s<\/a>\n\n\t<\/div>\n\n\n\n\n\n<!-- PMB print buttons is only displayed on a single post\/page URLs-->","protected":false},"excerpt":{"rendered":"<p>\u201eB\u201d \u00e9p. III. \u00e9s IV. emelet Oszt\u00e1lyvezet\u0151 f\u0151orvos: Dr. Csik\u00f3s Gabriella Tel: (+36-1) 464-8719,\u00a0\u00a0(+36-1) 464-8720 Vezet\u0151 \u00e1pol\u00f3:\u00a0 K\u00f6vesi Erika Feladata: A d\u00e9l-budai region\u00e1lis k\u00f6zpontk\u00e9nt \u00fczemel\u0151&hellip;<\/p>\n","protected":false},"author":3,"featured_media":0,"parent":0,"menu_order":5,"comment_status":"closed","ping_status":"closed","template":"","meta":{"_acf_changed":false,"footnotes":""},"categories":[],"tags":[],"class_list":["post-238","page","type-page","status-publish","hentry"],"acf":[],"post_type":"page","author_name":"backup","_links":{"self":[{"href":"https:\/\/www.szentimrekorhaz.hu\/index.php\/wp-json\/wp\/v2\/pages\/238","targetHints":{"allow":["GET"]}}],"collection":[{"href":"https:\/\/www.szentimrekorhaz.hu\/index.php\/wp-json\/wp\/v2\/pages"}],"about":[{"href":"https:\/\/www.szentimrekorhaz.hu\/index.php\/wp-json\/wp\/v2\/types\/page"}],"author":[{"embeddable":true,"href":"https:\/\/www.szentimrekorhaz.hu\/index.php\/wp-json\/wp\/v2\/users\/3"}],"replies":[{"embeddable":true,"href":"https:\/\/www.szentimrekorhaz.hu\/index.php\/wp-json\/wp\/v2\/comments?post=238"}],"version-history":[{"count":9,"href":"https:\/\/www.szentimrekorhaz.hu\/index.php\/wp-json\/wp\/v2\/pages\/238\/revisions"}],"predecessor-version":[{"id":3777,"href":"https:\/\/www.szentimrekorhaz.hu\/index.php\/wp-json\/wp\/v2\/pages\/238\/revisions\/3777"}],"wp:attachment":[{"href":"https:\/\/www.szentimrekorhaz.hu\/index.php\/wp-json\/wp\/v2\/media?parent=238"}],"wp:term":[{"taxonomy":"category","embeddable":true,"href":"https:\/\/www.szentimrekorhaz.hu\/index.php\/wp-json\/wp\/v2\/categories?post=238"},{"taxonomy":"post_tag","embeddable":true,"href":"https:\/\/www.szentimrekorhaz.hu\/index.php\/wp-json\/wp\/v2\/tags?post=238"}],"curies":[{"name":"wp","href":"https:\/\/api.w.org\/{rel}","templated":true}]}}