{"id":239,"date":"2009-10-07T16:30:22","date_gmt":"2009-10-07T14:30:22","guid":{"rendered":"http:\/\/localhost\/index.php\/brgyogyaszat-szakrendeles\/"},"modified":"2025-09-20T10:08:32","modified_gmt":"2025-09-20T08:08:32","slug":"brgyogyaszat-szakrendeles","status":"publish","type":"page","link":"https:\/\/www.szentimrekorhaz.hu\/index.php\/brgyogyaszat-szakrendeles\/","title":{"rendered":"B\u0151rgy\u00f3gy\u00e1szat szakrendel\u00e9s"},"content":{"rendered":"\n<p><strong>Vezet\u0151 f\u0151orvos: Dr. K\u00f6rmendy Mikl\u00f3s<\/strong><\/p>\n\n\n\n<p><strong>Betegfogad\u00e1si rend:<\/strong><\/p>\n\n\n\n<p>A XI. ker\u00fcleti lakc\u00edmmel rendelkez\u0151 18 \u00e9v feletti feln\u0151tt betegeket beutal\u00f3 n\u00e9lk\u00fcl is fogadjuk az el\u0151jegyzett id\u0151ben.<\/p>\n\n\n\n<p>Betegeket a XI. ker\u00fcleten k\u00edv\u00fclr\u0151l nem tudunk fogadni.<\/p>\n\n\n\n<p>Nemi betegeket nem l\u00e1tunk el.<\/p>\n\n\n\n<p>\u00a0<\/p>\n\n\n\n<p><strong>A rendel\u00e9ssel kapcsolatos inform\u00e1ci\u00f3k:<\/strong><\/p>\n\n\n\n<p>\u00a0<\/p>\n\n\n\n<table id=\"tablepress-7\" class=\"tablepress tablepress-id-7 tbody-has-connected-cells\">\n<thead>\n<tr class=\"row-1\">\n\t<th class=\"column-1\"><strong>Ambulancia megnevez\u00e9se<\/strong><\/th><th class=\"column-2\"><strong>Rendel\u00e9s Helye<\/strong><\/th><th class=\"column-3\"><strong>Rendel\u00e9s ideje<\/strong><\/th><th class=\"column-4\"><strong>Rendel\u00e9st v\u00e9gz\u0151 orvps<\/strong><\/th><th class=\"column-5\"><strong>Telefonsz\u00e1m<\/strong><\/th><th class=\"column-6\"><strong>Fontos Tudnival\u00f3<\/strong><\/th>\n<\/tr>\n<\/thead>\n<tbody class=\"row-striping row-hover\">\n<tr class=\"row-2\">\n\t<td rowspan=\"4\" class=\"column-1\"><em><strong>B\u0151rgy\u00f3gy\u00e1szati szakrendel\u00e9s                      <\/strong><\/em><\/td><td rowspan=\"4\" class=\"column-2\"><em><strong>R \u00e9p\u00fclet 2. emelet 209.<\/strong><\/em><\/td><td rowspan=\"4\" class=\"column-3\">H\u00e9tf\u0151:11:00-14:00        Kedd,Szerda,Cs\u00fct\u00f6rt\u00f6k         8:00-12:00                     P\u00e9nteken nincs renel\u00e9s<\/td><td rowspan=\"4\" class=\"column-4\">Dr.K\u00f6rmendy Mikl\u00f3s F\u0151orvos<\/td><td rowspan=\"4\" class=\"column-5\"><strong>061\/464-8600\/1836<\/strong><\/td><td rowspan=\"4\" class=\"column-6\"><strong>K\u00f3rh\u00e1zi betegek \u00e9s XI.ker\u00fcleti lakosok r\u00e9sz\u00e9re.\u00a0                                            El\u0151jegyz\u00e9s sz\u00fcks\u00e9ges               El\u0151jegyz\u00e9s: rendel\u00e9si id\u0151ben 061\/464-8600\/1836<\/strong><\/td>\n<\/tr>\n<tr class=\"row-3\">\n\t\n<\/tr>\n<tr class=\"row-4\">\n\t\n<\/tr>\n<tr class=\"row-5\">\n\t\n<\/tr>\n<\/tbody>\n<\/table>\n<!-- #tablepress-7 from cache -->\n\n\n<p>\u00a0<\/p>\n\n\n\n\t<div class=\"dkpdf-button-container\" style=\"            text-align:right \">\n\n\t\t<a class=\"dkpdf-button\" href=\"\/index.php\/wp-json\/wp\/v2\/pages\/239?pdf=239\" target=\"_blank\"><span class=\"dkpdf-button-icon\"><i class=\"fa fa-file-pdf-o\"><\/i><\/span> Let\u00f6lt\u00e9s<\/a>\n\n\t<\/div>\n\n\n\n\n\n<!-- PMB print buttons is only displayed on a single post\/page URLs-->","protected":false},"excerpt":{"rendered":"<p>Vezet\u0151 f\u0151orvos: Dr. K\u00f6rmendy Mikl\u00f3s Betegfogad\u00e1si rend: A XI. ker\u00fcleti lakc\u00edmmel rendelkez\u0151 18 \u00e9v feletti feln\u0151tt betegeket beutal\u00f3 n\u00e9lk\u00fcl is fogadjuk az el\u0151jegyzett id\u0151ben. Betegeket&hellip;<\/p>\n","protected":false},"author":3,"featured_media":0,"parent":0,"menu_order":3,"comment_status":"closed","ping_status":"closed","template":"","meta":{"_acf_changed":false,"footnotes":""},"categories":[],"tags":[],"class_list":["post-239","page","type-page","status-publish","hentry"],"acf":[],"post_type":"page","author_name":"backup","_links":{"self":[{"href":"https:\/\/www.szentimrekorhaz.hu\/index.php\/wp-json\/wp\/v2\/pages\/239","targetHints":{"allow":["GET"]}}],"collection":[{"href":"https:\/\/www.szentimrekorhaz.hu\/index.php\/wp-json\/wp\/v2\/pages"}],"about":[{"href":"https:\/\/www.szentimrekorhaz.hu\/index.php\/wp-json\/wp\/v2\/types\/page"}],"author":[{"embeddable":true,"href":"https:\/\/www.szentimrekorhaz.hu\/index.php\/wp-json\/wp\/v2\/users\/3"}],"replies":[{"embeddable":true,"href":"https:\/\/www.szentimrekorhaz.hu\/index.php\/wp-json\/wp\/v2\/comments?post=239"}],"version-history":[{"count":1,"href":"https:\/\/www.szentimrekorhaz.hu\/index.php\/wp-json\/wp\/v2\/pages\/239\/revisions"}],"predecessor-version":[{"id":2805,"href":"https:\/\/www.szentimrekorhaz.hu\/index.php\/wp-json\/wp\/v2\/pages\/239\/revisions\/2805"}],"wp:attachment":[{"href":"https:\/\/www.szentimrekorhaz.hu\/index.php\/wp-json\/wp\/v2\/media?parent=239"}],"wp:term":[{"taxonomy":"category","embeddable":true,"href":"https:\/\/www.szentimrekorhaz.hu\/index.php\/wp-json\/wp\/v2\/categories?post=239"},{"taxonomy":"post_tag","embeddable":true,"href":"https:\/\/www.szentimrekorhaz.hu\/index.php\/wp-json\/wp\/v2\/tags?post=239"}],"curies":[{"name":"wp","href":"https:\/\/api.w.org\/{rel}","templated":true}]}}