{"id":240,"date":"2009-10-07T16:31:37","date_gmt":"2009-10-07T14:31:37","guid":{"rendered":"http:\/\/localhost\/index.php\/reumatologia-szakrendeles\/"},"modified":"2025-09-20T08:43:14","modified_gmt":"2025-09-20T06:43:14","slug":"reumatologia-szakrendeles","status":"publish","type":"page","link":"https:\/\/www.szentimrekorhaz.hu\/index.php\/reumatologia-szakrendeles\/","title":{"rendered":"Reumatol\u00f3gia szakrendel\u00e9s"},"content":{"rendered":"<table style=\"width: 684px; height: 118px;\" border=\"1\" cellspacing=\"0\" cellpadding=\"0\">\n<tbody>\n<tr>\n<td style=\"width: 128px; height: 28px;\">\n<p align=\"center\"><strong>Ambulancia megnevez\u00e9se<\/strong><\/p>\n<\/td>\n<td style=\"width: 114px; height: 28px;\">\n<p align=\"center\"><strong>Rendel\u00e9s helye<\/strong><\/p>\n<\/td>\n<td style=\"width: 98px; height: 28px;\">\n<p align=\"center\"><strong>Rendel\u00e9s ideje<\/strong><\/p>\n<\/td>\n<td style=\"width: 101px; height: 28px;\">\n<p align=\"center\"><strong>Rendel\u00e9st v\u00e9gz\u0151 orvos<\/strong><\/p>\n<\/td>\n<td style=\"width: 102px; height: 28px;\">\n<p align=\"center\"><strong>Telefonsz\u00e1m<\/strong><\/p>\n<\/td>\n<td style=\"width: 134px; height: 28px;\">\n<p align=\"center\"><strong>Tudnival\u00f3<\/strong><\/p>\n<\/td>\n<\/tr>\n<tr>\n<td style=\"width: 128px; height: 59px;\">Reumatol\u00f3gia Szakambulancia<\/td>\n<td style=\"width: 114px; height: 59px;\">\n<p style=\"text-align: center;\">B\u00e1rtfai u. 35., \u201eR\u201d \u00e9p\u00fclet<\/p>\n<p style=\"text-align: center;\">II. em. 210.<\/p>\n<\/td>\n<td style=\"width: 98px; height: 59px;\">H\u00e9tf\u0151t\u0151l \u2013 P\u00e9ntekig:\n<p>07:30-11:30<\/p><\/td>\n<td style=\"width: 101px; height: 59px;\">Dr. Csiki Judit\n<p>F\u0151orvos<\/p><\/td>\n<td style=\"width: 102px; height: 59px;\">061-464-8768<\/td>\n<td style=\"width: 134px; height: 59px;\">Beutal\u00f3 \u00e9s el\u0151jegyz\u00e9s sz\u00fcks\u00e9ges. El\u0151jegyz\u00e9s rendel\u00e9si id\u0151ben.<\/td>\n<\/tr>\n<\/tbody>\n<\/table>\n\n\n\n\t<div class=\"dkpdf-button-container\" style=\"            text-align:right \">\n\n\t\t<a class=\"dkpdf-button\" href=\"\/index.php\/wp-json\/wp\/v2\/pages\/240?pdf=240\" target=\"_blank\"><span class=\"dkpdf-button-icon\"><i class=\"fa fa-file-pdf-o\"><\/i><\/span> Let\u00f6lt\u00e9s<\/a>\n\n\t<\/div>\n\n\n\n\n\n<!-- PMB print buttons is only displayed on a single post\/page URLs-->","protected":false},"excerpt":{"rendered":"<p>Ambulancia megnevez\u00e9se Rendel\u00e9s helye Rendel\u00e9s ideje Rendel\u00e9st v\u00e9gz\u0151 orvos Telefonsz\u00e1m Tudnival\u00f3 Reumatol\u00f3gia Szakambulancia B\u00e1rtfai u. 35., \u201eR\u201d \u00e9p\u00fclet II. em. 210. H\u00e9tf\u0151t\u0151l \u2013 P\u00e9ntekig: 07:30-11:30&hellip;<\/p>\n","protected":false},"author":3,"featured_media":0,"parent":0,"menu_order":2,"comment_status":"closed","ping_status":"closed","template":"","meta":{"_acf_changed":false,"footnotes":""},"categories":[],"tags":[],"class_list":["post-240","page","type-page","status-publish","hentry"],"acf":[],"post_type":"page","author_name":"backup","_links":{"self":[{"href":"https:\/\/www.szentimrekorhaz.hu\/index.php\/wp-json\/wp\/v2\/pages\/240","targetHints":{"allow":["GET"]}}],"collection":[{"href":"https:\/\/www.szentimrekorhaz.hu\/index.php\/wp-json\/wp\/v2\/pages"}],"about":[{"href":"https:\/\/www.szentimrekorhaz.hu\/index.php\/wp-json\/wp\/v2\/types\/page"}],"author":[{"embeddable":true,"href":"https:\/\/www.szentimrekorhaz.hu\/index.php\/wp-json\/wp\/v2\/users\/3"}],"replies":[{"embeddable":true,"href":"https:\/\/www.szentimrekorhaz.hu\/index.php\/wp-json\/wp\/v2\/comments?post=240"}],"version-history":[{"count":2,"href":"https:\/\/www.szentimrekorhaz.hu\/index.php\/wp-json\/wp\/v2\/pages\/240\/revisions"}],"predecessor-version":[{"id":2775,"href":"https:\/\/www.szentimrekorhaz.hu\/index.php\/wp-json\/wp\/v2\/pages\/240\/revisions\/2775"}],"wp:attachment":[{"href":"https:\/\/www.szentimrekorhaz.hu\/index.php\/wp-json\/wp\/v2\/media?parent=240"}],"wp:term":[{"taxonomy":"category","embeddable":true,"href":"https:\/\/www.szentimrekorhaz.hu\/index.php\/wp-json\/wp\/v2\/categories?post=240"},{"taxonomy":"post_tag","embeddable":true,"href":"https:\/\/www.szentimrekorhaz.hu\/index.php\/wp-json\/wp\/v2\/tags?post=240"}],"curies":[{"name":"wp","href":"https:\/\/api.w.org\/{rel}","templated":true}]}}