{"id":241,"date":"2009-10-07T16:32:30","date_gmt":"2009-10-07T14:32:30","guid":{"rendered":"http:\/\/localhost\/index.php\/foglalkozas-egeszseguegyi-szakrendeles\/"},"modified":"2025-07-30T10:50:10","modified_gmt":"2025-07-30T08:50:10","slug":"foglalkozas-egeszseguegyi-szakrendeles","status":"publish","type":"page","link":"https:\/\/www.szentimrekorhaz.hu\/index.php\/foglalkozas-egeszseguegyi-szakrendeles\/","title":{"rendered":"Foglalkoz\u00e1s eg\u00e9szs\u00e9g\u00fcgyi szakrendel\u00e9s"},"content":{"rendered":"<h3>Vezet\u0151 f\u0151orvos: Dr. J\u00e1mbor Zolt\u00e1n<br>\nHelye: \u201eK\u201d \u00e9p\u00fclet Szakambulancia f\u00f6ldszint 018. szoba<br>\nRrendel\u00e9si id\u0151: H \u2013P naponta 08.00 \u2013 14.00 \u00f3r\u00e1ig.<br>\nTel.: (+36-1) 464-8772<br>\nA k\u00f3rh\u00e1z dolgoz\u00f3i \u00e9rdek\u00e9ben m\u0171k\u00f6dik.<\/h3>\n\n\n\n\t<div class=\"dkpdf-button-container\" style=\"            text-align:right \">\n\n\t\t<a class=\"dkpdf-button\" href=\"\/index.php\/wp-json\/wp\/v2\/pages\/241?pdf=241\" target=\"_blank\"><span class=\"dkpdf-button-icon\"><i class=\"fa fa-file-pdf-o\"><\/i><\/span> Let\u00f6lt\u00e9s<\/a>\n\n\t<\/div>\n\n\n\n\n\n<!-- PMB print buttons is only displayed on a single post\/page URLs-->","protected":false},"excerpt":{"rendered":"<p>Vezet\u0151 f\u0151orvos: Dr. J\u00e1mbor Zolt\u00e1n Helye: \u201eK\u201d \u00e9p\u00fclet Szakambulancia f\u00f6ldszint 018. szoba Rrendel\u00e9si id\u0151: H \u2013P naponta 08.00 \u2013 14.00 \u00f3r\u00e1ig. Tel.: (+36-1) 464-8772 A&hellip;<\/p>\n","protected":false},"author":1,"featured_media":0,"parent":0,"menu_order":1,"comment_status":"closed","ping_status":"closed","template":"","meta":{"_acf_changed":false,"footnotes":""},"categories":[],"tags":[],"class_list":["post-241","page","type-page","status-publish","hentry"],"acf":[],"post_type":"page","author_name":"admin","_links":{"self":[{"href":"https:\/\/www.szentimrekorhaz.hu\/index.php\/wp-json\/wp\/v2\/pages\/241","targetHints":{"allow":["GET"]}}],"collection":[{"href":"https:\/\/www.szentimrekorhaz.hu\/index.php\/wp-json\/wp\/v2\/pages"}],"about":[{"href":"https:\/\/www.szentimrekorhaz.hu\/index.php\/wp-json\/wp\/v2\/types\/page"}],"author":[{"embeddable":true,"href":"https:\/\/www.szentimrekorhaz.hu\/index.php\/wp-json\/wp\/v2\/users\/1"}],"replies":[{"embeddable":true,"href":"https:\/\/www.szentimrekorhaz.hu\/index.php\/wp-json\/wp\/v2\/comments?post=241"}],"version-history":[{"count":1,"href":"https:\/\/www.szentimrekorhaz.hu\/index.php\/wp-json\/wp\/v2\/pages\/241\/revisions"}],"predecessor-version":[{"id":2139,"href":"https:\/\/www.szentimrekorhaz.hu\/index.php\/wp-json\/wp\/v2\/pages\/241\/revisions\/2139"}],"wp:attachment":[{"href":"https:\/\/www.szentimrekorhaz.hu\/index.php\/wp-json\/wp\/v2\/media?parent=241"}],"wp:term":[{"taxonomy":"category","embeddable":true,"href":"https:\/\/www.szentimrekorhaz.hu\/index.php\/wp-json\/wp\/v2\/categories?post=241"},{"taxonomy":"post_tag","embeddable":true,"href":"https:\/\/www.szentimrekorhaz.hu\/index.php\/wp-json\/wp\/v2\/tags?post=241"}],"curies":[{"name":"wp","href":"https:\/\/api.w.org\/{rel}","templated":true}]}}