{"id":243,"date":"2009-10-07T16:45:54","date_gmt":"2009-10-07T14:45:54","guid":{"rendered":"http:\/\/localhost\/index.php\/patologiai-osztaly-d-epuelet-foeldszint\/"},"modified":"2025-11-20T11:27:48","modified_gmt":"2025-11-20T10:27:48","slug":"patologiai-osztaly-d-epuelet-foeldszint","status":"publish","type":"page","link":"https:\/\/www.szentimrekorhaz.hu\/index.php\/patologiai-osztaly-d-epuelet-foeldszint\/","title":{"rendered":"Patol\u00f3giai Oszt\u00e1ly"},"content":{"rendered":"<p><strong>\u00a0\u201eD\u201d \u00e9p\u00fclet\u00a0 f\u00f6ldszint.<\/strong><\/p>\n<p><strong>Oszt\u00e1lyvezet\u0151 f\u0151orvos: Dr. Zolnai Zs\u00f3fia pathol\u00f3gia, cytopathol\u00f3gia szakorvos.<\/strong><\/p>\n<p><strong>Tel.: 464-8600\/2126 m.<\/strong><\/p>\n<p><strong>Vezet\u0151 \u00e1pol\u00f3: B\u00e1n Andrea \u00c9va<\/strong><\/p>\n<p>Feladata:<\/p>\n<ul>\n<li>a hisztol\u00f3giai-, ill. citol\u00f3giai diagnosztika, \u00e9s a proszektori munka<\/li>\n<li>a diagnosztikai tev\u00e9kenys\u00e9g a rutin elj\u00e1r\u00e1sok mellett a nemzetk\u00f6zileg el\u0151\u00edrt sz\u00ednvonalon v\u00e9gzett immun hisztok\u00e9miai m\u00f3dszereket is mag\u00e1ba foglalja<\/li>\n<li>kieg\u00e9sz\u00edt\u0151 molekul\u00e1r \u2013 patol\u00f3giai diagnosztiz\u00e1l\u00e1sra is van lehet\u0151s\u00e9g\u00fcnk, egyetemi, ill. orsz\u00e1gos int\u00e9zeti konzultat\u00edv kollabor\u00e1ci\u00f3ban<\/li>\n<li>az Oszt\u00e1ly az eml\u0151- \u00e9s n\u0151gy\u00f3gy\u00e1szati r\u00e1ksz\u0171r\u0151 vizsg\u00e1latok kiemelt centruma.<\/li>\n<\/ul>\n<p>A K\u00f3rh\u00e1z profiljainak figyelembe v\u00e9tel\u00e9vel az Oszt\u00e1lyon foly\u00f3 kutat\u00f3munka k\u00f6zvetlen\u00fcl a betegell\u00e1t\u00e1s \u00e9rdek\u00e9ben \u00e1ll, az eml\u0151r\u00e1k \u00e9s a gyomor-b\u00e9l traktus daganatos megbeteged\u00e9seire vonatkozik.<\/p>\n<p>Az Oszt\u00e1ly vezet\u0151 orvosai \u00e9vek \u00f3ta rendszeresen r\u00e9szt vesznek a gradu\u00e1lis \u00e9s posztgradu\u00e1lis orvosk\u00e9pz\u00e9sben \u00e9s asszisztens-k\u00e9pz\u00e9sben.<\/p>\n<p><strong>Az elhunytakkal kapcsolatos\u00a0 \u00fcgyint\u00e9z\u00e9s a k\u00f6vetkez\u0151 mell\u00e9keken lehets\u00e9ges: 8745-\u00f6s \u00e9s a 1137-es mell\u00e9k<\/strong><\/p>\n<p><strong>Az oszt\u00e1ly orvosai:<\/strong><\/p>\n\n\n<figure class=\"wp-block-table\"><table class=\"has-fixed-layout\"><tbody><tr><td>Juh\u00e1szn\u00e9 Dr. Zolnai Zs\u00f3fia<\/td><td>oszt\u00e1lyvezet\u0151 f\u0151orvos<\/td><\/tr><tr><td>Dr. Landos Andr\u00e1s <\/td><td>szakorvos<\/td><\/tr><tr><td>Pelle Tam\u00e1sn\u00e9 Dr. M\u00e1gori Anik\u00f3<\/td><td>szakorvos<\/td><\/tr><tr><td>Prof. Dr. Simon K\u00e1roly Attila<\/td><td>szakorvos<\/td><\/tr><tr><td>Dr. Sz\u00f6ll\u0151si Vikt\u00f3ria <\/td><td>szakorvos<\/td><\/tr><tr><td>prof. Dr. Sz\u00e1ll\u00e1si \u00c1rp\u00e1d<\/td><td>szakorvos<\/td><\/tr><tr><td>Dr. T\u00f3th Melinda<\/td><td>szakorvos<\/td><\/tr><tr><td>Dr. Sz\u00e9kely Tam\u00e1s<\/td><td>szakorvos<\/td><\/tr><tr><td>Dr. Asz\u00f3di Bence<\/td><td>rezidens<\/td><\/tr><tr><td>Dr. Kelencz Adrienn Andrea<\/td><td>rezidens<\/td><\/tr><tr><td>Dr. Papp Andrea<\/td><td>rezidens<\/td><\/tr><tr><td>Dr. Vecsey-Terj\u00e9k Orsolya<\/td><td>rezidens, \u00e1ltal\u00e1nos orvos<\/td><\/tr><tr><td><\/td><td><\/td><\/tr><tr><td><\/td><td><\/td><\/tr><\/tbody><\/table><\/figure>\n\n\n\n\t<div class=\"dkpdf-button-container\" style=\"            text-align:right \">\n\n\t\t<a class=\"dkpdf-button\" href=\"\/index.php\/wp-json\/wp\/v2\/pages\/243?pdf=243\" target=\"_blank\"><span class=\"dkpdf-button-icon\"><i class=\"fa fa-file-pdf-o\"><\/i><\/span> Let\u00f6lt\u00e9s<\/a>\n\n\t<\/div>\n\n\n\n\n\n<!-- PMB print buttons is only displayed on a single post\/page URLs-->","protected":false},"excerpt":{"rendered":"<p>\u00a0\u201eD\u201d \u00e9p\u00fclet\u00a0 f\u00f6ldszint. Oszt\u00e1lyvezet\u0151 f\u0151orvos: Dr. Zolnai Zs\u00f3fia pathol\u00f3gia, cytopathol\u00f3gia szakorvos. Tel.: 464-8600\/2126 m. Vezet\u0151 \u00e1pol\u00f3: B\u00e1n Andrea \u00c9va Feladata: a hisztol\u00f3giai-, ill. citol\u00f3giai diagnosztika,&hellip;<\/p>\n","protected":false},"author":3,"featured_media":0,"parent":0,"menu_order":3,"comment_status":"closed","ping_status":"closed","template":"","meta":{"_acf_changed":false,"footnotes":""},"categories":[],"tags":[],"class_list":["post-243","page","type-page","status-publish","hentry"],"acf":[],"post_type":"page","author_name":"backup","_links":{"self":[{"href":"https:\/\/www.szentimrekorhaz.hu\/index.php\/wp-json\/wp\/v2\/pages\/243","targetHints":{"allow":["GET"]}}],"collection":[{"href":"https:\/\/www.szentimrekorhaz.hu\/index.php\/wp-json\/wp\/v2\/pages"}],"about":[{"href":"https:\/\/www.szentimrekorhaz.hu\/index.php\/wp-json\/wp\/v2\/types\/page"}],"author":[{"embeddable":true,"href":"https:\/\/www.szentimrekorhaz.hu\/index.php\/wp-json\/wp\/v2\/users\/3"}],"replies":[{"embeddable":true,"href":"https:\/\/www.szentimrekorhaz.hu\/index.php\/wp-json\/wp\/v2\/comments?post=243"}],"version-history":[{"count":3,"href":"https:\/\/www.szentimrekorhaz.hu\/index.php\/wp-json\/wp\/v2\/pages\/243\/revisions"}],"predecessor-version":[{"id":3275,"href":"https:\/\/www.szentimrekorhaz.hu\/index.php\/wp-json\/wp\/v2\/pages\/243\/revisions\/3275"}],"wp:attachment":[{"href":"https:\/\/www.szentimrekorhaz.hu\/index.php\/wp-json\/wp\/v2\/media?parent=243"}],"wp:term":[{"taxonomy":"category","embeddable":true,"href":"https:\/\/www.szentimrekorhaz.hu\/index.php\/wp-json\/wp\/v2\/categories?post=243"},{"taxonomy":"post_tag","embeddable":true,"href":"https:\/\/www.szentimrekorhaz.hu\/index.php\/wp-json\/wp\/v2\/tags?post=243"}],"curies":[{"name":"wp","href":"https:\/\/api.w.org\/{rel}","templated":true}]}}