{"id":244,"date":"2009-10-08T13:45:10","date_gmt":"2009-10-08T11:45:10","guid":{"rendered":"http:\/\/localhost\/index.php\/altalanos-sebeszet\/"},"modified":"2025-09-20T09:34:59","modified_gmt":"2025-09-20T07:34:59","slug":"altalanos-sebeszet","status":"publish","type":"page","link":"https:\/\/www.szentimrekorhaz.hu\/index.php\/altalanos-sebeszet\/","title":{"rendered":"\u00c1ltal\u00e1nos seb\u00e9szet"},"content":{"rendered":"\n<h2 class=\"wp-block-heading\">\u201eR\u201d \u00e9p\u00fclet, III. emelet 318-320.<\/h2>\n\n\n\n<h4 class=\"wp-block-heading\">profilvezet\u0151 f\u0151orvos: Dr. M\u00e1t\u00e9 Mikl\u00f3s<\/h4>\n\n\n\n<h3 class=\"wp-block-heading\">Tel.: 061-464-8774<\/h3>\n\n\n\n<h3 class=\"wp-block-heading\">Tel.:061-464-8755<\/h3>\n\n\n\n<p><strong>Ambulanci\u00e1inkra id\u0151pont \u00e9s beutal\u00f3 sz\u00fcks\u00e9ges!<\/strong><\/p>\n\n\n\n<p>El\u0151jegyz\u00e9s: h\u00e9tf\u0151t\u0151l-p\u00e9ntekig, 08.00-10.00 k\u00f6z\u00f6tt, rendel\u00e9si id\u0151ben.<\/p>\n\n\n\n<p><strong>Szakambulanci\u00e1ink rendel\u00e9si helye \u00e9s ideje:<\/strong><\/p>\n\n\n\n<table id=\"tablepress-19\" class=\"tablepress tablepress-id-19 tbody-has-connected-cells\">\n<thead>\n<tr class=\"row-1\">\n\t<th class=\"column-1\"><strong>Ambulancia megnevez\u00e9se<\/strong><\/th><th class=\"column-2\"><strong>Rendel\u00e9s helye<\/strong><\/th><th class=\"column-3\"><strong>Rendel\u00e9s Ideje<\/strong><\/th><th class=\"column-4\"><strong>Rendel\u00e9st v\u00e9gz\u0151 orvos<\/strong><\/th><th class=\"column-5\"><strong>Telefonsz\u00e1m<\/strong><\/th><th class=\"column-6\"><strong>Fontos tudnival\u00f3<\/strong><\/th>\n<\/tr>\n<\/thead>\n<tbody class=\"row-striping row-hover\">\n<tr class=\"row-2\">\n\t<td rowspan=\"12\" class=\"column-1\"><strong>Seb\u00e9szeti\u00a0ambulancia                                                         -Proctol\u00f3gia                     -Diab\u00e9tes L\u00e1b                                 \u2013 Eml\u0151seb\u00e9szet<\/strong><\/td><td rowspan=\"12\" class=\"column-2\">\u201eR\u201d\u00e9p\u00fclet\u00a0                           3.emelet 318-320<\/td><td rowspan=\"2\" class=\"column-3\">H\u00e9tf\u0151 9:00-14:00<\/td><td class=\"column-4\">Dr. \u00c1gh P\u00e9ter<\/td><td rowspan=\"12\" class=\"column-5\"><strong>061-464-8774                                 061-464-8755<\/strong><\/td><td rowspan=\"12\" class=\"column-6\"><strong>Id\u0151pont \u00e9s Beutal\u00f3 Sz\u00fcks\u00e9ges,                         El\u0151jegyz\u00e9s:                   H\u00e9tf\u0151t\u0151l-P\u00e9ntekig 8:00-10:00<\/strong><\/td>\n<\/tr>\n<tr class=\"row-3\">\n\t<td class=\"column-4\">Dr Brenner Barnab\u00e1s<\/td>\n<\/tr>\n<tr class=\"row-4\">\n\t<td rowspan=\"2\" class=\"column-3\">Kedd 9:00-14:00<\/td><td class=\"column-4\">Dr. Vit\u00e1lyos Tibor<\/td>\n<\/tr>\n<tr class=\"row-5\">\n\t<td class=\"column-4\">Dr. Solymosi Attila<\/td>\n<\/tr>\n<tr class=\"row-6\">\n\t<td class=\"column-3\">Szerda 9:00-11:00<\/td><td class=\"column-4\"><\/td>\n<\/tr>\n<tr class=\"row-7\">\n\t<td class=\"column-3\">Szerda 9:00-14:00<\/td><td class=\"column-4\">Dr. Vertse Gergely<\/td>\n<\/tr>\n<tr class=\"row-8\">\n\t<td class=\"column-3\">Szerda 11:00-14:00<\/td><td class=\"column-4\">Dr. M\u00e1t\u00e9 Mikl\u00f3s<\/td>\n<\/tr>\n<tr class=\"row-9\">\n\t<td rowspan=\"3\" class=\"column-3\">Cs\u00fct\u00f6rt\u00f6k 9:00-14:00<\/td><td class=\"column-4\">Dr. Merkel Kereszt\u00e9ly<\/td>\n<\/tr>\n<tr class=\"row-10\">\n\t<td class=\"column-4\">Dr. Pord\u00e1ny B\u00e1lint<\/td>\n<\/tr>\n<tr class=\"row-11\">\n\t<td class=\"column-4\">Dr. Czeller D\u00e1niel<\/td>\n<\/tr>\n<tr class=\"row-12\">\n\t<td rowspan=\"2\" class=\"column-3\">P\u00e9ntek 9:00-14:00<\/td><td class=\"column-4\">Dr. V\u00f6lgyi R\u00e9ka<\/td>\n<\/tr>\n<tr class=\"row-13\">\n\t<td class=\"column-4\">Dr. Herczeg Gy\u00f6rgy<\/td>\n<\/tr>\n<tr class=\"row-14\">\n\t<td rowspan=\"2\" class=\"column-1\"><strong>Szt\u00f3ma gondoz\u00e1s<\/strong><\/td><td rowspan=\"2\" class=\"column-2\">\u201eR\u201d\u00e9p\u00fclet\u00a0                           3. emelet 320<\/td><td rowspan=\"2\" class=\"column-3\">H\u00e9tf\u0151t\u0151l-P\u00e9ntekig          9:00-14:00<\/td><td rowspan=\"2\" class=\"column-4\">Szt\u00f3mater\u00e1pi\u00e1s n\u0151v\u00e9r<\/td><td rowspan=\"2\" class=\"column-5\"><strong>061-464\/8774                   061\/464-8755<\/strong><\/td><td rowspan=\"2\" class=\"column-6\"><strong> Oszt\u00e1lyon kezelt betegek ut\u00f3gondoz\u00e1sa<\/strong><\/td>\n<\/tr>\n<tr class=\"row-15\">\n\t\n<\/tr>\n<\/tbody>\n<\/table>\n<!-- #tablepress-19 from cache -->\n\n\n<p>\u00a0<\/p>\n\n\n\n<figure class=\"wp-block-table\"><table class=\"has-fixed-layout\"><tbody><tr><td>\n<p><strong>Az oszt\u00e1ly orvosai<\/strong><\/p>\n<\/td><td>\u00a0<\/td><\/tr><tr><td>\n<p>Dr. M\u00e1t\u00e9 Mikl\u00f3s<\/p>\n<\/td><td>\n<p>profilvezet\u0151 f\u0151orvos<\/p>\n<\/td><\/tr><tr><td>Dr. Vit\u00e1lyos Tibor<\/td><td>profilvezet\u0151 helyettes f\u0151orvos<\/td><\/tr><tr><td>Dr. \u00c1gh P\u00e9ter<\/td><td>adjunktus<\/td><\/tr><tr><td>Dr. Brenner Barnab\u00e1s<\/td><td>adjunktus<\/td><\/tr><tr><td>Dr. Merkel Kereszt\u00e9ly G\u00e9za<\/td><td>f\u0151orvos<\/td><\/tr><tr><td>Dr. Solymosi Attila<\/td><td>f\u0151orvos<\/td><\/tr><tr><td>Dr. V\u00f6lgyi R\u00e9ka<\/td><td>adjunktus<\/td><\/tr><tr><td>Dr. Kov\u00e1cs No\u00e9mi<\/td><td>rezidens<\/td><\/tr><\/tbody><\/table><\/figure>\n\n\n\n<p><a href=\"https:\/\/www.szentimrekorhaz.hu\/index.php\/altalanos-sebeszeti-profil\/\">Kattints ide az oszt\u00e1ly fekv\u0151beteg ell\u00e1t\u00e1s\u00e1ra.<\/a><\/p>\n\n\n\n<p><\/p>\n\n\n\n<p><\/p>\n\n\n\n<p><\/p>\n\n\n\n<p><\/p>\n\n\n\n\t<div class=\"dkpdf-button-container\" style=\"            text-align:right \">\n\n\t\t<a class=\"dkpdf-button\" href=\"\/index.php\/wp-json\/wp\/v2\/pages\/244?pdf=244\" target=\"_blank\"><span class=\"dkpdf-button-icon\"><i class=\"fa fa-file-pdf-o\"><\/i><\/span> Let\u00f6lt\u00e9s<\/a>\n\n\t<\/div>\n\n\n\n\n\n<!-- PMB print buttons is only displayed on a single post\/page URLs-->","protected":false},"excerpt":{"rendered":"<p>\u201eR\u201d \u00e9p\u00fclet, III. emelet 318-320. profilvezet\u0151 f\u0151orvos: Dr. M\u00e1t\u00e9 Mikl\u00f3s Tel.: 061-464-8774 Tel.:061-464-8755 Ambulanci\u00e1inkra id\u0151pont \u00e9s beutal\u00f3 sz\u00fcks\u00e9ges! El\u0151jegyz\u00e9s: h\u00e9tf\u0151t\u0151l-p\u00e9ntekig, 08.00-10.00 k\u00f6z\u00f6tt, rendel\u00e9si id\u0151ben. Szakambulanci\u00e1ink&hellip;<\/p>\n","protected":false},"author":3,"featured_media":0,"parent":0,"menu_order":2,"comment_status":"closed","ping_status":"closed","template":"","meta":{"_acf_changed":false,"footnotes":""},"categories":[],"tags":[],"class_list":["post-244","page","type-page","status-publish","hentry"],"acf":[],"post_type":"page","author_name":"backup","_links":{"self":[{"href":"https:\/\/www.szentimrekorhaz.hu\/index.php\/wp-json\/wp\/v2\/pages\/244","targetHints":{"allow":["GET"]}}],"collection":[{"href":"https:\/\/www.szentimrekorhaz.hu\/index.php\/wp-json\/wp\/v2\/pages"}],"about":[{"href":"https:\/\/www.szentimrekorhaz.hu\/index.php\/wp-json\/wp\/v2\/types\/page"}],"author":[{"embeddable":true,"href":"https:\/\/www.szentimrekorhaz.hu\/index.php\/wp-json\/wp\/v2\/users\/3"}],"replies":[{"embeddable":true,"href":"https:\/\/www.szentimrekorhaz.hu\/index.php\/wp-json\/wp\/v2\/comments?post=244"}],"version-history":[{"count":9,"href":"https:\/\/www.szentimrekorhaz.hu\/index.php\/wp-json\/wp\/v2\/pages\/244\/revisions"}],"predecessor-version":[{"id":2784,"href":"https:\/\/www.szentimrekorhaz.hu\/index.php\/wp-json\/wp\/v2\/pages\/244\/revisions\/2784"}],"wp:attachment":[{"href":"https:\/\/www.szentimrekorhaz.hu\/index.php\/wp-json\/wp\/v2\/media?parent=244"}],"wp:term":[{"taxonomy":"category","embeddable":true,"href":"https:\/\/www.szentimrekorhaz.hu\/index.php\/wp-json\/wp\/v2\/categories?post=244"},{"taxonomy":"post_tag","embeddable":true,"href":"https:\/\/www.szentimrekorhaz.hu\/index.php\/wp-json\/wp\/v2\/tags?post=244"}],"curies":[{"name":"wp","href":"https:\/\/api.w.org\/{rel}","templated":true}]}}