{"id":245,"date":"2009-10-08T13:49:39","date_gmt":"2009-10-08T11:49:39","guid":{"rendered":"http:\/\/localhost\/index.php\/ersebeszet\/"},"modified":"2025-11-04T09:20:41","modified_gmt":"2025-11-04T08:20:41","slug":"ersebeszet","status":"publish","type":"page","link":"https:\/\/www.szentimrekorhaz.hu\/index.php\/ersebeszet\/","title":{"rendered":"\u00c9rseb\u00e9szet"},"content":{"rendered":"<table style=\"width: 900px;\" border=\"1\" cellspacing=\"1\" cellpadding=\"1\">\n<tbody>\n<tr>\n<td style=\"text-align: center;\"><strong>Ambulancia megnevez\u00e9se<\/strong><\/td>\n<td style=\"text-align: center;\"><strong>Rendel\u00e9s helye<\/strong><\/td>\n<td style=\"text-align: center; width: 211px;\"><strong>Rendel\u00e9s ideje<\/strong><\/td>\n<td style=\"text-align: center; width: 263px;\"><strong>Rendel\u00e9st v\u00e9gz\u0151 orvos<\/strong><\/td>\n<td style=\"text-align: center; width: 154px;\"><strong>Ambulancia telefonsz\u00e1ma<\/strong><\/td>\n<td style=\"text-align: center; width: 116px;\"><strong>Tudnival\u00f3<\/strong><\/td>\n<\/tr>\n<tr>\n<td style=\"text-align: center;\" rowspan=\"5\">\u00c9rseb\u00e9szeti Ambulancia<\/td>\n<td style=\"text-align: center;\" rowspan=\"5\">B\u00e1rtfai u.<br>\nIII. emelet<br>\n310<\/td>\n<td style=\"text-align: center; width: 211px;\">H\u00e9tf\u0151 09:00-13:00-ig<\/td>\n<td style=\"text-align: center; width: 263px;\">Dr. Dorogi Bence<\/td>\n<td style=\"text-align: center; width: 154px;\" rowspan=\"5\">464-8775<\/td>\n<td style=\"text-align: center; width: 116px;\" rowspan=\"5\">Beutal\u00f3 sz\u00fcks\u00e9ges; El\u0151jegyz\u00e9s:<br>\nRendel\u00e9si id\u0151ben<\/td>\n<\/tr>\n<tr>\n<td style=\"text-align: center; width: 211px;\">Kedd 09:00 \u2013 13:00-ig<\/td>\n<td style=\"text-align: center; width: 263px;\">Dr. Farkas M\u00e1t\u00e9<\/td>\n<\/tr>\n<tr>\n<td style=\"text-align: center; width: 211px;\">Szerda 09:00 \u2013 13:00-ig<\/td>\n<td style=\"text-align: center; width: 263px;\">Dr. Szatai Lilla<\/td>\n<\/tr>\n<tr>\n<td style=\"text-align: center; width: 211px;\">Cs\u00fct\u00f6rt\u00f6k 09:00 \u2013 13:00-ig<\/td>\n<td style=\"text-align: center; width: 263px;\">Dr. F\u00e1bry Gy\u00f6rgy<\/td>\n<\/tr>\n<tr>\n<td style=\"text-align: center; width: 211px;\">P\u00e9ntek: 9:00-13:00-ig<\/td>\n<td style=\"text-align: center; width: 263px;\">Dr. Kukucska D\u00e1niel Samu<\/td>\n<\/tr>\n<\/tbody>\n<\/table>\n<p><a href=\"https:\/\/www.szentimrekorhaz.hu\/index.php\/ersebeszeti-profil\/\">Kattints ide az oszt\u00e1ly fekv\u0151beteg ell\u00e1t\u00e1s\u00e1ra.<\/a><\/p>\n\n\n\n\t<div class=\"dkpdf-button-container\" style=\"            text-align:right \">\n\n\t\t<a class=\"dkpdf-button\" href=\"\/index.php\/wp-json\/wp\/v2\/pages\/245?pdf=245\" target=\"_blank\"><span class=\"dkpdf-button-icon\"><i class=\"fa fa-file-pdf-o\"><\/i><\/span> Let\u00f6lt\u00e9s<\/a>\n\n\t<\/div>\n\n\n\n\n\n<!-- PMB print buttons is only displayed on a single post\/page URLs-->","protected":false},"excerpt":{"rendered":"<p>Ambulancia megnevez\u00e9se Rendel\u00e9s helye Rendel\u00e9s ideje Rendel\u00e9st v\u00e9gz\u0151 orvos Ambulancia telefonsz\u00e1ma Tudnival\u00f3 \u00c9rseb\u00e9szeti Ambulancia B\u00e1rtfai u. III. emelet 310 H\u00e9tf\u0151 09:00-13:00-ig Dr. Dorogi Bence 464-8775&hellip;<\/p>\n","protected":false},"author":3,"featured_media":0,"parent":0,"menu_order":4,"comment_status":"closed","ping_status":"closed","template":"","meta":{"_acf_changed":false,"footnotes":""},"categories":[],"tags":[],"class_list":["post-245","page","type-page","status-publish","hentry"],"acf":[],"post_type":"page","author_name":"backup","_links":{"self":[{"href":"https:\/\/www.szentimrekorhaz.hu\/index.php\/wp-json\/wp\/v2\/pages\/245","targetHints":{"allow":["GET"]}}],"collection":[{"href":"https:\/\/www.szentimrekorhaz.hu\/index.php\/wp-json\/wp\/v2\/pages"}],"about":[{"href":"https:\/\/www.szentimrekorhaz.hu\/index.php\/wp-json\/wp\/v2\/types\/page"}],"author":[{"embeddable":true,"href":"https:\/\/www.szentimrekorhaz.hu\/index.php\/wp-json\/wp\/v2\/users\/3"}],"replies":[{"embeddable":true,"href":"https:\/\/www.szentimrekorhaz.hu\/index.php\/wp-json\/wp\/v2\/comments?post=245"}],"version-history":[{"count":4,"href":"https:\/\/www.szentimrekorhaz.hu\/index.php\/wp-json\/wp\/v2\/pages\/245\/revisions"}],"predecessor-version":[{"id":3155,"href":"https:\/\/www.szentimrekorhaz.hu\/index.php\/wp-json\/wp\/v2\/pages\/245\/revisions\/3155"}],"wp:attachment":[{"href":"https:\/\/www.szentimrekorhaz.hu\/index.php\/wp-json\/wp\/v2\/media?parent=245"}],"wp:term":[{"taxonomy":"category","embeddable":true,"href":"https:\/\/www.szentimrekorhaz.hu\/index.php\/wp-json\/wp\/v2\/categories?post=245"},{"taxonomy":"post_tag","embeddable":true,"href":"https:\/\/www.szentimrekorhaz.hu\/index.php\/wp-json\/wp\/v2\/tags?post=245"}],"curies":[{"name":"wp","href":"https:\/\/api.w.org\/{rel}","templated":true}]}}