{"id":247,"date":"2009-10-08T13:51:31","date_gmt":"2009-10-08T11:51:31","guid":{"rendered":"http:\/\/localhost\/index.php\/ngyogyaszat\/"},"modified":"2025-07-30T11:01:50","modified_gmt":"2025-07-30T09:01:50","slug":"ngyogyaszat","status":"publish","type":"page","link":"https:\/\/www.szentimrekorhaz.hu\/index.php\/ngyogyaszat\/","title":{"rendered":"N\u0151gy\u00f3gy\u00e1szat"},"content":{"rendered":"<table border=\"1\" cellspacing=\"2\" cellpadding=\"2\">\n<tbody>\n<tr align=\"middle\" valign=\"center\">\n<td width=\"150\"><strong>Ambulancia megnevez\u00e9se <\/strong><\/td>\n<td style=\"width: 111px;\" width=\"100\"><strong>Rendel\u00e9s helye <\/strong><\/td>\n<td style=\"width: 79px;\" width=\"100\"><strong>Rendel\u00e9s ideje <\/strong><\/td>\n<td style=\"width: 151px;\" width=\"200\"><strong>Rendel\u00e9st v\u00e9gz\u0151 orvos <\/strong><\/td>\n<td style=\"width: 127px;\" width=\"100\"><strong>Telefonsz\u00e1m <\/strong><\/td>\n<td style=\"width: 186px;\" width=\"200\"><strong>Tudnival\u00f3 <\/strong><\/td>\n<\/tr>\n<tr>\n<td>Sz\u00fcl\u00e9szet \u2013 N\u0151gy\u00f3gy\u00e1szat Ambulancia<\/td>\n<td style=\"width: 111px;\">B\u00e1rtfai u. Szakambulanci\u00e1k I. em. 1.08 szoba<\/td>\n<td style=\"width: 79px;\">H\u00e9tf\u0151-P\u00e9ntek 08:00-14:00<\/td>\n<td style=\"width: 151px;\">Oszt\u00e1lyos orvosok v\u00e1ltva, sz\u00fcl\u00e9szn\u0151k<\/td>\n<td style=\"width: 127px;\">06-1-464-8776<\/td>\n<td style=\"width: 186px;\">Beutal\u00f3 sz\u00fcks\u00e9ges<\/td>\n<\/tr>\n<tr>\n<td>Sz\u00fcl\u00e9szet \u2013 N\u0151gy\u00f3gy\u00e1szat NST<\/td>\n<td style=\"width: 111px;\">B\u00e1rtfai u. Szakambulanci\u00e1k I. em. 1.09. szoba<\/td>\n<td style=\"width: 79px;\">H\u00e9tf\u0151-P\u00e9ntek 08:00-14:00<\/td>\n<td style=\"width: 151px;\">Sz\u00fcl\u00e9szn\u0151k<\/td>\n<td style=\"width: 127px;\">06-1-464-8700\/1604<\/td>\n<td style=\"width: 186px;\">El\u0151jegyz\u00e9s sz\u00fcks\u00e9ges<\/td>\n<\/tr>\n<tr>\n<td>N\u0151gy\u00f3gy\u00e1szati UH<\/td>\n<td style=\"width: 111px;\">B\u00e1rtfai u. Szakambulanci\u00e1k I. em. 1.11. szoba<\/td>\n<td style=\"width: 79px;\">H\u00e9tf\u0151-P\u00e9ntek 08:00-14:00<\/td>\n<td style=\"width: 151px;\">J\u00f3zsa-Tak\u00e1cs Ibolya\n<p>Bal\u00e1zs Gabriella<\/p><\/td>\n<td style=\"width: 127px;\">06-1-464-8777<\/td>\n<td style=\"width: 186px;\">Beutal\u00f3 \u00e9s el\u0151jegyz\u00e9s sz\u00fcks\u00e9ges<\/td>\n<\/tr>\n<\/tbody>\n<\/table>\n<p><a href=\"https:\/\/www.szentimrekorhaz.hu\/index.php\/szueleszet-es-ngyogyaszat-osztaly\/\">Kattints ide az oszt\u00e1ly fekv\u0151beteg ell\u00e1t\u00e1s\u00e1ra.<\/a><\/p>\n\n\n\n\t<div class=\"dkpdf-button-container\" style=\"            text-align:right \">\n\n\t\t<a class=\"dkpdf-button\" href=\"\/index.php\/wp-json\/wp\/v2\/pages\/247?pdf=247\" target=\"_blank\"><span class=\"dkpdf-button-icon\"><i class=\"fa fa-file-pdf-o\"><\/i><\/span> Let\u00f6lt\u00e9s<\/a>\n\n\t<\/div>\n\n\n\n\n\n<!-- PMB print buttons is only displayed on a single post\/page URLs-->","protected":false},"excerpt":{"rendered":"<p>Ambulancia megnevez\u00e9se Rendel\u00e9s helye Rendel\u00e9s ideje Rendel\u00e9st v\u00e9gz\u0151 orvos Telefonsz\u00e1m Tudnival\u00f3 Sz\u00fcl\u00e9szet \u2013 N\u0151gy\u00f3gy\u00e1szat Ambulancia B\u00e1rtfai u. Szakambulanci\u00e1k I. em. 1.08 szoba H\u00e9tf\u0151-P\u00e9ntek 08:00-14:00 Oszt\u00e1lyos&hellip;<\/p>\n","protected":false},"author":3,"featured_media":0,"parent":0,"menu_order":6,"comment_status":"closed","ping_status":"closed","template":"","meta":{"_acf_changed":false,"footnotes":""},"categories":[],"tags":[],"class_list":["post-247","page","type-page","status-publish","hentry"],"acf":[],"post_type":"page","author_name":"backup","_links":{"self":[{"href":"https:\/\/www.szentimrekorhaz.hu\/index.php\/wp-json\/wp\/v2\/pages\/247","targetHints":{"allow":["GET"]}}],"collection":[{"href":"https:\/\/www.szentimrekorhaz.hu\/index.php\/wp-json\/wp\/v2\/pages"}],"about":[{"href":"https:\/\/www.szentimrekorhaz.hu\/index.php\/wp-json\/wp\/v2\/types\/page"}],"author":[{"embeddable":true,"href":"https:\/\/www.szentimrekorhaz.hu\/index.php\/wp-json\/wp\/v2\/users\/3"}],"replies":[{"embeddable":true,"href":"https:\/\/www.szentimrekorhaz.hu\/index.php\/wp-json\/wp\/v2\/comments?post=247"}],"version-history":[{"count":1,"href":"https:\/\/www.szentimrekorhaz.hu\/index.php\/wp-json\/wp\/v2\/pages\/247\/revisions"}],"predecessor-version":[{"id":2153,"href":"https:\/\/www.szentimrekorhaz.hu\/index.php\/wp-json\/wp\/v2\/pages\/247\/revisions\/2153"}],"wp:attachment":[{"href":"https:\/\/www.szentimrekorhaz.hu\/index.php\/wp-json\/wp\/v2\/media?parent=247"}],"wp:term":[{"taxonomy":"category","embeddable":true,"href":"https:\/\/www.szentimrekorhaz.hu\/index.php\/wp-json\/wp\/v2\/categories?post=247"},{"taxonomy":"post_tag","embeddable":true,"href":"https:\/\/www.szentimrekorhaz.hu\/index.php\/wp-json\/wp\/v2\/tags?post=247"}],"curies":[{"name":"wp","href":"https:\/\/api.w.org\/{rel}","templated":true}]}}