{"id":248,"date":"2009-10-08T13:53:06","date_gmt":"2009-10-08T11:53:06","guid":{"rendered":"http:\/\/localhost\/index.php\/fuel-orr-gegeszet\/"},"modified":"2025-09-20T08:34:01","modified_gmt":"2025-09-20T06:34:01","slug":"fuel-orr-gegeszet","status":"publish","type":"page","link":"https:\/\/www.szentimrekorhaz.hu\/index.php\/fuel-orr-gegeszet\/","title":{"rendered":"F\u00fcl- Orr- G\u00e9g\u00e9szet"},"content":{"rendered":"\n<table id=\"tablepress-3\" class=\"tablepress tablepress-id-3 tbody-has-connected-cells\">\n<thead>\n<tr class=\"row-1\">\n\t<th class=\"column-1\"><strong>Ambulancia megnevez\u00e9se<\/strong><\/th><th class=\"column-2\"><strong>Rendel\u00e9s helye<\/strong><\/th><th class=\"column-3\"><strong>Rendel\u00e9s Ideje<\/strong><\/th><th class=\"column-4\"><strong>Rendel\u00e9st v\u00e9gz\u0151 orvos<\/strong><\/th><th class=\"column-5\"><strong>Telefonsz\u00e1m<\/strong><\/th><th class=\"column-6\"><strong>Fontos tudnival\u00f3<\/strong><\/th>\n<\/tr>\n<\/thead>\n<tbody class=\"row-striping row-hover\">\n<tr class=\"row-2\">\n\t<td rowspan=\"11\" class=\"column-1\"><strong>F\u00fcl-Orr-G\u00e9ge,Fej-nyak seb\u00e9szeti Ambulancia<\/strong><\/td><td rowspan=\"11\" class=\"column-2\">\u201eR\u201d \u00e9p\u00fclet                                   3.emelet 321-322.<\/td><td rowspan=\"11\" class=\"column-3\">H\u00e9tf\u0151t\u0151l \u2013 P\u00e9ntekig v\u00e1ltoz\u00f3 rendel\u00e9si naponkon                   9:00-13:00<\/td><td class=\"column-4\">Dr. Szakolczay V. G\u00e1bor<\/td><td rowspan=\"11\" class=\"column-5\"><strong>06-1-464-8793                       06-1-464-8784                      06-1-464-8600\/2331<\/strong><\/td><td rowspan=\"11\" class=\"column-6\"><strong>Beutal\u00f3 sz\u00fcks\u00e9ges                      Telefonos inform\u00e1ci\u00f3 k\u00e9r\u00e9s  8:00-9:00 \u00e9s 13:00-14:00 k\u00f6z\u00f6tt<\/strong><\/td>\n<\/tr>\n<tr class=\"row-3\">\n\t<td class=\"column-4\">Dr. Fazekas Eszter<\/td>\n<\/tr>\n<tr class=\"row-4\">\n\t<td class=\"column-4\">Dr. Kara Mikl\u00f3s<\/td>\n<\/tr>\n<tr class=\"row-5\">\n\t<td class=\"column-4\">Dr. B\u00e1csi M\u00e1rton<\/td>\n<\/tr>\n<tr class=\"row-6\">\n\t<td class=\"column-4\">Dr. N\u00e9meth Enik\u0151<\/td>\n<\/tr>\n<tr class=\"row-7\">\n\t<td class=\"column-4\">Dr. Katona D\u00f3ra<\/td>\n<\/tr>\n<tr class=\"row-8\">\n\t<td class=\"column-4\">Dr. Lakatos Lili<\/td>\n<\/tr>\n<tr class=\"row-9\">\n\t<td class=\"column-4\">Dr. Horv\u00e1th Zsuzsanna<\/td>\n<\/tr>\n<tr class=\"row-10\">\n\t<td class=\"column-4\">Dr. Bark\u00f3czi Be\u00e1ta<\/td>\n<\/tr>\n<tr class=\"row-11\">\n\t<td class=\"column-4\">Dr. Velich Attila<\/td>\n<\/tr>\n<tr class=\"row-12\">\n\t<td class=\"column-4\">Dr. R\u00e9v\u00e9sz G\u00e1bor<\/td>\n<\/tr>\n<tr class=\"row-13\">\n\t<td rowspan=\"2\" class=\"column-1\"><strong>Foni\u00e1tria \/ Logop\u00e9dia<\/strong><\/td><td rowspan=\"2\" class=\"column-2\">\u201eR\u201d \u00e9p\u00fclet 3.emelet 321-322 <\/td><td rowspan=\"2\" class=\"column-3\">Szerda: 13:00-15:00<\/td><td class=\"column-4\">Dr. Horv\u00e1th Zsuzsanna<\/td><td rowspan=\"2\" class=\"column-5\"><strong>06-1-464-8784<\/strong><\/td><td rowspan=\"2\" class=\"column-6\"><strong>Beutal\u00f3 \u00e9s el\u0151jegyz\u00e9s sz\u00fcks\u00e9ges                         Telefonos inform\u00e1ci\u00f3 k\u00e9r\u00e9s 8:00-9:00 \u00e9s 13:00-14:00 k\u00f6z\u00f6tt <\/strong><\/td>\n<\/tr>\n<tr class=\"row-14\">\n\t<td class=\"column-4\">Kiss Sebesty\u00e9n<\/td>\n<\/tr>\n<tr class=\"row-15\">\n\t<td rowspan=\"4\" class=\"column-1\"><strong>Audiol\u00f3gia<\/strong><\/td><td rowspan=\"4\" class=\"column-2\">\u201eR\u201d \u00e9p\u00fclet 3.emelet 323.<\/td><td rowspan=\"4\" class=\"column-3\">H\u00e9tf\u0151t\u0151l \u2013 P\u00e9ntekig              8:00-14:00<\/td><td class=\"column-4\">Dr. Velich Attila<\/td><td rowspan=\"4\" class=\"column-5\"><strong>06-1-464-8786<\/strong><\/td><td rowspan=\"4\" class=\"column-6\"><strong>Beutal\u00f3 \u00e9s el\u0151jegyz\u00e9s sz\u00fcks\u00e9ges\u00a0                            El\u0151jegyz\u00e9s rendel\u00e9si id\u0151ben<\/strong><\/td>\n<\/tr>\n<tr class=\"row-16\">\n\t<td class=\"column-4\">Dr. Mak\u00f3 \u00c1d\u00e1m<\/td>\n<\/tr>\n<tr class=\"row-17\">\n\t<td class=\"column-4\">Dr. Horv\u00e1th Zsuzsanna<\/td>\n<\/tr>\n<tr class=\"row-18\">\n\t<td class=\"column-4\">Dr. Szakolczay V. G\u00e1bor<\/td>\n<\/tr>\n<tr class=\"row-19\">\n\t<td rowspan=\"2\" class=\"column-1\"><strong>Allergol\u00f3gia<\/strong><\/td><td rowspan=\"2\" class=\"column-2\">\u201eR\u201d \u00e9p\u00fclet 3.emelet 321-322 <\/td><td rowspan=\"2\" class=\"column-3\">H\u00e9tf\u0151,Szerda,P\u00e9ntek            9:00-12:00<\/td><td class=\"column-4\">Dr. Horv\u00e1th Zsuzsanna<\/td><td rowspan=\"2\" class=\"column-5\"><strong>06-1-464-8793                          06-1-464\/-8784                         06-1-464-8600\/2331<\/strong><\/td><td rowspan=\"2\" class=\"column-6\"><strong>Beutal\u00f3 sz\u00fcks\u00e9ges El\u0151jegyz\u00e9s rendel\u00e9si id\u0151ben<\/strong><\/td>\n<\/tr>\n<tr class=\"row-20\">\n\t<td class=\"column-4\">Dr. Lakatos Lili<\/td>\n<\/tr>\n<tr class=\"row-21\">\n\t<td rowspan=\"3\" class=\"column-1\"><strong>Otoneurol\u00f3gia<\/strong><\/td><td rowspan=\"3\" class=\"column-2\">\u201eR\u201d \u00e9p\u00fclet 3.emelet 321-322 <\/td><td rowspan=\"3\" class=\"column-3\">   H\u00e9tf\u0151 9:-13:00               Kedd 9:00-13:00              P\u00e9ntek 9:00-13:00<\/td><td class=\"column-4\">Dr. Fazekas Eszter<\/td><td rowspan=\"3\" class=\"column-5\"><strong>06-1-464-8793                          06-1-464\/-8784                         06-1-464-8600\/2331<\/strong><\/td><td rowspan=\"3\" class=\"column-6\"><strong>Csak ter\u00fcletileg illet\u00e9kes beteg sz\u00e1m\u00e1ra.                                       Beutal\u00f3 \u00e9s telefonos el\u0151jegyz\u00e9s sz\u00fcks\u00e9ges.     El\u0151jegyz\u00e9s rendel\u00e9si id\u0151ben<\/strong><\/td>\n<\/tr>\n<tr class=\"row-22\">\n\t<td class=\"column-4\">Dr. Mak\u00f3 \u00c1d\u00e1m<\/td>\n<\/tr>\n<tr class=\"row-23\">\n\t<td class=\"column-4\">Dr. N\u00e9meth Enik\u0151<\/td>\n<\/tr>\n<tr class=\"row-24\">\n\t<td class=\"column-1\"><\/td><td class=\"column-2\"><\/td><td class=\"column-3\"><\/td><td class=\"column-4\"><\/td><td class=\"column-5\"><\/td><td class=\"column-6\"><\/td>\n<\/tr>\n<\/tbody>\n<\/table>\n<!-- #tablepress-3 from cache -->\n\n\n<p><a href=\"https:\/\/www.szentimrekorhaz.hu\/index.php\/fuel-orr-gegeszeti-profil\/\">Kattints ide az oszt\u00e1ly fekv\u0151beteg ell\u00e1t\u00e1s\u00e1ra.<\/a><\/p>\n\n\n\n\t<div class=\"dkpdf-button-container\" style=\"            text-align:right \">\n\n\t\t<a class=\"dkpdf-button\" href=\"\/index.php\/wp-json\/wp\/v2\/pages\/248?pdf=248\" target=\"_blank\"><span class=\"dkpdf-button-icon\"><i class=\"fa fa-file-pdf-o\"><\/i><\/span> Let\u00f6lt\u00e9s<\/a>\n\n\t<\/div>\n\n\n\n\n\n<!-- PMB print buttons is only displayed on a single post\/page URLs-->","protected":false},"excerpt":{"rendered":"<p>Kattints ide az oszt\u00e1ly fekv\u0151beteg ell\u00e1t\u00e1s\u00e1ra. Let\u00f6lt\u00e9s<\/p>\n","protected":false},"author":3,"featured_media":0,"parent":0,"menu_order":7,"comment_status":"closed","ping_status":"closed","template":"","meta":{"_acf_changed":false,"footnotes":""},"categories":[],"tags":[],"class_list":["post-248","page","type-page","status-publish","hentry"],"acf":[],"post_type":"page","author_name":"backup","_links":{"self":[{"href":"https:\/\/www.szentimrekorhaz.hu\/index.php\/wp-json\/wp\/v2\/pages\/248","targetHints":{"allow":["GET"]}}],"collection":[{"href":"https:\/\/www.szentimrekorhaz.hu\/index.php\/wp-json\/wp\/v2\/pages"}],"about":[{"href":"https:\/\/www.szentimrekorhaz.hu\/index.php\/wp-json\/wp\/v2\/types\/page"}],"author":[{"embeddable":true,"href":"https:\/\/www.szentimrekorhaz.hu\/index.php\/wp-json\/wp\/v2\/users\/3"}],"replies":[{"embeddable":true,"href":"https:\/\/www.szentimrekorhaz.hu\/index.php\/wp-json\/wp\/v2\/comments?post=248"}],"version-history":[{"count":2,"href":"https:\/\/www.szentimrekorhaz.hu\/index.php\/wp-json\/wp\/v2\/pages\/248\/revisions"}],"predecessor-version":[{"id":2752,"href":"https:\/\/www.szentimrekorhaz.hu\/index.php\/wp-json\/wp\/v2\/pages\/248\/revisions\/2752"}],"wp:attachment":[{"href":"https:\/\/www.szentimrekorhaz.hu\/index.php\/wp-json\/wp\/v2\/media?parent=248"}],"wp:term":[{"taxonomy":"category","embeddable":true,"href":"https:\/\/www.szentimrekorhaz.hu\/index.php\/wp-json\/wp\/v2\/categories?post=248"},{"taxonomy":"post_tag","embeddable":true,"href":"https:\/\/www.szentimrekorhaz.hu\/index.php\/wp-json\/wp\/v2\/tags?post=248"}],"curies":[{"name":"wp","href":"https:\/\/api.w.org\/{rel}","templated":true}]}}