{"id":249,"date":"2009-10-08T13:54:01","date_gmt":"2009-10-08T11:54:01","guid":{"rendered":"http:\/\/localhost\/index.php\/szemeszet\/"},"modified":"2025-09-20T09:36:24","modified_gmt":"2025-09-20T07:36:24","slug":"szemeszet","status":"publish","type":"page","link":"https:\/\/www.szentimrekorhaz.hu\/index.php\/szemeszet\/","title":{"rendered":"Szem\u00e9szet"},"content":{"rendered":"\n<p><\/p>\n\n\n\n<table id=\"tablepress-18\" class=\"tablepress tablepress-id-18 tbody-has-connected-cells\">\n<thead>\n<tr class=\"row-1\">\n\t<th class=\"column-1\"><strong>Ambulancia megnevez\u00e9se<\/strong><\/th><th class=\"column-2\"><strong>Rendel\u00e9s helye<\/strong><\/th><th colspan=\"2\" class=\"column-3\"><strong>Rendel\u00e9s ideje<\/strong><\/th><th class=\"column-5\"><strong>Rendel\u00e9st v\u00e9gz\u0151 orvos<\/strong><\/th><th class=\"column-6\"><strong>Ambulancia telefonsz\u00e1ma<\/strong><\/th><th class=\"column-7\"><strong>Tudnival\u00f3k<\/strong><\/th><td class=\"column-8\"><\/td><td class=\"column-9\"><\/td><td class=\"column-10\"><\/td>\n<\/tr>\n<\/thead>\n<tbody class=\"row-striping row-hover\">\n<tr class=\"row-2\">\n\t<td rowspan=\"12\" class=\"column-1\"><strong>Szem\u00e9szet,Diabetes, Glaukoma  Ambulancia<\/strong><\/td><td rowspan=\"12\" class=\"column-2\"><strong>\u201eR\u201d \u00e9p\u00fclet 3. emelet 311-314 <\/strong><\/td><td colspan=\"2\" rowspan=\"3\" class=\"column-3\">H\u00e9tf\u0151: 9:00-14:00<\/td><td class=\"column-5\">Dr. Dolhay Eszter<\/td><td rowspan=\"3\" class=\"column-6\"><strong>061-464-8600\/2311   061\/464-8783            061\/464-8681<\/strong><\/td><td rowspan=\"12\" class=\"column-7\"><strong>Id\u0151pont k\u00e9r\u00e9s telefonon:                       H\u00e9tf\u0151t\u0151l-P\u00e9ntekig:\u00a010:00-13:00         A vizsg\u00e1latra kor\u00e1bbi szem\u00e9szeti lelet\u00e9t\/z\u00e1r\u00f3jelent\u00e9s\u00e9t hozza mag\u00e1val.<\/strong><\/td><td class=\"column-8\"><\/td><td class=\"column-9\"><\/td><td class=\"column-10\"><\/td>\n<\/tr>\n<tr class=\"row-3\">\n\t<td class=\"column-5\">Dr. Szab\u00f3 Orsolya<\/td><td class=\"column-8\"><\/td><td class=\"column-9\"><\/td><td class=\"column-10\"><\/td>\n<\/tr>\n<tr class=\"row-4\">\n\t<td class=\"column-5\">Dr. Ferencz M. Csenge<\/td><td class=\"column-8\"><\/td><td class=\"column-9\"><\/td><td class=\"column-10\"><\/td>\n<\/tr>\n<tr class=\"row-5\">\n\t<td colspan=\"2\" rowspan=\"2\" class=\"column-3\">Kedd: 9:00-14:00<\/td><td class=\"column-5\">Dr. Ferencz M\u00e1ria \u00c9va<\/td><td class=\"column-6\"><strong>0630\/984-3975<\/strong><\/td><td class=\"column-8\"><\/td><td class=\"column-9\"><\/td><td class=\"column-10\"><\/td>\n<\/tr>\n<tr class=\"row-6\">\n\t<td class=\"column-5\">Dr. Magyar Sarolta<\/td><td class=\"column-6\"><strong>061-464-8600\/2311   061\/464-8783            061\/464-8681<\/strong><\/td><td class=\"column-8\"><\/td><td class=\"column-9\"><\/td><td class=\"column-10\"><\/td>\n<\/tr>\n<tr class=\"row-7\">\n\t<td colspan=\"2\" rowspan=\"2\" class=\"column-3\">Szerda: 9:00-14:00<\/td><td class=\"column-5\">Dr. Popper-Sachetti Andrea<\/td><td rowspan=\"2\" class=\"column-6\"><strong>061-464-8600\/2311   061\/464-8783            061\/464-8681<\/strong><\/td><td class=\"column-8\"><\/td><td class=\"column-9\"><\/td><td class=\"column-10\"><\/td>\n<\/tr>\n<tr class=\"row-8\">\n\t<td class=\"column-5\">Dr. Klapka Alma<\/td><td class=\"column-8\"><\/td><td class=\"column-9\"><\/td><td class=\"column-10\"><\/td>\n<\/tr>\n<tr class=\"row-9\">\n\t<td colspan=\"2\" rowspan=\"3\" class=\"column-3\">Cs\u00fct\u00f6rt\u00f6k: 9:00-14:00<\/td><td class=\"column-5\">Dr. Ferencz M\u00e1ria \u00c9va<\/td><td class=\"column-6\"><strong>0630\/984-3975<\/strong><\/td><td class=\"column-8\"><\/td><td class=\"column-9\"><\/td><td class=\"column-10\"><\/td>\n<\/tr>\n<tr class=\"row-10\">\n\t<td class=\"column-5\">Dr. Aranyoss Katalin<\/td><td rowspan=\"2\" class=\"column-6\"><strong>061-464-8600\/2311   061\/464-8783            061\/464-8681<\/strong><\/td><td class=\"column-8\"><\/td><td class=\"column-9\"><\/td><td class=\"column-10\"><\/td>\n<\/tr>\n<tr class=\"row-11\">\n\t<td class=\"column-5\">Dr. Ga\u00e1l Zsuzsanna<\/td><td class=\"column-8\"><\/td><td class=\"column-9\"><\/td><td class=\"column-10\"><\/td>\n<\/tr>\n<tr class=\"row-12\">\n\t<td colspan=\"2\" rowspan=\"2\" class=\"column-3\">P\u00e9ntek: 9:00-14:00<\/td><td class=\"column-5\">Dr. G\u00e1sp\u00e1r \u00c1kos<\/td><td rowspan=\"2\" class=\"column-6\"><strong>061-464-8600\/2311   061\/464-8783            061\/464-8681<\/strong><\/td><td class=\"column-8\"><\/td><td class=\"column-9\"><\/td><td class=\"column-10\"><\/td>\n<\/tr>\n<tr class=\"row-13\">\n\t<td class=\"column-5\">Dr. Czig\u00e1ny Tam\u00e1s<\/td><td class=\"column-8\"><\/td><td class=\"column-9\"><\/td><td class=\"column-10\"><\/td>\n<\/tr>\n<\/tbody>\n<\/table>\n<!-- #tablepress-18 from cache -->\n\n\n<p><a href=\"https:\/\/www.szentimrekorhaz.hu\/index.php\/szemeszeti-profil\/\">Kattints ide az oszt\u00e1ly fekv\u0151beteg ell\u00e1t\u00e1s\u00e1ra.<\/a><\/p>\n\n\n\n\t<div class=\"dkpdf-button-container\" style=\"            text-align:right \">\n\n\t\t<a class=\"dkpdf-button\" href=\"\/index.php\/wp-json\/wp\/v2\/pages\/249?pdf=249\" target=\"_blank\"><span class=\"dkpdf-button-icon\"><i class=\"fa fa-file-pdf-o\"><\/i><\/span> Let\u00f6lt\u00e9s<\/a>\n\n\t<\/div>\n\n\n\n\n\n<!-- PMB print buttons is only displayed on a single post\/page URLs-->","protected":false},"excerpt":{"rendered":"<p>Kattints ide az oszt\u00e1ly fekv\u0151beteg ell\u00e1t\u00e1s\u00e1ra. Let\u00f6lt\u00e9s<\/p>\n","protected":false},"author":3,"featured_media":0,"parent":0,"menu_order":8,"comment_status":"closed","ping_status":"closed","template":"","meta":{"_acf_changed":false,"footnotes":""},"categories":[],"tags":[],"class_list":["post-249","page","type-page","status-publish","hentry"],"acf":[],"post_type":"page","author_name":"backup","_links":{"self":[{"href":"https:\/\/www.szentimrekorhaz.hu\/index.php\/wp-json\/wp\/v2\/pages\/249","targetHints":{"allow":["GET"]}}],"collection":[{"href":"https:\/\/www.szentimrekorhaz.hu\/index.php\/wp-json\/wp\/v2\/pages"}],"about":[{"href":"https:\/\/www.szentimrekorhaz.hu\/index.php\/wp-json\/wp\/v2\/types\/page"}],"author":[{"embeddable":true,"href":"https:\/\/www.szentimrekorhaz.hu\/index.php\/wp-json\/wp\/v2\/users\/3"}],"replies":[{"embeddable":true,"href":"https:\/\/www.szentimrekorhaz.hu\/index.php\/wp-json\/wp\/v2\/comments?post=249"}],"version-history":[{"count":2,"href":"https:\/\/www.szentimrekorhaz.hu\/index.php\/wp-json\/wp\/v2\/pages\/249\/revisions"}],"predecessor-version":[{"id":2785,"href":"https:\/\/www.szentimrekorhaz.hu\/index.php\/wp-json\/wp\/v2\/pages\/249\/revisions\/2785"}],"wp:attachment":[{"href":"https:\/\/www.szentimrekorhaz.hu\/index.php\/wp-json\/wp\/v2\/media?parent=249"}],"wp:term":[{"taxonomy":"category","embeddable":true,"href":"https:\/\/www.szentimrekorhaz.hu\/index.php\/wp-json\/wp\/v2\/categories?post=249"},{"taxonomy":"post_tag","embeddable":true,"href":"https:\/\/www.szentimrekorhaz.hu\/index.php\/wp-json\/wp\/v2\/tags?post=249"}],"curies":[{"name":"wp","href":"https:\/\/api.w.org\/{rel}","templated":true}]}}