{"id":252,"date":"2009-10-08T13:54:36","date_gmt":"2009-10-08T11:54:36","guid":{"rendered":"http:\/\/localhost\/index.php\/nefrologia-ambulancia\/"},"modified":"2025-09-20T08:02:48","modified_gmt":"2025-09-20T06:02:48","slug":"nefrologia-ambulancia","status":"publish","type":"page","link":"https:\/\/www.szentimrekorhaz.hu\/index.php\/nefrologia-ambulancia\/","title":{"rendered":"Nefrol\u00f3gia Ambulancia"},"content":{"rendered":"<div><u><strong>Oszt\u00e1lyvezet\u0151 f\u0151orvos:<\/strong><\/u> Dr Kerkovits Lor\u00e1nt<\/div>\n<div><u><strong>Tel.:<\/strong><\/u> 061-464-8696<\/div>\n<div><u><strong>E-mail:<\/strong><\/u> nefroamb@szentimrekorhaz.hu<\/div>\n<table style=\"width: 887px;\" border=\"1\" cellspacing=\"1\" cellpadding=\"1\">\n<tbody>\n<tr>\n<td style=\"width: 113px;\"><strong>Ambulancia megnevez\u00e9se<\/strong><\/td>\n<td style=\"width: 119px;\"><strong>Rendel\u00e9s helye, el\u00e9r\u00e9se<\/strong><\/td>\n<td style=\"width: 149px;\"><strong>Rendel\u00e9si id\u0151<\/strong><\/td>\n<td style=\"width: 142px;\"><strong>Rendel\u00e9st v\u00e9gz\u0151 orvos<\/strong><\/td>\n<td style=\"width: 81px;\"><strong>Telefon<\/strong><\/td>\n<td style=\"width: 262px;\"><strong>Fontos Tudnival\u00f3k<\/strong><\/td>\n<\/tr>\n<tr>\n<td style=\"width: 113px;\" rowspan=\"14\">\n<div>D\u00e9l -Budai<\/div>\n<div>Nefrol\u00f3gia k\u00f6zpont<\/div>\n<\/td>\n<td style=\"width: 119px;\" rowspan=\"14\">B.BRAUN dial\u00edzis k\u00f6zpont \u00e9p\u00fclete f\u00f6ldszint<\/td>\n<td style=\"width: 149px;\">H\u00e9tf\u0151 08:00-09:00<\/td>\n<td style=\"width: 142px;\">V\u00e1ltoz\u00f3 beoszt\u00e1sban<\/td>\n<td style=\"width: 81px;\" rowspan=\"14\">061-464-8696<\/td>\n<td style=\"width: 262px;\" rowspan=\"14\">\n<div>\n<p align=\"left\"><a href=\"\/wp-content\/uploads\/2009\/10\/nefrologiai_beutalas_javallatai1.pdf\" target=\"_blank\" rel=\"noopener\">nefrol\u00f3giai beutal\u00e1s_javallatai (1).pdf<\/a><\/p>\n<p align=\"left\"><a href=\"\/wp-content\/uploads\/2009\/10\/nefrologiai_beutalas_javallatai2.pdf\" target=\"_blank\" rel=\"noopener\">nefrol\u00f3giai beutal\u00e1s_javallatai (2).pdf<\/a><\/p>\n<\/div>\n<div>Beutal\u00f3 \u00e9s el\u0151jegyz\u00e9s sz\u00fcks\u00e9ges. Szakambulanci\u00e1nk ter\u00fcleti ell\u00e1t\u00e1s k\u00f6telezetts\u00e9g alapj\u00e1n, orvosi tov\u00e1bb utal\u00e1sos (refer\u00e1l\u00e1s) rendszerben m\u0171k\u00f6dik, beutal\u00f3 k\u00f6telezetts\u00e9ggel. Id\u0151pontk\u00e9r\u00e9st a honlap jel\u00f6li a megadott telefonsz\u00e1mon.<\/div>\n<div>Az id\u0151pont k\u00e9r\u00e9s\u00e9t a beutal\u00f3 orvost\u00f3l, vagy az \u00e1ltala megb\u00edzott szem\u00e9lyzett\u0151l v\u00e1rjuk az esetleges helyes szakmai d\u00f6nt\u00e9s, helyes beutal\u00e1s, annak algoritmusa v\u00e9gett, el\u0151k\u00e9sz\u00edtett TAJ-sz\u00e1mmal \u00e9s vesefunkci\u00f3s \u00e9rt\u00e9kekkel.<\/div>\n<div>Bejelentkez\u00e9s: h\u00e9tk\u00f6znap 08:00 \u2013 09:00 k\u00f6z\u00f6tt.<\/div>\n<\/td>\n<\/tr>\n<tr>\n<td style=\"width: 149px;\">H\u00e9tf\u0151 10:00-13:00<\/td>\n<td style=\"width: 142px;\">V\u00e1ltoz\u00f3 beoszt\u00e1sban<\/td>\n<\/tr>\n<tr>\n<td style=\"width: 149px;\">H\u00e9tf\u0151 10:00-16:00<\/td>\n<td style=\"width: 142px;\">Dr. Kerkovits L\u00f3r\u00e1nt<\/td>\n<\/tr>\n<tr>\n<td style=\"width: 149px;\">Kedd 11:00-12:00<\/td>\n<td style=\"width: 142px;\">Dr. Bark\u00f3 Zsuzsanna<\/td>\n<\/tr>\n<tr>\n<td style=\"width: 149px;\">Kedd 08:00-14:00<\/td>\n<td style=\"width: 142px;\">Dr. Wittmann Zs\u00f3fia<\/td>\n<\/tr>\n<tr>\n<td style=\"width: 149px;\">Szerda 08:00-09:00<\/td>\n<td style=\"width: 142px;\">V\u00e1ltoz\u00f3 beoszt\u00e1sban<\/td>\n<\/tr>\n<tr>\n<td style=\"width: 149px;\">Szerda 10:00-13:00<\/td>\n<td style=\"width: 142px;\">Dr Szak\u00e1cs Pa\u00e1l T\u00edmea<\/td>\n<\/tr>\n<tr>\n<td style=\"width: 149px;\">Szerda 12:00-14:00<\/td>\n<td style=\"width: 142px;\">Dr. Ambrus Csaba Ph.D<\/td>\n<\/tr>\n<tr>\n<td style=\"width: 149px;\">Cs\u00fct\u00f6rt\u00f6k 8:00-09:00<\/td>\n<td style=\"width: 142px;\">V\u00e1ltoz\u00f3 beoszt\u00e1sban<\/td>\n<\/tr>\n<tr>\n<td style=\"width: 149px;\">Cs\u00fct\u00f6rt\u00f6k 11:00-12:00<\/td>\n<td style=\"width: 142px;\">V\u00e1ltoz\u00f3 beoszt\u00e1sban<\/td>\n<\/tr>\n<tr>\n<td style=\"width: 149px;\">Cs\u00fct\u00f6rt\u00f6k 11:00-13:00<\/td>\n<td style=\"width: 142px;\">Dr. Barab\u00e1s No\u00e9mi<\/td>\n<\/tr>\n<tr>\n<td style=\"width: 149px;\">P\u00e9ntek 10:00-13:00<\/td>\n<td style=\"width: 142px;\">V\u00e1ltoz\u00f3 beoszt\u00e1sban<\/td>\n<\/tr>\n<tr>\n<td style=\"width: 149px;\" colspan=\"1\" rowspan=\"2\">P\u00e9ntek 10:00-12:00<\/td>\n<td style=\"width: 142px;\" colspan=\"1\" rowspan=\"2\">V\u00e1ltoz\u00f3 beoszt\u00e1sban<\/td>\n<\/tr>\n<\/tbody>\n<\/table>\n<p><a href=\"https:\/\/www.szentimrekorhaz.hu\/index.php\/nefrologiai-profil\/\">Kattints ide az oszt\u00e1ly fekv\u0151beteg ell\u00e1t\u00e1s\u00e1ra.<\/a><\/p>\n\n\n\n\t<div class=\"dkpdf-button-container\" style=\"            text-align:right \">\n\n\t\t<a class=\"dkpdf-button\" href=\"\/index.php\/wp-json\/wp\/v2\/pages\/252?pdf=252\" target=\"_blank\"><span class=\"dkpdf-button-icon\"><i class=\"fa fa-file-pdf-o\"><\/i><\/span> Let\u00f6lt\u00e9s<\/a>\n\n\t<\/div>\n\n\n\n\n\n<!-- PMB print buttons is only displayed on a single post\/page URLs-->","protected":false},"excerpt":{"rendered":"<p>Oszt\u00e1lyvezet\u0151 f\u0151orvos: Dr Kerkovits Lor\u00e1nt Tel.: 061-464-8696 E-mail: nefroamb@szentimrekorhaz.hu Ambulancia megnevez\u00e9se Rendel\u00e9s helye, el\u00e9r\u00e9se Rendel\u00e9si id\u0151 Rendel\u00e9st v\u00e9gz\u0151 orvos Telefon Fontos Tudnival\u00f3k D\u00e9l -Budai Nefrol\u00f3gia&hellip;<\/p>\n","protected":false},"author":3,"featured_media":0,"parent":0,"menu_order":10,"comment_status":"closed","ping_status":"closed","template":"","meta":{"_acf_changed":false,"footnotes":""},"categories":[],"tags":[],"class_list":["post-252","page","type-page","status-publish","hentry"],"acf":[],"post_type":"page","author_name":"backup","_links":{"self":[{"href":"https:\/\/www.szentimrekorhaz.hu\/index.php\/wp-json\/wp\/v2\/pages\/252","targetHints":{"allow":["GET"]}}],"collection":[{"href":"https:\/\/www.szentimrekorhaz.hu\/index.php\/wp-json\/wp\/v2\/pages"}],"about":[{"href":"https:\/\/www.szentimrekorhaz.hu\/index.php\/wp-json\/wp\/v2\/types\/page"}],"author":[{"embeddable":true,"href":"https:\/\/www.szentimrekorhaz.hu\/index.php\/wp-json\/wp\/v2\/users\/3"}],"replies":[{"embeddable":true,"href":"https:\/\/www.szentimrekorhaz.hu\/index.php\/wp-json\/wp\/v2\/comments?post=252"}],"version-history":[{"count":2,"href":"https:\/\/www.szentimrekorhaz.hu\/index.php\/wp-json\/wp\/v2\/pages\/252\/revisions"}],"predecessor-version":[{"id":2740,"href":"https:\/\/www.szentimrekorhaz.hu\/index.php\/wp-json\/wp\/v2\/pages\/252\/revisions\/2740"}],"wp:attachment":[{"href":"https:\/\/www.szentimrekorhaz.hu\/index.php\/wp-json\/wp\/v2\/media?parent=252"}],"wp:term":[{"taxonomy":"category","embeddable":true,"href":"https:\/\/www.szentimrekorhaz.hu\/index.php\/wp-json\/wp\/v2\/categories?post=252"},{"taxonomy":"post_tag","embeddable":true,"href":"https:\/\/www.szentimrekorhaz.hu\/index.php\/wp-json\/wp\/v2\/tags?post=252"}],"curies":[{"name":"wp","href":"https:\/\/api.w.org\/{rel}","templated":true}]}}