{"id":253,"date":"2009-10-08T13:55:03","date_gmt":"2009-10-08T11:55:03","guid":{"rendered":"http:\/\/localhost\/index.php\/angiologia\/"},"modified":"2025-09-20T08:39:05","modified_gmt":"2025-09-20T06:39:05","slug":"angiologia","status":"publish","type":"page","link":"https:\/\/www.szentimrekorhaz.hu\/index.php\/angiologia\/","title":{"rendered":"Angiol\u00f3gia"},"content":{"rendered":"<p><strong>\u00c1pol\u00e1si egys\u00e9g:\u00a0 \u201eK\u201d \u00e9p\u00fclet IV. emelet<\/strong><\/p>\n<h3><strong>Profilvezet\u0151 f\u0151orvos: Dr. Kolossv\u00e1ry Endre Ph.D., c. egyetemi docens<\/strong><\/h3>\n<h4><strong>Vezet\u0151 \u00c1pol\u00f3:\u00a0T\u00f3th Ildik\u00f3<\/strong><\/h4>\n<p><strong>Tel.:(+36-1) 464-8600\/1367 mell\u00e9k<\/strong><\/p>\n<p><strong>Tel: (+36-1) 464-8766<\/strong><\/p>\n<p><strong>E-mail c\u00edm:<\/strong>\u00a0<a href=\"mailto:angiologia@szentimrekorhaz.hu\">angiologia@szentimrekorhaz.hu<\/a><\/p>\n<p>Az angiol\u00f3gia a belgy\u00f3gy\u00e1szati szakter\u00fcletek k\u00f6z\u00fcl az art\u00e9ri\u00e1k, a v\u00e9n\u00e1k, valamint a nyirokerek k\u00fcl\u00f6nb\u00f6z\u0151 betegs\u00e9geinek felismer\u00e9s\u00e9nek \u00e9s kezel\u00e9s\u00e9nek a tudom\u00e1nya. A leggyakoribb betegs\u00e9gek, amelyekkel a szakter\u00fclet foglalkozik: v\u00e9n\u00e1s thrombemboli\u00e1k (als\u00f3 v\u00e9gtagi m\u00e9lyv\u00e9n\u00e1s thrombosis, t\u00fcd\u0151embolia, fel\u00fcletes v\u00e9nagyullad\u00e1s), az \u00e9relmeszesed\u00e9s minden form\u00e1ja (als\u00f3 v\u00e9gtagi ver\u0151\u00e9rsz\u0171k\u00fclet k\u00fcl\u00f6nb\u00f6z\u0151 t\u00edpusai, nyaki \u00fct\u0151\u00e9r, vese, b\u00e9lrendszer kering\u00e9s\u00e9nek megbeteged\u00e9sei, aorta betegs\u00e9gek). A sz\u00edv ilyen jelleg\u0171 megbeteged\u00e9seivel a kardiol\u00f3giai szakter\u00fclet foglalkozik. Az egy\u00e9b ritka \u00e9rbetegs\u00e9gek (\u00e9rgyullad\u00e1sok) szint\u00e9n az angiol\u00f3gia t\u00e1rgyk\u00f6r\u00e9hez tartoznak.<\/p>\n<p>Az angiol\u00f3giai ell\u00e1t\u00e1s az \u00e9rseb\u00e9szeti \u00e9s intervenci\u00f3s radiol\u00f3giai ell\u00e1t\u00e1ssal szoros egy\u00fcttm\u0171k\u00f6d\u00e9sben val\u00f3sul meg. Ebben az \u00e9rtelemben az angiol\u00f3giai ell\u00e1t\u00e1s feladata az \u00e9rbetegs\u00e9gek felismer\u00e9s\u00e9n, gy\u00f3gyszeres kezel\u00e9s\u00e9n t\u00fal az esetleg sz\u00fcks\u00e9gess\u00e9 v\u00e1l\u00f3 beavatkoz\u00e1sokra (m\u0171t\u00e9tek) val\u00f3 el\u0151k\u00e9sz\u00edt\u00e9s, majd ezt k\u00f6vet\u0151 rehabilit\u00e1ci\u00f3 \u00e9s gondoz\u00e1s.<\/p>\n<p>Mindezen tev\u00e9kenys\u00e9gek a fekv\u0151beteg \u00e9s a j\u00e1r\u00f3beteg ell\u00e1t\u00e1s szintj\u00e9n folynak.<\/p>\n<p><strong>A profil \u00e1ltal m\u0171k\u00f6dtetett szakambulanci\u00e1k (angiol\u00f3gia, hypertonia, vaszkul\u00e1ris UH) rendel\u00e9si ideje \u00e9s a vel\u00fck kapcsolatos tudnival\u00f3k:<\/strong><\/p>\n\n\n<table id=\"tablepress-6\" class=\"tablepress tablepress-id-6 tbody-has-connected-cells\">\n<thead>\n<tr class=\"row-1\">\n\t<th class=\"column-1\"><strong>Ambulancia megnevez\u00e9se<\/strong><\/th><th class=\"column-2\"><strong>Ambulancia megnevez\u00e9se<\/strong><\/th><th class=\"column-3\"><strong>Rendel\u00e9si id\u0151<\/strong><\/th><th class=\"column-4\"><strong>Rendel\u00e9st v\u00e9gz\u0151 orvos<\/strong><\/th><th class=\"column-5\"><strong>Telefon<\/strong><\/th><th class=\"column-6\"><strong>Tudnival\u00f3k<\/strong><\/th>\n<\/tr>\n<\/thead>\n<tbody class=\"row-striping row-hover\">\n<tr class=\"row-2\">\n\t<td rowspan=\"6\" class=\"column-1\"><strong>Angiol\u00f3gia szakambulancia<\/strong><\/td><td rowspan=\"6\" class=\"column-2\"><strong>\u201eC\u201d \u00e9p\u00fclet f\u00f6ldszint              41-44.<\/strong><\/td><td class=\"column-3\">H\u00e9tf\u0151: 8:00-10:00<\/td><td class=\"column-4\">Dr. Borvend\u00e9g J\u00e1nos<\/td><td rowspan=\"8\" class=\"column-5\"><strong>061\/464-8764                         061\/464-8781<\/strong><\/td><td rowspan=\"14\" class=\"column-6\"><strong>Beutal\u00f3 \u00e9s el\u0151jegyz\u00e9s sz\u00fcks\u00e9ges.   Telefonos \u00e9s online el\u0151jegyz\u00e9s.       H\u00e9tf\u0151t\u0151l-Cs\u00fct\u00f6rt\u00f6kig 12:00-14:00 061\/464-8600\/1373                      P\u00e9nteken az el\u0151jegyz\u00e9s sz\u00fcnetel.           E-mail c\u00edm: angiologia@szentimrekorhaz.hu<\/strong><\/td>\n<\/tr>\n<tr class=\"row-3\">\n\t<td class=\"column-3\">Kedd: 10:00-12:00<\/td><td class=\"column-4\">Dr. Vir\u00e1g \u00c9va<\/td>\n<\/tr>\n<tr class=\"row-4\">\n\t<td class=\"column-3\">Kedd: 13:00-16:00<\/td><td class=\"column-4\">Dr. Kolossv\u00e1ry Endre<\/td>\n<\/tr>\n<tr class=\"row-5\">\n\t<td class=\"column-3\">Szerda: 11:00-13:00<\/td><td class=\"column-4\">Dr. Szab\u00f3 Ildik\u00f3<\/td>\n<\/tr>\n<tr class=\"row-6\">\n\t<td class=\"column-3\">Cs\u00fct\u00f6rt\u00f6k: 8:20-12:00<\/td><td class=\"column-4\">Dr. Farkas Katalin<\/td>\n<\/tr>\n<tr class=\"row-7\">\n\t<td class=\"column-3\">Cs\u00fct\u00f6rt\u00f6k: 13:00-15:00<\/td><td class=\"column-4\">Dr. G\u00e1sp\u00e1r Krisztina<\/td>\n<\/tr>\n<tr class=\"row-8\">\n\t<td rowspan=\"2\" class=\"column-1\"><strong>Hipert\u00f3nia<\/strong><\/td><td rowspan=\"2\" class=\"column-2\"><strong>\u201eC\u201d \u00e9p\u00fclet f\u00f6ldszint               41-44.<\/strong><\/td><td class=\"column-3\">Kedd: 13:00-16:00<\/td><td class=\"column-4\">Dr. Kolossv\u00e1ry Endre<\/td>\n<\/tr>\n<tr class=\"row-9\">\n\t<td class=\"column-3\">Cs\u00fct\u00f6rt\u00f6k: 8:20-12:00<\/td><td class=\"column-4\">Dr. Farkas Katalin<\/td>\n<\/tr>\n<tr class=\"row-10\">\n\t<td rowspan=\"6\" class=\"column-1\"><strong>Duplex Ultrahang<\/strong><\/td><td rowspan=\"6\" class=\"column-2\"><strong>\u201eK\u201d \u00e9p\u00fclet 4.emelet 411.<\/strong><\/td><td class=\"column-3\">H\u00e9tf\u0151: 11:00-12:00<\/td><td class=\"column-4\">Dr. Szab\u00f3 Ildik\u00f3<\/td><td rowspan=\"6\" class=\"column-5\"><strong>061\/464-8600\/1373<\/strong><\/td>\n<\/tr>\n<tr class=\"row-11\">\n\t<td class=\"column-3\">Kedd: 10:00-12:00<\/td><td class=\"column-4\">Dr. Farkas Katalin<\/td>\n<\/tr>\n<tr class=\"row-12\">\n\t<td class=\"column-3\">Szerda: 8:00-10:00<\/td><td class=\"column-4\">Dr. Borvend\u00e9g J\u00e1nos<\/td>\n<\/tr>\n<tr class=\"row-13\">\n\t<td class=\"column-3\">Cs\u00fct\u00f6rt\u00f6k: 9:20-12:00<\/td><td class=\"column-4\">Dr. G\u00e1sp\u00e1r Krisztina<\/td>\n<\/tr>\n<tr class=\"row-14\">\n\t<td class=\"column-3\">P\u00e9ntek: 9:00-10:00<\/td><td class=\"column-4\">Dr. Kolossv\u00e1ry Endre<\/td>\n<\/tr>\n<tr class=\"row-15\">\n\t<td class=\"column-3\">P\u00e9ntek: 12:00-13:00\u00a0<\/td><td class=\"column-4\">Dr. Vir\u00e1g \u00c9va<\/td>\n<\/tr>\n<\/tbody>\n<\/table>\n<!-- #tablepress-6 from cache -->\n\n\n<p><a href=\"https:\/\/www.szentimrekorhaz.hu\/index.php\/angiologiai-profil\/\">Kattints ide az oszt\u00e1ly fekv\u0151beteg ell\u00e1t\u00e1s\u00e1ra.<\/a><\/p>\n\n\n\n\t<div class=\"dkpdf-button-container\" style=\"            text-align:right \">\n\n\t\t<a class=\"dkpdf-button\" href=\"\/index.php\/wp-json\/wp\/v2\/pages\/253?pdf=253\" target=\"_blank\"><span class=\"dkpdf-button-icon\"><i class=\"fa fa-file-pdf-o\"><\/i><\/span> Let\u00f6lt\u00e9s<\/a>\n\n\t<\/div>\n\n\n\n\n\n<!-- PMB print buttons is only displayed on a single post\/page URLs-->","protected":false},"excerpt":{"rendered":"<p>\n\t&nbsp;<\/p>\n","protected":false},"author":3,"featured_media":0,"parent":0,"menu_order":11,"comment_status":"closed","ping_status":"closed","template":"","meta":{"_acf_changed":false,"footnotes":""},"categories":[],"tags":[],"class_list":["post-253","page","type-page","status-publish","hentry"],"acf":[],"post_type":"page","author_name":"backup","_links":{"self":[{"href":"https:\/\/www.szentimrekorhaz.hu\/index.php\/wp-json\/wp\/v2\/pages\/253","targetHints":{"allow":["GET"]}}],"collection":[{"href":"https:\/\/www.szentimrekorhaz.hu\/index.php\/wp-json\/wp\/v2\/pages"}],"about":[{"href":"https:\/\/www.szentimrekorhaz.hu\/index.php\/wp-json\/wp\/v2\/types\/page"}],"author":[{"embeddable":true,"href":"https:\/\/www.szentimrekorhaz.hu\/index.php\/wp-json\/wp\/v2\/users\/3"}],"replies":[{"embeddable":true,"href":"https:\/\/www.szentimrekorhaz.hu\/index.php\/wp-json\/wp\/v2\/comments?post=253"}],"version-history":[{"count":4,"href":"https:\/\/www.szentimrekorhaz.hu\/index.php\/wp-json\/wp\/v2\/pages\/253\/revisions"}],"predecessor-version":[{"id":2771,"href":"https:\/\/www.szentimrekorhaz.hu\/index.php\/wp-json\/wp\/v2\/pages\/253\/revisions\/2771"}],"wp:attachment":[{"href":"https:\/\/www.szentimrekorhaz.hu\/index.php\/wp-json\/wp\/v2\/media?parent=253"}],"wp:term":[{"taxonomy":"category","embeddable":true,"href":"https:\/\/www.szentimrekorhaz.hu\/index.php\/wp-json\/wp\/v2\/categories?post=253"},{"taxonomy":"post_tag","embeddable":true,"href":"https:\/\/www.szentimrekorhaz.hu\/index.php\/wp-json\/wp\/v2\/tags?post=253"}],"curies":[{"name":"wp","href":"https:\/\/api.w.org\/{rel}","templated":true}]}}