{"id":254,"date":"2009-10-08T13:55:36","date_gmt":"2009-10-08T11:55:36","guid":{"rendered":"http:\/\/localhost\/index.php\/lipidologia\/"},"modified":"2025-10-13T10:16:18","modified_gmt":"2025-10-13T08:16:18","slug":"lipidologia","status":"publish","type":"page","link":"https:\/\/www.szentimrekorhaz.hu\/index.php\/lipidologia\/","title":{"rendered":"Lipidol\u00f3gia"},"content":{"rendered":"\n<p>Vezet\u0151 f\u0151orvos: <strong>Prof. Dr. Simonyi G\u00e1bor<\/strong><\/p>\n\n\n\n<p>Tel.:\u00a0(+36-1) 464-8600 \/ 2326<\/p>\n\n\n\n<p>B\u00e1zis \u00e1pol\u00e1si egys\u00e9g:\u00a0B. 5. \u201eK\u201d \u00e9p\u00fclet II. em.<\/p>\n\n\n\n<p>\u00c1pol\u00e1si egys\u00e9g vezet\u0151:\u00a0<strong>Kor\u00f3zs D\u00e1niel<\/strong><\/p>\n\n\n\n<p><a style=\"font-size: revert; background-color: rgba(30, 115, 190, 0);\" href=\"https:\/\/www.szentimrekorhaz.hu\/index.php\/kardiometabolikus-centrum\/\">Kattints ide az oszt\u00e1ly fekv\u0151beteg ell\u00e1t\u00e1s\u00e1ra.<\/a><\/p>\n\n\n\n<table id=\"tablepress-14\" class=\"tablepress tablepress-id-14 tbody-has-connected-cells\">\n<thead>\n<tr class=\"row-1\">\n\t<th class=\"column-1\"><strong>Ambulancia megnevez\u00e9se<\/strong><\/th><th class=\"column-2\"><strong>Rendel\u00e9s helye<\/strong><\/th><th class=\"column-3\"><strong>Rendel\u00e9s ideje<\/strong><\/th><th class=\"column-4\"><strong>Rendel\u00e9st v\u00e9gz\u0151 orvos<\/strong><\/th><th class=\"column-5\"><strong>Telefonsz\u00e1m<\/strong><\/th><th class=\"column-6\"><strong>Tudnival\u00f3<\/strong><\/th>\n<\/tr>\n<\/thead>\n<tbody class=\"row-striping row-hover\">\n<tr class=\"row-2\">\n\t<td rowspan=\"6\" class=\"column-1\"><strong>Lipidol\u00f3gia<\/strong><\/td><td rowspan=\"6\" class=\"column-2\">\u201eK\u201d \u00e9p\u00fclet f\u00f6ldszint 27.<\/td><td class=\"column-3\"><strong>H\u00e9tf\u0151:\u00a009:00 \u2013 14:00<\/strong><\/td><td class=\"column-4\">Dr. Audikovszky M\u00e1ria<\/td><td rowspan=\"6\" class=\"column-5\"><strong>061\/464-8600 \/ 2326<\/strong><\/td><td rowspan=\"6\" class=\"column-6\"><strong>Beutal\u00f3 \u00e9s el\u0151jegyz\u00e9s sz\u00fcks\u00e9ges.                    <br>\n  <br>\nCs\u00fct\u00f6rt\u00f6k 11:0014:00<br>\nP\u00e9ntek: 08:00-14:00  <\/strong><\/td>\n<\/tr>\n<tr class=\"row-3\">\n\t<td class=\"column-3\"><strong>Kedd:\u00a008:00 \u2013 09:00<\/strong><\/td><td class=\"column-4\">Dr. J\u00e1mbor Zolt\u00e1n<\/td>\n<\/tr>\n<tr class=\"row-4\">\n\t<td class=\"column-3\"><strong>Kedd:\u00a009:00 \u2013 12:00<\/strong><\/td><td class=\"column-4\">Dr. Audikovszky M\u00e1ria<\/td>\n<\/tr>\n<tr class=\"row-5\">\n\t<td class=\"column-3\"><strong>Kedd:\u00a012:00 \u2013 14:00<\/strong><\/td><td class=\"column-4\">Dr. Sipos Evelyn<\/td>\n<\/tr>\n<tr class=\"row-6\">\n\t<td class=\"column-3\"><strong>Szerda:\u00a009:00 \u2013 14:00<\/strong><\/td><td class=\"column-4\">Dr. Audikovszky M\u00e1ria<\/td>\n<\/tr>\n<tr class=\"row-7\">\n\t<td class=\"column-3\"><strong>Cs\u00fct\u00f6rt\u00f6k:\u00a009:00 \u2013 11:00<\/strong><\/td><td class=\"column-4\">Dr. Sipos Evelyn<\/td>\n<\/tr>\n<tr class=\"row-8\">\n\t<td class=\"column-1\"><\/td><td class=\"column-2\"><\/td><td class=\"column-3\"><\/td><td class=\"column-4\"><\/td><td class=\"column-5\"><\/td><td class=\"column-6\"><\/td>\n<\/tr>\n<\/tbody>\n<\/table>\n<!-- #tablepress-14 from cache -->\n\n\n\t<div class=\"dkpdf-button-container\" style=\"            text-align:right \">\n\n\t\t<a class=\"dkpdf-button\" href=\"\/index.php\/wp-json\/wp\/v2\/pages\/254?pdf=254\" target=\"_blank\"><span class=\"dkpdf-button-icon\"><i class=\"fa fa-file-pdf-o\"><\/i><\/span> Let\u00f6lt\u00e9s<\/a>\n\n\t<\/div>\n\n\n\n\n\n<!-- PMB print buttons is only displayed on a single post\/page URLs-->","protected":false},"excerpt":{"rendered":"<p>Vezet\u0151 f\u0151orvos: Prof. Dr. Simonyi G\u00e1bor Tel.:\u00a0(+36-1) 464-8600 \/ 2326 B\u00e1zis \u00e1pol\u00e1si egys\u00e9g:\u00a0B. 5. \u201eK\u201d \u00e9p\u00fclet II. em. \u00c1pol\u00e1si egys\u00e9g vezet\u0151:\u00a0Kor\u00f3zs D\u00e1niel Kattints ide az&hellip;<\/p>\n","protected":false},"author":3,"featured_media":0,"parent":0,"menu_order":12,"comment_status":"closed","ping_status":"closed","template":"","meta":{"_acf_changed":false,"footnotes":""},"categories":[],"tags":[],"class_list":["post-254","page","type-page","status-publish","hentry"],"acf":[],"post_type":"page","author_name":"backup","_links":{"self":[{"href":"https:\/\/www.szentimrekorhaz.hu\/index.php\/wp-json\/wp\/v2\/pages\/254","targetHints":{"allow":["GET"]}}],"collection":[{"href":"https:\/\/www.szentimrekorhaz.hu\/index.php\/wp-json\/wp\/v2\/pages"}],"about":[{"href":"https:\/\/www.szentimrekorhaz.hu\/index.php\/wp-json\/wp\/v2\/types\/page"}],"author":[{"embeddable":true,"href":"https:\/\/www.szentimrekorhaz.hu\/index.php\/wp-json\/wp\/v2\/users\/3"}],"replies":[{"embeddable":true,"href":"https:\/\/www.szentimrekorhaz.hu\/index.php\/wp-json\/wp\/v2\/comments?post=254"}],"version-history":[{"count":4,"href":"https:\/\/www.szentimrekorhaz.hu\/index.php\/wp-json\/wp\/v2\/pages\/254\/revisions"}],"predecessor-version":[{"id":2987,"href":"https:\/\/www.szentimrekorhaz.hu\/index.php\/wp-json\/wp\/v2\/pages\/254\/revisions\/2987"}],"wp:attachment":[{"href":"https:\/\/www.szentimrekorhaz.hu\/index.php\/wp-json\/wp\/v2\/media?parent=254"}],"wp:term":[{"taxonomy":"category","embeddable":true,"href":"https:\/\/www.szentimrekorhaz.hu\/index.php\/wp-json\/wp\/v2\/categories?post=254"},{"taxonomy":"post_tag","embeddable":true,"href":"https:\/\/www.szentimrekorhaz.hu\/index.php\/wp-json\/wp\/v2\/tags?post=254"}],"curies":[{"name":"wp","href":"https:\/\/api.w.org\/{rel}","templated":true}]}}