{"id":255,"date":"2009-10-08T13:56:11","date_gmt":"2009-10-08T11:56:11","guid":{"rendered":"http:\/\/localhost\/index.php\/gastroenterologia\/"},"modified":"2025-09-20T10:06:43","modified_gmt":"2025-09-20T08:06:43","slug":"gastroenterologia","status":"publish","type":"page","link":"https:\/\/www.szentimrekorhaz.hu\/index.php\/gastroenterologia\/","title":{"rendered":"Gastroenterol\u00f3gia"},"content":{"rendered":"\n<h2 class=\"wp-block-heading\">\u00a0<\/h2>\n\n\n\n<p><\/p>\n\n\n\n<table id=\"tablepress-11\" class=\"tablepress tablepress-id-11 tbody-has-connected-cells\">\n<thead>\n<tr class=\"row-1\">\n\t<th class=\"column-1\"><strong>Ambulancia megnevez\u00e9se<\/strong><\/th><th class=\"column-2\"><strong>Rendel\u00e9s helye<\/strong><\/th><th class=\"column-3\"><strong>Rendel\u00e9s ideje<\/strong><\/th><th class=\"column-4\"><strong>Rendel\u00e9st v\u00e9gz\u0151 orvos<\/strong><\/th><th class=\"column-5\"><strong>Ambulancia telefonsz\u00e1ma<\/strong><\/th><th class=\"column-6\"><strong>Tudnival\u00f3<\/strong><\/th>\n<\/tr>\n<\/thead>\n<tbody class=\"row-striping row-hover\">\n<tr class=\"row-2\">\n\t<td rowspan=\"9\" class=\"column-1\">Gasztroenterol\u00f3gia szakambulancia<\/td><td rowspan=\"9\" class=\"column-2\">\u201eK\u201d \u00e9p\u00fclet f\u00f6ldszint 13.<\/td><td class=\"column-3\">H\u00e9tf\u0151 10:00-12:00<\/td><td class=\"column-4\">Dr. K\u00e1fony Bianka<\/td><td rowspan=\"9\" class=\"column-5\"><strong>061\/464-8754<\/strong><\/td><td rowspan=\"9\" class=\"column-6\"><strong>Id\u0151pontk\u00e9r\u00e9s szem\u00e9lyesen vagy telefonon.        H\u00e9tf\u0151t\u0151l-p\u00e9ntekig: 08:00-10:00<\/strong><\/td>\n<\/tr>\n<tr class=\"row-3\">\n\t<td class=\"column-3\">H\u00e9tf\u0151 12:00-14:00<\/td><td class=\"column-4\">Dr.T\u00f3th \u00c1d\u00e1m<\/td>\n<\/tr>\n<tr class=\"row-4\">\n\t<td class=\"column-3\">Kedd 10:00-12:00<\/td><td class=\"column-4\">Dr. Varga Lili<\/td>\n<\/tr>\n<tr class=\"row-5\">\n\t<td class=\"column-3\">Kedd 12:00-14:00<\/td><td class=\"column-4\">Dr.P\u00e1rtos Gergely<\/td>\n<\/tr>\n<tr class=\"row-6\">\n\t<td class=\"column-3\">Szerda 10:00-12:00<\/td><td class=\"column-4\">Dr.V\u00e1li L\u00e1szl\u00f3<\/td>\n<\/tr>\n<tr class=\"row-7\">\n\t<td class=\"column-3\">Szerda 12:00-14:00<\/td><td class=\"column-4\">Dr.J\u00f3zsa P\u00e9ter L\u00e1szl\u00f3<\/td>\n<\/tr>\n<tr class=\"row-8\">\n\t<td class=\"column-3\">Cs\u00fct\u00f6rt\u00f6k 10:00-12:00<\/td><td class=\"column-4\">Dr.T\u00f3th Levente<\/td>\n<\/tr>\n<tr class=\"row-9\">\n\t<td class=\"column-3\">Cs\u00fct\u00f6rt\u00f6k 12:00-14:00<\/td><td class=\"column-4\">Dr.Kocsis Dorottya<\/td>\n<\/tr>\n<tr class=\"row-10\">\n\t<td class=\"column-3\">P\u00e9ntek 10:00-12:00<\/td><td class=\"column-4\">Dr.Udvarhelyi G\u00e1bor<\/td>\n<\/tr>\n<\/tbody>\n<\/table>\n<!-- #tablepress-11 from cache -->\n\n\n<p><a href=\"https:\/\/www.szentimrekorhaz.hu\/index.php\/gastroenterologiai-profil\/\">Kattints ide az oszt\u00e1ly fekv\u0151beteg ell\u00e1t\u00e1s\u00e1ra.<\/a><\/p>\n\n\n\n\t<div class=\"dkpdf-button-container\" style=\"            text-align:right \">\n\n\t\t<a class=\"dkpdf-button\" href=\"\/index.php\/wp-json\/wp\/v2\/pages\/255?pdf=255\" target=\"_blank\"><span class=\"dkpdf-button-icon\"><i class=\"fa fa-file-pdf-o\"><\/i><\/span> Let\u00f6lt\u00e9s<\/a>\n\n\t<\/div>\n\n\n\n\n\n<!-- PMB print buttons is only displayed on a single post\/page URLs-->","protected":false},"excerpt":{"rendered":"<p>\u00a0 Kattints ide az oszt\u00e1ly fekv\u0151beteg ell\u00e1t\u00e1s\u00e1ra. Let\u00f6lt\u00e9s<\/p>\n","protected":false},"author":3,"featured_media":0,"parent":0,"menu_order":13,"comment_status":"closed","ping_status":"closed","template":"","meta":{"_acf_changed":false,"footnotes":""},"categories":[],"tags":[],"class_list":["post-255","page","type-page","status-publish","hentry"],"acf":[],"post_type":"page","author_name":"backup","_links":{"self":[{"href":"https:\/\/www.szentimrekorhaz.hu\/index.php\/wp-json\/wp\/v2\/pages\/255","targetHints":{"allow":["GET"]}}],"collection":[{"href":"https:\/\/www.szentimrekorhaz.hu\/index.php\/wp-json\/wp\/v2\/pages"}],"about":[{"href":"https:\/\/www.szentimrekorhaz.hu\/index.php\/wp-json\/wp\/v2\/types\/page"}],"author":[{"embeddable":true,"href":"https:\/\/www.szentimrekorhaz.hu\/index.php\/wp-json\/wp\/v2\/users\/3"}],"replies":[{"embeddable":true,"href":"https:\/\/www.szentimrekorhaz.hu\/index.php\/wp-json\/wp\/v2\/comments?post=255"}],"version-history":[{"count":2,"href":"https:\/\/www.szentimrekorhaz.hu\/index.php\/wp-json\/wp\/v2\/pages\/255\/revisions"}],"predecessor-version":[{"id":2803,"href":"https:\/\/www.szentimrekorhaz.hu\/index.php\/wp-json\/wp\/v2\/pages\/255\/revisions\/2803"}],"wp:attachment":[{"href":"https:\/\/www.szentimrekorhaz.hu\/index.php\/wp-json\/wp\/v2\/media?parent=255"}],"wp:term":[{"taxonomy":"category","embeddable":true,"href":"https:\/\/www.szentimrekorhaz.hu\/index.php\/wp-json\/wp\/v2\/categories?post=255"},{"taxonomy":"post_tag","embeddable":true,"href":"https:\/\/www.szentimrekorhaz.hu\/index.php\/wp-json\/wp\/v2\/tags?post=255"}],"curies":[{"name":"wp","href":"https:\/\/api.w.org\/{rel}","templated":true}]}}