{"id":259,"date":"2009-10-08T13:59:12","date_gmt":"2009-10-08T11:59:12","guid":{"rendered":"http:\/\/localhost\/index.php\/neurologia\/"},"modified":"2025-09-20T08:26:33","modified_gmt":"2025-09-20T06:26:33","slug":"neurologia","status":"publish","type":"page","link":"https:\/\/www.szentimrekorhaz.hu\/index.php\/neurologia\/","title":{"rendered":"Neurol\u00f3gia"},"content":{"rendered":"\n<p>Neurol\u00f3giai Oszt\u00e1lyhoz kapcsol\u00f3d\u00f3an t\u00f6bb szakambulancia m\u0171k\u00f6dik a \u201eK\u201d \u00e9p\u00fclet fsz. 32-33. rendel\u0151kben (Cerebrovascularis, Epilepszia, Fejf\u00e1j\u00e1s, Parkinson \u00e9s Sclerosis multiplex szakambulanci\u00e1k).<\/p>\n\n\n\n<p><strong>AZ ID\u0150PONTOK T\u00c1J\u00c9KOZTAT\u00d3 JELLEG\u0170EK!<\/strong><\/p>\n\n\n\n<p><strong>S\u0170RG\u0150SS\u00c9GI ELL\u00c1T\u00c1SRA NEM \u00c1LL M\u00d3DUNKBAN\u00a0 BETEGET FOGADNI!<\/strong><\/p>\n\n\n\n<p><strong>A k\u00f3rh\u00e1zi szakambulanci\u00e1k kiz\u00e1r\u00f3lag a kor\u00e1bban fekv\u0151beteg ell\u00e1t\u00e1s alatt \u00e1ll\u00f3 paciensek ut\u00f3gondoz\u00e1s\u00e1ra szolg\u00e1lnak. <\/strong>Azoknak az \u00faj betegeknek\u00a0 akiknek nem volt az int\u00e9zet\u00fcnkben az adott szakter\u00fcletre vonatkoz\u00f3 kor\u00e1bbi bent fekv\u00e9se, minden esetben az els\u0151dleges ter\u00fcleti szakrendel\u0151be kell menni\u00fck.(XI. ker\u00fclet :Szent Krist\u00f3f Szakrendel\u0151, .XXII. ker\u00fclet : K\u00e1ldor Adolf Szakrendel\u0151 stb..)<\/p>\n\n\n\n<p><strong>\u00a0\u00a0\u00a0\u00a0\u00a0\u00a0\u00a0\u00a0\u00a0\u00a0\u00a0\u00a0\u00a0\u00a0\u00a0\u00a0\u00a0\u00a0\u00a0\u00a0\u00a0\u00a0\u00a0\u00a0\u00a0\u00a0\u00a0\u00a0\u00a0\u00a0\u00a0\u00a0\u00a0\u00a0\u00a0\u00a0\u00a0\u00a0\u00a0\u00a0\u00a0\u00a0\u00a0\u00a0\u00a0\u00a0\u00a0\u00a0\u00a0\u00a0\u00a0\u00a0\u00a0\u00a0\u00a0\u00a0 El\u0151jegyz\u00e9st a 464-8778-as telefonsz\u00e1mon lehet k\u00e9rni<\/strong><\/p>\n\n\n\n<p><strong>\u00a0 \u00a0<\/strong><strong>\u00a0 \u00a0 \u00a0 \u00a0 \u00a0 \u00a0 \u00a0 \u00a0 \u00a0 \u00a0 \u00a0 \u00a0 \u00a0 \u00a0 \u00a0 \u00a0 \u00a0 \u00a0 \u00a0 \u00a0 \u00a0 \u00a0 \u00a0 \u00a0 \u00a0 \u00a0 \u00a0 \u00a0 \u00a0 \u00a0 \u00a0 \u00a0 \u00a0 \u00a0 \u00a0 \u00a0 \u00a0 \u00a0 \u00a0 \u00a0 \u00a0 \u00a0 \u00a0 \u00a0H\u00e9tf\u0151t\u0151l-P\u00e9ntekig:\u00a008:00-10:00<\/strong><\/p>\n\n\n\n<table id=\"tablepress-1\" class=\"tablepress tablepress-id-1 tbody-has-connected-cells\">\n<thead>\n<tr class=\"row-1\">\n\t<th class=\"column-1\"><strong>Ambulancia megnevez\u00e9se<\/strong><\/th><th class=\"column-2\"><strong>Rendel\u00e9s helye<\/strong><\/th><th class=\"column-3\"><strong>Rendel\u00e9s Ideje<\/strong><\/th><th class=\"column-4\"><strong>Rendel\u00e9st v\u00e9gz\u0151 orvos<\/strong><\/th><th class=\"column-5\"><strong>Telefonsz\u00e1m<\/strong><\/th><th class=\"column-6\"><strong>Fontos tudnival\u00f3<\/strong><\/th>\n<\/tr>\n<\/thead>\n<tbody class=\"row-striping row-hover\">\n<tr class=\"row-2\">\n\t<td rowspan=\"9\" class=\"column-1\"><strong>Neurol\u00f3gia Speci\u00e1lis Szakambulancia<\/strong><\/td><td rowspan=\"2\" class=\"column-2\">\u02ddK\u02dd \u00e9p\u00fclet f\u00f6ldszint                                    32,33.<\/td><td class=\"column-3\">H\u00e9tf\u0151 10:00-13:00<\/td><td class=\"column-4\">Dr. Pord\u00e1ny-Bagoly Edit (Epilepsia)<\/td><td rowspan=\"9\" class=\"column-5\"><strong>061\/464-8778\u00a0<\/strong><\/td><td rowspan=\"9\" class=\"column-6\"><strong>Szakorvosi beutal\u00f3 \u00e9s el\u0151jegyz\u00e9s sz\u00fcks\u00e9ges!             Id\u0151pontk\u00e9r\u00e9s telefonon         H\u00e9tf\u0151t\u0151l-P\u00e9ntekig:\u00a0                      8:00-10:00 k\u00f6z\u00f6tt<\/strong><\/td>\n<\/tr>\n<tr class=\"row-3\">\n\t<td class=\"column-3\">H\u00e9tf\u0151 13:00-15:00<\/td><td class=\"column-4\">Dr. Kiss Zolt\u00e1n (Neuroimmun)<\/td>\n<\/tr>\n<tr class=\"row-4\">\n\t<td rowspan=\"2\" class=\"column-2\">\u02ddK\u02dd \u00e9p\u00fclet f\u00f6ldszint                                    32,33.<\/td><td class=\"column-3\">Kedd 10:00-13:00<\/td><td class=\"column-4\">Dr. Szupera Zolt\u00e1n (Epilepszia)<\/td>\n<\/tr>\n<tr class=\"row-5\">\n\t<td class=\"column-3\">Kedd 13:00 \u2013 15:00<\/td><td class=\"column-4\">Dr. F\u00fcl\u00f6p Bence (fejf\u00e1j\u00e1s)<\/td>\n<\/tr>\n<tr class=\"row-6\">\n\t<td rowspan=\"3\" class=\"column-2\">\u02ddK\u02dd \u00e9p\u00fclet f\u00f6ldszint                                    32,33.<\/td><td rowspan=\"2\" class=\"column-3\">Szerda 10:00-12:00<\/td><td rowspan=\"2\" class=\"column-4\">Dr. Kov\u00e1cs-Kusza Katalin (fejf\u00e1j\u00e1s)<\/td>\n<\/tr>\n<tr class=\"row-7\">\n\t\n<\/tr>\n<tr class=\"row-8\">\n\t<td class=\"column-3\">Szerda 12:30-15:00<\/td><td class=\"column-4\">Dr. Hermann Zsuzsanna (Cerebrovascularis)<\/td>\n<\/tr>\n<tr class=\"row-9\">\n\t<td rowspan=\"2\" class=\"column-2\">\u02ddK\u02dd \u00e9p\u00fclet f\u00f6ldszint                                    32, 33.<\/td><td class=\"column-3\">Cs\u00fct\u00f6rt\u00f6k 10:00-13:00<\/td><td class=\"column-4\">Dr. Szegleti G\u00e1bor<\/td>\n<\/tr>\n<tr class=\"row-10\">\n\t<td class=\"column-3\">P\u00e9ntek 10:00-13:00<\/td><td class=\"column-4\">Dr. Varga Vince (Neuroimmun, Parkinson)<\/td>\n<\/tr>\n<tr class=\"row-11\">\n\t<td rowspan=\"2\" class=\"column-1\"><strong>EEG<\/strong><\/td><td rowspan=\"2\" class=\"column-2\">\u02ddK\u02dd \u00e9p\u00fclet fsz 35.<\/td><td rowspan=\"2\" class=\"column-3\">H\u00e9tf\u0151-P\u00e9ntek 08:00-14:00<\/td><td rowspan=\"2\" class=\"column-4\">Dr. Szupera Zolt\u00e1n<\/td><td rowspan=\"2\" class=\"column-5\"><strong>Id\u0151pont k\u00e9r\u00e9s:                     061\/464-8792                   H\u00e9tf\u0151t\u0151l-P\u00e9ntekig                   8:00-12:00<\/strong><\/td><td rowspan=\"3\" class=\"column-6\"><strong>Csak ter\u00fcleti betegek sz\u00e1m\u00e1ra!<\/strong><\/td>\n<\/tr>\n<tr class=\"row-12\">\n\t\n<\/tr>\n<tr class=\"row-13\">\n\t<td class=\"column-1\"><strong>ENG, EMG<\/strong><\/td><td class=\"column-2\">\u02ddK\u02dd \u00e9p\u00fclet fsz 34.<\/td><td colspan=\"3\" class=\"column-3\"><strong>Bizonytalan ideig sz\u00fcnetel<\/strong><\/td>\n<\/tr>\n<tr class=\"row-14\">\n\t<td class=\"column-1\"><\/td><td class=\"column-2\"><\/td><td class=\"column-3\"><\/td><td class=\"column-4\"><\/td><td class=\"column-5\"><\/td><td class=\"column-6\"><\/td>\n<\/tr>\n<tr class=\"row-15\">\n\t<td class=\"column-1\"><strong>Ambulancia megnevez\u00e9se<\/strong><\/td><td class=\"column-2\"><strong>Rendel\u00e9s helye<\/strong><\/td><td class=\"column-3\"><strong>Rendel\u00e9s Ideje<\/strong><\/td><td class=\"column-4\"><strong>Rendel\u00e9st v\u00e9gz\u0151 orvos<\/strong><\/td><td class=\"column-5\"><strong>Telefonsz\u00e1m<\/strong><\/td><td class=\"column-6\"><strong>Fontos tudnival\u00f3<\/strong><\/td>\n<\/tr>\n<tr class=\"row-16\">\n\t<td rowspan=\"4\" class=\"column-1\"><strong>SM Ambulancia<\/strong><\/td><td rowspan=\"4\" class=\"column-2\">\u201eK\u201d \u00e9p\u00fclet fsz\u00a034.<\/td><td class=\"column-3\">H\u00e9tf\u0151 10:00-14:30<\/td><td class=\"column-4\">Dr. Magyari-Zuberecz Kamilla<\/td><td rowspan=\"4\" class=\"column-5\"><strong>SM ambulancia\u00a0                         0630\/524-5932<\/strong><\/td><td rowspan=\"4\" class=\"column-6\"><strong>Szakorvosi beutal\u00f3 \u00e9s el\u0151jegyz\u00e9s sz\u00fcks\u00e9ges Id\u0151pontk\u00e9r\u00e9s telefonon H\u00e9tf\u0151t\u0151l-P\u00e9ntekig:\u00a0                         9:00-13:00<\/strong><\/td>\n<\/tr>\n<tr class=\"row-17\">\n\t<td rowspan=\"2\" class=\"column-3\">Szerda 10:00-14:30<\/td><td rowspan=\"2\" class=\"column-4\">Dr. Koszta Alexandra \/ Dr. Jassoy Benj\u00e1min Don\u00e1t<\/td>\n<\/tr>\n<tr class=\"row-18\">\n\t\n<\/tr>\n<tr class=\"row-19\">\n\t<td class=\"column-3\">Cs\u00fct\u00f6rt\u00f6k 10:00-14:30<\/td><td class=\"column-4\">Dr. Rad\u00f3 Krisztina<\/td>\n<\/tr>\n<tr class=\"row-20\">\n\t<td class=\"column-1\"><\/td><td class=\"column-2\"><\/td><td class=\"column-3\"><\/td><td class=\"column-4\"><\/td><td class=\"column-5\"><\/td><td class=\"column-6\"><\/td>\n<\/tr>\n<\/tbody>\n<\/table>\n<!-- #tablepress-1 from cache -->\n\n\n<p><a href=\"https:\/\/www.szentimrekorhaz.hu\/index.php\/neurologiai-osztaly-qbq-epuelet-i-emelet-es-iii-emelet-stroke-reszleg\/\">Kattints ide a\u00a0Neurol\u00f3giai Oszt\u00e1ly \u00e9s Stroke fekv\u0151beteg ell\u00e1t\u00e1s\u00e1ra.<\/a><\/p>\n\n\n\n<p><a href=\"https:\/\/www.szentimrekorhaz.hu\/index.php\/neurologiai-stroke-betegellato-rehabilitacios-osztaly-b-ep-i-em\/\">Kattints ide a Rehabilit\u00e1ci\u00f3s Oszt\u00e1ly fekv\u0151beteg ell\u00e1t\u00e1s\u00e1ra.<\/a><\/p>\n\n\n\n\t<div class=\"dkpdf-button-container\" style=\"            text-align:right \">\n\n\t\t<a class=\"dkpdf-button\" href=\"\/index.php\/wp-json\/wp\/v2\/pages\/259?pdf=259\" target=\"_blank\"><span class=\"dkpdf-button-icon\"><i class=\"fa fa-file-pdf-o\"><\/i><\/span> Let\u00f6lt\u00e9s<\/a>\n\n\t<\/div>\n\n\n\n\n\n<!-- PMB print buttons is only displayed on a single post\/page URLs-->","protected":false},"excerpt":{"rendered":"<p>Neurol\u00f3giai Oszt\u00e1lyhoz kapcsol\u00f3d\u00f3an t\u00f6bb szakambulancia m\u0171k\u00f6dik a \u201eK\u201d \u00e9p\u00fclet fsz. 32-33. rendel\u0151kben (Cerebrovascularis, Epilepszia, Fejf\u00e1j\u00e1s, Parkinson \u00e9s Sclerosis multiplex szakambulanci\u00e1k). AZ ID\u0150PONTOK T\u00c1J\u00c9KOZTAT\u00d3 JELLEG\u0170EK! S\u0170RG\u0150SS\u00c9GI&hellip;<\/p>\n","protected":false},"author":3,"featured_media":0,"parent":0,"menu_order":17,"comment_status":"closed","ping_status":"closed","template":"","meta":{"_acf_changed":false,"footnotes":""},"categories":[],"tags":[],"class_list":["post-259","page","type-page","status-publish","hentry"],"acf":[],"post_type":"page","author_name":"backup","_links":{"self":[{"href":"https:\/\/www.szentimrekorhaz.hu\/index.php\/wp-json\/wp\/v2\/pages\/259","targetHints":{"allow":["GET"]}}],"collection":[{"href":"https:\/\/www.szentimrekorhaz.hu\/index.php\/wp-json\/wp\/v2\/pages"}],"about":[{"href":"https:\/\/www.szentimrekorhaz.hu\/index.php\/wp-json\/wp\/v2\/types\/page"}],"author":[{"embeddable":true,"href":"https:\/\/www.szentimrekorhaz.hu\/index.php\/wp-json\/wp\/v2\/users\/3"}],"replies":[{"embeddable":true,"href":"https:\/\/www.szentimrekorhaz.hu\/index.php\/wp-json\/wp\/v2\/comments?post=259"}],"version-history":[{"count":7,"href":"https:\/\/www.szentimrekorhaz.hu\/index.php\/wp-json\/wp\/v2\/pages\/259\/revisions"}],"predecessor-version":[{"id":2747,"href":"https:\/\/www.szentimrekorhaz.hu\/index.php\/wp-json\/wp\/v2\/pages\/259\/revisions\/2747"}],"wp:attachment":[{"href":"https:\/\/www.szentimrekorhaz.hu\/index.php\/wp-json\/wp\/v2\/media?parent=259"}],"wp:term":[{"taxonomy":"category","embeddable":true,"href":"https:\/\/www.szentimrekorhaz.hu\/index.php\/wp-json\/wp\/v2\/categories?post=259"},{"taxonomy":"post_tag","embeddable":true,"href":"https:\/\/www.szentimrekorhaz.hu\/index.php\/wp-json\/wp\/v2\/tags?post=259"}],"curies":[{"name":"wp","href":"https:\/\/api.w.org\/{rel}","templated":true}]}}