{"id":262,"date":"2009-10-08T16:19:48","date_gmt":"2009-10-08T14:19:48","guid":{"rendered":"http:\/\/localhost\/index.php\/befekves-eltt-szabad-nem-szabad\/"},"modified":"2025-07-22T14:31:01","modified_gmt":"2025-07-22T12:31:01","slug":"befekves-eltt-szabad-nem-szabad","status":"publish","type":"page","link":"https:\/\/www.szentimrekorhaz.hu\/index.php\/mittegyenhaerkezobeteg-2\/befekves-eltt-szabad-nem-szabad\/","title":{"rendered":"Befekv\u00e9s el\u0151tt szabad, nem szabad?"},"content":{"rendered":"<p><strong>Hasznos tan\u00e1csok, ha m\u00e1snap k\u00f3rh\u00e1zi felv\u00e9telre k\u00e9sz\u00fcl<\/strong><\/p>\n<p style=\"text-align: left;\">Ha tudjuk, hogy m\u00e1snap k\u00f3rh\u00e1zi befekv\u00e9s v\u00e1r r\u00e1nk, term\u00e9szetes hogy felmer\u00fcl: mit ehet\u00fcnk, ihatunk, tehet\u00fcnk m\u00e9g el\u0151tte \u2013 \u00e9s mit nem aj\u00e1nlott? B\u00e1r minden eset m\u00e1s \u00e9s m\u00e1s, (ha az orvosa konkr\u00e9tan meghat\u00e1rozta m\u00e1r \u00d6nnek mit ehet-ihat vagy tehet a k\u00f3rh\u00e1zi befekv\u00e9s el\u0151tt, k\u00e9rj\u00fck azt k\u00f6vesse) azonban nagy \u00e1ltal\u00e1noss\u00e1gban az al\u00e1bbi tan\u00e1csok ir\u00e1nyad\u00f3ak lehetnek:<\/p>\n<p><strong>\u00c9TKEZ\u00c9S, IV\u00c1S:<\/strong><\/p>\n<p><em>Ha m\u0171t\u00e9tre k\u00e9sz\u00fcl:<\/em><\/p>\n<ul>\n<li>\u00c1ltal\u00e1ban el\u0151z\u0151 este 10 \u00f3ra ut\u00e1n m\u00e1r nem szabad enni, \u00e9s \u00e9jf\u00e9lt\u0151l tilos inni (kiv\u00e9ve ha orvosa m\u00e1sk\u00e9nt nem rendelkezik)<\/li>\n<li>A gyomor\u00fcr\u00fcl\u00e9s miatt nagyon fontos a koplal\u00e1s, k\u00fcl\u00f6nben a m\u0171t\u00e9t elhalaszt\u00e1sra ker\u00fclhet.<\/li>\n<\/ul>\n<p><em>Ha kivizsg\u00e1l\u00e1sra fekszik be:<\/em><\/p>\n<ul>\n<li>K\u00f6nny\u0171 vacsora m\u00e9g javasolt el\u0151z\u0151 este<\/li>\n<li>A reggeli \u00f3r\u00e1kban gyakran \u00e9hgyomor sz\u00fcks\u00e9ges \u2013 err\u0151l el\u0151zetesen t\u00e1j\u00e9koztat\u00e1st adunk<\/li>\n<li>Vizsg\u00e1latt\u00f3l f\u00fcgg\u0151en lehet, hogy m\u00e9g v\u00edz sem fogyaszthat\u00f3 reggel.<\/li>\n<\/ul>\n<p><strong>GY\u00d3GYSZEREK:<br>\n<\/strong><\/p>\n<ul>\n<li>A rendszeresen szedett gy\u00f3gyszereket (pl. v\u00e9rnyom\u00e1s, pajzsmirigy, sz\u00edvprobl\u00e9ma eset\u00e9n)<strong> csak az orvos utas\u00edt\u00e1sa szerint vegye be<\/strong> \u2013 egyes szereket pl. m\u0171t\u00e9t el\u0151tt sz\u00fcneteltetni kell.<\/li>\n<li>V\u00e9rhig\u00edt\u00f3t szed\u0151knek <strong>k\u00fcl\u00f6n egyeztet\u00e9s sz\u00fcks\u00e9ges<\/strong> \u2013 ak\u00e1r napokkal el\u0151re.<\/li>\n<\/ul>\n<p><strong>DOH\u00c1NYZ\u00c1S, ALKOHOL:<\/strong><\/p>\n<ul>\n<li>Alkohol fogyaszt\u00e1sa a megel\u0151z\u0151 napokban <strong>nem javasolt<\/strong> \u2013 k\u00fcl\u00f6n\u00f6sen altat\u00e1s el\u0151tt.<\/li>\n<li>Doh\u00e1nyz\u00e1s lehet\u0151leg ker\u00fclend\u0151, mert n\u00f6veli a l\u00e9g\u00fati sz\u00f6v\u0151dm\u00e9nyek es\u00e9ly\u00e9t<\/li>\n<li>A leszok\u00e1sra ez is lehet egy j\u00f3 alkalom \u2013 k\u00e9rje t\u00e1mogat\u00e1sunkat, ha szeretne seg\u00edts\u00e9get kapni!<\/li>\n<\/ul>\n<p><strong>TISZT\u00c1LKOD\u00c1S, KOZMETIKUMOK:<\/strong><\/p>\n<ul>\n<li>F\u00fcr\u00f6dj\u00f6n, zuhanyozzon otthon a befekv\u00e9s el\u0151tti est\u00e9n.<\/li>\n<li><strong>Ne haszn\u00e1ljon test\u00e1pol\u00f3t, parf\u00fcm\u00f6t, sminket, k\u00f6r\u00f6mlakkot<\/strong> \u2013 ezek akad\u00e1lyozhatj\u00e1k a vizsg\u00e1latot vagy m\u0171t\u00e9tet.<\/li>\n<li>Az<strong> \u00e9kszereket<\/strong>, test\u00e9kszereket \u00e9rdemes elt\u00e1vol\u00edtani, \u00e9s lehet\u0151s\u00e9g szerint <strong>otthon hagyni!<\/strong><\/li>\n<\/ul>\n<p><strong>PAP\u00cdROK, IRATOK, CSOMAGOL\u00c1S:<\/strong><\/p>\n<p>K\u00e9sz\u00edtse el\u0151 a k\u00f6vetkez\u0151ket:<\/p>\n<ul>\n<li>Szem\u00e9lyi igazolv\u00e1ny, TAJ k\u00e1rtya, lakc\u00edmk\u00e1rtya<\/li>\n<li>Beutal\u00f3, ambul\u00e1ns lap, kor\u00e1bbi z\u00e1r\u00f3jelent\u00e9sek<\/li>\n<li>Saj\u00e1t gy\u00f3gyszerek list\u00e1ja, vagy doboza<\/li>\n<li>Hozzon be: h\u00e1l\u00f3ruha, papucs, poh\u00e1r, tiszt\u00e1lkod\u00f3szerek, t\u00f6r\u00f6lk\u00f6z\u0151.<\/li>\n<\/ul>\n<p><strong>LELKI FELK\u00c9SZ\u00dcL\u00c9S:<\/strong><\/p>\n<ul>\n<li>\u00c9rdemes a lehet\u0151s\u00e9gekhez m\u00e9rten kipihenten, stresszmentesen \u00e9rkezni<\/li>\n<li>Az ismeretlent\u0151l val\u00f3 f\u00e9lelem term\u00e9szetes \u2013 ha k\u00e9rd\u00e9se van, ne habozzon feltenni az oszt\u00e1ly dolgoz\u00f3inak,<\/li>\n<li>N\u00e1lunk mindenki az\u00e9rt dolgozik, hogy biztons\u00e1gban \u00e9s figyelemben r\u00e9szes\u00fclj\u00f6n.<\/li>\n<\/ul>\n<p>A pontos el\u0151\u00edr\u00e1sokr\u00f3l mindig az adott oszt\u00e1ly t\u00e1j\u00e9koztatja a betegeket \u2013 de ezek a tan\u00e1csok seg\u00edtenek, hogy nyugodtabban, felk\u00e9sz\u00fcltebben \u00e9rkezhessenek hozz\u00e1nk.<\/p>\n\n\n\n\t<div class=\"dkpdf-button-container\" style=\"            text-align:right \">\n\n\t\t<a class=\"dkpdf-button\" href=\"\/index.php\/wp-json\/wp\/v2\/pages\/262?pdf=262\" target=\"_blank\"><span class=\"dkpdf-button-icon\"><i class=\"fa fa-file-pdf-o\"><\/i><\/span> Let\u00f6lt\u00e9s<\/a>\n\n\t<\/div>\n\n\n\n\n\n<!-- PMB print buttons is only displayed on a single post\/page URLs-->","protected":false},"excerpt":{"rendered":"<p>Hasznos tan\u00e1csok, ha m\u00e1snap k\u00f3rh\u00e1zi felv\u00e9telre k\u00e9sz\u00fcl Ha tudjuk, hogy m\u00e1snap k\u00f3rh\u00e1zi befekv\u00e9s v\u00e1r r\u00e1nk, term\u00e9szetes hogy felmer\u00fcl: mit ehet\u00fcnk, ihatunk, tehet\u00fcnk m\u00e9g el\u0151tte \u2013&hellip;<\/p>\n","protected":false},"author":1,"featured_media":0,"parent":61,"menu_order":10,"comment_status":"closed","ping_status":"closed","template":"","meta":{"_acf_changed":false,"footnotes":""},"categories":[],"tags":[],"class_list":["post-262","page","type-page","status-publish","hentry"],"acf":[],"post_type":"page","author_name":"admin","_links":{"self":[{"href":"https:\/\/www.szentimrekorhaz.hu\/index.php\/wp-json\/wp\/v2\/pages\/262","targetHints":{"allow":["GET"]}}],"collection":[{"href":"https:\/\/www.szentimrekorhaz.hu\/index.php\/wp-json\/wp\/v2\/pages"}],"about":[{"href":"https:\/\/www.szentimrekorhaz.hu\/index.php\/wp-json\/wp\/v2\/types\/page"}],"author":[{"embeddable":true,"href":"https:\/\/www.szentimrekorhaz.hu\/index.php\/wp-json\/wp\/v2\/users\/1"}],"replies":[{"embeddable":true,"href":"https:\/\/www.szentimrekorhaz.hu\/index.php\/wp-json\/wp\/v2\/comments?post=262"}],"version-history":[{"count":5,"href":"https:\/\/www.szentimrekorhaz.hu\/index.php\/wp-json\/wp\/v2\/pages\/262\/revisions"}],"predecessor-version":[{"id":2093,"href":"https:\/\/www.szentimrekorhaz.hu\/index.php\/wp-json\/wp\/v2\/pages\/262\/revisions\/2093"}],"up":[{"embeddable":true,"href":"https:\/\/www.szentimrekorhaz.hu\/index.php\/wp-json\/wp\/v2\/pages\/61"}],"wp:attachment":[{"href":"https:\/\/www.szentimrekorhaz.hu\/index.php\/wp-json\/wp\/v2\/media?parent=262"}],"wp:term":[{"taxonomy":"category","embeddable":true,"href":"https:\/\/www.szentimrekorhaz.hu\/index.php\/wp-json\/wp\/v2\/categories?post=262"},{"taxonomy":"post_tag","embeddable":true,"href":"https:\/\/www.szentimrekorhaz.hu\/index.php\/wp-json\/wp\/v2\/tags?post=262"}],"curies":[{"name":"wp","href":"https:\/\/api.w.org\/{rel}","templated":true}]}}