{"id":263,"date":"2009-10-08T16:20:33","date_gmt":"2009-10-08T14:20:33","guid":{"rendered":"http:\/\/localhost\/index.php\/mit-hozzon-magaval-a-korhazba\/"},"modified":"2025-05-20T22:25:34","modified_gmt":"2025-05-20T20:25:34","slug":"mit-hozzon-magaval-a-korhazba","status":"publish","type":"page","link":"https:\/\/www.szentimrekorhaz.hu\/index.php\/mittegyenhaerkezobeteg-2\/mit-hozzon-magaval-a-korhazba\/","title":{"rendered":"Mit hozzon mag\u00e1val a k\u00f3rh\u00e1zba?"},"content":{"rendered":"<p>\n\tAz \u00d6nt, vagy hozz\u00e1tartoz\u00f3j\u00e1t fogad\u00f3 k\u00f3rh\u00e1zi szem\u00e9ly elk\u00e9ri a beutal\u00f3t, szem\u00e9lyi igazolv\u00e1nyt (\u00fatlevelet) \u00e9s a TAJ k\u00e1rty\u00e1t (biztos\u00edt\u00e1si okm\u00e1nyt). Ezek alapj\u00e1n felveszi a beteg adatait.<\/p>\n<p>\n\tMindig el kell hozni az el\u0151z\u0151 z\u00e1r\u00f3jelent\u00e9seket, kor\u00e1bbi leleteket \u00e9s a jelenleg szedett gy\u00f3gyszerek list\u00e1j\u00e1t is Ezekr\u0151l m\u00e1solat vagy a k\u00f3rlapban kivonat k\u00e9sz\u00fcl, az eredeti dokumentumokat a beteg visszakapja.<\/p>\n<p>\n\tA k\u00f3rh\u00e1zi tart\u00f3zkod\u00e1shoz sz\u00fcks\u00e9g van tiszt\u00e1lkod\u00e1si- \u00e9s ev\u0151eszk\u00f6z\u00f6kre, h\u00e1l\u00f3ruh\u00e1ra, k\u00f6nt\u00f6sre, papucsra. Ha gy\u00f3gytorna is tartozik a kezel\u00e9shez, akkor szabadid\u0151-felszerel\u00e9st is c\u00e9lszer\u0171 csomagolni.<\/p>\n<p>\n\tAz \u00e9rt\u00e9kt\u00e1rgyakat c\u00e9lszer\u0171 otthon hagyni, vagy ha ez nem lehets\u00e9ges, akkor let\u00e9tbe helyezni a k\u00f3rh\u00e1z p\u00e9nzt\u00e1r\u00e1ban. Ehhez a f\u0151n\u0151v\u00e9r seg\u00edts\u00e9get ny\u00fajt.<br>\n\t<span style=\"display: none\">\u00a0<\/span><\/p>\n\n\n\n\t<div class=\"dkpdf-button-container\" style=\"            text-align:right \">\n\n\t\t<a class=\"dkpdf-button\" href=\"\/index.php\/wp-json\/wp\/v2\/pages\/263?pdf=263\" target=\"_blank\"><span class=\"dkpdf-button-icon\"><i class=\"fa fa-file-pdf-o\"><\/i><\/span> Let\u00f6lt\u00e9s<\/a>\n\n\t<\/div>\n\n\n\n\n\n<!-- PMB print buttons is only displayed on a single post\/page URLs-->","protected":false},"excerpt":{"rendered":"<p>Az \u00d6nt, vagy hozz\u00e1tartoz\u00f3j\u00e1t fogad\u00f3 k\u00f3rh\u00e1zi szem\u00e9ly elk\u00e9ri a beutal\u00f3t, szem\u00e9lyi igazolv\u00e1nyt (\u00fatlevelet) \u00e9s a TAJ k\u00e1rty\u00e1t (biztos\u00edt\u00e1si okm\u00e1nyt). Ezek alapj\u00e1n felveszi a beteg adatait.&hellip;<\/p>\n","protected":false},"author":1,"featured_media":0,"parent":61,"menu_order":9,"comment_status":"closed","ping_status":"closed","template":"","meta":{"_acf_changed":false,"footnotes":""},"categories":[],"tags":[],"class_list":["post-263","page","type-page","status-publish","hentry"],"acf":[],"post_type":"page","author_name":"admin","_links":{"self":[{"href":"https:\/\/www.szentimrekorhaz.hu\/index.php\/wp-json\/wp\/v2\/pages\/263","targetHints":{"allow":["GET"]}}],"collection":[{"href":"https:\/\/www.szentimrekorhaz.hu\/index.php\/wp-json\/wp\/v2\/pages"}],"about":[{"href":"https:\/\/www.szentimrekorhaz.hu\/index.php\/wp-json\/wp\/v2\/types\/page"}],"author":[{"embeddable":true,"href":"https:\/\/www.szentimrekorhaz.hu\/index.php\/wp-json\/wp\/v2\/users\/1"}],"replies":[{"embeddable":true,"href":"https:\/\/www.szentimrekorhaz.hu\/index.php\/wp-json\/wp\/v2\/comments?post=263"}],"version-history":[{"count":1,"href":"https:\/\/www.szentimrekorhaz.hu\/index.php\/wp-json\/wp\/v2\/pages\/263\/revisions"}],"predecessor-version":[{"id":757,"href":"https:\/\/www.szentimrekorhaz.hu\/index.php\/wp-json\/wp\/v2\/pages\/263\/revisions\/757"}],"up":[{"embeddable":true,"href":"https:\/\/www.szentimrekorhaz.hu\/index.php\/wp-json\/wp\/v2\/pages\/61"}],"wp:attachment":[{"href":"https:\/\/www.szentimrekorhaz.hu\/index.php\/wp-json\/wp\/v2\/media?parent=263"}],"wp:term":[{"taxonomy":"category","embeddable":true,"href":"https:\/\/www.szentimrekorhaz.hu\/index.php\/wp-json\/wp\/v2\/categories?post=263"},{"taxonomy":"post_tag","embeddable":true,"href":"https:\/\/www.szentimrekorhaz.hu\/index.php\/wp-json\/wp\/v2\/tags?post=263"}],"curies":[{"name":"wp","href":"https:\/\/api.w.org\/{rel}","templated":true}]}}