{"id":265,"date":"2009-10-12T10:04:15","date_gmt":"2009-10-12T08:04:15","guid":{"rendered":"http:\/\/localhost\/index.php\/nem-oep-altal-finanszirozott-szervezeti-egysegek\/"},"modified":"2009-10-12T10:04:15","modified_gmt":"2009-10-12T08:04:15","slug":"nem-oep-altal-finanszirozott-szervezeti-egysegek","status":"publish","type":"page","link":"https:\/\/www.szentimrekorhaz.hu\/index.php\/nem-oep-altal-finanszirozott-szervezeti-egysegek\/","title":{"rendered":"Nem OEP \u00e1ltal finansz\u00edrozott szervezeti egys\u00e9gek"},"content":{"rendered":"<ul>\n<li>\n\t\tBelgy\u00f3gy\u00e1szati m\u00e1trix \u2013 10 \u00e1gy<\/li>\n<li>\n\t\tOperat\u00edv m\u00e1trix \u2013 10 \u00e1gy<\/li>\n<li>\n\t\tDiagnosztikai egys\u00e9gek<\/li>\n<\/ul>\n<p>\n\tA szolg\u00e1ltat\u00e1sok ig\u00e9nybev\u00e9tel\u00e9nek \u00e9s finansz\u00edroz\u00e1s\u00e1nak rendj\u00e9t a k\u00f3rh\u00e1z \u201eT\u00e9r\u00edt\u00e9ses Beteg-ell\u00e1t\u00e1si Szab\u00e1lyzata\u201d hat\u00e1rozza meg.<\/p>\n\n\n\n\t<div class=\"dkpdf-button-container\" style=\"            text-align:right \">\n\n\t\t<a class=\"dkpdf-button\" href=\"\/index.php\/wp-json\/wp\/v2\/pages\/265?pdf=265\" target=\"_blank\"><span class=\"dkpdf-button-icon\"><i class=\"fa fa-file-pdf-o\"><\/i><\/span> Let\u00f6lt\u00e9s<\/a>\n\n\t<\/div>\n\n\n\n\n\n<!-- PMB print buttons is only displayed on a single post\/page URLs-->","protected":false},"excerpt":{"rendered":"<p>Belgy\u00f3gy\u00e1szati m\u00e1trix \u2013 10 \u00e1gy Operat\u00edv m\u00e1trix \u2013 10 \u00e1gy Diagnosztikai egys\u00e9gek A szolg\u00e1ltat\u00e1sok ig\u00e9nybev\u00e9tel\u00e9nek \u00e9s finansz\u00edroz\u00e1s\u00e1nak rendj\u00e9t a k\u00f3rh\u00e1z \u201eT\u00e9r\u00edt\u00e9ses Beteg-ell\u00e1t\u00e1si Szab\u00e1lyzata\u201d hat\u00e1rozza meg.&hellip;<\/p>\n","protected":false},"author":1,"featured_media":0,"parent":0,"menu_order":1,"comment_status":"closed","ping_status":"closed","template":"","meta":{"_acf_changed":false,"footnotes":""},"categories":[],"tags":[],"class_list":["post-265","page","type-page","status-publish","hentry"],"acf":[],"post_type":"page","author_name":"admin","_links":{"self":[{"href":"https:\/\/www.szentimrekorhaz.hu\/index.php\/wp-json\/wp\/v2\/pages\/265","targetHints":{"allow":["GET"]}}],"collection":[{"href":"https:\/\/www.szentimrekorhaz.hu\/index.php\/wp-json\/wp\/v2\/pages"}],"about":[{"href":"https:\/\/www.szentimrekorhaz.hu\/index.php\/wp-json\/wp\/v2\/types\/page"}],"author":[{"embeddable":true,"href":"https:\/\/www.szentimrekorhaz.hu\/index.php\/wp-json\/wp\/v2\/users\/1"}],"replies":[{"embeddable":true,"href":"https:\/\/www.szentimrekorhaz.hu\/index.php\/wp-json\/wp\/v2\/comments?post=265"}],"version-history":[{"count":0,"href":"https:\/\/www.szentimrekorhaz.hu\/index.php\/wp-json\/wp\/v2\/pages\/265\/revisions"}],"wp:attachment":[{"href":"https:\/\/www.szentimrekorhaz.hu\/index.php\/wp-json\/wp\/v2\/media?parent=265"}],"wp:term":[{"taxonomy":"category","embeddable":true,"href":"https:\/\/www.szentimrekorhaz.hu\/index.php\/wp-json\/wp\/v2\/categories?post=265"},{"taxonomy":"post_tag","embeddable":true,"href":"https:\/\/www.szentimrekorhaz.hu\/index.php\/wp-json\/wp\/v2\/tags?post=265"}],"curies":[{"name":"wp","href":"https:\/\/api.w.org\/{rel}","templated":true}]}}