{"id":269,"date":"2009-10-15T17:59:31","date_gmt":"2009-10-15T15:59:31","guid":{"rendered":"http:\/\/localhost\/index.php\/dietetikai-szolgalat\/"},"modified":"2009-10-15T17:59:31","modified_gmt":"2009-10-15T15:59:31","slug":"dietetikai-szolgalat","status":"publish","type":"page","link":"https:\/\/www.szentimrekorhaz.hu\/index.php\/dietetikai-szolgalat\/","title":{"rendered":"Dietetikai Szolg\u00e1lat"},"content":{"rendered":"<p>\n\tVezet\u0151 dietetikus: Herscovicin\u00e9 Vass Kyri \u201eB\u201d \u00e9p\u00fclet III. emelet.<\/p>\n<p>\n\tTel.: ((+36-1) 464-8600\/1132; 2402; 2404; 2408-as mell\u00e9kek<\/p>\n<p>\n\t\u00a0<\/p>\n<p>\n\t<span style=\"color: rgb(51, 51, 51); font-family: \" sans neue helvetica arial sans-serif font-size:=\"font-size:\">A dietetikus a t\u00e1pl\u00e1lkoz\u00e1studom\u00e1ny \u00e9s a dietetika ter\u00fclet\u00e9n hivatalosan elismert min\u0151s\u00edt\u00e9ssel rendelkez\u0151 szem\u00e9ly, aki t\u00e1pl\u00e1lkoz\u00e1studom\u00e1nyi ismereteit az eg\u00e9szs\u00e9ges \u00e9s a beteg ember \u00e9lelmez\u00e9s\u00e9re \u00e9s a helyes t\u00e1pl\u00e1lkoz\u00e1si szok\u00e1sok oktat\u00e1s\u00e1ra alkalmazza. A szolg\u00e1lat dietetikusai a beteg\u00e1gy mellett, valamint a k\u00f3rh\u00e1z szakambulanci\u00e1j\u00e1n l\u00e1tj\u00e1k el a betegeket, valamint fel\u00fcgyelik az \u00e9lelmez\u00e9ssel kapcsolatos teend\u0151ket.<\/span><\/p>\n<p>\n\tA k\u00f6vetkez\u0151 oszt\u00e1lyoknak ny\u00fajtanak seg\u00edts\u00e9get:<\/p>\n<p>\n\tAz \u00d6sszes oszt\u00e1lyon, kiemelten;<\/p>\n<ul>\n<li>\n\t\tGasztroenterol\u00f3gia<\/li>\n<li>\n\t\tObezitol\u00f3gia-Lipidol\u00f3gia<\/li>\n<li>\n\t\tEndokrinol\u00f3gia<\/li>\n<li>\n\t\tAnyagcsere<\/li>\n<li>\n\t\tSeb\u00e9szet<\/li>\n<\/ul>\n<p>\n\t\u00a0<\/p>\n<p>\n\t\u00a0<\/p>\n\n\n\n\t<div class=\"dkpdf-button-container\" style=\"            text-align:right \">\n\n\t\t<a class=\"dkpdf-button\" href=\"\/index.php\/wp-json\/wp\/v2\/pages\/269?pdf=269\" target=\"_blank\"><span class=\"dkpdf-button-icon\"><i class=\"fa fa-file-pdf-o\"><\/i><\/span> Let\u00f6lt\u00e9s<\/a>\n\n\t<\/div>\n\n\n\n\n\n<!-- PMB print buttons is only displayed on a single post\/page URLs-->","protected":false},"excerpt":{"rendered":"<p>Vezet\u0151 dietetikus: Herscovicin\u00e9 Vass Kyri \u201eB\u201d \u00e9p\u00fclet III. emelet. Tel.: ((+36-1) 464-8600\/1132; 2402; 2404; 2408-as mell\u00e9kek \u00a0 A dietetikus a t\u00e1pl\u00e1lkoz\u00e1studom\u00e1ny \u00e9s a dietetika ter\u00fclet\u00e9n&hellip;<\/p>\n","protected":false},"author":3,"featured_media":0,"parent":0,"menu_order":4,"comment_status":"closed","ping_status":"closed","template":"","meta":{"_acf_changed":false,"footnotes":""},"categories":[],"tags":[],"class_list":["post-269","page","type-page","status-publish","hentry"],"acf":[],"post_type":"page","author_name":"backup","_links":{"self":[{"href":"https:\/\/www.szentimrekorhaz.hu\/index.php\/wp-json\/wp\/v2\/pages\/269","targetHints":{"allow":["GET"]}}],"collection":[{"href":"https:\/\/www.szentimrekorhaz.hu\/index.php\/wp-json\/wp\/v2\/pages"}],"about":[{"href":"https:\/\/www.szentimrekorhaz.hu\/index.php\/wp-json\/wp\/v2\/types\/page"}],"author":[{"embeddable":true,"href":"https:\/\/www.szentimrekorhaz.hu\/index.php\/wp-json\/wp\/v2\/users\/3"}],"replies":[{"embeddable":true,"href":"https:\/\/www.szentimrekorhaz.hu\/index.php\/wp-json\/wp\/v2\/comments?post=269"}],"version-history":[{"count":0,"href":"https:\/\/www.szentimrekorhaz.hu\/index.php\/wp-json\/wp\/v2\/pages\/269\/revisions"}],"wp:attachment":[{"href":"https:\/\/www.szentimrekorhaz.hu\/index.php\/wp-json\/wp\/v2\/media?parent=269"}],"wp:term":[{"taxonomy":"category","embeddable":true,"href":"https:\/\/www.szentimrekorhaz.hu\/index.php\/wp-json\/wp\/v2\/categories?post=269"},{"taxonomy":"post_tag","embeddable":true,"href":"https:\/\/www.szentimrekorhaz.hu\/index.php\/wp-json\/wp\/v2\/tags?post=269"}],"curies":[{"name":"wp","href":"https:\/\/api.w.org\/{rel}","templated":true}]}}