{"id":272,"date":"2009-10-19T17:10:33","date_gmt":"2009-10-19T15:10:33","guid":{"rendered":"http:\/\/localhost\/index.php\/egyeb-kenyelmet-nyujto-szolgaltatasok\/"},"modified":"2009-10-19T17:10:33","modified_gmt":"2009-10-19T15:10:33","slug":"egyeb-kenyelmet-nyujto-szolgaltatasok","status":"publish","type":"page","link":"https:\/\/www.szentimrekorhaz.hu\/index.php\/egyeb-kenyelmet-nyujto-szolgaltatasok\/","title":{"rendered":"Egy\u00e9b k\u00e9nyelmet ny\u00fajt\u00f3 szolg\u00e1ltat\u00e1sok"},"content":{"rendered":"<table border=\"0\" cellpadding=\"6\" cellspacing=\"6\" height=\"424\" width=\"567\">\n<tbody>\n<tr>\n<td valign=\"top\">\n<p>\n\t\t\t\t\t<strong>Megnevez\u00e9s, hely<\/strong><\/p>\n<\/td>\n<td>\n<p>\n\t\t\t\t\t<strong>Nyitvatart\u00e1si id\u0151<\/strong><\/p>\n<\/td>\n<\/tr>\n<tr>\n<td>\n\t\t\t\t<span style=\"font-size:14px;\"><strong>GY\u00d3GYSZERT\u00c1R:<\/strong><\/span><br>\n\t\t\t\tForr\u00e1s patika<br>\n\t\t\t\t\"A\" \u00e9p\u00fclet f\u00f6ldszint<br>\n\t\t\t\tTel.: (+36-1) 464-8742<\/td>\n<td>\n<p>\n\t\t\t\t\tH\u00e9tf\u0151-cs\u00fct\u00f6rt\u00f6k: 8:00 \u2013 15:00<br>\n\t\t\t\t\tP\u00e9ntek: 8:00-13:30<\/p>\n<p>\n\t\t\t\t\tszombat, vas\u00e1rnap z\u00e1rva , \u00fcgyelet nincs<\/p>\n<\/td>\n<\/tr>\n<tr>\n<td>\n\t\t\t\t<span style=\"font-size:14px;\"><strong>Gy\u00f3gy\u00e1szati seg\u00e9deszk\u00f6z\u00f6k boltja:<\/strong><\/span><br>\n\t\t\t\tKib\u00e9di Krisztina<br>\n\t\t\t\tReplant4Care Kft.<br>\n\t\t\t\tDBC Szent Imre K\u00f3rh\u00e1z, A \u00e9p\u00fclet f\u00f6ldszint<br>\n\t\t\t\t1115 Budapest, T\u00e9t\u00e9nyi \u00fat 12-16.<br>\n\t\t\t\tTel.: +36 20 355-2045<\/td>\n<td>\n\t\t\t\t<strong>Nyitva tart\u00e1s:<\/strong><br>\n\t\t\t\tH \u2013 CS: 08.00 \u2013 16.30<br>\n\t\t\t\tP: 08.00 \u2013 14.00<\/td>\n<\/tr>\n<tr>\n<td valign=\"top\">\n\t\t\t\t\u00a0<\/td>\n<td valign=\"top\">\n\t\t\t\t\u00a0<\/td>\n<\/tr>\n<\/tbody>\n<\/table>\n<p>\n\t\u00a0<\/p>\n\n\n\n\t<div class=\"dkpdf-button-container\" style=\"            text-align:right \">\n\n\t\t<a class=\"dkpdf-button\" href=\"\/index.php\/wp-json\/wp\/v2\/pages\/272?pdf=272\" target=\"_blank\"><span class=\"dkpdf-button-icon\"><i class=\"fa fa-file-pdf-o\"><\/i><\/span> Let\u00f6lt\u00e9s<\/a>\n\n\t<\/div>\n\n\n\n\n\n<!-- PMB print buttons is only displayed on a single post\/page URLs-->","protected":false},"excerpt":{"rendered":"<p>Megnevez\u00e9s, hely Nyitvatart\u00e1si id\u0151 GY\u00d3GYSZERT\u00c1R: Forr\u00e1s patika &#8222;A&#8221; \u00e9p\u00fclet f\u00f6ldszint Tel.: (+36-1) 464-8742 H\u00e9tf\u0151-cs\u00fct\u00f6rt\u00f6k: 8:00 \u2013 15:00 P\u00e9ntek: 8:00-13:30 szombat, vas\u00e1rnap z\u00e1rva , \u00fcgyelet nincs&hellip;<\/p>\n","protected":false},"author":3,"featured_media":0,"parent":0,"menu_order":7,"comment_status":"closed","ping_status":"closed","template":"","meta":{"_acf_changed":false,"footnotes":""},"categories":[],"tags":[],"class_list":["post-272","page","type-page","status-publish","hentry"],"acf":[],"post_type":"page","author_name":"backup","_links":{"self":[{"href":"https:\/\/www.szentimrekorhaz.hu\/index.php\/wp-json\/wp\/v2\/pages\/272","targetHints":{"allow":["GET"]}}],"collection":[{"href":"https:\/\/www.szentimrekorhaz.hu\/index.php\/wp-json\/wp\/v2\/pages"}],"about":[{"href":"https:\/\/www.szentimrekorhaz.hu\/index.php\/wp-json\/wp\/v2\/types\/page"}],"author":[{"embeddable":true,"href":"https:\/\/www.szentimrekorhaz.hu\/index.php\/wp-json\/wp\/v2\/users\/3"}],"replies":[{"embeddable":true,"href":"https:\/\/www.szentimrekorhaz.hu\/index.php\/wp-json\/wp\/v2\/comments?post=272"}],"version-history":[{"count":0,"href":"https:\/\/www.szentimrekorhaz.hu\/index.php\/wp-json\/wp\/v2\/pages\/272\/revisions"}],"wp:attachment":[{"href":"https:\/\/www.szentimrekorhaz.hu\/index.php\/wp-json\/wp\/v2\/media?parent=272"}],"wp:term":[{"taxonomy":"category","embeddable":true,"href":"https:\/\/www.szentimrekorhaz.hu\/index.php\/wp-json\/wp\/v2\/categories?post=272"},{"taxonomy":"post_tag","embeddable":true,"href":"https:\/\/www.szentimrekorhaz.hu\/index.php\/wp-json\/wp\/v2\/tags?post=272"}],"curies":[{"name":"wp","href":"https:\/\/api.w.org\/{rel}","templated":true}]}}