{"id":276,"date":"2009-10-30T10:58:42","date_gmt":"2009-10-30T09:58:42","guid":{"rendered":"http:\/\/localhost\/index.php\/minosegugyi-iroda\/"},"modified":"2025-08-14T15:05:57","modified_gmt":"2025-08-14T13:05:57","slug":"minosegugyi-iroda-2","status":"publish","type":"page","link":"https:\/\/www.szentimrekorhaz.hu\/index.php\/minosegugyi-iroda-2\/","title":{"rendered":"Min\u0151s\u00e9g\u00fcgyi Iroda"},"content":{"rendered":"<p><strong>\u201eJ\u00f3t s j\u00f3l, ebben \u00e1ll a nagy titok\u201d. Kazinczy verssora ak\u00e1r eg\u00e9sz k\u00f3rh\u00e1zunk jelmondata lehetne, hisz mindannyian azzal a sz\u00e1nd\u00e9kkal j\u00f6v\u00fcnk be nap, mint nap, hogy a tud\u00e1sunk szerinti legjobbat ny\u00fajtjuk betegeinknek.<\/strong><\/p>\n<div>\n<p>mb. Min\u0151s\u00e9g\u00fcgyi irodavezet\u0151: Dr. Szab\u00f3 Anita<\/p>\n<p>Adminisztr\u00e1tor: Cser Hajnalka<\/p>\n<\/div>\n<p><a href=\"\/wp-content\/uploads\/2009\/10\/mees_2.0.pdf\" target=\"_blank\" rel=\"noopener\">A MEES k\u00e9zik\u00f6nyv let\u00f6lthet\u0151 innen.<\/a><\/p>\n<p>\u00a0<\/p>\n\n\n<div data-wp-interactive=\"core\/file\" class=\"wp-block-file\"><object data-wp-bind--hidden=\"!state.hasPdfPreview\" hidden class=\"wp-block-file__embed\" data=\"https:\/\/www.szentimrekorhaz.hu\/wp-content\/uploads\/2025\/08\/Minosegugyi-kezikonyv-20220608_korrektura-nelkul-002.pdf\" type=\"application\/pdf\" style=\"width:100%;height:600px\" aria-label=\"Akad\u00e1lymentes\u00edtett - Min\u0151s\u00e9g\u00fcgyi k\u00e9zik\u00f6nyv  be\u00e1gyaz\u00e1sa\"><\/object><a id=\"wp-block-file--media-d59d3ffc-25f4-4c0a-9f8f-ccb3d55e5534\" href=\"https:\/\/www.szentimrekorhaz.hu\/wp-content\/uploads\/2025\/08\/Minosegugyi-kezikonyv-20220608_korrektura-nelkul-002.pdf\">Akad\u00e1lymentes\u00edtett \u2013 Min\u0151s\u00e9g\u00fcgyi k\u00e9zik\u00f6nyv <\/a><a href=\"https:\/\/www.szentimrekorhaz.hu\/wp-content\/uploads\/2025\/08\/Minosegugyi-kezikonyv-20220608_korrektura-nelkul-002.pdf\" class=\"wp-block-file__button wp-element-button\" download aria-describedby=\"wp-block-file--media-d59d3ffc-25f4-4c0a-9f8f-ccb3d55e5534\">Let\u00f6lt\u00e9s<\/a><\/div>\n\n\n\n\t<div class=\"dkpdf-button-container\" style=\"            text-align:right \">\n\n\t\t<a class=\"dkpdf-button\" href=\"\/index.php\/wp-json\/wp\/v2\/pages\/276?pdf=276\" target=\"_blank\"><span class=\"dkpdf-button-icon\"><i class=\"fa fa-file-pdf-o\"><\/i><\/span> Let\u00f6lt\u00e9s<\/a>\n\n\t<\/div>\n\n\n\n\n\n<!-- PMB print buttons is only displayed on a single post\/page URLs-->","protected":false},"excerpt":{"rendered":"<p>\n\t&nbsp;<\/p>\n","protected":false},"author":3,"featured_media":0,"parent":0,"menu_order":22,"comment_status":"closed","ping_status":"closed","template":"","meta":{"_acf_changed":false,"footnotes":""},"categories":[],"tags":[],"class_list":["post-276","page","type-page","status-publish","hentry"],"acf":[],"post_type":"page","author_name":"backup","_links":{"self":[{"href":"https:\/\/www.szentimrekorhaz.hu\/index.php\/wp-json\/wp\/v2\/pages\/276","targetHints":{"allow":["GET"]}}],"collection":[{"href":"https:\/\/www.szentimrekorhaz.hu\/index.php\/wp-json\/wp\/v2\/pages"}],"about":[{"href":"https:\/\/www.szentimrekorhaz.hu\/index.php\/wp-json\/wp\/v2\/types\/page"}],"author":[{"embeddable":true,"href":"https:\/\/www.szentimrekorhaz.hu\/index.php\/wp-json\/wp\/v2\/users\/3"}],"replies":[{"embeddable":true,"href":"https:\/\/www.szentimrekorhaz.hu\/index.php\/wp-json\/wp\/v2\/comments?post=276"}],"version-history":[{"count":4,"href":"https:\/\/www.szentimrekorhaz.hu\/index.php\/wp-json\/wp\/v2\/pages\/276\/revisions"}],"predecessor-version":[{"id":2303,"href":"https:\/\/www.szentimrekorhaz.hu\/index.php\/wp-json\/wp\/v2\/pages\/276\/revisions\/2303"}],"wp:attachment":[{"href":"https:\/\/www.szentimrekorhaz.hu\/index.php\/wp-json\/wp\/v2\/media?parent=276"}],"wp:term":[{"taxonomy":"category","embeddable":true,"href":"https:\/\/www.szentimrekorhaz.hu\/index.php\/wp-json\/wp\/v2\/categories?post=276"},{"taxonomy":"post_tag","embeddable":true,"href":"https:\/\/www.szentimrekorhaz.hu\/index.php\/wp-json\/wp\/v2\/tags?post=276"}],"curies":[{"name":"wp","href":"https:\/\/api.w.org\/{rel}","templated":true}]}}