{"id":290,"date":"2010-02-22T09:25:56","date_gmt":"2010-02-22T08:25:56","guid":{"rendered":"http:\/\/localhost\/index.php\/lelkipasztori-szolgalat\/"},"modified":"2025-06-04T15:21:54","modified_gmt":"2025-06-04T13:21:54","slug":"lelkipasztori-szolgalat","status":"publish","type":"page","link":"https:\/\/www.szentimrekorhaz.hu\/index.php\/lelkipasztori-szolgalat\/","title":{"rendered":"Lelkip\u00e1sztori szolg\u00e1lat"},"content":{"rendered":"<div style=\"text-align: center;\">\n<p class=\"MsoNormal\" style=\"text-align: left;\">A D\u00e9l-budai centrumk\u00f3rh\u00e1z Szent Imre Egyetemi Oktat\u00f3k\u00f3rh\u00e1zban gy\u00f3gyul\u00f3 betegeket katolikus pap l\u00e1togatja meg minden h\u00e9ten p\u00e9nteken.<\/p>\n<p class=\"MsoNormal\" style=\"text-align: left;\">Szem\u00e9lyes tal\u00e1lkoz\u00e1sra jelentkezni az \u00f6nk\u00e9ntes betegl\u00e1togat\u00f3kn\u00e1l lehet, akik hetente keresik fel a betegeket.<\/p>\n<p class=\"MsoNormal\"><img decoding=\"async\" class=\" size-full wp-image-289\" style=\"width: 173px; height: 234px;\" src=\"\/wp-content\/uploads\/2010\/02\/lelkp.JPG\" alt=\"\" width=\"173\" height=\"234\" longdesc=\"Szent Kozma \u00e9s Damj\u00e1n orvos v\u00e9rtan\u00fak\"><\/p>\n<p><em><span style=\"font-size: 10px;\">Szent Kozma \u00e9s Damj\u00e1n orvos v\u00e9rtan\u00fak<\/span><\/em><\/p>\n<p style=\"text-align: left;\">Budapesti Katolikus K\u00f3rh\u00e1zlelk\u00e9szs\u00e9g<br>\n1122 Budapest, R\u00e1th Gy\u00f6rgy utca 7-9.<br>\nTel.:+36 1 224 8640; e-mail: korlelk@gmail.com<\/p>\n<p style=\"text-align: left;\"><a href=\"https:\/\/www.facebook.com\/korlelk?locale=hu_HU\">Facebook<\/a><\/p>\n<\/div>\n<div style=\"text-align: center;\"><\/div>\n\n\n\n\t<div class=\"dkpdf-button-container\" style=\"            text-align:right \">\n\n\t\t<a class=\"dkpdf-button\" href=\"\/index.php\/wp-json\/wp\/v2\/pages\/290?pdf=290\" target=\"_blank\"><span class=\"dkpdf-button-icon\"><i class=\"fa fa-file-pdf-o\"><\/i><\/span> Let\u00f6lt\u00e9s<\/a>\n\n\t<\/div>\n\n\n\n\n\n<!-- PMB print buttons is only displayed on a single post\/page URLs-->","protected":false},"excerpt":{"rendered":"<p>A D\u00e9l-budai centrumk\u00f3rh\u00e1z Szent Imre Egyetemi Oktat\u00f3k\u00f3rh\u00e1zban gy\u00f3gyul\u00f3 betegeket katolikus pap l\u00e1togatja meg minden h\u00e9ten p\u00e9nteken. Szem\u00e9lyes tal\u00e1lkoz\u00e1sra jelentkezni az \u00f6nk\u00e9ntes betegl\u00e1togat\u00f3kn\u00e1l lehet, akik hetente&hellip;<\/p>\n","protected":false},"author":3,"featured_media":289,"parent":0,"menu_order":21,"comment_status":"closed","ping_status":"closed","template":"","meta":{"_acf_changed":false,"footnotes":""},"categories":[],"tags":[],"class_list":["post-290","page","type-page","status-publish","has-post-thumbnail","hentry"],"acf":[],"post_type":"page","author_name":"backup","_links":{"self":[{"href":"https:\/\/www.szentimrekorhaz.hu\/index.php\/wp-json\/wp\/v2\/pages\/290","targetHints":{"allow":["GET"]}}],"collection":[{"href":"https:\/\/www.szentimrekorhaz.hu\/index.php\/wp-json\/wp\/v2\/pages"}],"about":[{"href":"https:\/\/www.szentimrekorhaz.hu\/index.php\/wp-json\/wp\/v2\/types\/page"}],"author":[{"embeddable":true,"href":"https:\/\/www.szentimrekorhaz.hu\/index.php\/wp-json\/wp\/v2\/users\/3"}],"replies":[{"embeddable":true,"href":"https:\/\/www.szentimrekorhaz.hu\/index.php\/wp-json\/wp\/v2\/comments?post=290"}],"version-history":[{"count":2,"href":"https:\/\/www.szentimrekorhaz.hu\/index.php\/wp-json\/wp\/v2\/pages\/290\/revisions"}],"predecessor-version":[{"id":1272,"href":"https:\/\/www.szentimrekorhaz.hu\/index.php\/wp-json\/wp\/v2\/pages\/290\/revisions\/1272"}],"wp:featuredmedia":[{"embeddable":true,"href":"https:\/\/www.szentimrekorhaz.hu\/index.php\/wp-json\/wp\/v2\/media\/289"}],"wp:attachment":[{"href":"https:\/\/www.szentimrekorhaz.hu\/index.php\/wp-json\/wp\/v2\/media?parent=290"}],"wp:term":[{"taxonomy":"category","embeddable":true,"href":"https:\/\/www.szentimrekorhaz.hu\/index.php\/wp-json\/wp\/v2\/categories?post=290"},{"taxonomy":"post_tag","embeddable":true,"href":"https:\/\/www.szentimrekorhaz.hu\/index.php\/wp-json\/wp\/v2\/tags?post=290"}],"curies":[{"name":"wp","href":"https:\/\/api.w.org\/{rel}","templated":true}]}}