{"id":343,"date":"2011-05-16T14:42:00","date_gmt":"2011-05-16T12:42:00","guid":{"rendered":"http:\/\/localhost\/index.php\/folyamatbanlevokozbeszerzesieljarasok\/"},"modified":"2025-07-30T10:05:12","modified_gmt":"2025-07-30T08:05:12","slug":"folyamatbanlevokozbeszerzesieljarasok","status":"publish","type":"page","link":"https:\/\/www.szentimrekorhaz.hu\/index.php\/folyamatbanlevokozbeszerzesieljarasok\/","title":{"rendered":"K\u00f6zbeszerz\u00e9s"},"content":{"rendered":"\n<div data-wp-interactive=\"core\/file\" class=\"wp-block-file\"><object data-wp-bind--hidden=\"!state.hasPdfPreview\" hidden class=\"wp-block-file__embed\" data=\"https:\/\/www.szentimrekorhaz.hu\/wp-content\/uploads\/2025\/06\/2025.-evi-kozbeszerzesi-terv.pdf\" type=\"application\/pdf\" style=\"width:100%;height:600px\" aria-label=\"2025. \u00e9vi k\u00f6zbeszerz\u00e9si terv be\u00e1gyaz\u00e1sa\"><\/object><a id=\"wp-block-file--media-9d50f561-cef3-4709-9931-67f5a8b136f4\" href=\"https:\/\/www.szentimrekorhaz.hu\/wp-content\/uploads\/2025\/06\/2025.-evi-kozbeszerzesi-terv.pdf\">2025. \u00e9vi k\u00f6zbeszerz\u00e9si terv<\/a><a href=\"https:\/\/www.szentimrekorhaz.hu\/wp-content\/uploads\/2025\/06\/2025.-evi-kozbeszerzesi-terv.pdf\" class=\"wp-block-file__button wp-element-button\" download aria-describedby=\"wp-block-file--media-9d50f561-cef3-4709-9931-67f5a8b136f4\">Let\u00f6lt\u00e9s<\/a><\/div>\n\n\n<p><a href=\"\/wp-content\/uploads\/2011\/05\/szent_imre_korhaz_kozbeszerzesi_terv_2024.pdf\">A Szent Imre Egyetemi Oktat\u00f3k\u00f3rh\u00e1z 2024. \u00e9vi k\u00f6zbeszerz\u00e9si terv<\/a><\/p>\n<p><a href=\"\/wp-content\/uploads\/2011\/05\/szent_imre_korhaz_kozbeszerzesi_terv_2023.pdf\">A Szent Imre Egyetemi Oktat\u00f3k\u00f3rh\u00e1z 2023. \u00e9vi k\u00f6zbeszerz\u00e9si terv<\/a><\/p>\n<p><a href=\"\/wp-content\/uploads\/2011\/05\/Szent_Imre_Korhaz_kozbeszerzesi_terv_2022.pdf\">A Szent Imre Egyetemi Oktat\u00f3k\u00f3rh\u00e1z 2022. \u00e9vi k\u00f6zbeszerz\u00e9si terv<\/a><\/p>\n<p><a href=\"\/wp-content\/uploads\/2011\/05\/Szent_Imre_Korhaz_kozbeszerzesi_terv_2021.pdf\">A Szent Imre Egyetemi Oktat\u00f3k\u00f3rh\u00e1z 2021. \u00e9vi k\u00f6zbeszerz\u00e9si terv<\/a><\/p>\n<p><a href=\"\/wp-content\/uploads\/2011\/05\/SZTIK_-2018kozbeszerzesi_terv.pdf\">A Szent Imre Egyetemi Oktat\u00f3k\u00f3rh\u00e1z 2018. \u00e9vi k\u00f6zbeszerz\u00e9si terve (let\u00f6lt\u00e9s)<\/a><\/p>\n<p><a href=\"\/wp-content\/uploads\/2011\/05\/1_szamu_melleklet_-2018kozbeszerzes.pdf\">A Szent Imre Egyetemi Oktat\u00f3k\u00f3rh\u00e1z 2018. \u00e9vi k\u00f6zbeszerz\u00e9si terv 1.sz\u00e1m\u00fa mell\u00e9klet (let\u00f6lt\u00e9s)<\/a><\/p>\n<p><a href=\"\/wp-content\/uploads\/2011\/05\/2_szamu_melleklet_-2018kozbeszerzes.pdf\">A Szent Imre Egyetemi Oktat\u00f3k\u00f3rh\u00e1z 2018. \u00e9vi k\u00f6zbeszerz\u00e9si terv 2.sz\u00e1m\u00fa mell\u00e9klet (let\u00f6lt\u00e9s)<\/a><\/p>\n<p><a href=\"\/wp-content\/uploads\/2011\/05\/Szent_Imre_Korhaz_2016_evi_kozbeszerzesi_terve.pdf\">A Szent Imre Egyetemi Oktat\u00f3k\u00f3rh\u00e1z 2016. \u00e9vi k\u00f6zbeszerz\u00e9si terve (let\u00f6lt\u00e9s)<\/a><\/p>\n<p><a href=\"\/wp-content\/uploads\/2011\/05\/Szent_Imre_Korhaz_2015_evi_kozbeszerzesi_terve.pdf\">A Szent Imre Egyetemi Oktat\u00f3k\u00f3rh\u00e1z 2015. \u00e9vi k\u00f6zbeszerz\u00e9si terve (let\u00f6lt\u00e9s)<\/a><\/p>\n<p style=\"text-align: center;\">\u00a0<\/p>\n\n\n\t<div class=\"dkpdf-button-container\" style=\"            text-align:right \">\n\n\t\t<a class=\"dkpdf-button\" href=\"\/index.php\/wp-json\/wp\/v2\/pages\/343?pdf=343\" target=\"_blank\"><span class=\"dkpdf-button-icon\"><i class=\"fa fa-file-pdf-o\"><\/i><\/span> Let\u00f6lt\u00e9s<\/a>\n\n\t<\/div>\n\n\n\n\n\n<!-- PMB print buttons is only displayed on a single post\/page URLs-->","protected":false},"excerpt":{"rendered":"<p>A Szent Imre Egyetemi Oktat\u00f3k\u00f3rh\u00e1z 2024. \u00e9vi k\u00f6zbeszerz\u00e9si terv A Szent Imre Egyetemi Oktat\u00f3k\u00f3rh\u00e1z 2023. \u00e9vi k\u00f6zbeszerz\u00e9si terv A Szent Imre Egyetemi Oktat\u00f3k\u00f3rh\u00e1z 2022. \u00e9vi&hellip;<\/p>\n","protected":false},"author":3,"featured_media":0,"parent":0,"menu_order":4,"comment_status":"closed","ping_status":"closed","template":"","meta":{"_acf_changed":false,"footnotes":""},"categories":[],"tags":[],"class_list":["post-343","page","type-page","status-publish","hentry"],"acf":[],"post_type":"page","author_name":"backup","_links":{"self":[{"href":"https:\/\/www.szentimrekorhaz.hu\/index.php\/wp-json\/wp\/v2\/pages\/343","targetHints":{"allow":["GET"]}}],"collection":[{"href":"https:\/\/www.szentimrekorhaz.hu\/index.php\/wp-json\/wp\/v2\/pages"}],"about":[{"href":"https:\/\/www.szentimrekorhaz.hu\/index.php\/wp-json\/wp\/v2\/types\/page"}],"author":[{"embeddable":true,"href":"https:\/\/www.szentimrekorhaz.hu\/index.php\/wp-json\/wp\/v2\/users\/3"}],"replies":[{"embeddable":true,"href":"https:\/\/www.szentimrekorhaz.hu\/index.php\/wp-json\/wp\/v2\/comments?post=343"}],"version-history":[{"count":3,"href":"https:\/\/www.szentimrekorhaz.hu\/index.php\/wp-json\/wp\/v2\/pages\/343\/revisions"}],"predecessor-version":[{"id":2126,"href":"https:\/\/www.szentimrekorhaz.hu\/index.php\/wp-json\/wp\/v2\/pages\/343\/revisions\/2126"}],"wp:attachment":[{"href":"https:\/\/www.szentimrekorhaz.hu\/index.php\/wp-json\/wp\/v2\/media?parent=343"}],"wp:term":[{"taxonomy":"category","embeddable":true,"href":"https:\/\/www.szentimrekorhaz.hu\/index.php\/wp-json\/wp\/v2\/categories?post=343"},{"taxonomy":"post_tag","embeddable":true,"href":"https:\/\/www.szentimrekorhaz.hu\/index.php\/wp-json\/wp\/v2\/tags?post=343"}],"curies":[{"name":"wp","href":"https:\/\/api.w.org\/{rel}","templated":true}]}}