{"id":346,"date":"2009-09-03T10:31:09","date_gmt":"2009-09-03T08:31:09","guid":{"rendered":"http:\/\/localhost\/index.php\/allaslehetosegek\/"},"modified":"2025-05-29T16:28:08","modified_gmt":"2025-05-29T14:28:08","slug":"allaslehetosegek","status":"publish","type":"page","link":"https:\/\/www.szentimrekorhaz.hu\/index.php\/allaslehetosegek\/","title":{"rendered":"\u00c1ll\u00e1slehet\u0151s\u00e9gek"},"content":{"rendered":"\n<p><strong>Tisztelt \u00c9rdekl\u0151d\u0151!<\/strong><\/p>\n\n\n\n<p>K\u00f6sz\u00f6ntj\u00fck \u00d6nt honlapunk \u00e1ll\u00e1skeres\u0151 oldal\u00e1n!<\/p>\n\n\n\n<p>\u0150szinte \u00f6r\u00f6mmel \u00fcdv\u00f6z\u00f6lj\u00fck, hiszen megkeres\u00e9se feltehet\u0151leg azt jelenti, hogy a mi kollekt\u00edv\u00e1nkhoz \u2013 a Szent Imre Egyetemi Oktat\u00f3k\u00f3rh\u00e1z k\u00f6z\u00f6ss\u00e9g\u00e9hez \u2013 szeretne tartozni, sz\u00e1munkra ez megtiszteltet\u00e9s. Bizony\u00e1ra tudja, hogy hitvall\u00e1sunk a beteg, a szenved\u0151 seg\u00edt\u00e9se, munkast\u00edlusunk beteg-centrikus. Az egy\u00e9n tisztelet\u00e9nek l\u00e9gk\u00f6r\u00e9ben, a min\u0151s\u00e9gi betegell\u00e1t\u00e1s ir\u00e1nt elk\u00f6telezetten gy\u00f3gy\u00edtunk, \u00e1polunk, seg\u00edt\u00fcnk. A betegek \u00e9rdek\u00e9t \u00fagy szolg\u00e1ljuk, hogy sohase \u00e9rezz\u00e9k magukat kiszolg\u00e1ltatottnak, m\u00e1sok irgalm\u00e1ra szorul\u00f3knak.<br>Mindez \u2013 \u00e9s sok m\u00e1s, a m\u0171k\u00f6d\u00e9s\u00fcnkkel kapcsolatos, fontos meghat\u00e1roz\u00e1s \u2013 olvashat\u00f3 k\u00f3rh\u00e1zunk K\u00fcldet\u00e9si Nyilatkozat\u00e1ban is.<\/p>\n\n\n\n<p>K\u00e9rem tekintse \u00e1t aktu\u00e1lis hirdet\u00e9seinket \u00e9s a megadott form\u00e1ban juttassa el hozz\u00e1nk \u00f6n\u00e9letrajz\u00e1t a bet\u00f6lteni k\u00edv\u00e1nt poz\u00edci\u00f3 megjel\u00f6l\u00e9s\u00e9vel.<\/p>\n\n\n\n<p>K\u00f6sz\u00f6nj\u00fck bizalm\u00e1t \u00e9s rem\u00e9lj\u00fck, hamarosan lesz alkalmunk szem\u00e9lyesen is megismerkedni \u00d6nnel.<\/p>\n\n\n\n<p><strong>Tisztelettel:<\/strong><br>Hum\u00e1npolitikai oszt\u00e1lyvezet\u0151<\/p>\n\n\n\n<h3 class=\"wp-block-heading\">Ter\u00fcletek:<\/h3>\n\n\n\n<div class=\"wp-block-buttons is-layout-flex wp-block-buttons-is-layout-flex\">\n<div class=\"wp-block-button is-style-outline is-style-outline--1\"><a class=\"wp-block-button__link wp-element-button\" href=\"https:\/\/www.szentimrekorhaz.hu\/index.php\/allasorvos\/\">Orvosi ter\u00fclet<\/a><\/div>\n\n\n\n<div class=\"wp-block-button is-style-outline is-style-outline--2\"><a class=\"wp-block-button__link wp-element-button\" href=\"https:\/\/www.szentimrekorhaz.hu\/index.php\/allasapolas\/\">\u00c1pol\u00e1si ter\u00fclet<\/a><\/div>\n\n\n\n<div class=\"wp-block-button is-style-outline is-style-outline--3\"><a class=\"wp-block-button__link wp-element-button\" href=\"https:\/\/www.szentimrekorhaz.hu\/index.php\/allasegyeb\/\">Egy\u00e9b<\/a><\/div>\n<\/div>\n\n\n\n\t<div class=\"dkpdf-button-container\" style=\"            text-align:right \">\n\n\t\t<a class=\"dkpdf-button\" href=\"\/index.php\/wp-json\/wp\/v2\/pages\/346?pdf=346\" target=\"_blank\"><span class=\"dkpdf-button-icon\"><i class=\"fa fa-file-pdf-o\"><\/i><\/span> Let\u00f6lt\u00e9s<\/a>\n\n\t<\/div>\n\n\n\n\n\n<!-- PMB print buttons is only displayed on a single post\/page URLs-->","protected":false},"excerpt":{"rendered":"<p>\n\t<strong>Tisztelt &Eacute;rdekl\u0151d\u0151!<\/strong><\/p>\n<p>\n\tK&ouml;sz&ouml;ntj&uuml;k &Ouml;nt honlapunk &aacute;ll&aacute;skeres\u0151 oldal&aacute;n!<span style=\"display: none;\"> <\/span><\/p>\n","protected":false},"author":3,"featured_media":0,"parent":0,"menu_order":10,"comment_status":"closed","ping_status":"closed","template":"","meta":{"_acf_changed":false,"footnotes":""},"categories":[],"tags":[],"class_list":["post-346","page","type-page","status-publish","hentry"],"acf":[],"post_type":"page","author_name":"backup","_links":{"self":[{"href":"https:\/\/www.szentimrekorhaz.hu\/index.php\/wp-json\/wp\/v2\/pages\/346","targetHints":{"allow":["GET"]}}],"collection":[{"href":"https:\/\/www.szentimrekorhaz.hu\/index.php\/wp-json\/wp\/v2\/pages"}],"about":[{"href":"https:\/\/www.szentimrekorhaz.hu\/index.php\/wp-json\/wp\/v2\/types\/page"}],"author":[{"embeddable":true,"href":"https:\/\/www.szentimrekorhaz.hu\/index.php\/wp-json\/wp\/v2\/users\/3"}],"replies":[{"embeddable":true,"href":"https:\/\/www.szentimrekorhaz.hu\/index.php\/wp-json\/wp\/v2\/comments?post=346"}],"version-history":[{"count":5,"href":"https:\/\/www.szentimrekorhaz.hu\/index.php\/wp-json\/wp\/v2\/pages\/346\/revisions"}],"predecessor-version":[{"id":1164,"href":"https:\/\/www.szentimrekorhaz.hu\/index.php\/wp-json\/wp\/v2\/pages\/346\/revisions\/1164"}],"wp:attachment":[{"href":"https:\/\/www.szentimrekorhaz.hu\/index.php\/wp-json\/wp\/v2\/media?parent=346"}],"wp:term":[{"taxonomy":"category","embeddable":true,"href":"https:\/\/www.szentimrekorhaz.hu\/index.php\/wp-json\/wp\/v2\/categories?post=346"},{"taxonomy":"post_tag","embeddable":true,"href":"https:\/\/www.szentimrekorhaz.hu\/index.php\/wp-json\/wp\/v2\/tags?post=346"}],"curies":[{"name":"wp","href":"https:\/\/api.w.org\/{rel}","templated":true}]}}