{"id":352,"date":"2011-09-15T10:55:11","date_gmt":"2011-09-15T08:55:11","guid":{"rendered":"http:\/\/localhost\/index.php\/gazdmuszegysegek\/"},"modified":"2025-10-21T14:21:15","modified_gmt":"2025-10-21T12:21:15","slug":"gazdmuszegysegek","status":"publish","type":"page","link":"https:\/\/www.szentimrekorhaz.hu\/index.php\/gazdmuszegysegek\/","title":{"rendered":"Gazdas\u00e1gi-, m\u0171szaki egys\u00e9gek"},"content":{"rendered":"<p><strong>P\u00e9nzgazd\u00e1lkod\u00e1si Oszt\u00e1ly<\/strong><\/p>\n<p><strong>F\u00e9legyh\u00e1zi \u2013 T\u00f6r\u00f6k Csab\u00e1n\u00e9<\/strong><br>\noszt\u00e1lyvezet\u0151<\/p>\n<p>Tel.: (06) 1 464-8614<br>\ne-mail: penzgazd@szentimrekorhaz.hu<\/p>\n<hr>\n<p><strong>Anyaggazd\u00e1lkod\u00e1si Oszt\u00e1ly<\/strong><\/p>\n<p><strong>Veress Ildik\u00f3<\/strong><br>\noszt\u00e1lyvezet\u0151<\/p>\n<p>Tel.: (06) 1 464-8626<br>\ne-mail: anyaggazd@szentimrekorhaz.hu<\/p>\n<hr>\n<p><strong>Logisztikai \u00e9s Infrastrukt\u00fara \u00dczemeltet\u0151 Oszt\u00e1ly<\/strong><\/p>\n<p><strong>Mikul\u00e1sik G\u00e1bor<\/strong><br>\noszt\u00e1lyvezet\u0151<\/p>\n<p>Tel.: (06) 1 464-8797<br>\ne-mail: logisztika@szentimrekorhaz.hu<\/p>\n<hr>\n<p><strong>Informatikai Oszt\u00e1ly<\/strong><\/p>\n<div><\/div>\n<div>Tel.: (06) 1 464-8661<\/div>\n<div>e-mail: informatikaivezeto@szentimrekorhaz.hu<\/div>\n<hr>\n<p><strong>Biztons\u00e1gi Referens<\/strong><\/p>\n<p><strong>Ver\u0151 S\u00e1ndor<\/strong><br>\nbiztons\u00e1gi referens<\/p>\n<p>Tel.: (06) 1 464-8657<br>\nemail: rendeszetvez@szentimrekorhaz.hu<\/p>\n\n\n\n\t<div class=\"dkpdf-button-container\" style=\"            text-align:right \">\n\n\t\t<a class=\"dkpdf-button\" href=\"\/index.php\/wp-json\/wp\/v2\/pages\/352?pdf=352\" target=\"_blank\"><span class=\"dkpdf-button-icon\"><i class=\"fa fa-file-pdf-o\"><\/i><\/span> Let\u00f6lt\u00e9s<\/a>\n\n\t<\/div>\n\n\n\n\n\n<!-- PMB print buttons is only displayed on a single post\/page URLs-->","protected":false},"excerpt":{"rendered":"<p>P\u00e9nzgazd\u00e1lkod\u00e1si Oszt\u00e1ly F\u00e9legyh\u00e1zi \u2013 T\u00f6r\u00f6k Csab\u00e1n\u00e9 oszt\u00e1lyvezet\u0151 Tel.: (06) 1 464-8614 e-mail: penzgazd@szentimrekorhaz.hu Anyaggazd\u00e1lkod\u00e1si Oszt\u00e1ly Veress Ildik\u00f3 oszt\u00e1lyvezet\u0151 Tel.: (06) 1 464-8626 e-mail: anyaggazd@szentimrekorhaz.hu Logisztikai&hellip;<\/p>\n","protected":false},"author":2,"featured_media":0,"parent":0,"menu_order":19,"comment_status":"closed","ping_status":"closed","template":"","meta":{"_acf_changed":false,"footnotes":""},"categories":[],"tags":[],"class_list":["post-352","page","type-page","status-publish","hentry"],"acf":[],"post_type":"page","author_name":"Bal\u00f3 \u00c1d\u00e1m","_links":{"self":[{"href":"https:\/\/www.szentimrekorhaz.hu\/index.php\/wp-json\/wp\/v2\/pages\/352","targetHints":{"allow":["GET"]}}],"collection":[{"href":"https:\/\/www.szentimrekorhaz.hu\/index.php\/wp-json\/wp\/v2\/pages"}],"about":[{"href":"https:\/\/www.szentimrekorhaz.hu\/index.php\/wp-json\/wp\/v2\/types\/page"}],"author":[{"embeddable":true,"href":"https:\/\/www.szentimrekorhaz.hu\/index.php\/wp-json\/wp\/v2\/users\/2"}],"replies":[{"embeddable":true,"href":"https:\/\/www.szentimrekorhaz.hu\/index.php\/wp-json\/wp\/v2\/comments?post=352"}],"version-history":[{"count":2,"href":"https:\/\/www.szentimrekorhaz.hu\/index.php\/wp-json\/wp\/v2\/pages\/352\/revisions"}],"predecessor-version":[{"id":3039,"href":"https:\/\/www.szentimrekorhaz.hu\/index.php\/wp-json\/wp\/v2\/pages\/352\/revisions\/3039"}],"wp:attachment":[{"href":"https:\/\/www.szentimrekorhaz.hu\/index.php\/wp-json\/wp\/v2\/media?parent=352"}],"wp:term":[{"taxonomy":"category","embeddable":true,"href":"https:\/\/www.szentimrekorhaz.hu\/index.php\/wp-json\/wp\/v2\/categories?post=352"},{"taxonomy":"post_tag","embeddable":true,"href":"https:\/\/www.szentimrekorhaz.hu\/index.php\/wp-json\/wp\/v2\/tags?post=352"}],"curies":[{"name":"wp","href":"https:\/\/api.w.org\/{rel}","templated":true}]}}