{"id":373,"date":"2009-09-17T15:58:18","date_gmt":"2009-09-17T13:58:18","guid":{"rendered":"http:\/\/localhost\/index.php\/intenziv-terapas-egyseg-2\/"},"modified":"2025-09-23T08:13:15","modified_gmt":"2025-09-23T06:13:15","slug":"intenziv-terapas-egyseg-2","status":"publish","type":"page","link":"https:\/\/www.szentimrekorhaz.hu\/index.php\/intenziv-terapas-egyseg-2\/","title":{"rendered":"Aneszteziol\u00f3gia \u00e9s Intenz\u00edv Ter\u00e1pi\u00e1s Oszt\u00e1ly"},"content":{"rendered":"<p><strong>\u201eA\u201d \u00e9p\u00fclet, III. emelet<\/strong><\/p>\n<p><strong>Oszt\u00e1lyvezet\u0151: Dr. Dob\u00e1k \u00c9va<br>Vezet\u0151 \u00c1pol\u00f3:\u00a0Sajerli Csaba<br><\/strong><strong>Telefon: 061-464-8600\/1189<\/strong><\/p>\n<p><strong>E-mail: ite@szentimrekorhaz.hu<\/strong><\/p>\n<p>Feladata:<\/p>\n<ul>\n<li>a kritikus \u00e1llapot\u00fa betegek felv\u00e9tele a S\u00fcrg\u0151ss\u00e9gi Betegell\u00e1t\u00f3 Oszt\u00e1lyt\u00f3l vagy a k\u00f3rh\u00e1zi oszt\u00e1lyokr\u00f3l;<\/li>\n<li>a betegek alapvet\u0151 \u00e9letfunkci\u00f3inak fenntart\u00e1sa, a betegek \u00e1llapot\u00e1nak stabiliz\u00e1l\u00e1sa;<\/li>\n<li>a betegek \u00e1thelyez\u00e9se a szakmailag illet\u00e9kes k\u00f3rh\u00e1zi profilra (oszt\u00e1lyra), m\u00e1s k\u00f3rh\u00e1zba vagy hazabocs\u00e1t\u00e1sa;<\/li>\n<li>s\u00fcrg\u0151ss\u00e9gi ell\u00e1t\u00f3 szolg\u00e1lat (SESZ) m\u0171k\u00f6dtet\u00e9se<\/li>\n<li>az orvosk\u00e9pz\u00e9sben, orvos-tov\u00e1bbk\u00e9pz\u00e9sben, szakdolgoz\u00f3i k\u00e9pz\u00e9sben akkredit\u00e1ci\u00f3j\u00e1nak megfelel\u0151 feladatok ell\u00e1t\u00e1sa;<\/li>\n<\/ul>\n<p><strong>A szolg\u00e1lat \u00e1ltal m\u0171k\u00f6dtetett szakambulancia:<\/strong><\/p>\n<p><strong>Aneszteziol\u00f3giai Szakambulancia \u2013 B\u00e1rtfai u. \u201eR\u201d \u00e9p. I. emelet<\/strong><\/p>\n<p><a href=\"https:\/\/www.szentimrekorhaz.hu\/index.php\/anesztamb\/\">Kattints ide az oszt\u00e1ly j\u00e1r\u00f3beteg ell\u00e1t\u00e1s\u00e1ra.<\/a><\/p>\n<p><strong>Rendel\u00e9si id\u0151: H. \u2013 P.: 08.00 \u2013 14.00\u00a0<\/strong><\/p>\n<p>Els\u0151sorban az ambul\u00e1ns, de a k\u00f3rh\u00e1zban fekv\u0151 betegek m\u0171t\u00e9t vagy altat\u00e1sos beavatkoz\u00e1s el\u0151tti altat\u00f3-orvosi vizsg\u00e1lat\u00e1t v\u00e9gezz\u00fck. A betegek fogad\u00e1sa \u2013 el\u0151jegyz\u00e9s alapj\u00e1n \u2013 t\u00f6rt\u00e9nik, a m\u0171t\u00e9t el\u0151tt 5-10 nappal. A vizsg\u00e1lathoz sz\u00fcks\u00e9ges id\u0151pontot az al\u00e1bb jelzett sz\u00e1mokon, munkaid\u0151ben k\u00e9rhetik.<\/p>\n<p><strong>A vizsg\u00e1lat elv\u00e9gz\u00e9s\u00e9hez a k\u00f6vetkez\u0151 dokumentumokat felt\u00e9tlen\u00fcl hozza mag\u00e1val: <\/strong><\/p>\n<ul>\n<li>frissen k\u00e9sz\u00fclt laborat\u00f3riumi leletek<\/li>\n<li>kor\u00e1bbi z\u00e1r\u00f3jelent\u00e9sek<\/li>\n<li>kr\u00f3nikus betegs\u00e9geire vonatkoz\u00f3 (pl.: pajzsmirigy betegs\u00e9g, magas v\u00e9rnyom\u00e1s, cukorbetegs\u00e9g, sz\u00edv-, \u00e9r-, t\u00fcd\u0151betegs\u00e9g, idegrendszeri k\u00f3rk\u00e9pek) \u2013 egy \u00e9ven bel\u00fcli \u2013 ellen\u0151rz\u0151 vizsg\u00e1lati dokumentumok, orvosi javaslatok<\/li>\n<li>otthon szedett gy\u00f3gyszerek list\u00e1ja.<\/li>\n<li>\u201eAltat\u00e1sra \u00e9s region\u00e1lis \u00e9rz\u00e9stelen\u00edt\u00e9sre vonatkoz\u00f3 k\u00e9rd\u0151\u00edv\u201d let\u00f6lthet\u0151, kit\u00f6lt\u00f6tt p\u00e9ld\u00e1ny\u00e1t, abban az esetben ha lehet\u0151s\u00e9ge van let\u00f6lteni \u00e9s kinyomtatni. Ha nincsen, akkor az ambulanci\u00e1n fogj\u00e1k kit\u00f6lteni.<\/li>\n<\/ul>\n<p>A hossz\u00fa v\u00e1rakoz\u00e1s elker\u00fcl\u00e9se \u00e9rdek\u00e9ben, a beutal\u00f3n jelzett, vagy a telefonon kapott id\u0151pontban pontosan jelenjen meg, \u00e9s hozza mag\u00e1val az innen let\u00f6lthet\u0151, kit\u00f6lt\u00f6tt k\u00e9rd\u0151\u00edvet!<\/p>\n<p><strong>Let\u00f6lt\u00e9sek:<\/strong><\/p>\n\n\n<div data-wp-interactive=\"core\/file\" class=\"wp-block-file\"><object data-wp-bind--hidden=\"!state.hasPdfPreview\" hidden class=\"wp-block-file__embed\" data=\"https:\/\/www.szentimrekorhaz.hu\/wp-content\/uploads\/2025\/06\/FNY1006_2_Altatasra_es_reg_erzestelenitesre_vonatkozo_kerdoiv.pdf\" type=\"application\/pdf\" style=\"width:100%;height:200px\" aria-label=\"Altat\u00e1sra \u00e9s region\u00e1lis \u00e9rz\u00e9stelen\u00edt\u00e9sre vonatkoz\u00f3 t\u00e1j\u00e9koztat\u00e1st\u00f3l val\u00f3 eltekint\u00e9s be\u00e1gyaz\u00e1sa\"><\/object><a id=\"wp-block-file--media-9d15ce30-3416-445f-99cd-8e6a099022b7\" href=\"https:\/\/www.szentimrekorhaz.hu\/wp-content\/uploads\/2025\/06\/FNY1006_2_Altatasra_es_reg_erzestelenitesre_vonatkozo_kerdoiv.pdf\">Altat\u00e1sra \u00e9s region\u00e1lis \u00e9rz\u00e9stelen\u00edt\u00e9sre vonatkoz\u00f3 t\u00e1j\u00e9koztat\u00e1st\u00f3l val\u00f3 eltekint\u00e9s<\/a><a href=\"https:\/\/www.szentimrekorhaz.hu\/wp-content\/uploads\/2025\/06\/FNY1006_2_Altatasra_es_reg_erzestelenitesre_vonatkozo_kerdoiv.pdf\" class=\"wp-block-file__button wp-element-button\" download aria-describedby=\"wp-block-file--media-9d15ce30-3416-445f-99cd-8e6a099022b7\">Let\u00f6lt\u00e9s<\/a><\/div>\n\n\n\n<div data-wp-interactive=\"core\/file\" class=\"wp-block-file\"><object data-wp-bind--hidden=\"!state.hasPdfPreview\" hidden class=\"wp-block-file__embed\" data=\"https:\/\/www.szentimrekorhaz.hu\/wp-content\/uploads\/2025\/06\/fny1005-8_betegtajekoztato_es_beleegyezo_nyilatkozat_valamint_allapotfelmero_kerdoiv_mutet_elott_allo_pacienseknek-2.pdf\" type=\"application\/pdf\" style=\"width:100%;height:600px\" aria-label=\"Betegt\u00e1j\u00e9koztat\u00f3 \u00e9s beleegyez\u0151 nyilatkozat, valamint \u00e1llapotfelm\u00e9r\u0151 k\u00e9rd\u0151\u00edv m\u0171t\u00e9t el\u0151tt \u00e1ll\u00f3 p\u00e1cienseknek be\u00e1gyaz\u00e1sa\"><\/object><a id=\"wp-block-file--media-f63b6874-3e47-44d4-805f-9696462eee80\" href=\"https:\/\/www.szentimrekorhaz.hu\/wp-content\/uploads\/2025\/06\/fny1005-8_betegtajekoztato_es_beleegyezo_nyilatkozat_valamint_allapotfelmero_kerdoiv_mutet_elott_allo_pacienseknek-2.pdf\">Betegt\u00e1j\u00e9koztat\u00f3 \u00e9s beleegyez\u0151 nyilatkozat, valamint \u00e1llapotfelm\u00e9r\u0151 k\u00e9rd\u0151\u00edv m\u0171t\u00e9t el\u0151tt \u00e1ll\u00f3 p\u00e1cienseknek<\/a><a href=\"https:\/\/www.szentimrekorhaz.hu\/wp-content\/uploads\/2025\/06\/fny1005-8_betegtajekoztato_es_beleegyezo_nyilatkozat_valamint_allapotfelmero_kerdoiv_mutet_elott_allo_pacienseknek-2.pdf\" class=\"wp-block-file__button wp-element-button\" download aria-describedby=\"wp-block-file--media-f63b6874-3e47-44d4-805f-9696462eee80\">Let\u00f6lt\u00e9s<\/a><\/div>\n\n\n\n<div data-wp-interactive=\"core\/file\" class=\"wp-block-file\"><object data-wp-bind--hidden=\"!state.hasPdfPreview\" hidden class=\"wp-block-file__embed\" data=\"https:\/\/www.szentimrekorhaz.hu\/wp-content\/uploads\/2025\/06\/fny1006_5_epiduralis_fajd_csill_bet_tajek_es_beleegy_.pdf\" type=\"application\/pdf\" style=\"width:100%;height:600px\" aria-label=\"M\u0171t\u00e9t el\u0151tti \u00e9s m\u0171t\u00e9t ut\u00e1ni epidur\u00e1lis f\u00e1jdalomcsillap\u00edt\u00e1sra vonatkoz\u00f3 betegt\u00e1j\u00e9koztat\u00f3 \u00e9s beleegyez\u0151 nyilatkozat be\u00e1gyaz\u00e1sa\"><\/object><a id=\"wp-block-file--media-e17321ac-e078-4f38-b470-d596e67a00d2\" href=\"https:\/\/www.szentimrekorhaz.hu\/wp-content\/uploads\/2025\/06\/fny1006_5_epiduralis_fajd_csill_bet_tajek_es_beleegy_.pdf\">M\u0171t\u00e9t el\u0151tti \u00e9s m\u0171t\u00e9t ut\u00e1ni epidur\u00e1lis f\u00e1jdalomcsillap\u00edt\u00e1sra vonatkoz\u00f3 betegt\u00e1j\u00e9koztat\u00f3 \u00e9s beleegyez\u0151 nyilatkozat<\/a><a href=\"https:\/\/www.szentimrekorhaz.hu\/wp-content\/uploads\/2025\/06\/fny1006_5_epiduralis_fajd_csill_bet_tajek_es_beleegy_.pdf\" class=\"wp-block-file__button wp-element-button\" download aria-describedby=\"wp-block-file--media-e17321ac-e078-4f38-b470-d596e67a00d2\">Let\u00f6lt\u00e9s<\/a><\/div>\n\n\n\n<div data-wp-interactive=\"core\/file\" class=\"wp-block-file\"><object data-wp-bind--hidden=\"!state.hasPdfPreview\" hidden class=\"wp-block-file__embed\" data=\"https:\/\/www.szentimrekorhaz.hu\/wp-content\/uploads\/2025\/06\/fny1006_6_erkateterek_bizt_bet_taj_es_beleegy_-1.pdf\" type=\"application\/pdf\" style=\"width:100%;height:600px\" aria-label=\"\u00c9rkat\u00e9terek biztos\u00edt\u00e1s\u00e1ra vonatkoz\u00f3 betegt\u00e1j\u00e9koztat\u00f3 \u00e9s beleegyez\u0151 nyilatkozat be\u00e1gyaz\u00e1sa\"><\/object><a id=\"wp-block-file--media-95793be6-b5fe-44b5-8b0a-d34d4dec7b41\" href=\"https:\/\/www.szentimrekorhaz.hu\/wp-content\/uploads\/2025\/06\/fny1006_6_erkateterek_bizt_bet_taj_es_beleegy_-1.pdf\">\u00c9rkat\u00e9terek biztos\u00edt\u00e1s\u00e1ra vonatkoz\u00f3 betegt\u00e1j\u00e9koztat\u00f3 \u00e9s beleegyez\u0151 nyilatkozat<\/a><a href=\"https:\/\/www.szentimrekorhaz.hu\/wp-content\/uploads\/2025\/06\/fny1006_6_erkateterek_bizt_bet_taj_es_beleegy_-1.pdf\" class=\"wp-block-file__button wp-element-button\" download aria-describedby=\"wp-block-file--media-95793be6-b5fe-44b5-8b0a-d34d4dec7b41\">Let\u00f6lt\u00e9s<\/a><\/div>\n\n\n\n<div data-wp-interactive=\"core\/file\" class=\"wp-block-file\"><object data-wp-bind--hidden=\"!state.hasPdfPreview\" hidden class=\"wp-block-file__embed\" data=\"https:\/\/www.szentimrekorhaz.hu\/wp-content\/uploads\/2025\/06\/fny1006_7_tajekoztatastol_valo_eltekintes_erzestelenites_altatas_.pdf\" type=\"application\/pdf\" style=\"width:100%;height:600px\" aria-label=\"Altat\u00e1sra \u00e9s region\u00e1lis \u00e9rz\u00e9stelen\u00edt\u00e9sre vonatkoz\u00f3 t\u00e1j\u00e9koztat\u00e1st\u00f3l val\u00f3 eltekint\u00e9s be\u00e1gyaz\u00e1sa\"><\/object><a id=\"wp-block-file--media-7d33a96c-36c8-4706-88cb-9c4b54fe60dd\" href=\"https:\/\/www.szentimrekorhaz.hu\/wp-content\/uploads\/2025\/06\/fny1006_7_tajekoztatastol_valo_eltekintes_erzestelenites_altatas_.pdf\">Altat\u00e1sra \u00e9s region\u00e1lis \u00e9rz\u00e9stelen\u00edt\u00e9sre vonatkoz\u00f3 t\u00e1j\u00e9koztat\u00e1st\u00f3l val\u00f3 eltekint\u00e9s<\/a><a href=\"https:\/\/www.szentimrekorhaz.hu\/wp-content\/uploads\/2025\/06\/fny1006_7_tajekoztatastol_valo_eltekintes_erzestelenites_altatas_.pdf\" class=\"wp-block-file__button wp-element-button\" download aria-describedby=\"wp-block-file--media-7d33a96c-36c8-4706-88cb-9c4b54fe60dd\">Let\u00f6lt\u00e9s<\/a><\/div>\n\n\n\n<div data-wp-interactive=\"core\/file\" class=\"wp-block-file\"><object data-wp-bind--hidden=\"!state.hasPdfPreview\" hidden class=\"wp-block-file__embed\" data=\"https:\/\/www.szentimrekorhaz.hu\/wp-content\/uploads\/2025\/06\/fny1006_8_altatasra_vonatkozo_kerdoiv_szuloknek_.pdf\" type=\"application\/pdf\" style=\"width:100%;height:600px\" aria-label=\"Altat\u00e1sra vonatkoz\u00f3 k\u00e9rd\u0151\u00edv sz\u00fcl\u0151knek be\u00e1gyaz\u00e1sa\"><\/object><a id=\"wp-block-file--media-0aad8c75-197d-44cd-98f7-98bfff2d23a6\" href=\"https:\/\/www.szentimrekorhaz.hu\/wp-content\/uploads\/2025\/06\/fny1006_8_altatasra_vonatkozo_kerdoiv_szuloknek_.pdf\">Altat\u00e1sra vonatkoz\u00f3 k\u00e9rd\u0151\u00edv sz\u00fcl\u0151knek<\/a><a href=\"https:\/\/www.szentimrekorhaz.hu\/wp-content\/uploads\/2025\/06\/fny1006_8_altatasra_vonatkozo_kerdoiv_szuloknek_.pdf\" class=\"wp-block-file__button wp-element-button\" download aria-describedby=\"wp-block-file--media-0aad8c75-197d-44cd-98f7-98bfff2d23a6\">Let\u00f6lt\u00e9s<\/a><\/div>\n\n\n\n<div data-wp-interactive=\"core\/file\" class=\"wp-block-file\"><object data-wp-bind--hidden=\"!state.hasPdfPreview\" hidden class=\"wp-block-file__embed\" data=\"https:\/\/www.szentimrekorhaz.hu\/wp-content\/uploads\/2025\/06\/fny1006_9_muteti_erzestelenitesre_vonatkozo_szuloi_beleegyezo_nyil_.pdf\" type=\"application\/pdf\" style=\"width:100%;height:600px\" aria-label=\"M\u0171t\u00e9ti \u00e9rz\u00e9stelen\u00edt\u00e9sre vonatkoz\u00f3 sz\u00fcl\u0151i beleegyez\u0151 nyilatkozat be\u00e1gyaz\u00e1sa\"><\/object><a id=\"wp-block-file--media-ea6ee9e1-5e41-494c-a263-056c41c0fcbe\" href=\"https:\/\/www.szentimrekorhaz.hu\/wp-content\/uploads\/2025\/06\/fny1006_9_muteti_erzestelenitesre_vonatkozo_szuloi_beleegyezo_nyil_.pdf\">M\u0171t\u00e9ti \u00e9rz\u00e9stelen\u00edt\u00e9sre vonatkoz\u00f3 sz\u00fcl\u0151i beleegyez\u0151 nyilatkozat<\/a><a href=\"https:\/\/www.szentimrekorhaz.hu\/wp-content\/uploads\/2025\/06\/fny1006_9_muteti_erzestelenitesre_vonatkozo_szuloi_beleegyezo_nyil_.pdf\" class=\"wp-block-file__button wp-element-button\" download aria-describedby=\"wp-block-file--media-ea6ee9e1-5e41-494c-a263-056c41c0fcbe\">Let\u00f6lt\u00e9s<\/a><\/div>\n\n\n\n<div data-wp-interactive=\"core\/file\" class=\"wp-block-file\"><object data-wp-bind--hidden=\"!state.hasPdfPreview\" hidden class=\"wp-block-file__embed\" data=\"https:\/\/www.szentimrekorhaz.hu\/wp-content\/uploads\/2025\/06\/fny1005-10-betegtjkoztat-s-beleegyez-nyilatkozat-elektromos-kardioverzi-kezelshez.pdf\" type=\"application\/pdf\" style=\"width:100%;height:600px\" aria-label=\"Betegt\u00e1j\u00e9koztat\u00f3 \u00e9s beleegyez\u0151 nyilatkozat elektromos kardioverzi\u00f3 kezel\u00e9shez  be\u00e1gyaz\u00e1sa\"><\/object><a id=\"wp-block-file--media-d2e91b33-435c-4211-973c-617425ad2f39\" href=\"https:\/\/www.szentimrekorhaz.hu\/wp-content\/uploads\/2025\/06\/fny1005-10-betegtjkoztat-s-beleegyez-nyilatkozat-elektromos-kardioverzi-kezelshez.pdf\">Betegt\u00e1j\u00e9koztat\u00f3 \u00e9s beleegyez\u0151 nyilatkozat elektromos kardioverzi\u00f3 kezel\u00e9shez <\/a><a href=\"https:\/\/www.szentimrekorhaz.hu\/wp-content\/uploads\/2025\/06\/fny1005-10-betegtjkoztat-s-beleegyez-nyilatkozat-elektromos-kardioverzi-kezelshez.pdf\" class=\"wp-block-file__button wp-element-button\" download aria-describedby=\"wp-block-file--media-d2e91b33-435c-4211-973c-617425ad2f39\">Let\u00f6lt\u00e9s<\/a><\/div>\n\n\n\n<div data-wp-interactive=\"core\/file\" class=\"wp-block-file\"><object data-wp-bind--hidden=\"!state.hasPdfPreview\" hidden class=\"wp-block-file__embed\" data=\"https:\/\/www.szentimrekorhaz.hu\/wp-content\/uploads\/2025\/06\/fny1005-9_betegtajekoztato_es_beleegyezo_nyilatkozat_muteti_erzestelenitesre_vonatkozo_szuloi_gyam_gondnoki_nyilatkozathoz.pdf\" type=\"application\/pdf\" style=\"width:100%;height:600px\" aria-label=\"Betegt\u00e1j\u00e9koztat\u00f3 \u00e9s beleegyez\u0151 nyilatkozat m\u0171t\u00e9ti \u00e9rz\u00e9stelen\u00edt\u00e9sre vonatkoz\u00f3 sz\u00fcl\u0151i, gondnoki nyilatkozathoz be\u00e1gyaz\u00e1sa\"><\/object><a id=\"wp-block-file--media-3e24fca6-3835-438a-81a0-238fcc06948b\" href=\"https:\/\/www.szentimrekorhaz.hu\/wp-content\/uploads\/2025\/06\/fny1005-9_betegtajekoztato_es_beleegyezo_nyilatkozat_muteti_erzestelenitesre_vonatkozo_szuloi_gyam_gondnoki_nyilatkozathoz.pdf\">Betegt\u00e1j\u00e9koztat\u00f3 \u00e9s beleegyez\u0151 nyilatkozat m\u0171t\u00e9ti \u00e9rz\u00e9stelen\u00edt\u00e9sre vonatkoz\u00f3 sz\u00fcl\u0151i, gondnoki nyilatkozathoz<\/a><a href=\"https:\/\/www.szentimrekorhaz.hu\/wp-content\/uploads\/2025\/06\/fny1005-9_betegtajekoztato_es_beleegyezo_nyilatkozat_muteti_erzestelenitesre_vonatkozo_szuloi_gyam_gondnoki_nyilatkozathoz.pdf\" class=\"wp-block-file__button wp-element-button\" download aria-describedby=\"wp-block-file--media-3e24fca6-3835-438a-81a0-238fcc06948b\">Let\u00f6lt\u00e9s<\/a><\/div>\n\n\n\n<div data-wp-interactive=\"core\/file\" class=\"wp-block-file\"><object data-wp-bind--hidden=\"!state.hasPdfPreview\" hidden class=\"wp-block-file__embed\" data=\"https:\/\/www.szentimrekorhaz.hu\/wp-content\/uploads\/2025\/06\/fny1005-1_betegtajekoztato_es_beleegyezo_nyilatkozat_az_arterias_kateterezeshez.pdf\" type=\"application\/pdf\" style=\"width:100%;height:600px\" aria-label=\"Betegt\u00e1j\u00e9koztat\u00f3 \u00e9s beleegyez\u0151 nyilatkozat az art\u00e9ri\u00e1s kat\u00e9terez\u00e9shez be\u00e1gyaz\u00e1sa\"><\/object><a id=\"wp-block-file--media-59f65676-1211-4da1-868d-0dea3c33b9f9\" href=\"https:\/\/www.szentimrekorhaz.hu\/wp-content\/uploads\/2025\/06\/fny1005-1_betegtajekoztato_es_beleegyezo_nyilatkozat_az_arterias_kateterezeshez.pdf\">Betegt\u00e1j\u00e9koztat\u00f3 \u00e9s beleegyez\u0151 nyilatkozat az art\u00e9ri\u00e1s kat\u00e9terez\u00e9shez<\/a><a href=\"https:\/\/www.szentimrekorhaz.hu\/wp-content\/uploads\/2025\/06\/fny1005-1_betegtajekoztato_es_beleegyezo_nyilatkozat_az_arterias_kateterezeshez.pdf\" class=\"wp-block-file__button wp-element-button\" download aria-describedby=\"wp-block-file--media-59f65676-1211-4da1-868d-0dea3c33b9f9\">Let\u00f6lt\u00e9s<\/a><\/div>\n\n\n\n<div data-wp-interactive=\"core\/file\" class=\"wp-block-file\"><object data-wp-bind--hidden=\"!state.hasPdfPreview\" hidden class=\"wp-block-file__embed\" data=\"https:\/\/www.szentimrekorhaz.hu\/wp-content\/uploads\/2025\/06\/fny1005-7_betegtajekoztato_es_beleegyezo_nyilatkozat_mellkas-csapolashoz.pdf\" type=\"application\/pdf\" style=\"width:100%;height:600px\" aria-label=\"Betegt\u00e1j\u00e9koztat\u00f3 \u00e9s beleegyez\u0151 nyilatkozat mellkas csapol\u00e1shoz be\u00e1gyaz\u00e1sa\"><\/object><a id=\"wp-block-file--media-9ba3e4f2-fe38-4f2e-be88-c75840d7b317\" href=\"https:\/\/www.szentimrekorhaz.hu\/wp-content\/uploads\/2025\/06\/fny1005-7_betegtajekoztato_es_beleegyezo_nyilatkozat_mellkas-csapolashoz.pdf\">Betegt\u00e1j\u00e9koztat\u00f3 \u00e9s beleegyez\u0151 nyilatkozat mellkas csapol\u00e1shoz<\/a><a href=\"https:\/\/www.szentimrekorhaz.hu\/wp-content\/uploads\/2025\/06\/fny1005-7_betegtajekoztato_es_beleegyezo_nyilatkozat_mellkas-csapolashoz.pdf\" class=\"wp-block-file__button wp-element-button\" download aria-describedby=\"wp-block-file--media-9ba3e4f2-fe38-4f2e-be88-c75840d7b317\">Let\u00f6lt\u00e9s<\/a><\/div>\n\n\n\n<div data-wp-interactive=\"core\/file\" class=\"wp-block-file\"><object data-wp-bind--hidden=\"!state.hasPdfPreview\" hidden class=\"wp-block-file__embed\" data=\"https:\/\/www.szentimrekorhaz.hu\/wp-content\/uploads\/2025\/06\/fny1005-6_betegtajekoztato_es_beleegyezo_nyilatkozat_legmell_tartos_drenalasahoz.pdf\" type=\"application\/pdf\" style=\"width:100%;height:600px\" aria-label=\"Betegt\u00e1j\u00e9koztat\u00f3 \u00e9s beleegyez\u0151 nyilatkozat l\u00e9gmell tart\u00f3s dren\u00e1l\u00e1s\u00e1hoz be\u00e1gyaz\u00e1sa\"><\/object><a id=\"wp-block-file--media-55856d0d-4d4e-4bba-b698-6372d8733345\" href=\"https:\/\/www.szentimrekorhaz.hu\/wp-content\/uploads\/2025\/06\/fny1005-6_betegtajekoztato_es_beleegyezo_nyilatkozat_legmell_tartos_drenalasahoz.pdf\">Betegt\u00e1j\u00e9koztat\u00f3 \u00e9s beleegyez\u0151 nyilatkozat l\u00e9gmell tart\u00f3s dren\u00e1l\u00e1s\u00e1hoz<\/a><a href=\"https:\/\/www.szentimrekorhaz.hu\/wp-content\/uploads\/2025\/06\/fny1005-6_betegtajekoztato_es_beleegyezo_nyilatkozat_legmell_tartos_drenalasahoz.pdf\" class=\"wp-block-file__button wp-element-button\" download aria-describedby=\"wp-block-file--media-55856d0d-4d4e-4bba-b698-6372d8733345\">Let\u00f6lt\u00e9s<\/a><\/div>\n\n\n\n<div data-wp-interactive=\"core\/file\" class=\"wp-block-file\"><object data-wp-bind--hidden=\"!state.hasPdfPreview\" hidden class=\"wp-block-file__embed\" data=\"https:\/\/www.szentimrekorhaz.hu\/wp-content\/uploads\/2025\/06\/fny1005-5_betegtajekoztato_es_beleegyezo_nyilatkozat_ideiglenes_pacemaker_kezeleshez.pdf\" type=\"application\/pdf\" style=\"width:100%;height:600px\" aria-label=\"Betegt\u00e1j\u00e9koztat\u00f3 \u00e9s beleegyez\u0151 nyilatkozat ideiglenes pacemaker kezel\u00e9shez be\u00e1gyaz\u00e1sa\"><\/object><a id=\"wp-block-file--media-c1d60372-4bdc-4e54-9193-66b9f6debcb7\" href=\"https:\/\/www.szentimrekorhaz.hu\/wp-content\/uploads\/2025\/06\/fny1005-5_betegtajekoztato_es_beleegyezo_nyilatkozat_ideiglenes_pacemaker_kezeleshez.pdf\">Betegt\u00e1j\u00e9koztat\u00f3 \u00e9s beleegyez\u0151 nyilatkozat ideiglenes pacemaker kezel\u00e9shez<\/a><a href=\"https:\/\/www.szentimrekorhaz.hu\/wp-content\/uploads\/2025\/06\/fny1005-5_betegtajekoztato_es_beleegyezo_nyilatkozat_ideiglenes_pacemaker_kezeleshez.pdf\" class=\"wp-block-file__button wp-element-button\" download aria-describedby=\"wp-block-file--media-c1d60372-4bdc-4e54-9193-66b9f6debcb7\">Let\u00f6lt\u00e9s<\/a><\/div>\n\n\n\n<div data-wp-interactive=\"core\/file\" class=\"wp-block-file\"><object data-wp-bind--hidden=\"!state.hasPdfPreview\" hidden class=\"wp-block-file__embed\" data=\"https:\/\/www.szentimrekorhaz.hu\/wp-content\/uploads\/2025\/06\/fny1005-4_betegtajekoztato_es_beleegyezo_nyilatkozat_gegemetszeshez.pdf\" type=\"application\/pdf\" style=\"width:100%;height:600px\" aria-label=\"Betegt\u00e1j\u00e9koztat\u00f3 \u00e9s beleegyez\u0151 nyilatkozat g\u00e9gemetsz\u00e9shez be\u00e1gyaz\u00e1sa\"><\/object><a id=\"wp-block-file--media-684b8e42-6b7b-4837-becd-7662201aaaa2\" href=\"https:\/\/www.szentimrekorhaz.hu\/wp-content\/uploads\/2025\/06\/fny1005-4_betegtajekoztato_es_beleegyezo_nyilatkozat_gegemetszeshez.pdf\">Betegt\u00e1j\u00e9koztat\u00f3 \u00e9s beleegyez\u0151 nyilatkozat g\u00e9gemetsz\u00e9shez<\/a><a href=\"https:\/\/www.szentimrekorhaz.hu\/wp-content\/uploads\/2025\/06\/fny1005-4_betegtajekoztato_es_beleegyezo_nyilatkozat_gegemetszeshez.pdf\" class=\"wp-block-file__button wp-element-button\" download aria-describedby=\"wp-block-file--media-684b8e42-6b7b-4837-becd-7662201aaaa2\">Let\u00f6lt\u00e9s<\/a><\/div>\n\n\n\n<div data-wp-interactive=\"core\/file\" class=\"wp-block-file\"><object data-wp-bind--hidden=\"!state.hasPdfPreview\" hidden class=\"wp-block-file__embed\" data=\"https:\/\/www.szentimrekorhaz.hu\/wp-content\/uploads\/2025\/06\/fny1005-3_betegtajekoztato_es_beleegyezo_nyilatkozat_epiduralis_azaz_gerinckozeli_ter_kateterezesehez_es_a_kateteren_keresztuli_fajdalomcsillapitashoz.pdf\" type=\"application\/pdf\" style=\"width:100%;height:600px\" aria-label=\"Betegt\u00e1j\u00e9koztat\u00f3 \u00e9s beleegyez\u0151 nyilatkozat epidur\u00e1lis, azaz gerinck\u00f6zeli t\u00e9r kat\u00e9terez\u00e9s\u00e9hez \u00e9s a kat\u00e9teren kereszt\u00fcli f\u00e1jdalomcsillap\u00edt\u00e1shoz be\u00e1gyaz\u00e1sa\"><\/object><a id=\"wp-block-file--media-0b0c630f-406c-4c63-975e-d5f938620d44\" href=\"https:\/\/www.szentimrekorhaz.hu\/wp-content\/uploads\/2025\/06\/fny1005-3_betegtajekoztato_es_beleegyezo_nyilatkozat_epiduralis_azaz_gerinckozeli_ter_kateterezesehez_es_a_kateteren_keresztuli_fajdalomcsillapitashoz.pdf\">Betegt\u00e1j\u00e9koztat\u00f3 \u00e9s beleegyez\u0151 nyilatkozat epidur\u00e1lis, azaz gerinck\u00f6zeli t\u00e9r kat\u00e9terez\u00e9s\u00e9hez \u00e9s a kat\u00e9teren kereszt\u00fcli f\u00e1jdalomcsillap\u00edt\u00e1shoz<\/a><a href=\"https:\/\/www.szentimrekorhaz.hu\/wp-content\/uploads\/2025\/06\/fny1005-3_betegtajekoztato_es_beleegyezo_nyilatkozat_epiduralis_azaz_gerinckozeli_ter_kateterezesehez_es_a_kateteren_keresztuli_fajdalomcsillapitashoz.pdf\" class=\"wp-block-file__button wp-element-button\" download aria-describedby=\"wp-block-file--media-0b0c630f-406c-4c63-975e-d5f938620d44\">Let\u00f6lt\u00e9s<\/a><\/div>\n\n\n\n<div data-wp-interactive=\"core\/file\" class=\"wp-block-file\"><object data-wp-bind--hidden=\"!state.hasPdfPreview\" hidden class=\"wp-block-file__embed\" data=\"https:\/\/www.szentimrekorhaz.hu\/wp-content\/uploads\/2025\/06\/fny1005-2_betegtajekoztato_es_beleegyezo_nyilatkozat_centralis_azaz_sziv_kozeli_nagyvena_kateterezesehez.pdf\" type=\"application\/pdf\" style=\"width:100%;height:600px\" aria-label=\"Betegt\u00e1j\u00e9koztat\u00f3 \u00e9s beleegyez\u0151 nyilatkozat centr\u00e1lis, azaz sz\u00edv k\u00f6zeli nagyv\u00e9na kat\u00e9terez\u00e9s\u00e9hez be\u00e1gyaz\u00e1sa\"><\/object><a id=\"wp-block-file--media-2cd78c26-2da2-4f79-bc33-2bcdacaff432\" href=\"https:\/\/www.szentimrekorhaz.hu\/wp-content\/uploads\/2025\/06\/fny1005-2_betegtajekoztato_es_beleegyezo_nyilatkozat_centralis_azaz_sziv_kozeli_nagyvena_kateterezesehez.pdf\">Betegt\u00e1j\u00e9koztat\u00f3 \u00e9s beleegyez\u0151 nyilatkozat centr\u00e1lis, azaz sz\u00edv k\u00f6zeli nagyv\u00e9na kat\u00e9terez\u00e9s\u00e9hez<\/a><a href=\"https:\/\/www.szentimrekorhaz.hu\/wp-content\/uploads\/2025\/06\/fny1005-2_betegtajekoztato_es_beleegyezo_nyilatkozat_centralis_azaz_sziv_kozeli_nagyvena_kateterezesehez.pdf\" class=\"wp-block-file__button wp-element-button\" download aria-describedby=\"wp-block-file--media-2cd78c26-2da2-4f79-bc33-2bcdacaff432\">Let\u00f6lt\u00e9s<\/a><\/div>\n\n\n\n\t<div class=\"dkpdf-button-container\" style=\"            text-align:right \">\n\n\t\t<a class=\"dkpdf-button\" href=\"\/index.php\/wp-json\/wp\/v2\/pages\/373?pdf=373\" target=\"_blank\"><span class=\"dkpdf-button-icon\"><i class=\"fa fa-file-pdf-o\"><\/i><\/span> Let\u00f6lt\u00e9s<\/a>\n\n\t<\/div>\n\n\n\n\n\n<!-- PMB print buttons is only displayed on a single post\/page URLs-->","protected":false},"excerpt":{"rendered":"<p>\n\t\u00a0<\/p>\n","protected":false},"author":3,"featured_media":0,"parent":0,"menu_order":1,"comment_status":"closed","ping_status":"closed","template":"","meta":{"_acf_changed":false,"footnotes":""},"categories":[],"tags":[],"class_list":["post-373","page","type-page","status-publish","hentry"],"acf":[],"post_type":"page","author_name":"backup","_links":{"self":[{"href":"https:\/\/www.szentimrekorhaz.hu\/index.php\/wp-json\/wp\/v2\/pages\/373","targetHints":{"allow":["GET"]}}],"collection":[{"href":"https:\/\/www.szentimrekorhaz.hu\/index.php\/wp-json\/wp\/v2\/pages"}],"about":[{"href":"https:\/\/www.szentimrekorhaz.hu\/index.php\/wp-json\/wp\/v2\/types\/page"}],"author":[{"embeddable":true,"href":"https:\/\/www.szentimrekorhaz.hu\/index.php\/wp-json\/wp\/v2\/users\/3"}],"replies":[{"embeddable":true,"href":"https:\/\/www.szentimrekorhaz.hu\/index.php\/wp-json\/wp\/v2\/comments?post=373"}],"version-history":[{"count":21,"href":"https:\/\/www.szentimrekorhaz.hu\/index.php\/wp-json\/wp\/v2\/pages\/373\/revisions"}],"predecessor-version":[{"id":2838,"href":"https:\/\/www.szentimrekorhaz.hu\/index.php\/wp-json\/wp\/v2\/pages\/373\/revisions\/2838"}],"wp:attachment":[{"href":"https:\/\/www.szentimrekorhaz.hu\/index.php\/wp-json\/wp\/v2\/media?parent=373"}],"wp:term":[{"taxonomy":"category","embeddable":true,"href":"https:\/\/www.szentimrekorhaz.hu\/index.php\/wp-json\/wp\/v2\/categories?post=373"},{"taxonomy":"post_tag","embeddable":true,"href":"https:\/\/www.szentimrekorhaz.hu\/index.php\/wp-json\/wp\/v2\/tags?post=373"}],"curies":[{"name":"wp","href":"https:\/\/api.w.org\/{rel}","templated":true}]}}