{"id":379,"date":"2013-05-31T09:07:03","date_gmt":"2013-05-31T07:07:03","guid":{"rendered":"http:\/\/localhost\/index.php\/decubitus-koordinator\/"},"modified":"2025-06-13T11:37:45","modified_gmt":"2025-06-13T09:37:45","slug":"decubitus-koordinator","status":"publish","type":"page","link":"https:\/\/www.szentimrekorhaz.hu\/index.php\/decubitus-koordinator\/","title":{"rendered":"Decubitus Koordin\u00e1tor"},"content":{"rendered":"<p>A <strong>nyom\u00e1si fek\u00e9ly<\/strong> <strong>program koordin\u00e1tora<\/strong> Csisz\u00e1r T\u00edmea el\u00e9rhet\u0151s\u00e9gek:<br>Vezet\u00e9kes mell\u00e9k: 2513<br>Mobil: +36 30 5066804<br>E-mail: decubitus@szentimrekorhaz.hu<br><span style=\"display: none;\">\u00a0<\/span><\/p>\n\n\n<p><\/p>\n\n\n\n\t<div class=\"dkpdf-button-container\" style=\"            text-align:right \">\n\n\t\t<a class=\"dkpdf-button\" href=\"\/index.php\/wp-json\/wp\/v2\/pages\/379?pdf=379\" target=\"_blank\"><span class=\"dkpdf-button-icon\"><i class=\"fa fa-file-pdf-o\"><\/i><\/span> Let\u00f6lt\u00e9s<\/a>\n\n\t<\/div>\n\n\n\n\n\n<!-- PMB print buttons is only displayed on a single post\/page URLs-->","protected":false},"excerpt":{"rendered":"<p>A nyom\u00e1si fek\u00e9ly program koordin\u00e1tora Csisz\u00e1r T\u00edmea el\u00e9rhet\u0151s\u00e9gek:Vezet\u00e9kes mell\u00e9k: 2513Mobil: +36 30 5066804E-mail: decubitus@szentimrekorhaz.hu\u00a0 Let\u00f6lt\u00e9s<\/p>\n","protected":false},"author":1,"featured_media":0,"parent":0,"menu_order":1,"comment_status":"closed","ping_status":"closed","template":"","meta":{"_acf_changed":false,"footnotes":""},"categories":[],"tags":[],"class_list":["post-379","page","type-page","status-publish","hentry"],"acf":[],"post_type":"page","author_name":"admin","_links":{"self":[{"href":"https:\/\/www.szentimrekorhaz.hu\/index.php\/wp-json\/wp\/v2\/pages\/379","targetHints":{"allow":["GET"]}}],"collection":[{"href":"https:\/\/www.szentimrekorhaz.hu\/index.php\/wp-json\/wp\/v2\/pages"}],"about":[{"href":"https:\/\/www.szentimrekorhaz.hu\/index.php\/wp-json\/wp\/v2\/types\/page"}],"author":[{"embeddable":true,"href":"https:\/\/www.szentimrekorhaz.hu\/index.php\/wp-json\/wp\/v2\/users\/1"}],"replies":[{"embeddable":true,"href":"https:\/\/www.szentimrekorhaz.hu\/index.php\/wp-json\/wp\/v2\/comments?post=379"}],"version-history":[{"count":1,"href":"https:\/\/www.szentimrekorhaz.hu\/index.php\/wp-json\/wp\/v2\/pages\/379\/revisions"}],"predecessor-version":[{"id":1379,"href":"https:\/\/www.szentimrekorhaz.hu\/index.php\/wp-json\/wp\/v2\/pages\/379\/revisions\/1379"}],"wp:attachment":[{"href":"https:\/\/www.szentimrekorhaz.hu\/index.php\/wp-json\/wp\/v2\/media?parent=379"}],"wp:term":[{"taxonomy":"category","embeddable":true,"href":"https:\/\/www.szentimrekorhaz.hu\/index.php\/wp-json\/wp\/v2\/categories?post=379"},{"taxonomy":"post_tag","embeddable":true,"href":"https:\/\/www.szentimrekorhaz.hu\/index.php\/wp-json\/wp\/v2\/tags?post=379"}],"curies":[{"name":"wp","href":"https:\/\/api.w.org\/{rel}","templated":true}]}}