{"id":384,"date":"2014-01-27T11:41:29","date_gmt":"2014-01-27T10:41:29","guid":{"rendered":"http:\/\/localhost\/index.php\/hataron-atnyulo-europai-unios-egeszseguegyi-ellatasok\/"},"modified":"2014-01-27T11:41:29","modified_gmt":"2014-01-27T10:41:29","slug":"hataron-atnyulo-europai-unios-egeszseguegyi-ellatasok","status":"publish","type":"page","link":"https:\/\/www.szentimrekorhaz.hu\/index.php\/hataron-atnyulo-europai-unios-egeszseguegyi-ellatasok\/","title":{"rendered":"Hat\u00e1ron \u00e1tny\u00fal\u00f3 Eur\u00f3pai Uni\u00f3s eg\u00e9szs\u00e9g\u00fcgyi ell\u00e1t\u00e1sok"},"content":{"rendered":"<p style=\"text-align: center;\">\n\t<img decoding=\"async\" class=\" size-full wp-image-382\" alt=\"Orsz\u00e1gos Betegjogi Dokument\u00e1ci\u00f3s k\u00f6zpont\" src=\"\/wp-content\/uploads\/2013\/12\/obdk.jpg\" style=\"width: 833px; height: 140px;\" width=\"1118\" height=\"188\" srcset=\"https:\/\/www.szentimrekorhaz.hu\/wp-content\/uploads\/2013\/12\/obdk.jpg 1118w, https:\/\/www.szentimrekorhaz.hu\/wp-content\/uploads\/2013\/12\/obdk-300x50.jpg 300w, https:\/\/www.szentimrekorhaz.hu\/wp-content\/uploads\/2013\/12\/obdk-768x129.jpg 768w, https:\/\/www.szentimrekorhaz.hu\/wp-content\/uploads\/2013\/12\/obdk-1024x172.jpg 1024w\" sizes=\"(max-width: 1118px) 100vw, 1118px\" \/><\/p>\n<h3 align=\"center\">\n\t<strong>T\u00c1J\u00c9KOZTAT\u00c1S \u00c9S SEG\u00cdTS\u00c9GNY\u00daJT\u00c1S A HAT\u00c1RON \u00c1TNY\u00daL\u00d3 EG\u00c9SZS\u00c9G\u00dcGYI ELL\u00c1T\u00c1SOKKAL KAPCSOLATBAN<\/strong><\/h3>\n<p align=\"center\">\n\t<strong>Information on cross-border health care in the European Union<\/strong><\/p>\n<p align=\"center\">\n\t\u00a0<\/p>\n<p align=\"center\">\n\t<span style=\"font-size:18px;\"><strong>OBDK <\/strong><\/span><\/p>\n<p align=\"center\">\n\t<span style=\"font-size:18px;\"><strong>NEMZETI KAPCSOLATTART\u00d3 PONT<\/strong><\/span><\/p>\n<p align=\"center\">\n\t<strong>hat\u00e1ron \u00e1tny\u00fal\u00f3 eg\u00e9szs\u00e9g\u00fcgyi ell\u00e1t\u00e1sok az Eur\u00f3pai Uni\u00f3ban<\/strong><\/p>\n<p align=\"center\">\n\tBelf\u00f6ldr\u0151l ingyenesen h\u00edvhat\u00f3 telefonsz\u00e1m:<br>\n\t<span style=\"font-size:18px;\"><strong>06-80-620-600<\/strong><\/span><\/p>\n<p align=\"center\">\n\tK\u00fclf\u00f6ldr\u0151l h\u00edvhat\u00f3 telefonsz\u00e1m (for <strong>patients from the European Union<\/strong>):<\/p>\n<p align=\"center\">\n\t<span style=\"font-size:18px;\"><strong>+36-20-999-00-25<\/strong><\/span><\/p>\n<p align=\"center\">\n\tSzem\u00e9lyes egyeztet\u00e9s: <em>el\u0151zetes id\u0151pontfoglal\u00e1s<\/em> eset\u00e9n a Nemzeti Kapcsolattart\u00f3 Pont irod\u00e1j\u00e1ban<\/p>\n<p align=\"center\">\n\t<strong>minden h\u00e9ten kedden 10.00 \u00e9s 12.00 \u00f3ra k\u00f6z\u00f6tt<\/strong><\/p>\n<table border=\"0\" cellpadding=\"0\" cellspacing=\"0\">\n<tbody>\n<tr>\n<td style=\"width:233px;\">\n<p align=\"center\">\n\t\t\t\t\tEmail:<\/p>\n<\/td>\n<td style=\"width:233px;\">\n<p>\n\t\t\t\t\t<a href=\"mailto:info@eubetegjog.hu\">info@eubetegjog.hu<\/a><\/p>\n<\/td>\n<td style=\"width:233px;\">\n<p align=\"center\">\n\t\t\t\t\tWeb:<\/p>\n<\/td>\n<td style=\"width:233px;\">\n<p>\n\t\t\t\t\t<a href=\"http:\/\/www.eubetegjog.hu\">www.eubetegjog.hu<\/a><\/p>\n<\/td>\n<\/tr>\n<tr>\n<td style=\"width:233px;\">\n<p align=\"center\">\n\t\t\t\t\t\u00a0<\/p>\n<\/td>\n<td style=\"width:233px;\">\n<p>\n\t\t\t\t\t<a href=\"mailto:info@patientsrights.hu\">info@patientsrights.hu<\/a><\/p>\n<\/td>\n<td style=\"width:233px;\">\n<p align=\"center\">\n\t\t\t\t\t\u00a0<\/p>\n<\/td>\n<td style=\"width:233px;\">\n<p>\n\t\t\t\t\t<a href=\"http:\/\/www.patientsrights.hu\">www.patientsrights.hu<\/a><\/p>\n<\/td>\n<\/tr>\n<\/tbody>\n<\/table>\n<p>\n\t\u00a0<\/p>\n\n\n\n\t<div class=\"dkpdf-button-container\" style=\"            text-align:right \">\n\n\t\t<a class=\"dkpdf-button\" href=\"\/index.php\/wp-json\/wp\/v2\/pages\/384?pdf=384\" target=\"_blank\"><span class=\"dkpdf-button-icon\"><i class=\"fa fa-file-pdf-o\"><\/i><\/span> Let\u00f6lt\u00e9s<\/a>\n\n\t<\/div>\n\n\n\n\n\n<!-- PMB print buttons is only displayed on a single post\/page URLs-->","protected":false},"excerpt":{"rendered":"<p style=\"text-align: justify;\">\n\t<img decoding=\"async\" class=\" alignleft size-full wp-image-381\" alt=\"alt\" src=\"\/wp-content\/uploads\/2013\/12\/obdk_tn.jpg\" style=\"width: 156px; height: 91px; float: left; margin: 5px;\" width=\"417\" height=\"157\" srcset=\"https:\/\/www.szentimrekorhaz.hu\/wp-content\/uploads\/2013\/12\/obdk_tn.jpg 417w, https:\/\/www.szentimrekorhaz.hu\/wp-content\/uploads\/2013\/12\/obdk_tn-300x113.jpg 300w\" sizes=\"(max-width: 417px) 100vw, 417px\" \/>T&aacute;j&eacute;koztat&aacute;s &eacute;s seg&iacute;ts&eacute;gny&uacute;jt&aacute;s a hat&aacute;ron &aacute;tny&uacute;l&oacute; eg&eacute;szs&eacute;g&uuml;gyi ell&aacute;t&aacute;sokkal kapcsolatban.<\/p>\n<p>\n\tInformation on cross-border health care in the European Union<\/p>\n","protected":false},"author":2,"featured_media":381,"parent":0,"menu_order":6,"comment_status":"closed","ping_status":"closed","template":"","meta":{"_acf_changed":false,"footnotes":""},"categories":[],"tags":[],"class_list":["post-384","page","type-page","status-publish","has-post-thumbnail","hentry"],"acf":[],"post_type":"page","author_name":"Bal\u00f3 \u00c1d\u00e1m","_links":{"self":[{"href":"https:\/\/www.szentimrekorhaz.hu\/index.php\/wp-json\/wp\/v2\/pages\/384","targetHints":{"allow":["GET"]}}],"collection":[{"href":"https:\/\/www.szentimrekorhaz.hu\/index.php\/wp-json\/wp\/v2\/pages"}],"about":[{"href":"https:\/\/www.szentimrekorhaz.hu\/index.php\/wp-json\/wp\/v2\/types\/page"}],"author":[{"embeddable":true,"href":"https:\/\/www.szentimrekorhaz.hu\/index.php\/wp-json\/wp\/v2\/users\/2"}],"replies":[{"embeddable":true,"href":"https:\/\/www.szentimrekorhaz.hu\/index.php\/wp-json\/wp\/v2\/comments?post=384"}],"version-history":[{"count":0,"href":"https:\/\/www.szentimrekorhaz.hu\/index.php\/wp-json\/wp\/v2\/pages\/384\/revisions"}],"wp:featuredmedia":[{"embeddable":true,"href":"https:\/\/www.szentimrekorhaz.hu\/index.php\/wp-json\/wp\/v2\/media\/381"}],"wp:attachment":[{"href":"https:\/\/www.szentimrekorhaz.hu\/index.php\/wp-json\/wp\/v2\/media?parent=384"}],"wp:term":[{"taxonomy":"category","embeddable":true,"href":"https:\/\/www.szentimrekorhaz.hu\/index.php\/wp-json\/wp\/v2\/categories?post=384"},{"taxonomy":"post_tag","embeddable":true,"href":"https:\/\/www.szentimrekorhaz.hu\/index.php\/wp-json\/wp\/v2\/tags?post=384"}],"curies":[{"name":"wp","href":"https:\/\/api.w.org\/{rel}","templated":true}]}}