{"id":386,"date":"2014-04-04T09:36:18","date_gmt":"2014-04-04T07:36:18","guid":{"rendered":"http:\/\/localhost\/index.php\/fogaszat\/"},"modified":"2025-09-20T08:05:31","modified_gmt":"2025-09-20T06:05:31","slug":"fogaszat","status":"publish","type":"page","link":"https:\/\/www.szentimrekorhaz.hu\/index.php\/fogaszat\/","title":{"rendered":"Fog\u00e1szat"},"content":{"rendered":"<table style=\"width: 854px; height: 54px;\" border=\"1\" cellspacing=\"1\" cellpadding=\"1\">\n<tbody>\n<tr>\n<td style=\"width: 131px;\">Mag\u00e1n fog\u00e1szati rendel\u00e9s<\/td>\n<td style=\"width: 206px;\">1116 Budapest, B\u00e1rtfai u. 35., Szakambulanci\u00e1k,<br>\n\u201eR\u201d \u00e9p\u00fclet III. em. 3.29<\/td>\n<td style=\"width: 140px;\">szerda: 08:00 \u2013 12:00 \u00f3r\u00e1ig\n<p>p\u00e9ntek: 08:00 \u2013 12:00 \u00f3r\u00e1ig<\/p><\/td>\n<td style=\"width: 113px;\">Dr. K\u00f3kai Andr\u00e1s f\u0151orvos<\/td>\n<td style=\"width: 117px;\">(+36-1) 464-8752\n<p>(+ 36 30) 960 4468<\/p><\/td>\n<td style=\"width: 134px;\">Bejelentkez\u00e9s rendel\u00e9si id\u0151ben<\/td>\n<\/tr>\n<\/tbody>\n<\/table>\n\n\n\n\t<div class=\"dkpdf-button-container\" style=\"            text-align:right \">\n\n\t\t<a class=\"dkpdf-button\" href=\"\/index.php\/wp-json\/wp\/v2\/pages\/386?pdf=386\" target=\"_blank\"><span class=\"dkpdf-button-icon\"><i class=\"fa fa-file-pdf-o\"><\/i><\/span> Let\u00f6lt\u00e9s<\/a>\n\n\t<\/div>\n\n\n\n\n\n<!-- PMB print buttons is only displayed on a single post\/page URLs-->","protected":false},"excerpt":{"rendered":"<p>Mag\u00e1n fog\u00e1szati rendel\u00e9s 1116 Budapest, B\u00e1rtfai u. 35., Szakambulanci\u00e1k, \u201eR\u201d \u00e9p\u00fclet III. em. 3.29 szerda: 08:00 \u2013 12:00 \u00f3r\u00e1ig p\u00e9ntek: 08:00 \u2013 12:00 \u00f3r\u00e1ig Dr.&hellip;<\/p>\n","protected":false},"author":2,"featured_media":0,"parent":0,"menu_order":3,"comment_status":"closed","ping_status":"closed","template":"","meta":{"_acf_changed":false,"_uag_custom_page_level_css":"","footnotes":""},"categories":[],"tags":[],"class_list":["post-386","page","type-page","status-publish","hentry"],"acf":[],"uagb_featured_image_src":{"full":false,"thumbnail":false,"medium":false,"medium_large":false,"large":false,"1536x1536":false,"2048x2048":false,"410x410":false},"uagb_author_info":{"display_name":"Bal\u00f3 \u00c1d\u00e1m","author_link":"https:\/\/www.szentimrekorhaz.hu\/index.php\/author\/balo\/"},"uagb_comment_info":0,"uagb_excerpt":"Mag\u00e1n fog\u00e1szati rendel\u00e9s 1116 Budapest, B\u00e1rtfai u. 35., Szakambulanci\u00e1k, \u201eR\u201d \u00e9p\u00fclet III. em. 3.29 szerda: 08:00 \u2013 12:00 \u00f3r\u00e1ig p\u00e9ntek: 08:00 \u2013 12:00 \u00f3r\u00e1ig Dr.&hellip;","post_type":"page","author_name":"Bal\u00f3 \u00c1d\u00e1m","_links":{"self":[{"href":"https:\/\/www.szentimrekorhaz.hu\/index.php\/wp-json\/wp\/v2\/pages\/386","targetHints":{"allow":["GET"]}}],"collection":[{"href":"https:\/\/www.szentimrekorhaz.hu\/index.php\/wp-json\/wp\/v2\/pages"}],"about":[{"href":"https:\/\/www.szentimrekorhaz.hu\/index.php\/wp-json\/wp\/v2\/types\/page"}],"author":[{"embeddable":true,"href":"https:\/\/www.szentimrekorhaz.hu\/index.php\/wp-json\/wp\/v2\/users\/2"}],"replies":[{"embeddable":true,"href":"https:\/\/www.szentimrekorhaz.hu\/index.php\/wp-json\/wp\/v2\/comments?post=386"}],"version-history":[{"count":1,"href":"https:\/\/www.szentimrekorhaz.hu\/index.php\/wp-json\/wp\/v2\/pages\/386\/revisions"}],"predecessor-version":[{"id":2742,"href":"https:\/\/www.szentimrekorhaz.hu\/index.php\/wp-json\/wp\/v2\/pages\/386\/revisions\/2742"}],"wp:attachment":[{"href":"https:\/\/www.szentimrekorhaz.hu\/index.php\/wp-json\/wp\/v2\/media?parent=386"}],"wp:term":[{"taxonomy":"category","embeddable":true,"href":"https:\/\/www.szentimrekorhaz.hu\/index.php\/wp-json\/wp\/v2\/categories?post=386"},{"taxonomy":"post_tag","embeddable":true,"href":"https:\/\/www.szentimrekorhaz.hu\/index.php\/wp-json\/wp\/v2\/tags?post=386"}],"curies":[{"name":"wp","href":"https:\/\/api.w.org\/{rel}","templated":true}]}}