{"id":389,"date":"2014-04-07T11:44:15","date_gmt":"2014-04-07T09:44:15","guid":{"rendered":"http:\/\/localhost\/index.php\/kutatasetika\/"},"modified":"2025-06-13T13:24:26","modified_gmt":"2025-06-13T11:24:26","slug":"kutatasetika-2","status":"publish","type":"page","link":"https:\/\/www.szentimrekorhaz.hu\/index.php\/kutatasetika-2\/","title":{"rendered":"Kutat\u00e1setika"},"content":{"rendered":"<p><a href=\"\/wp-content\/uploads\/2014\/04\/befogado_nyilatkozat_klinikai_vizsgalathoz_2025.pdf\">Befogad\u00f3 nyilatkozat klinikai vizsg\u00e1lathoz<\/a><\/p>\n<p><a href=\"\/wp-content\/uploads\/2014\/04\/tajekoztatas_a_klinikai_vizsgalatot_kero_intezetek_reszere2023.pdf\">Klinikai farmakol\u00f3giai szab\u00e1lyzat 1. sz. mell\u00e9klet t\u00e1j\u00e9koztat\u00f3<\/a><\/p>\n\n\n\n\t<div class=\"dkpdf-button-container\" style=\"            text-align:right \">\n\n\t\t<a class=\"dkpdf-button\" href=\"\/index.php\/wp-json\/wp\/v2\/pages\/389?pdf=389\" target=\"_blank\"><span class=\"dkpdf-button-icon\"><i class=\"fa fa-file-pdf-o\"><\/i><\/span> Let\u00f6lt\u00e9s<\/a>\n\n\t<\/div>\n\n\n\n\n\n<!-- PMB print buttons is only displayed on a single post\/page URLs-->","protected":false},"excerpt":{"rendered":"<p>Befogad\u00f3 nyilatkozat klinikai vizsg\u00e1lathoz Klinikai farmakol\u00f3giai szab\u00e1lyzat 1. sz. mell\u00e9klet t\u00e1j\u00e9koztat\u00f3 Let\u00f6lt\u00e9s<\/p>\n","protected":false},"author":2,"featured_media":0,"parent":0,"menu_order":5,"comment_status":"closed","ping_status":"closed","template":"","meta":{"_acf_changed":false,"_uag_custom_page_level_css":"","footnotes":""},"categories":[],"tags":[],"class_list":["post-389","page","type-page","status-publish","hentry"],"acf":[],"uagb_featured_image_src":{"full":false,"thumbnail":false,"medium":false,"medium_large":false,"large":false,"1536x1536":false,"2048x2048":false,"410x410":false},"uagb_author_info":{"display_name":"Bal\u00f3 \u00c1d\u00e1m","author_link":"https:\/\/www.szentimrekorhaz.hu\/index.php\/author\/balo\/"},"uagb_comment_info":0,"uagb_excerpt":"Befogad\u00f3 nyilatkozat klinikai vizsg\u00e1lathoz Klinikai farmakol\u00f3giai szab\u00e1lyzat 1. sz. mell\u00e9klet t\u00e1j\u00e9koztat\u00f3 Let\u00f6lt\u00e9s","post_type":"page","author_name":"Bal\u00f3 \u00c1d\u00e1m","_links":{"self":[{"href":"https:\/\/www.szentimrekorhaz.hu\/index.php\/wp-json\/wp\/v2\/pages\/389","targetHints":{"allow":["GET"]}}],"collection":[{"href":"https:\/\/www.szentimrekorhaz.hu\/index.php\/wp-json\/wp\/v2\/pages"}],"about":[{"href":"https:\/\/www.szentimrekorhaz.hu\/index.php\/wp-json\/wp\/v2\/types\/page"}],"author":[{"embeddable":true,"href":"https:\/\/www.szentimrekorhaz.hu\/index.php\/wp-json\/wp\/v2\/users\/2"}],"replies":[{"embeddable":true,"href":"https:\/\/www.szentimrekorhaz.hu\/index.php\/wp-json\/wp\/v2\/comments?post=389"}],"version-history":[{"count":1,"href":"https:\/\/www.szentimrekorhaz.hu\/index.php\/wp-json\/wp\/v2\/pages\/389\/revisions"}],"predecessor-version":[{"id":1428,"href":"https:\/\/www.szentimrekorhaz.hu\/index.php\/wp-json\/wp\/v2\/pages\/389\/revisions\/1428"}],"wp:attachment":[{"href":"https:\/\/www.szentimrekorhaz.hu\/index.php\/wp-json\/wp\/v2\/media?parent=389"}],"wp:term":[{"taxonomy":"category","embeddable":true,"href":"https:\/\/www.szentimrekorhaz.hu\/index.php\/wp-json\/wp\/v2\/categories?post=389"},{"taxonomy":"post_tag","embeddable":true,"href":"https:\/\/www.szentimrekorhaz.hu\/index.php\/wp-json\/wp\/v2\/tags?post=389"}],"curies":[{"name":"wp","href":"https:\/\/api.w.org\/{rel}","templated":true}]}}